{"id":2093,"date":"2019-11-12T15:19:32","date_gmt":"2019-11-12T15:19:32","guid":{"rendered":"https:\/\/demo.nasatheme.com\/?page_id=2093"},"modified":"2026-02-19T19:12:29","modified_gmt":"2026-02-19T19:12:29","slug":"salon-lupulo","status":"publish","type":"page","link":"https:\/\/www.cervezamexico.com\/cdmx\/congreso\/salon-lupulo\/","title":{"rendered":"Sal\u00f3n L\u00fapulo"},"content":{"rendered":"<div class=\"wpb-content-wrapper\"><p>[vc_row fullwidth=&#8221;1&#8243;][vc_column]\n\t\t\t\t<p class=\"rs-p-wp-fix\"><\/p>\n\t\t\t\t<sr7-module data-alias=\"slider-01\" data-id=\"1\" id=\"SR7_1_1\" class=\"rs-ov-hidden\" data-version=\"6.7.34\">\n\t\t\t\t\t<sr7-adjuster><\/sr7-adjuster>\n\t\t\t\t\t<sr7-content>\n\t\t\t\t\t\t<sr7-slide id=\"SR7_1_1-1\" data-key=\"1\">\n\t\t\t\t\t\t\t<sr7-bg id=\"SR7_1_1-1-12\" class=\"sr7-layer\"><noscript><img decoding=\"async\" src=\"https:\/\/www.cervezamexico.com\/cdmx\/congreso\/wp-content\/uploads\/2025\/08\/salon-lupulo-fondo-3.jpg\" alt=\"\" title=\"salon-lupulo-fondo-3\"><\/noscript><\/sr7-bg>\n\t\t\t\t\t\t\t<sr7-txt id=\"SR7_1_1-1-0\" class=\"sr7-layer\">Conferencias y talleres especializados para todos <br> los niveles: desde homebrewers  y cerveceros  <br> hasta marcas consolidadas y negocios gastron\u00f3micos.<\/sr7-txt>\n\t\t\t\t\t\t\t<sr7-txt id=\"SR7_1_1-1-1\" class=\"sr7-layer\">\"Mexicanos Hagamos Cerveza\"<\/sr7-txt>\n\t\t\t\t\t\t\t<sr7-txt id=\"SR7_1_1-1-2\" class=\"sr7-layer\">SAL\u00d3N L\u00daPULO<br><\/sr7-txt>\n\t\t\t\t\t\t\t<sr7-txt id=\"SR7_1_1-1-7\" class=\"sr7-layer\">VER M\u00c1S<\/sr7-txt>\n\t\t\t\t\t\t<\/sr7-slide>\n\t\t\t\t\t\t<sr7-slide id=\"SR7_1_1-5\" data-key=\"5\">\n\t\t\t\t\t\t<\/sr7-slide>\n\t\t\t\t\t<\/sr7-content>\n\t\t\t\t\t<image_lists style=\"display:none\">\n\t\t\t\t\t\t<img data-src=\"\/\/www.cervezamexico.com\/cdmx\/congreso\/wp-content\/uploads\/2025\/07\/sliderlupulo.png\" data-libid=\"2403\" data-lib=\"medialibrary\" title=\"sliderlupulo\" width=\"0\" height=\"0\" data-dbsrc=\"Ly93d3cuY2VydmV6YW1leGljby5jb20vY2RteC9jb25ncmVzby93cC1jb250ZW50L3VwbG9hZHMvMjAyNS8wNy9zbGlkZXJsdXB1bG8ucG5n\"\/>\n\t\t\t\t\t\t<img data-src=\"\/\/www.cervezamexico.com\/cdmx\/congreso\/wp-content\/uploads\/2025\/08\/salon-lupulo-fondo-3.jpg\" data-libid=\"2718\" data-lib=\"medialibrary\" title=\"salon-lupulo-fondo-3\" width=\"0\" height=\"0\" data-dbsrc=\"Ly93d3cuY2VydmV6YW1leGljby5jb20vY2RteC9jb25ncmVzby93cC1jb250ZW50L3VwbG9hZHMvMjAyNS8wOC9zYWxvbi1sdXB1bG8tZm9uZG8tMy5qcGc=\"\/>\n\t\t\t\t\t\t<img data-src=\"\/\/www.cervezamexico.com\/cdmx\/congreso\/wp-content\/uploads\/revslider\/slider-01\/h3-slider-2-vr-1.png\" data-libid=\"2156\" title=\"h3-slider-2-vr-1.png\" width=\"0\" height=\"0\" data-dbsrc=\"Ly93d3cuY2VydmV6YW1leGljby5jb20vY2RteC9jb25ncmVzby93cC1jb250ZW50L3VwbG9hZHMvcmV2c2xpZGVyL3NsaWRlci0wMS9oMy1zbGlkZXItMi12ci0xLnBuZw==\"\/>\n\t\t\t\t\t\t<img data-src=\"\/\/www.cervezamexico.com\/cdmx\/congreso\/wp-content\/uploads\/revslider\/slider-01\/h3-slider-2-bg.jpg\" data-libid=\"2155\" title=\"h3-slider-2-bg.jpg\" width=\"0\" height=\"0\" data-dbsrc=\"Ly93d3cuY2VydmV6YW1leGljby5jb20vY2RteC9jb25ncmVzby93cC1jb250ZW50L3VwbG9hZHMvcmV2c2xpZGVyL3NsaWRlci0wMS9oMy1zbGlkZXItMi1iZy5qcGc=\"\/>\n\t\t\t\t\t<\/image_lists>\n\t\t\t\t<\/sr7-module>\n\t\t\t\t<script>\n\t\t\t\t\tSR7.PMH ??={}; SR7.PMH[\"SR7_1_1\"] = {cn:100,state:false,fn: function() { if (_tpt!==undefined && _tpt.prepareModuleHeight !== undefined) {  _tpt.prepareModuleHeight({id:\"SR7_1_1\",el:[460,460,460,460,460],type:'standard',shdw:'0',gh:[460,460,460,460,460],gw:[1240,1240,1024,778,480],vpt:['-100px&#039;,&#039;-100px&#039;,&#039;-100px&#039;,&#039;-100px&#039;,&#039;-100px'],size:{fullWidth:false, fullHeight:false},mh:'0',onh:0,onw:0,bg:{color:'{\"orig\":\"transparent\",\"type\":\"solid\",\"string\":\"transparent\"}'},plType:'3',plColor:'#ffcc00'});   SR7.PMH[\"SR7_1_1\"].state=true;} else if(SR7.PMH[\"SR7_1_1\"].cn-->0)\tsetTimeout( SR7.PMH[\"SR7_1_1\"].fn,19);}};SR7.PMH[\"SR7_1_1\" ].fn();\n\t\t\t\t<\/script>\n[\/vc_column][\/vc_row][vc_row][vc_column][vc_column_text css=&#8221;&#8221;]<\/p>\n<h3 style=\"text-align: center;\"><strong>Pr\u00f3ximamente m\u00e1s informaci\u00f3n<\/strong><\/h3>\n<p>[\/vc_column_text][\/vc_column][\/vc_row]<\/p>\n<\/div>","protected":false},"excerpt":{"rendered":"<p>[vc_row fullwidth=&#8221;1&#8243;][vc_column][\/vc_column][\/vc_row][vc_row][vc_column][vc_column_text css=&#8221;&#8221;] Pr\u00f3ximamente m\u00e1s informaci\u00f3n [\/vc_column_text][\/vc_column][\/vc_row]<\/p>\n","protected":false},"author":1,"featured_media":0,"parent":0,"menu_order":0,"comment_status":"closed","ping_status":"closed","template":"","meta":{"footnotes":""},"class_list":["post-2093","page","type-page","status-publish","hentry"],"jetpack_sharing_enabled":true,"_links":{"self":[{"href":"https:\/\/www.cervezamexico.com\/cdmx\/congreso\/wp-json\/wp\/v2\/pages\/2093","targetHints":{"allow":["GET"]}}],"collection":[{"href":"https:\/\/www.cervezamexico.com\/cdmx\/congreso\/wp-json\/wp\/v2\/pages"}],"about":[{"href":"https:\/\/www.cervezamexico.com\/cdmx\/congreso\/wp-json\/wp\/v2\/types\/page"}],"author":[{"embeddable":true,"href":"https:\/\/www.cervezamexico.com\/cdmx\/congreso\/wp-json\/wp\/v2\/users\/1"}],"replies":[{"embeddable":true,"href":"https:\/\/www.cervezamexico.com\/cdmx\/congreso\/wp-json\/wp\/v2\/comments?post=2093"}],"version-history":[{"count":22,"href":"https:\/\/www.cervezamexico.com\/cdmx\/congreso\/wp-json\/wp\/v2\/pages\/2093\/revisions"}],"predecessor-version":[{"id":2853,"href":"https:\/\/www.cervezamexico.com\/cdmx\/congreso\/wp-json\/wp\/v2\/pages\/2093\/revisions\/2853"}],"wp:attachment":[{"href":"https:\/\/www.cervezamexico.com\/cdmx\/congreso\/wp-json\/wp\/v2\/media?parent=2093"}],"curies":[{"name":"wp","href":"https:\/\/api.w.org\/{rel}","templated":true}]}}