{"id":2452,"date":"2025-07-30T16:18:40","date_gmt":"2025-07-30T16:18:40","guid":{"rendered":"https:\/\/www.cervezamexico.com\/cdmx\/congreso\/?page_id=2452"},"modified":"2025-10-29T18:02:40","modified_gmt":"2025-10-29T18:02:40","slug":"salon-malta","status":"publish","type":"page","link":"https:\/\/www.cervezamexico.com\/cdmx\/congreso\/salon-malta\/","title":{"rendered":"Sal\u00f3n Malta"},"content":{"rendered":"<div class=\"wpb-content-wrapper\"><p>[vc_row fullwidth=&#8221;yes&#8221; css=&#8221;.vc_custom_1754002092207{margin-top: 0px !important;}&#8221;][vc_column]\n\t\t\t\t<p class=\"rs-p-wp-fix\"><\/p>\n\t\t\t\t<sr7-module data-alias=\"lupulo-1\" data-id=\"5\" id=\"SR7_5_1\" class=\"rs-ov-hidden\" data-version=\"6.7.34\">\n\t\t\t\t\t<sr7-adjuster><\/sr7-adjuster>\n\t\t\t\t\t<sr7-content>\n\t\t\t\t\t\t<sr7-slide id=\"SR7_5_1-15\" data-key=\"15\">\n\t\t\t\t\t\t\t<sr7-bg id=\"SR7_5_1-15-12\" class=\"sr7-layer\"><noscript><img decoding=\"async\" src=\"https:\/\/www.cervezamexico.com\/cdmx\/congreso\/wp-content\/uploads\/2025\/08\/salon-malta-fondo2.jpg\" alt=\"\" title=\"salon-malta-fondo2\"><\/noscript><\/sr7-bg>\n\t\t\t\t\t\t\t<sr7-txt id=\"SR7_5_1-15-0\" class=\"sr7-layer\">Conocimiento que transforma:\n Abordamos temas clave como  <\/br>selecci\u00f3n de insumos, t\u00e9cnicas de elaboraci\u00f3n, control de calidad,  <\/br>tendencias de mercado, ventas, distribuci\u00f3n y operaci\u00f3n de <\/br> bares o tap rooms.\n<\/sr7-txt>\n\t\t\t\t\t\t\t<sr7-txt id=\"SR7_5_1-15-1\" class=\"sr7-layer\">\"Mexicanos Hagamos Cerveza\"<\/sr7-txt>\n\t\t\t\t\t\t\t<sr7-txt id=\"SR7_5_1-15-2\" class=\"sr7-layer\">SAL\u00d3N MALTA<br><\/sr7-txt>\n\t\t\t\t\t\t\t<sr7-txt id=\"SR7_5_1-15-7\" class=\"sr7-layer\">VER M\u00c1S<\/sr7-txt>\n\t\t\t\t\t\t<\/sr7-slide>\n\t\t\t\t\t\t<sr7-slide id=\"SR7_5_1-17\" data-key=\"17\">\n\t\t\t\t\t\t<\/sr7-slide>\n\t\t\t\t\t<\/sr7-content>\n\t\t\t\t\t<image_lists style=\"display:none\">\n\t\t\t\t\t\t<img data-src=\"\/\/www.cervezamexico.com\/cdmx\/congreso\/wp-content\/uploads\/2025\/07\/sliderlupulo.png\" data-libid=\"2403\" data-lib=\"medialibrary\" title=\"sliderlupulo\" width=\"0\" height=\"0\" data-dbsrc=\"Ly93d3cuY2VydmV6YW1leGljby5jb20vY2RteC9jb25ncmVzby93cC1jb250ZW50L3VwbG9hZHMvMjAyNS8wNy9zbGlkZXJsdXB1bG8ucG5n\"\/>\n\t\t\t\t\t\t<img data-src=\"\/\/www.cervezamexico.com\/cdmx\/congreso\/wp-content\/uploads\/2025\/08\/salon-malta-fondo2.jpg\" data-libid=\"2716\" data-lib=\"medialibrary\" title=\"salon-malta-fondo2\" width=\"0\" height=\"0\" data-dbsrc=\"Ly93d3cuY2VydmV6YW1leGljby5jb20vY2RteC9jb25ncmVzby93cC1jb250ZW50L3VwbG9hZHMvMjAyNS8wOC9zYWxvbi1tYWx0YS1mb25kbzIuanBn\"\/>\n\t\t\t\t\t\t<img data-src=\"\/\/www.cervezamexico.com\/cdmx\/congreso\/wp-content\/uploads\/revslider\/slider-01\/h3-slider-2-vr-1.png\" data-libid=\"2156\" title=\"h3-slider-2-vr-1.png\" width=\"0\" height=\"0\" data-dbsrc=\"Ly93d3cuY2VydmV6YW1leGljby5jb20vY2RteC9jb25ncmVzby93cC1jb250ZW50L3VwbG9hZHMvcmV2c2xpZGVyL3NsaWRlci0wMS9oMy1zbGlkZXItMi12ci0xLnBuZw==\"\/>\n\t\t\t\t\t\t<img data-src=\"\/\/www.cervezamexico.com\/cdmx\/congreso\/wp-content\/uploads\/revslider\/slider-01\/h3-slider-2-bg.jpg\" data-libid=\"2155\" title=\"h3-slider-2-bg.jpg\" width=\"0\" height=\"0\" data-dbsrc=\"Ly93d3cuY2VydmV6YW1leGljby5jb20vY2RteC9jb25ncmVzby93cC1jb250ZW50L3VwbG9hZHMvcmV2c2xpZGVyL3NsaWRlci0wMS9oMy1zbGlkZXItMi1iZy5qcGc=\"\/>\n\t\t\t\t\t<\/image_lists>\n\t\t\t\t<\/sr7-module>\n\t\t\t\t<script>\n\t\t\t\t\tSR7.PMH ??={}; SR7.PMH[\"SR7_5_1\"] = {cn:100,state:false,fn: function() { if (_tpt!==undefined && _tpt.prepareModuleHeight !== undefined) {  _tpt.prepareModuleHeight({id:\"SR7_5_1\",el:[460,460,460,460,460],type:'standard',shdw:'0',gh:[460,460,460,460,460],gw:[1240,1240,1024,778,480],vpt:['-100px&#039;,&#039;-100px&#039;,&#039;-100px&#039;,&#039;-100px&#039;,&#039;-100px'],size:{fullWidth:false, fullHeight:false},mh:'0',onh:0,onw:0,bg:{color:'{\"orig\":\"transparent\",\"type\":\"solid\",\"string\":\"transparent\"}'},plType:'3',plColor:'#ffcc00'});   SR7.PMH[\"SR7_5_1\"].state=true;} else if(SR7.PMH[\"SR7_5_1\"].cn-->0)\tsetTimeout( SR7.PMH[\"SR7_5_1\"].fn,19);}};SR7.PMH[\"SR7_5_1\" ].fn();\n\t\t\t\t<\/script>\n[\/vc_column][\/vc_row][vc_row el_class=&#8221;margin-bottom-30&#8243; el_id=&#8221;malta&#8221; css=&#8221;.vc_custom_1753892428701{margin-top: 20px !important;}&#8221;][vc_column][vc_column_text css=&#8221;&#8221;]<\/p>\n<div id=\"jas-content\">\n<div class=\"jas-row jas-page\">\n<div class=\"jas-col-md-12 jas-col-xs-12 mt__60 mb__60\" role=\"main\">\n<div class=\"wpb-content-wrapper\">\n<div class=\"jas-container\">\n<div id=\"lupulo\" class=\"vc_row margin-bottom-30 vc_custom_1753826091804\">\n<div class=\"wpb_column vc_column_container vc_col-sm-12\">\n<div class=\"vc_column-inner \">\n<div class=\"wpb_wrapper\">\n<div class=\"wpb_text_column wpb_content_element\">\n<div class=\"wpb_wrapper\">\n<h2 style=\"text-align: center;\">Pr\u00f3ximamente m\u00e1s informaci\u00f3n<\/h2>\n<\/div>\n<\/div>\n<\/div>\n<\/div>\n<\/div>\n<\/div>\n<\/div>\n<\/div>\n<\/div>\n<\/div>\n<\/div>\n<p>[\/vc_column_text][\/vc_column][\/vc_row]<\/p>\n<\/div>","protected":false},"excerpt":{"rendered":"<p>[vc_row fullwidth=&#8221;yes&#8221; css=&#8221;.vc_custom_1754002092207{margin-top: 0px !important;}&#8221;][vc_column][\/vc_column][\/vc_row][vc_row el_class=&#8221;margin-bottom-30&#8243; el_id=&#8221;malta&#8221; css=&#8221;.vc_custom_1753892428701{margin-top: 20px !important;}&#8221;][vc_column][vc_column_text css=&#8221;&#8221;] Pr\u00f3ximamente m\u00e1s informaci\u00f3n [\/vc_column_text][\/vc_column][\/vc_row]<\/p>\n","protected":false},"author":1,"featured_media":0,"parent":0,"menu_order":0,"comment_status":"closed","ping_status":"closed","template":"","meta":{"footnotes":""},"class_list":["post-2452","page","type-page","status-publish","hentry"],"jetpack_sharing_enabled":true,"_links":{"self":[{"href":"https:\/\/www.cervezamexico.com\/cdmx\/congreso\/wp-json\/wp\/v2\/pages\/2452","targetHints":{"allow":["GET"]}}],"collection":[{"href":"https:\/\/www.cervezamexico.com\/cdmx\/congreso\/wp-json\/wp\/v2\/pages"}],"about":[{"href":"https:\/\/www.cervezamexico.com\/cdmx\/congreso\/wp-json\/wp\/v2\/types\/page"}],"author":[{"embeddable":true,"href":"https:\/\/www.cervezamexico.com\/cdmx\/congreso\/wp-json\/wp\/v2\/users\/1"}],"replies":[{"embeddable":true,"href":"https:\/\/www.cervezamexico.com\/cdmx\/congreso\/wp-json\/wp\/v2\/comments?post=2452"}],"version-history":[{"count":12,"href":"https:\/\/www.cervezamexico.com\/cdmx\/congreso\/wp-json\/wp\/v2\/pages\/2452\/revisions"}],"predecessor-version":[{"id":2848,"href":"https:\/\/www.cervezamexico.com\/cdmx\/congreso\/wp-json\/wp\/v2\/pages\/2452\/revisions\/2848"}],"wp:attachment":[{"href":"https:\/\/www.cervezamexico.com\/cdmx\/congreso\/wp-json\/wp\/v2\/media?parent=2452"}],"curies":[{"name":"wp","href":"https:\/\/api.w.org\/{rel}","templated":true}]}}