{"id":2448,"date":"2025-07-30T15:41:04","date_gmt":"2025-07-30T15:41:04","guid":{"rendered":"https:\/\/www.cervezamexico.com\/cdmx\/congreso\/?post_type=product&#038;p=2448"},"modified":"2025-10-24T14:35:54","modified_gmt":"2025-10-24T14:35:54","slug":"haz-que-fermente-tu-negocio-planeacion-estrategica-para-microempresas-cerveceras","status":"publish","type":"product","link":"https:\/\/www.cervezamexico.com\/cdmx\/congreso\/product\/haz-que-fermente-tu-negocio-planeacion-estrategica-para-microempresas-cerveceras\/","title":{"rendered":"\u00a1Haz que Fermente tu Negocio! Planeaci\u00f3n Estrat\u00e9gica para Microempresas Cerveceras"},"content":{"rendered":"<p>Testimonio<br \/>\n-Imperdible para cervecer\u00edas en crecimiento<\/p>\n<table id=\"TablaTalleres\">\n<tbody>\n<tr>\n<td width=\"30%\"><img decoding=\"async\" class=\"wp-image-13155 alignright\" src=\"https:\/\/www.cervezamexico.com\/cdmx\/congreso\/wp-content\/uploads\/2025\/07\/confe-empresa-cervecera-ponente.jpg\" alt=\"\" width=\"800\" height=\"auto\" \/><\/td>\n<td width=\"70%\">\n<h4 class=\"NombrePonente\">Matthew Hickory \/ MX Craft Consulting<\/h4>\n<p>Cervecero, empresario y consultor de negocios, Matthew es integrante de diversos consejos de sociedades y asociaciones activas en la industria de la cerveza. Ha participado como juez, ponente y organizador en numerosas competencias, congresos y festivales cerveceros a lo largo de latinoam\u00e9rica.<\/td>\n<\/tr>\n<\/tbody>\n<\/table>\n","protected":false},"excerpt":{"rendered":"<p><strong>Dirigido a Cerveceros Amateur<\/strong><\/p>\n<h4 class=\"ConfeCongreso\"><span style=\"color: #fff;\">TALLER<\/span><\/h4>\n<h2 class=\"FechaCongreso\"><span style=\"color: #00335c;\">Viernes 24 de Octubre 2025<\/span><\/h2>\n<p class=\"TextTalleres\"><strong>Horario:<\/strong>15:30-16:45 hrs<\/p>\n<p class=\"TextTalleres\"><strong>Duraci\u00f3n:<\/strong>1.15 horas<\/p>\n<p class=\"TextTalleres\"><strong>Lugar:<\/strong> WTC, MAYA 3<\/p>\n<p class=\"TextTalleres\"><strong>Imparte:<\/strong>Matthew Hickory \/ MX Craft Consulting<\/p>\n<p class=\"TextTalleres\"><strong>Objetivo:<\/strong>Esta conferencia, interactiva y llena de buen humor, te mostrar\u00e1 c\u00f3mo planear el crecimiento de tu microempresa cervecera sin perder la cabeza (ni el sabor). Vamos a hablar de n\u00fameros sin que te duelan, de metas sin que suenen a castigo y de estrategias que realmente puedes aplicar con los recursos que tienes. Si est\u00e1s arrancando, estancado o listo para subir de nivel, esta conferencia es para ti. Incluye herramientas y ejemplos reales utilizados en asesor\u00edas a cervecer\u00edas independientes en M\u00e9xico y Latinoam\u00e9rica.<\/p>\n<p class=\"TextTalleres\"><strong>Temario:<\/strong><\/p>\n<ul>\n<li>\u00bfQu\u00e9 es un plan de negocios y por qu\u00e9 casi nadie lo usa bien?<\/li>\n<li>Ingredientes clave de una microempresa rentable<\/li>\n<li>De la idea a la acci\u00f3n: c\u00f3mo fijar metas cerveceras realistas<\/li>\n<li>Mapa estrat\u00e9gico de tu cervecer\u00eda<\/li>\n<\/ul>\n<p><strong><span style=\"color: #00335c; margin-top: 15px!important;\">CUPO LIMITADO<\/span><\/strong><br \/>\n<strong>Sujeto a cambio sin previo aviso, incluye entrada a la expo por el d\u00eda que asisten y no se permiten acompa\u00f1antes.<\/strong><\/p>\n<p><strong style=\"border-radius: 0px; font-size: 15px; color: #ff6501; background: none;\">EVENTO PARA MAYORES DE 18 A\u00d1OS<\/strong><\/p>\n","protected":false},"featured_media":2669,"template":"","meta":[],"product_brand":[],"product_cat":[163],"product_tag":[],"class_list":{"0":"post-2448","1":"product","2":"type-product","3":"status-publish","4":"has-post-thumbnail","6":"product_cat-salon-lupulo-viernes-24-octubre","8":"first","9":"instock","10":"sale","11":"taxable","12":"shipping-taxable","13":"purchasable","14":"product-type-simple"},"jetpack_sharing_enabled":true,"_links":{"self":[{"href":"https:\/\/www.cervezamexico.com\/cdmx\/congreso\/wp-json\/wp\/v2\/product\/2448","targetHints":{"allow":["GET"]}}],"collection":[{"href":"https:\/\/www.cervezamexico.com\/cdmx\/congreso\/wp-json\/wp\/v2\/product"}],"about":[{"href":"https:\/\/www.cervezamexico.com\/cdmx\/congreso\/wp-json\/wp\/v2\/types\/product"}],"wp:featuredmedia":[{"embeddable":true,"href":"https:\/\/www.cervezamexico.com\/cdmx\/congreso\/wp-json\/wp\/v2\/media\/2669"}],"wp:attachment":[{"href":"https:\/\/www.cervezamexico.com\/cdmx\/congreso\/wp-json\/wp\/v2\/media?parent=2448"}],"wp:term":[{"taxonomy":"product_brand","embeddable":true,"href":"https:\/\/www.cervezamexico.com\/cdmx\/congreso\/wp-json\/wp\/v2\/product_brand?post=2448"},{"taxonomy":"product_cat","embeddable":true,"href":"https:\/\/www.cervezamexico.com\/cdmx\/congreso\/wp-json\/wp\/v2\/product_cat?post=2448"},{"taxonomy":"product_tag","embeddable":true,"href":"https:\/\/www.cervezamexico.com\/cdmx\/congreso\/wp-json\/wp\/v2\/product_tag?post=2448"}],"curies":[{"name":"wp","href":"https:\/\/api.w.org\/{rel}","templated":true}]}}