{"id":2450,"date":"2025-07-30T16:11:26","date_gmt":"2025-07-30T16:11:26","guid":{"rendered":"https:\/\/www.cervezamexico.com\/cdmx\/congreso\/?post_type=product&#038;p=2450"},"modified":"2025-10-22T22:47:09","modified_gmt":"2025-10-22T22:47:09","slug":"detras-de-la-barra-guia-legal-para-duenos-de-bares-y-cervecerias","status":"publish","type":"product","link":"https:\/\/www.cervezamexico.com\/cdmx\/congreso\/product\/detras-de-la-barra-guia-legal-para-duenos-de-bares-y-cervecerias\/","title":{"rendered":"Detr\u00e1s de la Barra: Gu\u00eda Legal para Due\u00f1os de Bares y Cervecer\u00edas"},"content":{"rendered":"<table id=\"TablaTalleres\">\n<tbody>\n<tr>\n<td width=\"30%\"><img decoding=\"async\" class=\"wp-image-13155 alignright\" src=\"https:\/\/www.cervezamexico.com\/cdmx\/congreso\/wp-content\/uploads\/2025\/07\/confe-detras-de-labarra-ponente.jpg\" alt=\"\" width=\"800\" height=\"auto\" \/><\/td>\n<td width=\"70%\">\n<h4 class=\"NombrePonente\">Fabiola Baza \/ Abogada \u2013 Maestra en Comercio Exterior y Movilizaci\u00f3n de Mercanc\u00edas<\/h4>\n<p>Abogada y estratega dedicada al crecimiento y desarrollo de emprendimientos en el sector agroindustrial. Con m\u00e1s de 12 a\u00f1os de experiencia en asesor\u00eda integral, ha sido una figura clave en el acompa\u00f1amiento para la formalizaci\u00f3n, producci\u00f3n y comercializaci\u00f3n, ayudando a los emprendedores a profesionalizar sus marcas y asegurar su \u00e9xito a largo plazo.<br \/>\nGraduada como Licenciada en Derecho por la Universidad Nacional Aut\u00f3noma de M\u00e9xico (UNAM), Fabiola tambi\u00e9n posee una Maestr\u00eda en Comercio Exterior y un Diplomado en Derecho Administrativo enfocado en el sector agropecuario, tambi\u00e9n expedido por la UNAM.<br \/>\nSu vasta experiencia ha permitido consolidar el consorcio jur\u00eddico &#8220;ASESORES JUR\u00cdDICOS EMPRESARIALES&#8221; quien ha atendido los desaf\u00edos comunes a diversas industrias como la cervecera artesanal: la constituci\u00f3n legal de empresas, el registro de marca, la obtenci\u00f3n de permisos sanitarios y la optimizaci\u00f3n de procesos administrativos. Su enfoque es pr\u00e1ctico y personalizado, ofreciendo soluciones estrat\u00e9gicas para que los emprendedores puedan escalar sus negocios de manera s\u00f3lida y sostenible.<br \/>\nEst\u00e1 comprometida con el desarrollo del sector, agradece la oportunidad de compartir su conocimiento para contribuir al crecimiento y la profesionalizaci\u00f3n de los negocios artesanales en M\u00e9xico.<\/td>\n<\/tr>\n<\/tbody>\n<\/table>\n","protected":false},"excerpt":{"rendered":"<p><strong>Dirigido a P\u00fablico en general <\/strong><\/p>\n<h4 class=\"ConfeCongreso\"><span style=\"color: #fff;\">CONFERENCIA<\/span><\/h4>\n<h2 class=\"FechaCongreso\"><span style=\"color: #00335c;\">Jueves 23 de Octubre 2025<\/span><\/h2>\n<p class=\"TextTalleres\"><strong>Horario:<\/strong>09:00-10:00 hrs<\/p>\n<p class=\"TextTalleres\"><strong>Duraci\u00f3n:<\/strong>1 hora<\/p>\n<p class=\"TextTalleres\"><strong>Lugar:<\/strong> WTC, MAYA 3<\/p>\n<p class=\"TextTalleres\"><strong>Imparte:<\/strong>Fabiola Baza \/ Abogada \u2013 Maestra en Comercio Exterior y Movilizaci\u00f3n de Mercanc\u00edas<\/p>\n<p class=\"TextTalleres\"><strong>Objetivo:<\/strong>Brindar capacitaci\u00f3n a los propietarios sobre sus derechos y obligaciones legales, para que operen sus negocios de manera informada y conforme a la ley.<\/p>\n<p class=\"TextTalleres\"><strong>Temario:<\/strong><\/p>\n<ul>\n<li>Licencias y permisos requeridos para operar<\/li>\n<li>Regulaciones sanitarias y de protecci\u00f3n civil<\/li>\n<li>Procedimientos de inspecci\u00f3n<\/li>\n<li>Sanciones, multas y posibles clausuras<\/li>\n<li>Manejo de quejas y conflictos con clientes<\/li>\n<\/ul>\n<p><strong><span style=\"color: #00335c; margin-top: 15px!important;\">CUPO LIMITADO<\/span><\/strong><br \/>\n<strong>Sujeto a cambio sin previo aviso, incluye entrada a la expo por el d\u00eda que asisten y no se permiten acompa\u00f1antes.<\/strong><\/p>\n<p><strong style=\"border-radius: 0px; font-size: 15px; color: #ff6501; background: none;\">EVENTO PARA MAYORES DE 18 A\u00d1OS<\/strong><\/p>\n","protected":false},"featured_media":2675,"template":"","meta":[],"product_brand":[],"product_cat":[165],"product_tag":[],"class_list":{"0":"post-2450","1":"product","2":"type-product","3":"status-publish","4":"has-post-thumbnail","6":"product_cat-salon-malta-jueves-23-octubre","8":"first","9":"instock","10":"sale","11":"taxable","12":"shipping-taxable","13":"purchasable","14":"product-type-simple"},"jetpack_sharing_enabled":true,"_links":{"self":[{"href":"https:\/\/www.cervezamexico.com\/cdmx\/congreso\/wp-json\/wp\/v2\/product\/2450","targetHints":{"allow":["GET"]}}],"collection":[{"href":"https:\/\/www.cervezamexico.com\/cdmx\/congreso\/wp-json\/wp\/v2\/product"}],"about":[{"href":"https:\/\/www.cervezamexico.com\/cdmx\/congreso\/wp-json\/wp\/v2\/types\/product"}],"wp:featuredmedia":[{"embeddable":true,"href":"https:\/\/www.cervezamexico.com\/cdmx\/congreso\/wp-json\/wp\/v2\/media\/2675"}],"wp:attachment":[{"href":"https:\/\/www.cervezamexico.com\/cdmx\/congreso\/wp-json\/wp\/v2\/media?parent=2450"}],"wp:term":[{"taxonomy":"product_brand","embeddable":true,"href":"https:\/\/www.cervezamexico.com\/cdmx\/congreso\/wp-json\/wp\/v2\/product_brand?post=2450"},{"taxonomy":"product_cat","embeddable":true,"href":"https:\/\/www.cervezamexico.com\/cdmx\/congreso\/wp-json\/wp\/v2\/product_cat?post=2450"},{"taxonomy":"product_tag","embeddable":true,"href":"https:\/\/www.cervezamexico.com\/cdmx\/congreso\/wp-json\/wp\/v2\/product_tag?post=2450"}],"curies":[{"name":"wp","href":"https:\/\/api.w.org\/{rel}","templated":true}]}}