{"id":2457,"date":"2025-07-30T16:25:42","date_gmt":"2025-07-30T16:25:42","guid":{"rendered":"https:\/\/www.cervezamexico.com\/cdmx\/congreso\/?post_type=product&#038;p=2457"},"modified":"2025-10-22T22:46:56","modified_gmt":"2025-10-22T22:46:56","slug":"chequia-cervecera-tradicion-innovacion-y-calidad-en-cada-gota","status":"publish","type":"product","link":"https:\/\/www.cervezamexico.com\/cdmx\/congreso\/product\/chequia-cervecera-tradicion-innovacion-y-calidad-en-cada-gota\/","title":{"rendered":"Chequia Cervecera: Tradici\u00f3n, Innovaci\u00f3n y Calidad en cada gota"},"content":{"rendered":"<table id=\"TablaTalleres\">\n<tbody>\n<tr>\n<td width=\"30%\"><img decoding=\"async\" class=\"wp-image-13155 alignright\" src=\"https:\/\/www.cervezamexico.com\/cdmx\/congreso\/wp-content\/uploads\/2025\/07\/chequia-ponente.jpg\" alt=\"\" width=\"800\" height=\"auto\" \/><\/td>\n<td width=\"70%\">\n<h4 class=\"NombrePonente\">Cesar Omar Reyes Valdez \/ Representante del Ministerio de Agricultura de la Rep\u00fablica Checa en M\u00e9xico<\/h4>\n<p>Representante en M\u00e9xico del Ministerio de Agricultura de la Rep\u00fablica Checa. Cesar Omar Reyes Valdez es economista y actualmente se desempe\u00f1a como Representante en M\u00e9xico del Ministerio de Agricultura de la Rep\u00fablica Checa. Su labor se centra en facilitar la cooperaci\u00f3n t\u00e9cnica, comercial e institucional entre actores del sector agroalimentario de la Rep\u00fablica Checa en M\u00e9xico, promoviendo el intercambio de conocimiento, innovaci\u00f3n y soluciones sostenibles. Cuenta con formaci\u00f3n en Econom\u00eda por la Universidad Aut\u00f3noma de Zacatecas y una Maestr\u00eda en Relaciones Internacionales y Cooperaci\u00f3n por la Universidad de Guadalajara. Realiz\u00f3 una estancia acad\u00e9mica en N\u00fcrnberg, Alemania (Friedrich-Alexander Universit\u00e4t), donde particip\u00f3 en proyectos vinculados al comercio internacional y la sostenibilidad log\u00edstica con empresas como Siemens.<br \/>\nHa trabajado en proyectos binacionales entre Am\u00e9rica Latina y Europa, colaborando con embajadas, c\u00e1maras empresariales y organismos multilaterales en temas de desarrollo agroindustrial, tecnolog\u00edas limpias y transici\u00f3n energ\u00e9tica. Su experiencia incluye la coordinaci\u00f3n de misiones empresariales, la gesti\u00f3n de agendas institucionales y la<br \/>\nrepresentaci\u00f3n t\u00e9cnica en ferias y foros de alto nivel. Actualmente impulsa iniciativas orientadas al fortalecimiento del ecosistema agroalimentario mediante la articulaci\u00f3n de soluciones tecnol\u00f3gicas e interinstitucionales.<\/td>\n<\/tr>\n<\/tbody>\n<\/table>\n","protected":false},"excerpt":{"rendered":"<p><strong>Dirigido a Profesionales de la industria<\/strong><\/p>\n<h4 class=\"ConfeCongreso\"><span style=\"color: #fff;\">CONFERENCIA<\/span><\/h4>\n<h2 class=\"FechaCongreso\"><span style=\"color: #00335c;\">Jueves 23 de Octubre 2025<\/span><\/h2>\n<p class=\"TextTalleres\"><strong>Horario:<\/strong>10:30-11:30 hrs<\/p>\n<p class=\"TextTalleres\"><strong>Duraci\u00f3n:<\/strong>1 hora<\/p>\n<p class=\"TextTalleres\"><strong>Lugar:<\/strong> WTC, MAYA 3<\/p>\n<p class=\"TextTalleres\"><strong>Imparte:<\/strong>Cesar Omar Reyes Valdez \/ Representante del Ministerio de Agricultura de la Rep\u00fablica Checa en M\u00e9xico<\/p>\n<p class=\"TextTalleres\"><strong>Objetivo:<\/strong>El objetivo es dar a conocer al p\u00fablico mexicano el ecosistema cervecero de Chequia, resaltando sus **ingredientes \u00fanicos** como el l\u00fapulo Saaz y la malta checa, su rica tradici\u00f3n de siglos y las innovadoras soluciones tecnol\u00f3gicas que ofrece la industria checa para la producci\u00f3n de cerveza, tanto artesanal como industrial.<br \/>\nHistoria y Tradici\u00f3n Cervecera Checa<\/p>\n<p><strong><span style=\"color: #00335c; margin-top: 15px!important;\">CUPO LIMITADO<\/span><\/strong><br \/>\n<strong>Sujeto a cambio sin previo aviso, incluye entrada a la expo por el d\u00eda que asisten y no se permiten acompa\u00f1antes.<\/strong><\/p>\n<p><strong style=\"border-radius: 0px; font-size: 15px; color: #ff6501; background: none;\">EVENTO PARA MAYORES DE 18 A\u00d1OS<\/strong><\/p>\n","protected":false},"featured_media":2677,"template":"","meta":[],"product_brand":[],"product_cat":[165],"product_tag":[],"class_list":{"0":"post-2457","1":"product","2":"type-product","3":"status-publish","4":"has-post-thumbnail","6":"product_cat-salon-malta-jueves-23-octubre","8":"first","9":"instock","10":"sale","11":"taxable","12":"shipping-taxable","13":"purchasable","14":"product-type-simple"},"jetpack_sharing_enabled":true,"_links":{"self":[{"href":"https:\/\/www.cervezamexico.com\/cdmx\/congreso\/wp-json\/wp\/v2\/product\/2457","targetHints":{"allow":["GET"]}}],"collection":[{"href":"https:\/\/www.cervezamexico.com\/cdmx\/congreso\/wp-json\/wp\/v2\/product"}],"about":[{"href":"https:\/\/www.cervezamexico.com\/cdmx\/congreso\/wp-json\/wp\/v2\/types\/product"}],"wp:featuredmedia":[{"embeddable":true,"href":"https:\/\/www.cervezamexico.com\/cdmx\/congreso\/wp-json\/wp\/v2\/media\/2677"}],"wp:attachment":[{"href":"https:\/\/www.cervezamexico.com\/cdmx\/congreso\/wp-json\/wp\/v2\/media?parent=2457"}],"wp:term":[{"taxonomy":"product_brand","embeddable":true,"href":"https:\/\/www.cervezamexico.com\/cdmx\/congreso\/wp-json\/wp\/v2\/product_brand?post=2457"},{"taxonomy":"product_cat","embeddable":true,"href":"https:\/\/www.cervezamexico.com\/cdmx\/congreso\/wp-json\/wp\/v2\/product_cat?post=2457"},{"taxonomy":"product_tag","embeddable":true,"href":"https:\/\/www.cervezamexico.com\/cdmx\/congreso\/wp-json\/wp\/v2\/product_tag?post=2457"}],"curies":[{"name":"wp","href":"https:\/\/api.w.org\/{rel}","templated":true}]}}