{"id":2461,"date":"2025-07-30T17:01:08","date_gmt":"2025-07-30T17:01:08","guid":{"rendered":"https:\/\/www.cervezamexico.com\/cdmx\/congreso\/?post_type=product&#038;p=2461"},"modified":"2025-10-22T22:46:27","modified_gmt":"2025-10-22T22:46:27","slug":"lupulo-frances-y-sus-usos-en-la-cerveza","status":"publish","type":"product","link":"https:\/\/www.cervezamexico.com\/cdmx\/congreso\/product\/lupulo-frances-y-sus-usos-en-la-cerveza\/","title":{"rendered":"L\u00fapulo Franc\u00e9s y sus Usos en la Cerveza"},"content":{"rendered":"<table id=\"TablaTalleres\">\n<tbody>\n<tr>\n<td width=\"30%\"><img decoding=\"async\" class=\"wp-image-13155 alignright\" src=\"https:\/\/www.cervezamexico.com\/cdmx\/congreso\/wp-content\/uploads\/2025\/08\/lupulo-frances-ponentes.jpg\" alt=\"\" width=\"800\" height=\"auto\" \/><\/td>\n<td width=\"70%\">\n<h4 class=\"NombrePonente\">Antoine Wuchner y Sebastian Hohentanner<\/h4>\n<p>Pendiente<\/td>\n<\/tr>\n<\/tbody>\n<\/table>\n","protected":false},"excerpt":{"rendered":"<p><strong>Dirigido a Profesionales de la industria<\/strong><\/p>\n<h4 class=\"ConfeCongreso\"><span style=\"color: #fff;\">CONFERENCIA<\/span><\/h4>\n<h2 class=\"FechaCongreso\"><span style=\"color: #00335c;\">Jueves 23 de Octubre 2025<\/span><\/h2>\n<p class=\"TextTalleres\"><strong>Horario:<\/strong>15:00-16:00 hrs<\/p>\n<p class=\"TextTalleres\"><strong>Duraci\u00f3n:<\/strong>1 hora<\/p>\n<p class=\"TextTalleres\"><strong>Lugar:<\/strong> WTC, MAYA 3<\/p>\n<p class=\"TextTalleres\"><strong>Imparte:<\/strong>Antoine Wuchner y Sebastian Hohentanner<\/p>\n<p class=\"TextTalleres\"><strong>Objetivo:<\/strong>La charla ofrecer\u00e1 una introducci\u00f3n a la regi\u00f3n francesa de cultivo del l\u00fapulo, Alsacia, y sus variedades Aramis, Mistral, Barbe Rouge y Elixir. Adem\u00e1s de presentar los l\u00fapulos, la charla ofrecer\u00e1 instrucciones sobre c\u00f3mo elaborar cerveza con ellos, centr\u00e1ndose en la elaboraci\u00f3n de cerveza lager cl\u00e1sica y lupulada.<\/p>\n<p class=\"TextTalleres\"><strong>Temario:<\/strong><\/p>\n<ul>\n<li>Introducci\u00f3n a la regi\u00f3n francesa de cultivo del l\u00fapulo en Alsacia<\/li>\n<li>Presentaci\u00f3n de las variedades francesas:<\/li>\n<p style=\"color:#333e65; margin-bottom:0.1em!important;\">-Aramis Mistral<\/p>\n<p style=\"color:#333e65; margin-bottom:0.1em!important;\">-Barbe Rouge<\/p>\n<p style=\"color:#333e65;  margin-bottom:0.1em!important;\">-Elixir<\/p>\n<li>Evaluaci\u00f3n sensorial de todas las variedades como l\u00fapulo en hoja<\/li>\n<li>Elaboraci\u00f3n de cerveza con l\u00fapulo franc\u00e9s<\/li>\n<p style=\"color:#333e65;  margin-bottom:0.1em!important;\">-Lagers cl\u00e1sicas: Pilsner alsaciana<\/p>\n<p style=\"color:#333e65;  margin-bottom:0.1em!important;\">-Lagers modernas: Pilsner francesa con l\u00fapulo de la costa oeste<\/p>\n<li>Cata de cervezas lager<\/li>\n<\/ul>\n<p><strong><span style=\"color: #00335c; margin-top: 15px!important;\">CUPO LIMITADO<\/span><\/strong><br \/>\n<strong>Sujeto a cambio sin previo aviso, incluye entrada a la expo por el d\u00eda que asisten y no se permiten acompa\u00f1antes.<\/strong><\/p>\n<p><strong style=\"border-radius: 0px; font-size: 15px; color: #ff6501; background: none;\">EVENTO PARA MAYORES DE 18 A\u00d1OS<\/strong><\/p>\n","protected":false},"featured_media":2684,"template":"","meta":[],"product_brand":[],"product_cat":[165],"product_tag":[],"class_list":{"0":"post-2461","1":"product","2":"type-product","3":"status-publish","4":"has-post-thumbnail","6":"product_cat-salon-malta-jueves-23-octubre","8":"first","9":"instock","10":"sale","11":"taxable","12":"shipping-taxable","13":"purchasable","14":"product-type-simple"},"jetpack_sharing_enabled":true,"_links":{"self":[{"href":"https:\/\/www.cervezamexico.com\/cdmx\/congreso\/wp-json\/wp\/v2\/product\/2461","targetHints":{"allow":["GET"]}}],"collection":[{"href":"https:\/\/www.cervezamexico.com\/cdmx\/congreso\/wp-json\/wp\/v2\/product"}],"about":[{"href":"https:\/\/www.cervezamexico.com\/cdmx\/congreso\/wp-json\/wp\/v2\/types\/product"}],"wp:featuredmedia":[{"embeddable":true,"href":"https:\/\/www.cervezamexico.com\/cdmx\/congreso\/wp-json\/wp\/v2\/media\/2684"}],"wp:attachment":[{"href":"https:\/\/www.cervezamexico.com\/cdmx\/congreso\/wp-json\/wp\/v2\/media?parent=2461"}],"wp:term":[{"taxonomy":"product_brand","embeddable":true,"href":"https:\/\/www.cervezamexico.com\/cdmx\/congreso\/wp-json\/wp\/v2\/product_brand?post=2461"},{"taxonomy":"product_cat","embeddable":true,"href":"https:\/\/www.cervezamexico.com\/cdmx\/congreso\/wp-json\/wp\/v2\/product_cat?post=2461"},{"taxonomy":"product_tag","embeddable":true,"href":"https:\/\/www.cervezamexico.com\/cdmx\/congreso\/wp-json\/wp\/v2\/product_tag?post=2461"}],"curies":[{"name":"wp","href":"https:\/\/api.w.org\/{rel}","templated":true}]}}