{"id":2463,"date":"2025-07-30T17:11:44","date_gmt":"2025-07-30T17:11:44","guid":{"rendered":"https:\/\/www.cervezamexico.com\/cdmx\/congreso\/?post_type=product&#038;p=2463"},"modified":"2025-10-23T19:31:42","modified_gmt":"2025-10-23T19:31:42","slug":"introduccion-a-el-hidromiel","status":"publish","type":"product","link":"https:\/\/www.cervezamexico.com\/cdmx\/congreso\/product\/introduccion-a-el-hidromiel\/","title":{"rendered":"Introducci\u00f3n al mundo del Hidromiel"},"content":{"rendered":"<table id=\"TablaTalleres\">\n<tbody>\n<tr>\n<td width=\"30%\"><img decoding=\"async\" class=\"wp-image-13155 alignright\" src=\"https:\/\/www.cervezamexico.com\/cdmx\/congreso\/wp-content\/uploads\/2025\/07\/hidromiel-ponente.jpg\" alt=\"\" width=\"800\" height=\"auto\" \/><\/td>\n<td width=\"70%\">\n<h4 class=\"NombrePonente\">Francisco Olachea \/ Academia Mexicana de Sommeliers y Ninkasi<\/h4>\n<p>Ingeniero Bioqu\u00edmico especializado en tecnolog\u00eda cervecera y bebidas destiladas, certificado en diversas disciplinas (BJCP, Cicerone\u00ae, Mezcalier, Sommelier). CEO de I+D CERVEZA SA de CV desde 2011. Experto en cerveza, hidromiel, mezcal, miske, sotol, tequila, vino y sidra. Formador de m\u00e1s de 100 jueces BJCP en Latinoam\u00e9rica, juez y coordinador de m\u00e1s de 70 competencias nacionales e internacionales, promotor del Bloque Cervecero Latinoamericano e instructor del modelo de certificaci\u00f3n YACHAY MISKE. Desarrolla consultor\u00eda, investigaci\u00f3n e innovaci\u00f3n en bebidas fermentadas y destiladas.<\/td>\n<\/tr>\n<\/tbody>\n<\/table>\n","protected":false},"excerpt":{"rendered":"<p><strong>Dirigido a Entusiastas cerveceros <\/strong><\/p>\n<h4 class=\"ConfeCongreso\"><span style=\"color: #fff;\">CONFERENCIA<\/span><\/h4>\n<h2 class=\"FechaCongreso\"><span style=\"color: #00335c;\">Viernes 24 de Octubre 2025<\/span><\/h2>\n<p class=\"TextTalleres\"><strong>Horario:<\/strong>09:00-10:00 hrs<\/p>\n<p class=\"TextTalleres\"><strong>Duraci\u00f3n:<\/strong>1 hora<\/p>\n<p class=\"TextTalleres\"><strong>Lugar:<\/strong> WTC, MAYA 3<\/p>\n<p class=\"TextTalleres\"><strong>Imparte:<\/strong>Francisco Olachea \/ Academia Mexicana de Sommeliers y Ninkasi<\/p>\n<p class=\"TextTalleres\"><strong>Objetivo:<\/strong>Esta conferencia introductoria est\u00e1 dirigida a personas curiosas o principiantes que deseen adentrarse en el fascinante mundo del hidromiel. Se explorar\u00e1n sus or\u00edgenes, estilos y c\u00f3mo degustarlo. El objetivo es brindar un primer acercamiento te\u00f3rico-pr\u00e1ctico a esta bebida milenaria y deliciosa.<\/p>\n<p class=\"TextTalleres\"><strong>Temario:<\/strong><\/p>\n<ul>\n<li>\u00bfQu\u00e9 es el hidromiel?<\/li>\n<li>Historia y evoluci\u00f3n del hidromiel<\/li>\n<li>Estilos y tipos<\/li>\n<li>Principios b\u00e1sicos de su elaboraci\u00f3n<\/li>\n<li>Introducci\u00f3n a la cata<\/li>\n<\/ul>\n<p><strong><span style=\"color: #00335c; margin-top: 15px!important;\">CUPO LIMITADO<\/span><\/strong><br \/>\n<strong>Sujeto a cambio sin previo aviso, incluye entrada a la expo por el d\u00eda que asisten y no se permiten acompa\u00f1antes.<\/strong><\/p>\n<p><strong style=\"border-radius: 0px; font-size: 15px; color: #ff6501; background: none;\">EVENTO PARA MAYORES DE 18 A\u00d1OS<\/strong><\/p>\n","protected":false},"featured_media":2690,"template":"","meta":[],"product_brand":[],"product_cat":[167],"product_tag":[],"class_list":{"0":"post-2463","1":"product","2":"type-product","3":"status-publish","4":"has-post-thumbnail","6":"product_cat-salon-malta-viernes-24-octubre","8":"first","9":"instock","10":"sale","11":"taxable","12":"shipping-taxable","13":"purchasable","14":"product-type-simple"},"jetpack_sharing_enabled":true,"_links":{"self":[{"href":"https:\/\/www.cervezamexico.com\/cdmx\/congreso\/wp-json\/wp\/v2\/product\/2463","targetHints":{"allow":["GET"]}}],"collection":[{"href":"https:\/\/www.cervezamexico.com\/cdmx\/congreso\/wp-json\/wp\/v2\/product"}],"about":[{"href":"https:\/\/www.cervezamexico.com\/cdmx\/congreso\/wp-json\/wp\/v2\/types\/product"}],"wp:featuredmedia":[{"embeddable":true,"href":"https:\/\/www.cervezamexico.com\/cdmx\/congreso\/wp-json\/wp\/v2\/media\/2690"}],"wp:attachment":[{"href":"https:\/\/www.cervezamexico.com\/cdmx\/congreso\/wp-json\/wp\/v2\/media?parent=2463"}],"wp:term":[{"taxonomy":"product_brand","embeddable":true,"href":"https:\/\/www.cervezamexico.com\/cdmx\/congreso\/wp-json\/wp\/v2\/product_brand?post=2463"},{"taxonomy":"product_cat","embeddable":true,"href":"https:\/\/www.cervezamexico.com\/cdmx\/congreso\/wp-json\/wp\/v2\/product_cat?post=2463"},{"taxonomy":"product_tag","embeddable":true,"href":"https:\/\/www.cervezamexico.com\/cdmx\/congreso\/wp-json\/wp\/v2\/product_tag?post=2463"}],"curies":[{"name":"wp","href":"https:\/\/api.w.org\/{rel}","templated":true}]}}