{"id":2469,"date":"2025-07-30T20:04:16","date_gmt":"2025-07-30T20:04:16","guid":{"rendered":"https:\/\/www.cervezamexico.com\/cdmx\/congreso\/?post_type=product&#038;p=2469"},"modified":"2025-10-22T22:45:18","modified_gmt":"2025-10-22T22:45:18","slug":"como-entrarle-al-retail-vender-a-cadenas-de-autoservicio-y-tiendas-de-conveniencia","status":"publish","type":"product","link":"https:\/\/www.cervezamexico.com\/cdmx\/congreso\/product\/como-entrarle-al-retail-vender-a-cadenas-de-autoservicio-y-tiendas-de-conveniencia\/","title":{"rendered":"\u00bfC\u00f3mo entrarle al Retail? Vender a cadenas de autoservicio y tiendas de conveniencia"},"content":{"rendered":"<table id=\"TablaTalleres\">\n<tbody>\n<tr>\n<td width=\"30%\"><img decoding=\"async\" class=\"wp-image-13155 alignright\" src=\"https:\/\/www.cervezamexico.com\/cdmx\/congreso\/wp-content\/uploads\/2025\/07\/retail-ponente.jpg\" alt=\"\" width=\"800\" height=\"auto\" \/><\/td>\n<td width=\"70%\">\n<h4 class=\"NombrePonente\">Gabriela Calder\u00f3n Avella \/ Coraz\u00f3n de Malta<\/h4>\n<p>Directora Comercial en Cervecer\u00eda Coraz\u00f3n de Malta<br \/>\nLic. Mercadotecnia y  Mtra. en Procesos Cognoscitivos<br \/>\nProfesor Titular del Departamento de Econom\u00eda, Administraci\u00f3n y Mercadolog\u00eda  del Instituto Tecnol\u00f3gico y de Estudios Superiores de Occidente (ITESO)<br \/>\nEn 2022 impuls\u00f3 y colabor\u00f3 en la creaci\u00f3n, difusi\u00f3n y gesti\u00f3n de propuestas a favor de una participaci\u00f3n m\u00e1s justa e incluyente de la mujer. Gabrielapertenece a ese reducido n\u00famero de profesionistas mujeres de la industria, que adem\u00e1s se desempe\u00f1a en un cargo directivo.<br \/>\n\u00b7Integrante del Colectivo Adelitas Cerveceras Mexicanas<br \/>\n\u00b7Promotora del Protocolo Espacios Seguros (1er. Protocolo en contra de la Violencia, Acoso y Hostigamiento Sexual en la industria Cervecera)<br \/>\n\u00b7Coordinador de Marketing de Proyecto Impetuosa 2023<br \/>\n\u00b7Participaci\u00f3n en Las Hermanas edici\u00f3n 2022 y 2023,proyecto binacional de cerveceras, impulsado por el Consulado de M\u00e9xico en Tucson y la oficina de Turismo de Tucson en Arizona: Visit Tucson<br \/>\n\u00b7Anfitri\u00f3n certificado en cerveza del programa CICERONE<\/td>\n<\/tr>\n<\/tbody>\n<\/table>\n","protected":false},"excerpt":{"rendered":"<p><strong>Dirigido a Profesionales de la industria<\/strong><\/p>\n<h4 class=\"ConfeCongreso\"><span style=\"color: #fff;\">CONFERENCIA<\/span><\/h4>\n<h2 class=\"FechaCongreso\"><span style=\"color: #00335c;\">Viernes 24 de Octubre 2025<\/span><\/h2>\n<p class=\"TextTalleres\"><strong>Horario:<\/strong>12:30-13:30 hrs<\/p>\n<p class=\"TextTalleres\"><strong>Duraci\u00f3n:<\/strong>1 hora<\/p>\n<p class=\"TextTalleres\"><strong>Lugar:<\/strong> WTC, MAYA 3<\/p>\n<p class=\"TextTalleres\"><strong>Imparte:<\/strong>Gabriela Calder\u00f3n Avella \/ Coraz\u00f3n de Malta <\/p>\n<p class=\"TextTalleres\"><strong>Objetivo:<\/strong>La conferencia ayudar\u00e1 a clarificar los criterios y elementos que deben ser evaluados para iniciar ventas en cadenas de autoservicio y tiendas de conveniencia. Aunque cualquier productor de cerveza artesanal puede beneficiarse de la conferencia, es importante considerar que elementos b\u00e1sicos como registro de marca o contar con c\u00f3digos de barra son algunos de los requisitos para que una empresa pueda considerar ingresar a estos canales de venta.<\/p>\n<p class=\"TextTalleres\"><strong>Temario:<\/strong><\/p>\n<ul>\n<li>Delimitaci\u00f3n de mercado<\/li>\n<li>Capacidad productiva<\/li>\n<li>Log\u00edstica<\/li>\n<li>Promociones de venta<\/li>\n<li>Procesos administrativos y recursos digitales requeridos<\/li>\n<\/ul>\n<p><strong><span style=\"color: #00335c; margin-top: 15px!important;\">CUPO LIMITADO<\/span><\/strong><br \/>\n<strong>Sujeto a cambio sin previo aviso, incluye entrada a la expo por el d\u00eda que asisten y no se permiten acompa\u00f1antes.<\/strong><\/p>\n<p><strong style=\"border-radius: 0px; font-size: 15px; color: #ff6501; background: none;\">EVENTO PARA MAYORES DE 18 A\u00d1OS<\/strong><\/p>\n","protected":false},"featured_media":2696,"template":"","meta":[],"product_brand":[],"product_cat":[167],"product_tag":[],"class_list":{"0":"post-2469","1":"product","2":"type-product","3":"status-publish","4":"has-post-thumbnail","6":"product_cat-salon-malta-viernes-24-octubre","8":"first","9":"instock","10":"sale","11":"taxable","12":"shipping-taxable","13":"purchasable","14":"product-type-simple"},"jetpack_sharing_enabled":true,"_links":{"self":[{"href":"https:\/\/www.cervezamexico.com\/cdmx\/congreso\/wp-json\/wp\/v2\/product\/2469","targetHints":{"allow":["GET"]}}],"collection":[{"href":"https:\/\/www.cervezamexico.com\/cdmx\/congreso\/wp-json\/wp\/v2\/product"}],"about":[{"href":"https:\/\/www.cervezamexico.com\/cdmx\/congreso\/wp-json\/wp\/v2\/types\/product"}],"wp:featuredmedia":[{"embeddable":true,"href":"https:\/\/www.cervezamexico.com\/cdmx\/congreso\/wp-json\/wp\/v2\/media\/2696"}],"wp:attachment":[{"href":"https:\/\/www.cervezamexico.com\/cdmx\/congreso\/wp-json\/wp\/v2\/media?parent=2469"}],"wp:term":[{"taxonomy":"product_brand","embeddable":true,"href":"https:\/\/www.cervezamexico.com\/cdmx\/congreso\/wp-json\/wp\/v2\/product_brand?post=2469"},{"taxonomy":"product_cat","embeddable":true,"href":"https:\/\/www.cervezamexico.com\/cdmx\/congreso\/wp-json\/wp\/v2\/product_cat?post=2469"},{"taxonomy":"product_tag","embeddable":true,"href":"https:\/\/www.cervezamexico.com\/cdmx\/congreso\/wp-json\/wp\/v2\/product_tag?post=2469"}],"curies":[{"name":"wp","href":"https:\/\/api.w.org\/{rel}","templated":true}]}}