{"id":115,"date":"2019-05-27T10:55:29","date_gmt":"2019-05-27T15:55:29","guid":{"rendered":"https:\/\/www.cervezamexico.com\/2019\/?page_id=115"},"modified":"2026-02-19T13:25:06","modified_gmt":"2026-02-19T19:25:06","slug":"faq","status":"publish","type":"page","link":"https:\/\/www.cervezamexico.com\/cdmx\/faq\/","title":{"rendered":"FAQ"},"content":{"rendered":"<div class=\"wpb-content-wrapper\"><p>[vc_row css=&#8221;.vc_custom_1712860695293{margin-top: 30px !important;}&#8221;][vc_column][vc_tta_accordion title_tag=&#8221;h5&#8243; section_title_tag=&#8221;h6&#8243; style=&#8221;flat&#8221; shape=&#8221;square&#8221; spacing=&#8221;2&#8243; gap=&#8221;10&#8243; c_position=&#8221;right&#8221; active_section=&#8221;&#8221;][vc_tta_section title=&#8221;\u00bfD\u00f3nde se realizar\u00e1 Expo Cerveza M\u00e9xico?&#8221; tab_id=&#8221;sede&#8221;][vc_row_inner][vc_column_inner width=&#8221;1\/2&#8243;][vc_custom_heading text=&#8221;SAL\u00d3N CERVECEROS Y DISTRIBUIDORES&#8221; font_container=&#8221;tag:h4|text_align:center|color:%23ffffff&#8221; use_theme_fonts=&#8221;yes&#8221; css=&#8221;.vc_custom_1714489679668{margin-top: 5px !important;margin-bottom: 5px !important;padding-top: 10px !important;padding-bottom: 5px !important;background-color: #f96f00 !important;}&#8221;][vc_column_text css=&#8221;&#8221;]En <strong>WTC de la Ciudad de M\u00e9xico<\/strong><br \/> (Montecito 38, N\u00e1poles, Benito Ju\u00e1rez)[\/vc_column_text][\/vc_column_inner][vc_column_inner width=&#8221;1\/2&#8243;][vc_custom_heading text=&#8221;SAL\u00d3N PROVEEDORES E INSUMOS&#8221; font_container=&#8221;tag:h4|text_align:center|color:%23ffffff&#8221; use_theme_fonts=&#8221;yes&#8221; css=&#8221;.vc_custom_1748298671322{margin-top: 5px !important;margin-bottom: 5px !important;padding-top: 10px !important;padding-bottom: 5px !important;background-color: #f96f00 !important;}&#8221;][vc_column_text]En el <strong>Pepsi Center<\/strong> , WTC de la Ciudad de M\u00e9xico<br \/> (Dakota s\/n, Col. N\u00e1poles, Benito Ju\u00e1rez)[\/vc_column_text][\/vc_column_inner][\/vc_row_inner][\/vc_tta_section][vc_tta_section title=&#8221;\u00bfCu\u00e1l es la fecha y hora de Expo Cerveza M\u00e9xico?&#8221; tab_id=&#8221;fechahora&#8221;][vc_row_inner][vc_column_inner width=&#8221;1\/6&#8243;][\/vc_column_inner][vc_column_inner width=&#8221;2\/3&#8243;][vc_column_text css=&#8221;&#8221;]<\/p> <h2 style=\"text-align: center; line-height: 1.3; font-size: 22px;\"><\/h2> <table border=\"1px\" width=\"600\" align=\"center\"> <tbody> <tr> <td style=\"background: #EC671D; width: 300px; color: #fff;\"><strong>D\u00eda<\/strong><\/td> <td style=\"background: #EC671D; color: #fff;\"><strong>Horario<\/strong><\/td> <\/tr> <tr> <td width=\"300\"><strong>Viernes 23 de octubre<\/strong><\/td> <td>12:00 a \u00a022:00 hrs.<\/td> <\/tr> <tr> <td><strong>S\u00e1bado 24 de octubre<\/strong><\/td> <td>12:00 a 22:00 hrs.<\/td> <\/tr> <tr> <td><strong>Domingo 25 de octubre<\/strong><\/td> <td>12:00 a 19:00 hrs.<\/td> <\/tr> <\/tbody> <\/table> <p>[\/vc_column_text][\/vc_column_inner][vc_column_inner width=&#8221;1\/6&#8243;][\/vc_column_inner][\/vc_row_inner][\/vc_tta_section][vc_tta_section title=&#8221;\u00bfCu\u00e1l es la mec\u00e1nica del ingreso para visitantes de Expo Cerveza M\u00e9xico?&#8221; tab_id=&#8221;mecanica&#8221;][vc_column_text css=&#8221;&#8221;]Adquiere tu boleto FASE 1 en el siguiente link:<\/p> <p><a href=\"https:\/\/www.cervezamexico.com\/cdmx\/compra-tu-boleto\" target=\"_blank\" rel=\"noopener\">https:\/\/www.cervezamexico.com\/cdmx\/compra-tu-boleto<\/a>[\/vc_column_text][\/vc_tta_section][vc_tta_section title=&#8221;\u00bfCu\u00e1l es el precio de entrada de Expo Cerveza M\u00e9xico?&#8221; tab_id=&#8221;costo&#8221;][vc_column_text css=&#8221;&#8221;]El precio de la FASE 1 es:[\/vc_column_text][\/vc_tta_section][vc_tta_section title=&#8221;\u00bfD\u00f3nde recojo mis vaso conmemorativo?&#8221; tab_id=&#8221;recoger&#8221;][vc_column_text]En el<strong> m\u00f3dulo de Pago en l\u00ednea<\/strong> si realizaste tu pago en l\u00ednea o en el <strong>m\u00f3dulo de Caja<\/strong> si pagaste directo en la expo<br \/> <!--Con tu boleto de entrada a Expo <strong><span data-mce-type=\"bookmark\" style=\"display: inline-block; width: 0px; overflow: hidden; line-height: 0;\" class=\"mce_SELRES_start\"><\/span><span data-mce-type=\"bookmark\" style=\"display: inline-block; width: 0px; overflow: hidden; line-height: 0;\" class=\"mce_SELRES_start\"><\/span>Cerveza M\u00e9xico 2022<\/strong>, se te entregar\u00e1 un vaso en<strong>\u00a0sal\u00f3n Maya 3\u00a0<\/strong> <strong>(presentado tu boleto de compra)<\/strong>  <strong>Nota<\/strong>; Los pases de invitados no incluyen vaso, \u00a0el costo de cada vaso es de <strong>$25.00 pesos<\/strong>; puedes comprarlo en el m\u00f3dulo de atenci\u00f3n a expositores o los stands de souvenir de Expo Cerveza M\u00e9xico-->[\/vc_column_text][\/vc_tta_section][vc_tta_section title=&#8221;\u00bfQu\u00e9 incluye mi boleto de entrada?&#8221; tab_id=&#8221;visitante&#8221;][vc_column_text css_animation=&#8221;bounceIn&#8221;]<strong>Tu boleto de entrada incluye:<\/strong><\/p> <ul> <li>Un vaso conmemorativo<\/li> <li>Acceso a Sal\u00f3n de Cerveceros y Distribuidores<br \/> (En el horario que hayas adquirido)<\/li> <li>Acceso a Sal\u00f3n de Proveedores e Insumos<br \/> (En el horario que hayas adquirido)<\/li> <li><a href=\"https:\/\/www.cervezamexico.com\/cdmx\/salon-de-catas\/\">Catas guiadas<\/a><br \/> (Previa reservaci\u00f3n, cupo limitado)<\/li> <li><a href=\"https:\/\/www.cervezamexico.com\/cdmx\/beer-yoga\/\">Clase de Beer Yoga<\/a><br \/> (Previa reservaci\u00f3n, cupo limitado)<\/li> <li>Acceso a Beer Talks<br \/> (Consulta pr\u00f3ximamente el programa)<\/li> <li>Match Maker<br \/> Un \u00abmatchmaker\u00bb es un gu\u00eda que se encarga de llevar de la mano a la gente en la direcci\u00f3n correcta para que encuentren justo lo que est\u00e1n buscando.<\/li> <\/ul> <p><!--strong>Tu boleto incluye en el d\u00eda y horario de tu boleto:<\/strong>  \u2022 Entrada a <strong><span style=\"color: #e77808;\">Sal\u00f3n de Cerveceros y Distribuidores<\/span><\/strong> \u2022 Acceso al <strong><span style=\"color: #5d140a;\">Sal\u00f3n de Proveedores e Insumos<\/span><\/strong> \u2022 Tu vaso oficial de Expo <strong><span style=\"color: #e77808;\">Cerveza M\u00e9xico<\/span><\/strong> \u2022 Catas gratuitas \u2022 Foro abierto de presentaciones (cupo limitado)  <em>\u00a0<\/em><strong><em style=\"color: #8a2413;\">Nota: Recuerda que el Sal\u00f3n de Proveedores de Insumos es \u00fanicamente los d\u00edas 21 y 22 de Octubre de las 11:00 a las 19:00 hrs.<\/em><\/strong-->[\/vc_column_text][\/vc_tta_section][vc_tta_section title=&#8221;\u00bfSe vender\u00e1n los vasos de Expo Cerveza M\u00e9xico?&#8221; tab_id=&#8221;venta_vasos&#8221;][vc_column_text]Si, dentro de Expo Cerveza M\u00e9xico habr\u00e1 m\u00f3dulos de venta de vasos.<\/p> <p><strong>Los vasos s\u00f3lo podr\u00e1n ser manipulados por el visitante, el lavado ser\u00e1 de autoservicio y no se puede de ninguna manera intercambiar vasos con otros visitantes o proveedores.<\/strong>[\/vc_column_text][\/vc_tta_section][vc_tta_section title=&#8221;\u00bfSi me regalaron una invitaci\u00f3n que tengo que hacer?&#8221; tab_id=&#8221;regalo_invitacion&#8221;][vc_column_text]Tienes que presentarla en el m\u00f3dulo de invitado para canjearla por tu pulsera para ingresar a Expo Cerveza M\u00e9xico (no incluye vaso conmemorativo). Este es v\u00e1lido por un d\u00eda y por persona.<\/p> <p>La invitaci\u00f3n es valida \u00fanicamente por el<strong> d\u00eda y el horario que corresponda<\/strong>[\/vc_column_text][\/vc_tta_section][\/vc_tta_accordion][\/vc_column][\/vc_row][vc_row disable_element=&#8221;yes&#8221;][vc_column width=&#8221;1\/3&#8243;][vc_column_text]<\/p> <h2 style=\"text-align: center; line-height: 1.3; font-size: 22px;\"><span style=\"color: #fe7000;\"><strong>PRECIOS<\/strong><\/span><br \/> <strong style=\"font-size: 18px;\">El precio incluye un vaso conmemorativo<\/strong><\/h2> <table border=\"0\" width=\"600\" align=\"center\"> <tbody> <tr> <td style=\"text-align: center; border: none;\" valign=\"top\" width=\"190\"><strong> <img loading=\"lazy\" decoding=\"async\" class=\"alignnone wp-image-24413\" src=\"https:\/\/www.cervezamexico.com\/wp-content\/uploads\/2023\/09\/Precio-30-103x150.png\" alt=\"\" width=\"42\" height=\"61\" \/><br \/> PAGANDO<br \/> EN L\u00cdNEA<br \/> <span style=\"color: #ff6600;\">$200 pesos<\/span><br \/> Un s\u00f3lo turno<br \/> <\/strong><\/td> <td style=\"text-align: center; border: none;\" valign=\"top\"><strong><img loading=\"lazy\" decoding=\"async\" class=\"alignnone wp-image-24414\" src=\"https:\/\/www.cervezamexico.com\/wp-content\/uploads\/2023\/09\/Precio-31-150x150.png\" alt=\"\" width=\"60\" height=\"60\" srcset=\"https:\/\/www.cervezamexico.com\/cdmx\/wp-content\/uploads\/2023\/09\/Precio-31-150x150.png 150w, https:\/\/www.cervezamexico.com\/cdmx\/wp-content\/uploads\/2023\/09\/Precio-31-100x100.png 100w, https:\/\/www.cervezamexico.com\/cdmx\/wp-content\/uploads\/2023\/09\/Precio-31.png 192w\" sizes=\"auto, (max-width: 60px) 100vw, 60px\" \/><br \/> PAGANDO<br \/> EN SITIO<br \/> <span style=\"color: #ff6600;\">$220 pesos<\/span><br \/> Un s\u00f3lo turno<\/strong><\/td> <td style=\"text-align: center; border: none;\" valign=\"top\"><strong><img loading=\"lazy\" decoding=\"async\" class=\"alignnone wp-image-24415\" src=\"https:\/\/www.cervezamexico.com\/wp-content\/uploads\/2023\/09\/Precio-32-150x150.png\" alt=\"\" width=\"60\" height=\"60\" srcset=\"https:\/\/www.cervezamexico.com\/cdmx\/wp-content\/uploads\/2023\/09\/Precio-32-150x150.png 150w, https:\/\/www.cervezamexico.com\/cdmx\/wp-content\/uploads\/2023\/09\/Precio-32-100x100.png 100w, https:\/\/www.cervezamexico.com\/cdmx\/wp-content\/uploads\/2023\/09\/Precio-32.png 180w\" sizes=\"auto, (max-width: 60px) 100vw, 60px\" \/><br \/> TURNO<br \/> COMPLETO<br \/> <span style=\"color: #ff6600;\">$350 pesos<br \/> <\/span>Incluye 2 turnos<br \/> por d\u00eda<\/strong><\/td> <\/tr> <\/tbody> <\/table> <p>[\/vc_column_text][\/vc_column][vc_column width=&#8221;1\/3&#8243;][vc_column_text]<\/p> <h2 style=\"text-align: center; line-height: 1.3; font-size: 22px;\"><span style=\"color: #fe7000;\"><strong>PRECIOS<\/strong><\/span><br \/> <strong style=\"font-size: 18px;\">El precio incluye un vaso conmemorativo<\/strong><\/h2> <table border=\"0\" width=\"600\" align=\"center\"> <tbody> <tr> <td style=\"text-align: center; border: none;\" valign=\"top\" width=\"190\"><strong> <img loading=\"lazy\" decoding=\"async\" class=\"alignnone wp-image-24413\" src=\"https:\/\/www.cervezamexico.com\/wp-content\/uploads\/2023\/09\/Precio-30-103x150.png\" alt=\"\" width=\"42\" height=\"61\" \/><br \/> PAGANDO<br \/> EN L\u00cdNEA<br \/> <span style=\"color: #ff6600;\">$200 pesos<\/span><br \/> Un s\u00f3lo turno<br \/> <\/strong><\/td> <td style=\"text-align: center; border: none;\" valign=\"top\"><strong><img loading=\"lazy\" decoding=\"async\" class=\"alignnone wp-image-24414\" src=\"https:\/\/www.cervezamexico.com\/wp-content\/uploads\/2023\/09\/Precio-31-150x150.png\" alt=\"\" width=\"60\" height=\"60\" srcset=\"https:\/\/www.cervezamexico.com\/cdmx\/wp-content\/uploads\/2023\/09\/Precio-31-150x150.png 150w, https:\/\/www.cervezamexico.com\/cdmx\/wp-content\/uploads\/2023\/09\/Precio-31-100x100.png 100w, https:\/\/www.cervezamexico.com\/cdmx\/wp-content\/uploads\/2023\/09\/Precio-31.png 192w\" sizes=\"auto, (max-width: 60px) 100vw, 60px\" \/><br \/> PAGANDO<br \/> EN SITIO<br \/> <span style=\"color: #ff6600;\">$220 pesos<\/span><br \/> Un s\u00f3lo turno<\/strong><\/td> <td style=\"text-align: center; border: none;\" valign=\"top\"><strong><img loading=\"lazy\" decoding=\"async\" class=\"alignnone wp-image-24415\" src=\"https:\/\/www.cervezamexico.com\/wp-content\/uploads\/2023\/09\/Precio-32-150x150.png\" alt=\"\" width=\"60\" height=\"60\" srcset=\"https:\/\/www.cervezamexico.com\/cdmx\/wp-content\/uploads\/2023\/09\/Precio-32-150x150.png 150w, https:\/\/www.cervezamexico.com\/cdmx\/wp-content\/uploads\/2023\/09\/Precio-32-100x100.png 100w, https:\/\/www.cervezamexico.com\/cdmx\/wp-content\/uploads\/2023\/09\/Precio-32.png 180w\" sizes=\"auto, (max-width: 60px) 100vw, 60px\" \/><br \/> TURNO<br \/> COMPLETO<br \/> <span style=\"color: #ff6600;\">$350 pesos<br \/> <\/span>Incluye 2 turnos<br \/> por d\u00eda<\/strong><\/td> <\/tr> <\/tbody> <\/table> <p><!--strong> El vaso tiene un costo de <strong>$25.00 pesos<\/strong>  $100 pesos, tu vaso es personal e intransferible\u00a0<\/strong> Incluye ingreso a Cerveza M\u00e9xico (Los vasos s\u00f3lo podr\u00e1n ser manipulados por el visitante, el lavado ser\u00e1 de autoservicio y no se puede de ninguna manera intercambiar vasos con otros visitantes o proveedores)  Por cuestiones de seguridad el cupo es limitado, te pedimos que compres tus vaso con anticipaci\u00f3n y selecciona el d\u00eda y el horario de tu visita-->[\/vc_column_text][\/vc_column][vc_column width=&#8221;1\/3&#8243;][\/vc_column][\/vc_row]<\/p> <\/div>","protected":false},"excerpt":{"rendered":"<p>[vc_row css=&#8221;.vc_custom_1712860695293{margin-top: 30px !important;}&#8221;][vc_column][vc_tta_accordion title_tag=&#8221;h5&#8243; section_title_tag=&#8221;h6&#8243; style=&#8221;flat&#8221; shape=&#8221;square&#8221; spacing=&#8221;2&#8243; gap=&#8221;10&#8243; c_position=&#8221;right&#8221; active_section=&#8221;&#8221;][vc_tta_section title=&#8221;\u00bfD\u00f3nde se realizar\u00e1 Expo Cerveza M\u00e9xico?&#8221; tab_id=&#8221;sede&#8221;][vc_row_inner][vc_column_inner width=&#8221;1\/2&#8243;][vc_custom_heading text=&#8221;SAL\u00d3N CERVECEROS Y DISTRIBUIDORES&#8221; font_container=&#8221;tag:h4|text_align:center|color:%23ffffff&#8221; use_theme_fonts=&#8221;yes&#8221; css=&#8221;.vc_custom_1714489679668{margin-top: 5px !important;margin-bottom: 5px !important;padding-top: 10px !important;padding-bottom: 5px !important;background-color: #f96f00 !important;}&#8221;][vc_column_text css=&#8221;&#8221;]En WTC de la Ciudad de M\u00e9xico (Montecito 38,&hellip;<\/p>\n","protected":false},"author":120,"featured_media":0,"parent":0,"menu_order":0,"comment_status":"closed","ping_status":"closed","template":"","meta":{"_acf_changed":false,"inline_featured_image":false,"footnotes":""},"class_list":["post-115","page","type-page","status-publish","hentry","last"],"acf":[],"yoast_head":"<!-- This site is optimized with the Yoast SEO plugin v27.4 - https:\/\/yoast.com\/product\/yoast-seo-wordpress\/ -->\n<title>FAQ - Cerveza M\u00e9xico<\/title>\n<meta name=\"robots\" content=\"index, follow, max-snippet:-1, max-image-preview:large, max-video-preview:-1\" \/>\n<link rel=\"canonical\" href=\"https:\/\/www.cervezamexico.com\/cdmx\/faq\/\" \/>\n<meta property=\"og:locale\" content=\"es_ES\" \/>\n<meta property=\"og:type\" content=\"article\" \/>\n<meta property=\"og:title\" content=\"FAQ - Cerveza M\u00e9xico\" \/>\n<meta property=\"og:description\" content=\"[vc_row css=&#8221;.vc_custom_1712860695293{margin-top: 30px !important;}&#8221;][vc_column][vc_tta_accordion title_tag=&#8221;h5&#8243; section_title_tag=&#8221;h6&#8243; style=&#8221;flat&#8221; shape=&#8221;square&#8221; spacing=&#8221;2&#8243; gap=&#8221;10&#8243; c_position=&#8221;right&#8221; active_section=&#8221;&#8221;][vc_tta_section title=&#8221;\u00bfD\u00f3nde se realizar\u00e1 Expo Cerveza M\u00e9xico?&#8221; tab_id=&#8221;sede&#8221;][vc_row_inner][vc_column_inner width=&#8221;1\/2&#8243;][vc_custom_heading text=&#8221;SAL\u00d3N CERVECEROS Y DISTRIBUIDORES&#8221; font_container=&#8221;tag:h4|text_align:center|color:%23ffffff&#8221; use_theme_fonts=&#8221;yes&#8221; css=&#8221;.vc_custom_1714489679668{margin-top: 5px !important;margin-bottom: 5px !important;padding-top: 10px !important;padding-bottom: 5px !important;background-color: #f96f00 !important;}&#8221;][vc_column_text css=&#8221;&#8221;]En WTC de la Ciudad de M\u00e9xico (Montecito 38,&hellip;\" \/>\n<meta property=\"og:url\" content=\"https:\/\/www.cervezamexico.com\/cdmx\/faq\/\" \/>\n<meta property=\"og:site_name\" content=\"Cerveza M\u00e9xico\" \/>\n<meta property=\"article:publisher\" content=\"https:\/\/www.facebook.com\/CervezaMexico\" \/>\n<meta property=\"article:modified_time\" content=\"2026-02-19T19:25:06+00:00\" \/>\n<meta property=\"og:image\" content=\"https:\/\/www.cervezamexico.com\/wp-content\/uploads\/2023\/09\/Precio-30-103x150.png\" \/>\n<meta name=\"twitter:card\" content=\"summary_large_image\" \/>\n<meta name=\"twitter:site\" content=\"@CervezaMexico\" \/>\n<meta name=\"twitter:label1\" content=\"Tiempo de lectura\" \/>\n\t<meta name=\"twitter:data1\" content=\"4 minutos\" \/>\n<script type=\"application\/ld+json\" class=\"yoast-schema-graph\">{\"@context\":\"https:\\\/\\\/schema.org\",\"@graph\":[{\"@type\":\"WebPage\",\"@id\":\"https:\\\/\\\/www.cervezamexico.com\\\/cdmx\\\/faq\\\/\",\"url\":\"https:\\\/\\\/www.cervezamexico.com\\\/cdmx\\\/faq\\\/\",\"name\":\"FAQ - Cerveza M\u00e9xico\",\"isPartOf\":{\"@id\":\"https:\\\/\\\/www.cervezamexico.com\\\/cdmx\\\/#website\"},\"primaryImageOfPage\":{\"@id\":\"https:\\\/\\\/www.cervezamexico.com\\\/cdmx\\\/faq\\\/#primaryimage\"},\"image\":{\"@id\":\"https:\\\/\\\/www.cervezamexico.com\\\/cdmx\\\/faq\\\/#primaryimage\"},\"thumbnailUrl\":\"https:\\\/\\\/www.cervezamexico.com\\\/wp-content\\\/uploads\\\/2023\\\/09\\\/Precio-30-103x150.png\",\"datePublished\":\"2019-05-27T15:55:29+00:00\",\"dateModified\":\"2026-02-19T19:25:06+00:00\",\"breadcrumb\":{\"@id\":\"https:\\\/\\\/www.cervezamexico.com\\\/cdmx\\\/faq\\\/#breadcrumb\"},\"inLanguage\":\"es\",\"potentialAction\":[{\"@type\":\"ReadAction\",\"target\":[\"https:\\\/\\\/www.cervezamexico.com\\\/cdmx\\\/faq\\\/\"]}]},{\"@type\":\"ImageObject\",\"inLanguage\":\"es\",\"@id\":\"https:\\\/\\\/www.cervezamexico.com\\\/cdmx\\\/faq\\\/#primaryimage\",\"url\":\"https:\\\/\\\/www.cervezamexico.com\\\/wp-content\\\/uploads\\\/2023\\\/09\\\/Precio-30-103x150.png\",\"contentUrl\":\"https:\\\/\\\/www.cervezamexico.com\\\/wp-content\\\/uploads\\\/2023\\\/09\\\/Precio-30-103x150.png\"},{\"@type\":\"BreadcrumbList\",\"@id\":\"https:\\\/\\\/www.cervezamexico.com\\\/cdmx\\\/faq\\\/#breadcrumb\",\"itemListElement\":[{\"@type\":\"ListItem\",\"position\":1,\"name\":\"Portada\",\"item\":\"https:\\\/\\\/www.cervezamexico.com\\\/cdmx\\\/\"},{\"@type\":\"ListItem\",\"position\":2,\"name\":\"FAQ\"}]},{\"@type\":\"WebSite\",\"@id\":\"https:\\\/\\\/www.cervezamexico.com\\\/cdmx\\\/#website\",\"url\":\"https:\\\/\\\/www.cervezamexico.com\\\/cdmx\\\/\",\"name\":\"Cerveza M\u00e9xico\",\"description\":\"Expo Cerveza M\u00e9xico | Juntos por la Cerveza\",\"publisher\":{\"@id\":\"https:\\\/\\\/www.cervezamexico.com\\\/cdmx\\\/#organization\"},\"potentialAction\":[{\"@type\":\"SearchAction\",\"target\":{\"@type\":\"EntryPoint\",\"urlTemplate\":\"https:\\\/\\\/www.cervezamexico.com\\\/cdmx\\\/?s={search_term_string}\"},\"query-input\":{\"@type\":\"PropertyValueSpecification\",\"valueRequired\":true,\"valueName\":\"search_term_string\"}}],\"inLanguage\":\"es\"},{\"@type\":\"Organization\",\"@id\":\"https:\\\/\\\/www.cervezamexico.com\\\/cdmx\\\/#organization\",\"name\":\"Cerveza M\u00e9xico\",\"url\":\"https:\\\/\\\/www.cervezamexico.com\\\/cdmx\\\/\",\"logo\":{\"@type\":\"ImageObject\",\"inLanguage\":\"es\",\"@id\":\"https:\\\/\\\/www.cervezamexico.com\\\/cdmx\\\/#\\\/schema\\\/logo\\\/image\\\/\",\"url\":\"https:\\\/\\\/www.cervezamexico.com\\\/wp-content\\\/uploads\\\/2023\\\/02\\\/logo_web.png\",\"contentUrl\":\"https:\\\/\\\/www.cervezamexico.com\\\/wp-content\\\/uploads\\\/2023\\\/02\\\/logo_web.png\",\"width\":900,\"height\":900,\"caption\":\"Cerveza M\u00e9xico\"},\"image\":{\"@id\":\"https:\\\/\\\/www.cervezamexico.com\\\/cdmx\\\/#\\\/schema\\\/logo\\\/image\\\/\"},\"sameAs\":[\"https:\\\/\\\/www.facebook.com\\\/CervezaMexico\",\"https:\\\/\\\/x.com\\\/CervezaMexico\",\"https:\\\/\\\/www.instagram.com\\\/expo.cerveza\\\/\",\"https:\\\/\\\/www.tiktok.com\\\/@expocerveza\",\"https:\\\/\\\/www.youtube.com\\\/@cervezamexico669\"]}]}<\/script>\n<!-- \/ Yoast SEO plugin. -->","yoast_head_json":{"title":"FAQ - Cerveza M\u00e9xico","robots":{"index":"index","follow":"follow","max-snippet":"max-snippet:-1","max-image-preview":"max-image-preview:large","max-video-preview":"max-video-preview:-1"},"canonical":"https:\/\/www.cervezamexico.com\/cdmx\/faq\/","og_locale":"es_ES","og_type":"article","og_title":"FAQ - Cerveza M\u00e9xico","og_description":"[vc_row css=&#8221;.vc_custom_1712860695293{margin-top: 30px !important;}&#8221;][vc_column][vc_tta_accordion title_tag=&#8221;h5&#8243; section_title_tag=&#8221;h6&#8243; style=&#8221;flat&#8221; shape=&#8221;square&#8221; spacing=&#8221;2&#8243; gap=&#8221;10&#8243; c_position=&#8221;right&#8221; active_section=&#8221;&#8221;][vc_tta_section title=&#8221;\u00bfD\u00f3nde se realizar\u00e1 Expo Cerveza M\u00e9xico?&#8221; tab_id=&#8221;sede&#8221;][vc_row_inner][vc_column_inner width=&#8221;1\/2&#8243;][vc_custom_heading text=&#8221;SAL\u00d3N CERVECEROS Y DISTRIBUIDORES&#8221; font_container=&#8221;tag:h4|text_align:center|color:%23ffffff&#8221; use_theme_fonts=&#8221;yes&#8221; css=&#8221;.vc_custom_1714489679668{margin-top: 5px !important;margin-bottom: 5px !important;padding-top: 10px !important;padding-bottom: 5px !important;background-color: #f96f00 !important;}&#8221;][vc_column_text css=&#8221;&#8221;]En WTC de la Ciudad de M\u00e9xico (Montecito 38,&hellip;","og_url":"https:\/\/www.cervezamexico.com\/cdmx\/faq\/","og_site_name":"Cerveza M\u00e9xico","article_publisher":"https:\/\/www.facebook.com\/CervezaMexico","article_modified_time":"2026-02-19T19:25:06+00:00","og_image":[{"url":"https:\/\/www.cervezamexico.com\/wp-content\/uploads\/2023\/09\/Precio-30-103x150.png","type":"","width":"","height":""}],"twitter_card":"summary_large_image","twitter_site":"@CervezaMexico","twitter_misc":{"Tiempo de lectura":"4 minutos"},"schema":{"@context":"https:\/\/schema.org","@graph":[{"@type":"WebPage","@id":"https:\/\/www.cervezamexico.com\/cdmx\/faq\/","url":"https:\/\/www.cervezamexico.com\/cdmx\/faq\/","name":"FAQ - Cerveza M\u00e9xico","isPartOf":{"@id":"https:\/\/www.cervezamexico.com\/cdmx\/#website"},"primaryImageOfPage":{"@id":"https:\/\/www.cervezamexico.com\/cdmx\/faq\/#primaryimage"},"image":{"@id":"https:\/\/www.cervezamexico.com\/cdmx\/faq\/#primaryimage"},"thumbnailUrl":"https:\/\/www.cervezamexico.com\/wp-content\/uploads\/2023\/09\/Precio-30-103x150.png","datePublished":"2019-05-27T15:55:29+00:00","dateModified":"2026-02-19T19:25:06+00:00","breadcrumb":{"@id":"https:\/\/www.cervezamexico.com\/cdmx\/faq\/#breadcrumb"},"inLanguage":"es","potentialAction":[{"@type":"ReadAction","target":["https:\/\/www.cervezamexico.com\/cdmx\/faq\/"]}]},{"@type":"ImageObject","inLanguage":"es","@id":"https:\/\/www.cervezamexico.com\/cdmx\/faq\/#primaryimage","url":"https:\/\/www.cervezamexico.com\/wp-content\/uploads\/2023\/09\/Precio-30-103x150.png","contentUrl":"https:\/\/www.cervezamexico.com\/wp-content\/uploads\/2023\/09\/Precio-30-103x150.png"},{"@type":"BreadcrumbList","@id":"https:\/\/www.cervezamexico.com\/cdmx\/faq\/#breadcrumb","itemListElement":[{"@type":"ListItem","position":1,"name":"Portada","item":"https:\/\/www.cervezamexico.com\/cdmx\/"},{"@type":"ListItem","position":2,"name":"FAQ"}]},{"@type":"WebSite","@id":"https:\/\/www.cervezamexico.com\/cdmx\/#website","url":"https:\/\/www.cervezamexico.com\/cdmx\/","name":"Cerveza M\u00e9xico","description":"Expo Cerveza M\u00e9xico | Juntos por la Cerveza","publisher":{"@id":"https:\/\/www.cervezamexico.com\/cdmx\/#organization"},"potentialAction":[{"@type":"SearchAction","target":{"@type":"EntryPoint","urlTemplate":"https:\/\/www.cervezamexico.com\/cdmx\/?s={search_term_string}"},"query-input":{"@type":"PropertyValueSpecification","valueRequired":true,"valueName":"search_term_string"}}],"inLanguage":"es"},{"@type":"Organization","@id":"https:\/\/www.cervezamexico.com\/cdmx\/#organization","name":"Cerveza M\u00e9xico","url":"https:\/\/www.cervezamexico.com\/cdmx\/","logo":{"@type":"ImageObject","inLanguage":"es","@id":"https:\/\/www.cervezamexico.com\/cdmx\/#\/schema\/logo\/image\/","url":"https:\/\/www.cervezamexico.com\/wp-content\/uploads\/2023\/02\/logo_web.png","contentUrl":"https:\/\/www.cervezamexico.com\/wp-content\/uploads\/2023\/02\/logo_web.png","width":900,"height":900,"caption":"Cerveza M\u00e9xico"},"image":{"@id":"https:\/\/www.cervezamexico.com\/cdmx\/#\/schema\/logo\/image\/"},"sameAs":["https:\/\/www.facebook.com\/CervezaMexico","https:\/\/x.com\/CervezaMexico","https:\/\/www.instagram.com\/expo.cerveza\/","https:\/\/www.tiktok.com\/@expocerveza","https:\/\/www.youtube.com\/@cervezamexico669"]}]}},"jetpack_sharing_enabled":true,"_links":{"self":[{"href":"https:\/\/www.cervezamexico.com\/cdmx\/wp-json\/wp\/v2\/pages\/115","targetHints":{"allow":["GET"]}}],"collection":[{"href":"https:\/\/www.cervezamexico.com\/cdmx\/wp-json\/wp\/v2\/pages"}],"about":[{"href":"https:\/\/www.cervezamexico.com\/cdmx\/wp-json\/wp\/v2\/types\/page"}],"author":[{"embeddable":true,"href":"https:\/\/www.cervezamexico.com\/cdmx\/wp-json\/wp\/v2\/users\/120"}],"replies":[{"embeddable":true,"href":"https:\/\/www.cervezamexico.com\/cdmx\/wp-json\/wp\/v2\/comments?post=115"}],"version-history":[{"count":2,"href":"https:\/\/www.cervezamexico.com\/cdmx\/wp-json\/wp\/v2\/pages\/115\/revisions"}],"predecessor-version":[{"id":39865,"href":"https:\/\/www.cervezamexico.com\/cdmx\/wp-json\/wp\/v2\/pages\/115\/revisions\/39865"}],"wp:attachment":[{"href":"https:\/\/www.cervezamexico.com\/cdmx\/wp-json\/wp\/v2\/media?parent=115"}],"curies":[{"name":"wp","href":"https:\/\/api.w.org\/{rel}","templated":true}]}}