{"id":24250,"date":"2023-09-14T14:11:55","date_gmt":"2023-09-14T20:11:55","guid":{"rendered":"https:\/\/www.cervezamexico.com\/?page_id=24250"},"modified":"2026-02-19T13:04:02","modified_gmt":"2026-02-19T19:04:02","slug":"salon-de-catas","status":"publish","type":"page","link":"https:\/\/www.cervezamexico.com\/cdmx\/salon-de-catas\/","title":{"rendered":"Sal\u00f3n de Catas"},"content":{"rendered":"<div class=\"wpb-content-wrapper\"><p>[vc_row full_width=&#8221;stretch_row_content_no_spaces&#8221; css=&#8221;.vc_custom_1726167164790{margin-top: 0px !important;padding-top: 0px !important;padding-bottom: 0px !important;background-color: #593922 !important;}&#8221;][vc_column css=&#8221;.vc_custom_1726166887874{margin-top: 0px !important;margin-bottom: 0px !important;}&#8221;][vc_row_inner css=&#8221;.vc_custom_1726167156259{margin-top: 0px !important;margin-bottom: 0px !important;padding-top: 0px !important;padding-bottom: 0px !important;}&#8221;][vc_column_inner width=&#8221;1\/4&#8243;][\/vc_column_inner][vc_column_inner width=&#8221;1\/2&#8243; css=&#8221;.vc_custom_1726166881667{margin-top: 0px !important;margin-bottom: 0px !important;}&#8221;][vc_single_image image=&#8221;30339&#8243; alignment=&#8221;center&#8221; css=&#8221;.vc_custom_1726167146092{margin-top: 0px !important;margin-right: 0px !important;margin-bottom: 0px !important;padding-top: 0px !important;padding-bottom: 0px !important;}&#8221;][\/vc_column_inner][vc_column_inner width=&#8221;1\/4&#8243;][\/vc_column_inner][\/vc_row_inner][vc_column_text css_animation=&#8221;bounceIn&#8221; css=&#8221;.vc_custom_1755891353717{margin-bottom: 10px !important;}&#8221; el_class=&#8221;whiteText&#8221;]<\/p> <h3 class=\"whiteText\" style=\"text-align: center; margin-top: 20px;\">Aprende con 4 sencillos pasos a percibir los aromas y sabores de la cerveza<\/h3> <p style=\"text-align: center;\">Si quieres asistir a alguna de nuestras catas es necesario que te registres, ya que solo tenemos espacio para 40 personas por cata<\/p> <p>[\/vc_column_text][\/vc_column][\/vc_row][vc_row][vc_column width=&#8221;1\/2&#8243;]<div class=\"wprt-headings clearfix text-center\"  style=\"\"><h2 class=\"heading clearfix\" style=\"color:#F79400;\">  \t\t\u00bfQuienes somos?  \t<\/h2><div class=\"sep  clearfix\" style=\"width:50px;height:2px;\"><\/div><\/div>[vc_column_text css=&#8221;&#8221;]Catadoras y Cerveceras de M\u00e9xico tenemos 13 a\u00f1os promoviendo la cultura cervecera en el pa\u00eds y el extranjero, contribuyendo en la profesionalizaci\u00f3n y visibilizaci\u00f3n\u00a0 de la mujer en la industria principalmente, apoyando la producci\u00f3n local de cerveceras(os) independientes para generar empleos, flujo econ\u00f3mico y una identidad digna de un artesano que promueve la tradici\u00f3n milenaria de los fermentos.[\/vc_column_text][\/vc_column][vc_column width=&#8221;1\/2&#8243;][vc_single_image image=&#8221;33333&#8243; img_size=&#8221;medium&#8221; alignment=&#8221;center&#8221; css=&#8221;&#8221;][\/vc_column][\/vc_row][vc_row disable_element=&#8221;yes&#8221; css=&#8221;.vc_custom_1771528215810{margin-top: 30px !important;margin-bottom: 30px !important;}&#8221;][vc_column width=&#8221;1\/2&#8243;][vc_custom_heading text=&#8221;JUEVES 23 OCTUBRE&#8221; font_container=&#8221;tag:h3|text_align:center|color:%23ffffff&#8221; use_theme_fonts=&#8221;yes&#8221; css_animation=&#8221;flipInX&#8221; css=&#8221;.vc_custom_1755890995422{padding-top: 5px !important;padding-bottom: 5px !important;background-color: #572300 !important;}&#8221;][vc_column_text css=&#8221;&#8221;]<\/p> <table style=\"width: 100%;\" border=\"0\" cellspacing=\"0\" cellpadding=\"4\" align=\"center\"> <tbody> <tr style=\"background: #FF0066; color: #fff; font-weight: bold;\"> <td style=\"width: 120px;\">HORARIO<\/td> <td colspan=\"2\">CATA<\/td> <\/tr> <tr> <td>2:30 PM<\/td> <td><strong>Cerveza Infierno, <\/strong>Cdmx<\/td> <td><a style=\"color: #fff; background: #fe6600; padding: 5px 15px; text-decoration: none; border-radius: 50px;\" href=\"https:\/\/forms.gle\/91VsLrD8ZRxrbuwt5\" target=\"_blank\" rel=\"noopener\">Reserva<\/a><\/td> <\/tr> <tr> <td>3:00 PM<\/td> <td><strong>Nika Brewing Company, <\/strong>Cdmx<\/td> <td><a style=\"color: #fff; background: #fe6600; padding: 5px 15px; text-decoration: none; border-radius: 50px;\" href=\"https:\/\/forms.gle\/91VsLrD8ZRxrbuwt5\" target=\"_blank\" rel=\"noopener\">Reserva<\/a><\/td> <\/tr> <tr> <td>3:30 PM<\/td> <td><strong>Imperio de Malta, <\/strong>Puebla<\/td> <td><a style=\"color: #fff; background: #fe6600; padding: 5px 15px; text-decoration: none; border-radius: 50px;\" href=\"https:\/\/forms.gle\/91VsLrD8ZRxrbuwt5\" target=\"_blank\" rel=\"noopener\">Reserva<\/a><\/td> <\/tr> <tr> <td>4:00 PM<\/td> <td><strong>Cervecer\u00eda Cuatro Palos,<\/strong> Quer\u00e9taro<\/td> <td><a style=\"color: #fff; background: #fe6600; padding: 5px 15px; text-decoration: none; border-radius: 50px;\" href=\"https:\/\/forms.gle\/91VsLrD8ZRxrbuwt5\" target=\"_blank\" rel=\"noopener\">Reserva<\/a><\/td> <\/tr> <\/tbody> <\/table> <p>[\/vc_column_text][\/vc_column][vc_column width=&#8221;1\/2&#8243;][vc_custom_heading text=&#8221;VIERNES 24 OCTUBRE&#8221; font_container=&#8221;tag:h3|text_align:center|color:%23ffffff&#8221; use_theme_fonts=&#8221;yes&#8221; css_animation=&#8221;flipInX&#8221; css=&#8221;.vc_custom_1755891955754{padding-top: 5px !important;padding-bottom: 5px !important;background-color: #572300 !important;}&#8221;][vc_column_text css=&#8221;&#8221;]<\/p> <table style=\"width: 100%;\" border=\"0\" cellspacing=\"0\" cellpadding=\"4\" align=\"center\"> <tbody> <tr style=\"background: #FF0066; color: #fff; font-weight: bold;\"> <td style=\"width: 120px;\">HORA<\/td> <td colspan=\"2\">CATA<\/td> <\/tr> <tr> <td>12:30 PM<\/td> <td><strong>Chilango Homebrewer Club, <\/strong>Cdmx<\/td> <td><a style=\"color: #fff; background: #fe6600; padding: 5px 15px; text-decoration: none; border-radius: 50px;\" href=\"https:\/\/forms.gle\/91VsLrD8ZRxrbuwt5\" target=\"_blank\" rel=\"noopener\">Reserva<\/a><\/td> <\/tr> <tr> <td>1:00 PM<\/td> <td><b>Cervecer\u00eda Krox, <\/b>Cdmx<\/td> <td><a style=\"color: #fff; background: #fe6600; padding: 5px 15px; text-decoration: none; border-radius: 50px;\" href=\"https:\/\/forms.gle\/91VsLrD8ZRxrbuwt5\" target=\"_blank\" rel=\"noopener\">Reserva<\/a><\/td> <\/tr> <tr> <td>1:30 PM<\/td> <td><strong>Hidromiel del Rey, <\/strong>Cdmx<\/td> <td><a style=\"color: #fff; background: #fe6600; padding: 5px 15px; text-decoration: none; border-radius: 50px;\" href=\"https:\/\/forms.gle\/91VsLrD8ZRxrbuwt5\" target=\"_blank\" rel=\"noopener\">Reserva<\/a><\/td> <\/tr> <tr> <td>2:00 PM<\/td> <td><b>Cervecer\u00eda Chupatesta, <\/b>Cdmx<\/td> <td><a style=\"color: #fff; background: #fe6600; padding: 5px 15px; text-decoration: none; border-radius: 50px;\" href=\"https:\/\/forms.gle\/91VsLrD8ZRxrbuwt5\" target=\"_blank\" rel=\"noopener\">Reserva<\/a><\/td> <\/tr> <tr> <td>2:30 PM<\/td> <td><strong>Cervecer\u00eda Tenek, <\/strong>Puebla<\/td> <td><a style=\"color: #fff; background: #fe6600; padding: 5px 15px; text-decoration: none; border-radius: 50px;\" href=\"https:\/\/forms.gle\/91VsLrD8ZRxrbuwt5\" target=\"_blank\" rel=\"noopener\">Reserva<\/a><\/td> <\/tr> <tr> <td>3:00 PM<\/td> <td><b>Cervecer\u00eda Triple Siete, <\/b>Pachuca<\/td> <td><a style=\"color: #fff; background: #fe6600; padding: 5px 15px; text-decoration: none; border-radius: 50px;\" href=\"https:\/\/forms.gle\/91VsLrD8ZRxrbuwt5\" target=\"_blank\" rel=\"noopener\">Reserva<\/a><\/td> <\/tr> <tr> <td>3:30 PM<\/td> <td><strong>Cervecer\u00eda Bichola, <\/strong>Sinaloa<\/td> <td><a style=\"color: #fff; background: #fe6600; padding: 5px 15px; text-decoration: none; border-radius: 50px;\" href=\"https:\/\/forms.gle\/91VsLrD8ZRxrbuwt5\" target=\"_blank\" rel=\"noopener\">Reserva<\/a><\/td> <\/tr> <tr> <td>4:00 PM<\/td> <td><strong>Cervecer\u00eda Buesjo, <\/strong>Pachuca<strong><br \/> <\/strong><\/td> <td><a style=\"color: #fff; background: #fe6600; padding: 5px 15px; text-decoration: none; border-radius: 50px;\" href=\"https:\/\/forms.gle\/91VsLrD8ZRxrbuwt5\" target=\"_blank\" rel=\"noopener\">Reserva<\/a><\/td> <\/tr> <tr> <td>4:30 PM<\/td> <td><strong>Xcalibur Bebidas Ancestrales , <\/strong>Cdmx<\/td> <td><a style=\"color: #fff; background: #fe6600; padding: 5px 15px; text-decoration: none; border-radius: 50px;\" href=\"https:\/\/forms.gle\/91VsLrD8ZRxrbuwt5\" target=\"_blank\" rel=\"noopener\">Reserva<\/a><\/td> <\/tr> <tr> <td>5:00 PM<\/td> <td><strong>Cervecer\u00eda Obni, <\/strong>Cdmx<\/td> <td><a style=\"color: #fff; background: #fe6600; padding: 5px 15px; text-decoration: none; border-radius: 50px;\" href=\"https:\/\/forms.gle\/91VsLrD8ZRxrbuwt5\" target=\"_blank\" rel=\"noopener\">Reserva<\/a><\/td> <\/tr> <tr> <td>5:30 PM<\/td> <td><strong>Bebe como Vikingo, <\/strong>Cdmx<\/td> <td><a style=\"color: #fff; background: #fe6600; padding: 5px 15px; text-decoration: none; border-radius: 50px;\" href=\"https:\/\/forms.gle\/91VsLrD8ZRxrbuwt5\" target=\"_blank\" rel=\"noopener\">Reserva<\/a><\/td> <\/tr> <\/tbody> <\/table> <p>[\/vc_column_text][\/vc_column][\/vc_row]<\/p> <\/div>","protected":false},"excerpt":{"rendered":"<p>[vc_row full_width=&#8221;stretch_row_content_no_spaces&#8221; css=&#8221;.vc_custom_1726167164790{margin-top: 0px !important;padding-top: 0px !important;padding-bottom: 0px !important;background-color: #593922 !important;}&#8221;][vc_column css=&#8221;.vc_custom_1726166887874{margin-top: 0px !important;margin-bottom: 0px !important;}&#8221;][vc_row_inner css=&#8221;.vc_custom_1726167156259{margin-top: 0px !important;margin-bottom: 0px !important;padding-top: 0px !important;padding-bottom: 0px !important;}&#8221;][vc_column_inner width=&#8221;1\/4&#8243;][\/vc_column_inner][vc_column_inner width=&#8221;1\/2&#8243; css=&#8221;.vc_custom_1726166881667{margin-top: 0px !important;margin-bottom: 0px !important;}&#8221;][vc_single_image image=&#8221;30339&#8243; alignment=&#8221;center&#8221; css=&#8221;.vc_custom_1726167146092{margin-top: 0px !important;margin-right: 0px !important;margin-bottom: 0px !important;padding-top: 0px !important;padding-bottom: 0px !important;}&#8221;][\/vc_column_inner][vc_column_inner width=&#8221;1\/4&#8243;][\/vc_column_inner][\/vc_row_inner][vc_column_text&hellip;<\/p>\n","protected":false},"author":120,"featured_media":0,"parent":0,"menu_order":0,"comment_status":"closed","ping_status":"closed","template":"","meta":{"_acf_changed":false,"inline_featured_image":false,"footnotes":""},"class_list":["post-24250","page","type-page","status-publish","hentry","last"],"acf":[],"yoast_head":"<!-- This site is optimized with the Yoast SEO plugin v27.4 - https:\/\/yoast.com\/product\/yoast-seo-wordpress\/ -->\n<title>Sal\u00f3n de Catas - Cerveza M\u00e9xico<\/title>\n<meta name=\"robots\" content=\"index, follow, max-snippet:-1, max-image-preview:large, max-video-preview:-1\" \/>\n<link rel=\"canonical\" href=\"https:\/\/www.cervezamexico.com\/cdmx\/salon-de-catas\/\" \/>\n<meta property=\"og:locale\" content=\"es_ES\" \/>\n<meta property=\"og:type\" content=\"article\" \/>\n<meta property=\"og:title\" content=\"Sal\u00f3n de Catas - Cerveza M\u00e9xico\" \/>\n<meta property=\"og:description\" content=\"[vc_row full_width=&#8221;stretch_row_content_no_spaces&#8221; css=&#8221;.vc_custom_1726167164790{margin-top: 0px !important;padding-top: 0px !important;padding-bottom: 0px !important;background-color: #593922 !important;}&#8221;][vc_column css=&#8221;.vc_custom_1726166887874{margin-top: 0px !important;margin-bottom: 0px !important;}&#8221;][vc_row_inner css=&#8221;.vc_custom_1726167156259{margin-top: 0px !important;margin-bottom: 0px !important;padding-top: 0px !important;padding-bottom: 0px !important;}&#8221;][vc_column_inner width=&#8221;1\/4&#8243;][\/vc_column_inner][vc_column_inner width=&#8221;1\/2&#8243; css=&#8221;.vc_custom_1726166881667{margin-top: 0px !important;margin-bottom: 0px !important;}&#8221;][vc_single_image image=&#8221;30339&#8243; alignment=&#8221;center&#8221; css=&#8221;.vc_custom_1726167146092{margin-top: 0px !important;margin-right: 0px !important;margin-bottom: 0px !important;padding-top: 0px !important;padding-bottom: 0px !important;}&#8221;][\/vc_column_inner][vc_column_inner width=&#8221;1\/4&#8243;][\/vc_column_inner][\/vc_row_inner][vc_column_text&hellip;\" \/>\n<meta property=\"og:url\" content=\"https:\/\/www.cervezamexico.com\/cdmx\/salon-de-catas\/\" \/>\n<meta property=\"og:site_name\" content=\"Cerveza M\u00e9xico\" \/>\n<meta property=\"article:publisher\" content=\"https:\/\/www.facebook.com\/CervezaMexico\" \/>\n<meta property=\"article:modified_time\" content=\"2026-02-19T19:04:02+00:00\" \/>\n<meta name=\"twitter:card\" content=\"summary_large_image\" \/>\n<meta name=\"twitter:site\" content=\"@CervezaMexico\" \/>\n<meta name=\"twitter:label1\" content=\"Tiempo de lectura\" \/>\n\t<meta name=\"twitter:data1\" content=\"2 minutos\" \/>\n<script type=\"application\/ld+json\" class=\"yoast-schema-graph\">{\"@context\":\"https:\\\/\\\/schema.org\",\"@graph\":[{\"@type\":\"WebPage\",\"@id\":\"https:\\\/\\\/www.cervezamexico.com\\\/cdmx\\\/salon-de-catas\\\/\",\"url\":\"https:\\\/\\\/www.cervezamexico.com\\\/cdmx\\\/salon-de-catas\\\/\",\"name\":\"Sal\u00f3n de Catas - Cerveza M\u00e9xico\",\"isPartOf\":{\"@id\":\"https:\\\/\\\/www.cervezamexico.com\\\/cdmx\\\/#website\"},\"datePublished\":\"2023-09-14T20:11:55+00:00\",\"dateModified\":\"2026-02-19T19:04:02+00:00\",\"breadcrumb\":{\"@id\":\"https:\\\/\\\/www.cervezamexico.com\\\/cdmx\\\/salon-de-catas\\\/#breadcrumb\"},\"inLanguage\":\"es\",\"potentialAction\":[{\"@type\":\"ReadAction\",\"target\":[\"https:\\\/\\\/www.cervezamexico.com\\\/cdmx\\\/salon-de-catas\\\/\"]}]},{\"@type\":\"BreadcrumbList\",\"@id\":\"https:\\\/\\\/www.cervezamexico.com\\\/cdmx\\\/salon-de-catas\\\/#breadcrumb\",\"itemListElement\":[{\"@type\":\"ListItem\",\"position\":1,\"name\":\"Portada\",\"item\":\"https:\\\/\\\/www.cervezamexico.com\\\/cdmx\\\/\"},{\"@type\":\"ListItem\",\"position\":2,\"name\":\"Sal\u00f3n de Catas\"}]},{\"@type\":\"WebSite\",\"@id\":\"https:\\\/\\\/www.cervezamexico.com\\\/cdmx\\\/#website\",\"url\":\"https:\\\/\\\/www.cervezamexico.com\\\/cdmx\\\/\",\"name\":\"Cerveza M\u00e9xico\",\"description\":\"Expo Cerveza M\u00e9xico | Juntos por la Cerveza\",\"publisher\":{\"@id\":\"https:\\\/\\\/www.cervezamexico.com\\\/cdmx\\\/#organization\"},\"potentialAction\":[{\"@type\":\"SearchAction\",\"target\":{\"@type\":\"EntryPoint\",\"urlTemplate\":\"https:\\\/\\\/www.cervezamexico.com\\\/cdmx\\\/?s={search_term_string}\"},\"query-input\":{\"@type\":\"PropertyValueSpecification\",\"valueRequired\":true,\"valueName\":\"search_term_string\"}}],\"inLanguage\":\"es\"},{\"@type\":\"Organization\",\"@id\":\"https:\\\/\\\/www.cervezamexico.com\\\/cdmx\\\/#organization\",\"name\":\"Cerveza M\u00e9xico\",\"url\":\"https:\\\/\\\/www.cervezamexico.com\\\/cdmx\\\/\",\"logo\":{\"@type\":\"ImageObject\",\"inLanguage\":\"es\",\"@id\":\"https:\\\/\\\/www.cervezamexico.com\\\/cdmx\\\/#\\\/schema\\\/logo\\\/image\\\/\",\"url\":\"https:\\\/\\\/www.cervezamexico.com\\\/wp-content\\\/uploads\\\/2023\\\/02\\\/logo_web.png\",\"contentUrl\":\"https:\\\/\\\/www.cervezamexico.com\\\/wp-content\\\/uploads\\\/2023\\\/02\\\/logo_web.png\",\"width\":900,\"height\":900,\"caption\":\"Cerveza M\u00e9xico\"},\"image\":{\"@id\":\"https:\\\/\\\/www.cervezamexico.com\\\/cdmx\\\/#\\\/schema\\\/logo\\\/image\\\/\"},\"sameAs\":[\"https:\\\/\\\/www.facebook.com\\\/CervezaMexico\",\"https:\\\/\\\/x.com\\\/CervezaMexico\",\"https:\\\/\\\/www.instagram.com\\\/expo.cerveza\\\/\",\"https:\\\/\\\/www.tiktok.com\\\/@expocerveza\",\"https:\\\/\\\/www.youtube.com\\\/@cervezamexico669\"]}]}<\/script>\n<!-- \/ Yoast SEO plugin. -->","yoast_head_json":{"title":"Sal\u00f3n de Catas - Cerveza M\u00e9xico","robots":{"index":"index","follow":"follow","max-snippet":"max-snippet:-1","max-image-preview":"max-image-preview:large","max-video-preview":"max-video-preview:-1"},"canonical":"https:\/\/www.cervezamexico.com\/cdmx\/salon-de-catas\/","og_locale":"es_ES","og_type":"article","og_title":"Sal\u00f3n de Catas - Cerveza M\u00e9xico","og_description":"[vc_row full_width=&#8221;stretch_row_content_no_spaces&#8221; css=&#8221;.vc_custom_1726167164790{margin-top: 0px !important;padding-top: 0px !important;padding-bottom: 0px !important;background-color: #593922 !important;}&#8221;][vc_column css=&#8221;.vc_custom_1726166887874{margin-top: 0px !important;margin-bottom: 0px !important;}&#8221;][vc_row_inner css=&#8221;.vc_custom_1726167156259{margin-top: 0px !important;margin-bottom: 0px !important;padding-top: 0px !important;padding-bottom: 0px !important;}&#8221;][vc_column_inner width=&#8221;1\/4&#8243;][\/vc_column_inner][vc_column_inner width=&#8221;1\/2&#8243; css=&#8221;.vc_custom_1726166881667{margin-top: 0px !important;margin-bottom: 0px !important;}&#8221;][vc_single_image image=&#8221;30339&#8243; alignment=&#8221;center&#8221; css=&#8221;.vc_custom_1726167146092{margin-top: 0px !important;margin-right: 0px !important;margin-bottom: 0px !important;padding-top: 0px !important;padding-bottom: 0px !important;}&#8221;][\/vc_column_inner][vc_column_inner width=&#8221;1\/4&#8243;][\/vc_column_inner][\/vc_row_inner][vc_column_text&hellip;","og_url":"https:\/\/www.cervezamexico.com\/cdmx\/salon-de-catas\/","og_site_name":"Cerveza M\u00e9xico","article_publisher":"https:\/\/www.facebook.com\/CervezaMexico","article_modified_time":"2026-02-19T19:04:02+00:00","twitter_card":"summary_large_image","twitter_site":"@CervezaMexico","twitter_misc":{"Tiempo de lectura":"2 minutos"},"schema":{"@context":"https:\/\/schema.org","@graph":[{"@type":"WebPage","@id":"https:\/\/www.cervezamexico.com\/cdmx\/salon-de-catas\/","url":"https:\/\/www.cervezamexico.com\/cdmx\/salon-de-catas\/","name":"Sal\u00f3n de Catas - Cerveza M\u00e9xico","isPartOf":{"@id":"https:\/\/www.cervezamexico.com\/cdmx\/#website"},"datePublished":"2023-09-14T20:11:55+00:00","dateModified":"2026-02-19T19:04:02+00:00","breadcrumb":{"@id":"https:\/\/www.cervezamexico.com\/cdmx\/salon-de-catas\/#breadcrumb"},"inLanguage":"es","potentialAction":[{"@type":"ReadAction","target":["https:\/\/www.cervezamexico.com\/cdmx\/salon-de-catas\/"]}]},{"@type":"BreadcrumbList","@id":"https:\/\/www.cervezamexico.com\/cdmx\/salon-de-catas\/#breadcrumb","itemListElement":[{"@type":"ListItem","position":1,"name":"Portada","item":"https:\/\/www.cervezamexico.com\/cdmx\/"},{"@type":"ListItem","position":2,"name":"Sal\u00f3n de Catas"}]},{"@type":"WebSite","@id":"https:\/\/www.cervezamexico.com\/cdmx\/#website","url":"https:\/\/www.cervezamexico.com\/cdmx\/","name":"Cerveza M\u00e9xico","description":"Expo Cerveza M\u00e9xico | Juntos por la Cerveza","publisher":{"@id":"https:\/\/www.cervezamexico.com\/cdmx\/#organization"},"potentialAction":[{"@type":"SearchAction","target":{"@type":"EntryPoint","urlTemplate":"https:\/\/www.cervezamexico.com\/cdmx\/?s={search_term_string}"},"query-input":{"@type":"PropertyValueSpecification","valueRequired":true,"valueName":"search_term_string"}}],"inLanguage":"es"},{"@type":"Organization","@id":"https:\/\/www.cervezamexico.com\/cdmx\/#organization","name":"Cerveza M\u00e9xico","url":"https:\/\/www.cervezamexico.com\/cdmx\/","logo":{"@type":"ImageObject","inLanguage":"es","@id":"https:\/\/www.cervezamexico.com\/cdmx\/#\/schema\/logo\/image\/","url":"https:\/\/www.cervezamexico.com\/wp-content\/uploads\/2023\/02\/logo_web.png","contentUrl":"https:\/\/www.cervezamexico.com\/wp-content\/uploads\/2023\/02\/logo_web.png","width":900,"height":900,"caption":"Cerveza M\u00e9xico"},"image":{"@id":"https:\/\/www.cervezamexico.com\/cdmx\/#\/schema\/logo\/image\/"},"sameAs":["https:\/\/www.facebook.com\/CervezaMexico","https:\/\/x.com\/CervezaMexico","https:\/\/www.instagram.com\/expo.cerveza\/","https:\/\/www.tiktok.com\/@expocerveza","https:\/\/www.youtube.com\/@cervezamexico669"]}]}},"jetpack_sharing_enabled":true,"_links":{"self":[{"href":"https:\/\/www.cervezamexico.com\/cdmx\/wp-json\/wp\/v2\/pages\/24250","targetHints":{"allow":["GET"]}}],"collection":[{"href":"https:\/\/www.cervezamexico.com\/cdmx\/wp-json\/wp\/v2\/pages"}],"about":[{"href":"https:\/\/www.cervezamexico.com\/cdmx\/wp-json\/wp\/v2\/types\/page"}],"author":[{"embeddable":true,"href":"https:\/\/www.cervezamexico.com\/cdmx\/wp-json\/wp\/v2\/users\/120"}],"replies":[{"embeddable":true,"href":"https:\/\/www.cervezamexico.com\/cdmx\/wp-json\/wp\/v2\/comments?post=24250"}],"version-history":[{"count":1,"href":"https:\/\/www.cervezamexico.com\/cdmx\/wp-json\/wp\/v2\/pages\/24250\/revisions"}],"predecessor-version":[{"id":39856,"href":"https:\/\/www.cervezamexico.com\/cdmx\/wp-json\/wp\/v2\/pages\/24250\/revisions\/39856"}],"wp:attachment":[{"href":"https:\/\/www.cervezamexico.com\/cdmx\/wp-json\/wp\/v2\/media?parent=24250"}],"curies":[{"name":"wp","href":"https:\/\/api.w.org\/{rel}","templated":true}]}}