{"id":24582,"date":"2023-09-29T13:57:28","date_gmt":"2023-09-29T19:57:28","guid":{"rendered":"https:\/\/www.cervezamexico.com\/?page_id=24582"},"modified":"2026-02-19T13:15:46","modified_gmt":"2026-02-19T19:15:46","slug":"plano-de-expositores-proveedores","status":"publish","type":"page","link":"https:\/\/www.cervezamexico.com\/cdmx\/plano-de-expositores-proveedores\/","title":{"rendered":"Plano de expositores &#8211; Proveedores"},"content":{"rendered":"<div class=\"wpb-content-wrapper\"><p>[vc_row css=&#8221;.vc_custom_1724958014996{margin-top: 20px !important;margin-bottom: 50px !important;}&#8221;][vc_column][vc_btn title=&#8221;DESCARGAR PLANO&#8221; color=&#8221;warning&#8221; align=&#8221;center&#8221; css=&#8221;&#8221; link=&#8221;target:_blank&#8221;][vc_column_text css=&#8221;&#8221;]<\/p> <h3 style=\"text-align: center;\">Pr\u00f3ximamente m\u00e1s informaci\u00f3n<\/h3> <p>[\/vc_column_text][\/vc_column][\/vc_row][vc_row disable_element=&#8221;yes&#8221;][vc_column][vc_column_text]<\/p> <table> <tbody> <tr style=\"color: #ffffff !important; background-color: #ef9b00;\"> <td style=\"padding: 5px 0 3px 5px; text-align: center; color: #ffffff !important; background-color: #ef9b00;\" width=\"150\"><span style=\"color: #ffffff;\"><strong style=\"color: #ffffff;\">NO. STAND<\/strong><\/span><\/td> <td style=\"padding: 5px 0 3px 5px; text-align: center; color: #ffffff !important; background-color: #ef9b00;\" width=\"400\"><span style=\"color: #ffffff;\"><strong style=\"color: #ffffff;\">EMPRESA<\/strong><\/span><\/td> <td style=\"padding: 5px 0 3px 5px; text-align: center; color: #ffffff !important; background-color: #ef9b00;\" width=\"500\"><span style=\"color: #ffffff;\"><strong style=\"color: #ffffff;\">P\u00c1G. WEB<\/strong><\/span><\/td> <\/tr> <tr> <td>201<\/td> <td>MERCADO PAGO<\/td> <td><a href=\"http:\/\/www.mercurioservicios.com\">www.mercurioservicios.com<\/a><\/td> <\/tr> <tr> <td>205<\/td> <td>RAPICARGA<\/td> <td><a href=\"http:\/\/www.rapicarga.mx\">www.rapicarga.mx<\/a><\/td> <\/tr> <tr> <td>207<\/td> <td>MISTVA INTERNATIONAL COMMERCE<\/td> <td><a href=\"http:\/\/www.wistva.com.mx\">www.wistva.com.mx<\/a><\/td> <\/tr> <tr> <td>211<\/td> <td>NEWEMP<\/td> <td><a href=\"http:\/\/www.newemp.com.mx\">www.newemp.com.mx<\/a><\/td> <\/tr> <tr> <td>213<\/td> <td>ARMA TU PEDA<\/td> <td><a href=\"http:\/\/www.armatupeda.com\">www.armatupeda.com<\/a><\/td> <\/tr> <tr> <td>217<\/td> <td>FERMENTANDO.COM<\/td> <td><a href=\"http:\/\/www.fermentado.com.mx\">www.fermentado.com.mx<\/a><\/td> <\/tr> <tr> <td>217-A<\/td> <td>COPA CERVEZA MX<\/td> <td><a href=\"http:\/\/www.copacerveza.mx\">www.copacerveza.mx<\/a><\/td> <\/tr> <tr> <td>219<\/td> <td>FERMENTIS<\/td> <td><a href=\"http:\/\/www.fermentis.com\">www.fermentis.com<\/a><\/td> <\/tr> <tr> <td>22O<\/td> <td>FILTRACI\u00d3N INTERNACIONAL<\/td> <td><a href=\"http:\/\/www.filtracion.com.mx\">http:\/\/www.filtracion.com.mx<\/a><\/td> <\/tr> <tr> <td>301<\/td> <td>ELIPOWER<\/td> <td><a href=\"http:\/\/www.elipower.com\">www.elipower.com<\/a><\/td> <\/tr> <tr> <td>302<\/td> <td>QUIMICA VITA<\/td> <td><a href=\"http:\/\/www.quimicavita.com.mx\">www.quimicavita.com.mx<\/a><\/td> <\/tr> <tr> <td>303<\/td> <td>LAPORTE ENGINEERING LATINOAMERICA<\/td> <td><a href=\"http:\/\/www.laporteconsultants.com\">www.laporteconsultants.com<\/a><\/td> <\/tr> <tr> <td>304<\/td> <td>BEERMEX<\/td> <td><a href=\"http:\/\/www.beermex.mx\">www.beermex.mx<\/a><\/td> <\/tr> <tr> <td>307<\/td> <td>HERPRO INOXIDABLE<\/td> <td><a href=\"http:\/\/www.herpro.com.mx\">www.herpro.com.mx<\/a><\/td> <\/tr> <tr> <td>312<\/td> <td>MICERVESA<\/td> <td><a href=\"http:\/\/www.micervesa.mx\">www.micervesa.mx<\/a><\/td> <\/tr> <tr> <td>403<\/td> <td>MALTOSAA<\/td> <td><a href=\"http:\/\/www.maltosaa.com.mx\">www.maltosaa.com.mx<\/a><\/td> <\/tr> <tr> <td>405<\/td> <td>UBC GROUP<\/td> <td><a href=\"http:\/\/www.beer-co.com.mx\">www.beer-co.com.mx<\/a><\/td> <\/tr> <tr> <td>409<\/td> <td>GF PIPING SYSTEMS<\/td> <td><a href=\"http:\/\/www.gfps.com\">www.gfps.com<\/a><\/td> <\/tr> <tr> <td>411<\/td> <td>PETAINER M\u00c9XICO<\/td> <td><a href=\"http:\/\/www.petainer.com\">www.petainer.com<\/a><\/td> <\/tr> <tr> <td>503<\/td> <td>MALTYD<\/td> <td><\/td> <\/tr> <tr> <td>506<\/td> <td>PAINOX BREW PLANTS<\/td> <td><a href=\"https:\/\/plantspainox.wixsite.com\/painoxbrewplants\">https:\/\/plantspainox.wixsite.com\/painoxbrewplants<\/a><\/td> <\/tr> <tr> <td>507<\/td> <td>REPUBLICA CERVECERA<\/td> <td><a href=\"http:\/\/www.republicacervecerashop.com.mx\">www.republicacervecerashop.com.mx<\/a><\/td> <\/tr> <tr> <td>509<\/td> <td>ABE EQUIPMENT<\/td> <td><a href=\"http:\/\/www.abeequipment.com\">www.abeequipment.com<\/a><\/td> <\/tr> <tr> <td>510<\/td> <td>G&amp;D CHILLERS<\/td> <td><a href=\"http:\/\/www.gdchillers.mx\">www.gdchillers.mx<\/a><\/td> <\/tr> <tr> <td>511<\/td> <td>BSALE<\/td> <td><a href=\"http:\/\/www.bsale.com.mx\">www.bsale.com.mx<\/a><\/td> <\/tr> <tr> <td>512<\/td> <td>BARRILERO MX<\/td> <td><a href=\"http:\/\/www.barrilero.mx\">www.barrilero.mx<\/a><\/td> <\/tr> <tr> <td>514<\/td> <td>IDVENTURE CORPORATION OF M\u00c9XICO<\/td> <td><a href=\"http:\/\/www.indventure.com\">www.indventure.com<\/a><\/td> <\/tr> <tr> <td>603<\/td> <td>COLOR DIGITAL EN FLEXOGRAF\u00cdA<\/td> <td><a href=\"http:\/\/www.etiquetascdigiflex.com\">www.etiquetascdigiflex.com<\/a><\/td> <\/tr> <tr> <td>605<\/td> <td>CATADORAS Y CERVECERAS MEXICO<\/td> <td><a href=\"http:\/\/www.catadorasycervecerasmx.com\">www.catadorasycervecerasmx.com<\/a><\/td> <\/tr> <tr> <td>606<\/td> <td>SERVIRBIEN<\/td> <td><a href=\"http:\/\/www.servirbien.edu.mx\">www.servirbien.edu.mx<\/a><\/td> <\/tr> <tr> <td>607<\/td> <td>DISPENSADORES PROFESIONALES DE M\u00c9XICO<\/td> <td><a href=\"http:\/\/www.disproamerica.com\">www.disproamerica.com<\/a><\/td> <\/tr> <tr> <td>609<\/td> <td>VAINILLA SAFFRON IMPORTS<\/td> <td><a href=\"http:\/\/www.saffron.com\">www.saffron.com<\/a><\/td> <\/tr> <tr> <td>610<\/td> <td>GESTION CERVECERA<\/td> <td><a href=\"http:\/\/www.gestioncervecera.com\">www.gestioncervecera.com<\/a><\/td> <\/tr> <tr> <td>611<\/td> <td>MALTER\u00cdA MEXICANA CENTRAL ALTIPLANO<\/td> <td><a href=\"http:\/\/www.centralaltiplano.mx\">www.centralaltiplano.mx<\/a><\/td> <\/tr> <tr> <td>PCV-2<\/td> <td>MALTAS CERVECERAS DE M\u00c9XICO<\/td> <td><a href=\"http:\/\/www.maltascerveceras.mx\">www.maltascerveceras.mx<\/a><\/td> <\/tr> <tr> <td>PCV-3<\/td> <td>VS-HEP HIELERAS<\/td> <td><a href=\"https:\/\/www.instagram.com\/hieleras_hep\/\">https:\/\/www.instagram.com\/hieleras_hep\/<\/a><\/td> <\/tr> <tr> <td>PCV-7<\/td> <td>SSTP WATER TECHNOLOGIES &#8211; ELOY<\/td> <td><a href=\"http:\/\/www.sstp.mx\">www.sstp.mx<\/a><\/td> <\/tr> <tr> <td>PCV-4<\/td> <td>GRUPO MARQUEZ<\/td> <td><\/td> <\/tr> <\/tbody> <\/table> <div id=\"gtx-trans\" style=\"position: absolute; left: 720px; top: 1152px;\"> <div class=\"gtx-trans-icon\"><\/div> <\/div> <p>[\/vc_column_text][\/vc_column][\/vc_row]<\/p> <\/div>","protected":false},"excerpt":{"rendered":"<p>[vc_row css=&#8221;.vc_custom_1724958014996{margin-top: 20px !important;margin-bottom: 50px !important;}&#8221;][vc_column][vc_btn title=&#8221;DESCARGAR PLANO&#8221; color=&#8221;warning&#8221; align=&#8221;center&#8221; css=&#8221;&#8221; link=&#8221;target:_blank&#8221;][vc_column_text css=&#8221;&#8221;] Pr\u00f3ximamente m\u00e1s informaci\u00f3n [\/vc_column_text][\/vc_column][\/vc_row][vc_row disable_element=&#8221;yes&#8221;][vc_column][vc_column_text] NO. STAND EMPRESA P\u00c1G. WEB 201 MERCADO PAGO www.mercurioservicios.com 205 RAPICARGA www.rapicarga.mx 207 MISTVA INTERNATIONAL COMMERCE www.wistva.com.mx 211 NEWEMP www.newemp.com.mx 213 ARMA TU PEDA www.armatupeda.com 217 FERMENTANDO.COM www.fermentado.com.mx&hellip;<\/p>\n","protected":false},"author":120,"featured_media":0,"parent":0,"menu_order":0,"comment_status":"closed","ping_status":"closed","template":"","meta":{"_acf_changed":false,"inline_featured_image":false,"footnotes":""},"class_list":["post-24582","page","type-page","status-publish","hentry","last"],"acf":[],"yoast_head":"<!-- This site is optimized with the Yoast SEO plugin v27.3 - https:\/\/yoast.com\/product\/yoast-seo-wordpress\/ -->\n<title>Plano de expositores - Proveedores - Cerveza M\u00e9xico<\/title>\n<meta name=\"robots\" content=\"index, follow, max-snippet:-1, max-image-preview:large, max-video-preview:-1\" \/>\n<link rel=\"canonical\" href=\"https:\/\/www.cervezamexico.com\/cdmx\/plano-de-expositores-proveedores\/\" \/>\n<meta property=\"og:locale\" content=\"es_ES\" \/>\n<meta property=\"og:type\" content=\"article\" \/>\n<meta property=\"og:title\" content=\"Plano de expositores - Proveedores - Cerveza M\u00e9xico\" \/>\n<meta property=\"og:description\" content=\"[vc_row css=&#8221;.vc_custom_1724958014996{margin-top: 20px !important;margin-bottom: 50px !important;}&#8221;][vc_column][vc_btn title=&#8221;DESCARGAR PLANO&#8221; color=&#8221;warning&#8221; align=&#8221;center&#8221; css=&#8221;&#8221; link=&#8221;target:_blank&#8221;][vc_column_text css=&#8221;&#8221;] Pr\u00f3ximamente m\u00e1s informaci\u00f3n [\/vc_column_text][\/vc_column][\/vc_row][vc_row disable_element=&#8221;yes&#8221;][vc_column][vc_column_text] NO. STAND EMPRESA P\u00c1G. WEB 201 MERCADO PAGO www.mercurioservicios.com 205 RAPICARGA www.rapicarga.mx 207 MISTVA INTERNATIONAL COMMERCE www.wistva.com.mx 211 NEWEMP www.newemp.com.mx 213 ARMA TU PEDA www.armatupeda.com 217 FERMENTANDO.COM www.fermentado.com.mx&hellip;\" \/>\n<meta property=\"og:url\" content=\"https:\/\/www.cervezamexico.com\/cdmx\/plano-de-expositores-proveedores\/\" \/>\n<meta property=\"og:site_name\" content=\"Cerveza M\u00e9xico\" \/>\n<meta property=\"article:publisher\" content=\"https:\/\/www.facebook.com\/CervezaMexico\" \/>\n<meta property=\"article:modified_time\" content=\"2026-02-19T19:15:46+00:00\" \/>\n<meta name=\"twitter:card\" content=\"summary_large_image\" \/>\n<meta name=\"twitter:site\" content=\"@CervezaMexico\" \/>\n<meta name=\"twitter:label1\" content=\"Tiempo de lectura\" \/>\n\t<meta name=\"twitter:data1\" content=\"1 minuto\" \/>\n<script type=\"application\/ld+json\" class=\"yoast-schema-graph\">{\"@context\":\"https:\\\/\\\/schema.org\",\"@graph\":[{\"@type\":\"WebPage\",\"@id\":\"https:\\\/\\\/www.cervezamexico.com\\\/cdmx\\\/plano-de-expositores-proveedores\\\/\",\"url\":\"https:\\\/\\\/www.cervezamexico.com\\\/cdmx\\\/plano-de-expositores-proveedores\\\/\",\"name\":\"Plano de expositores - Proveedores - Cerveza M\u00e9xico\",\"isPartOf\":{\"@id\":\"https:\\\/\\\/www.cervezamexico.com\\\/cdmx\\\/#website\"},\"datePublished\":\"2023-09-29T19:57:28+00:00\",\"dateModified\":\"2026-02-19T19:15:46+00:00\",\"breadcrumb\":{\"@id\":\"https:\\\/\\\/www.cervezamexico.com\\\/cdmx\\\/plano-de-expositores-proveedores\\\/#breadcrumb\"},\"inLanguage\":\"es\",\"potentialAction\":[{\"@type\":\"ReadAction\",\"target\":[\"https:\\\/\\\/www.cervezamexico.com\\\/cdmx\\\/plano-de-expositores-proveedores\\\/\"]}]},{\"@type\":\"BreadcrumbList\",\"@id\":\"https:\\\/\\\/www.cervezamexico.com\\\/cdmx\\\/plano-de-expositores-proveedores\\\/#breadcrumb\",\"itemListElement\":[{\"@type\":\"ListItem\",\"position\":1,\"name\":\"Portada\",\"item\":\"https:\\\/\\\/www.cervezamexico.com\\\/cdmx\\\/\"},{\"@type\":\"ListItem\",\"position\":2,\"name\":\"Plano de expositores &#8211; Proveedores\"}]},{\"@type\":\"WebSite\",\"@id\":\"https:\\\/\\\/www.cervezamexico.com\\\/cdmx\\\/#website\",\"url\":\"https:\\\/\\\/www.cervezamexico.com\\\/cdmx\\\/\",\"name\":\"Cerveza M\u00e9xico\",\"description\":\"Expo Cerveza M\u00e9xico | Juntos por la Cerveza\",\"publisher\":{\"@id\":\"https:\\\/\\\/www.cervezamexico.com\\\/cdmx\\\/#organization\"},\"potentialAction\":[{\"@type\":\"SearchAction\",\"target\":{\"@type\":\"EntryPoint\",\"urlTemplate\":\"https:\\\/\\\/www.cervezamexico.com\\\/cdmx\\\/?s={search_term_string}\"},\"query-input\":{\"@type\":\"PropertyValueSpecification\",\"valueRequired\":true,\"valueName\":\"search_term_string\"}}],\"inLanguage\":\"es\"},{\"@type\":\"Organization\",\"@id\":\"https:\\\/\\\/www.cervezamexico.com\\\/cdmx\\\/#organization\",\"name\":\"Cerveza M\u00e9xico\",\"url\":\"https:\\\/\\\/www.cervezamexico.com\\\/cdmx\\\/\",\"logo\":{\"@type\":\"ImageObject\",\"inLanguage\":\"es\",\"@id\":\"https:\\\/\\\/www.cervezamexico.com\\\/cdmx\\\/#\\\/schema\\\/logo\\\/image\\\/\",\"url\":\"https:\\\/\\\/www.cervezamexico.com\\\/wp-content\\\/uploads\\\/2023\\\/02\\\/logo_web.png\",\"contentUrl\":\"https:\\\/\\\/www.cervezamexico.com\\\/wp-content\\\/uploads\\\/2023\\\/02\\\/logo_web.png\",\"width\":900,\"height\":900,\"caption\":\"Cerveza M\u00e9xico\"},\"image\":{\"@id\":\"https:\\\/\\\/www.cervezamexico.com\\\/cdmx\\\/#\\\/schema\\\/logo\\\/image\\\/\"},\"sameAs\":[\"https:\\\/\\\/www.facebook.com\\\/CervezaMexico\",\"https:\\\/\\\/x.com\\\/CervezaMexico\",\"https:\\\/\\\/www.instagram.com\\\/expo.cerveza\\\/\",\"https:\\\/\\\/www.tiktok.com\\\/@expocerveza\",\"https:\\\/\\\/www.youtube.com\\\/@cervezamexico669\"]}]}<\/script>\n<!-- \/ Yoast SEO plugin. -->","yoast_head_json":{"title":"Plano de expositores - Proveedores - Cerveza M\u00e9xico","robots":{"index":"index","follow":"follow","max-snippet":"max-snippet:-1","max-image-preview":"max-image-preview:large","max-video-preview":"max-video-preview:-1"},"canonical":"https:\/\/www.cervezamexico.com\/cdmx\/plano-de-expositores-proveedores\/","og_locale":"es_ES","og_type":"article","og_title":"Plano de expositores - Proveedores - Cerveza M\u00e9xico","og_description":"[vc_row css=&#8221;.vc_custom_1724958014996{margin-top: 20px !important;margin-bottom: 50px !important;}&#8221;][vc_column][vc_btn title=&#8221;DESCARGAR PLANO&#8221; color=&#8221;warning&#8221; align=&#8221;center&#8221; css=&#8221;&#8221; link=&#8221;target:_blank&#8221;][vc_column_text css=&#8221;&#8221;] Pr\u00f3ximamente m\u00e1s informaci\u00f3n [\/vc_column_text][\/vc_column][\/vc_row][vc_row disable_element=&#8221;yes&#8221;][vc_column][vc_column_text] NO. STAND EMPRESA P\u00c1G. WEB 201 MERCADO PAGO www.mercurioservicios.com 205 RAPICARGA www.rapicarga.mx 207 MISTVA INTERNATIONAL COMMERCE www.wistva.com.mx 211 NEWEMP www.newemp.com.mx 213 ARMA TU PEDA www.armatupeda.com 217 FERMENTANDO.COM www.fermentado.com.mx&hellip;","og_url":"https:\/\/www.cervezamexico.com\/cdmx\/plano-de-expositores-proveedores\/","og_site_name":"Cerveza M\u00e9xico","article_publisher":"https:\/\/www.facebook.com\/CervezaMexico","article_modified_time":"2026-02-19T19:15:46+00:00","twitter_card":"summary_large_image","twitter_site":"@CervezaMexico","twitter_misc":{"Tiempo de lectura":"1 minuto"},"schema":{"@context":"https:\/\/schema.org","@graph":[{"@type":"WebPage","@id":"https:\/\/www.cervezamexico.com\/cdmx\/plano-de-expositores-proveedores\/","url":"https:\/\/www.cervezamexico.com\/cdmx\/plano-de-expositores-proveedores\/","name":"Plano de expositores - Proveedores - Cerveza M\u00e9xico","isPartOf":{"@id":"https:\/\/www.cervezamexico.com\/cdmx\/#website"},"datePublished":"2023-09-29T19:57:28+00:00","dateModified":"2026-02-19T19:15:46+00:00","breadcrumb":{"@id":"https:\/\/www.cervezamexico.com\/cdmx\/plano-de-expositores-proveedores\/#breadcrumb"},"inLanguage":"es","potentialAction":[{"@type":"ReadAction","target":["https:\/\/www.cervezamexico.com\/cdmx\/plano-de-expositores-proveedores\/"]}]},{"@type":"BreadcrumbList","@id":"https:\/\/www.cervezamexico.com\/cdmx\/plano-de-expositores-proveedores\/#breadcrumb","itemListElement":[{"@type":"ListItem","position":1,"name":"Portada","item":"https:\/\/www.cervezamexico.com\/cdmx\/"},{"@type":"ListItem","position":2,"name":"Plano de expositores &#8211; Proveedores"}]},{"@type":"WebSite","@id":"https:\/\/www.cervezamexico.com\/cdmx\/#website","url":"https:\/\/www.cervezamexico.com\/cdmx\/","name":"Cerveza M\u00e9xico","description":"Expo Cerveza M\u00e9xico | Juntos por la Cerveza","publisher":{"@id":"https:\/\/www.cervezamexico.com\/cdmx\/#organization"},"potentialAction":[{"@type":"SearchAction","target":{"@type":"EntryPoint","urlTemplate":"https:\/\/www.cervezamexico.com\/cdmx\/?s={search_term_string}"},"query-input":{"@type":"PropertyValueSpecification","valueRequired":true,"valueName":"search_term_string"}}],"inLanguage":"es"},{"@type":"Organization","@id":"https:\/\/www.cervezamexico.com\/cdmx\/#organization","name":"Cerveza M\u00e9xico","url":"https:\/\/www.cervezamexico.com\/cdmx\/","logo":{"@type":"ImageObject","inLanguage":"es","@id":"https:\/\/www.cervezamexico.com\/cdmx\/#\/schema\/logo\/image\/","url":"https:\/\/www.cervezamexico.com\/wp-content\/uploads\/2023\/02\/logo_web.png","contentUrl":"https:\/\/www.cervezamexico.com\/wp-content\/uploads\/2023\/02\/logo_web.png","width":900,"height":900,"caption":"Cerveza M\u00e9xico"},"image":{"@id":"https:\/\/www.cervezamexico.com\/cdmx\/#\/schema\/logo\/image\/"},"sameAs":["https:\/\/www.facebook.com\/CervezaMexico","https:\/\/x.com\/CervezaMexico","https:\/\/www.instagram.com\/expo.cerveza\/","https:\/\/www.tiktok.com\/@expocerveza","https:\/\/www.youtube.com\/@cervezamexico669"]}]}},"jetpack_sharing_enabled":true,"_links":{"self":[{"href":"https:\/\/www.cervezamexico.com\/cdmx\/wp-json\/wp\/v2\/pages\/24582","targetHints":{"allow":["GET"]}}],"collection":[{"href":"https:\/\/www.cervezamexico.com\/cdmx\/wp-json\/wp\/v2\/pages"}],"about":[{"href":"https:\/\/www.cervezamexico.com\/cdmx\/wp-json\/wp\/v2\/types\/page"}],"author":[{"embeddable":true,"href":"https:\/\/www.cervezamexico.com\/cdmx\/wp-json\/wp\/v2\/users\/120"}],"replies":[{"embeddable":true,"href":"https:\/\/www.cervezamexico.com\/cdmx\/wp-json\/wp\/v2\/comments?post=24582"}],"version-history":[{"count":1,"href":"https:\/\/www.cervezamexico.com\/cdmx\/wp-json\/wp\/v2\/pages\/24582\/revisions"}],"predecessor-version":[{"id":39860,"href":"https:\/\/www.cervezamexico.com\/cdmx\/wp-json\/wp\/v2\/pages\/24582\/revisions\/39860"}],"wp:attachment":[{"href":"https:\/\/www.cervezamexico.com\/cdmx\/wp-json\/wp\/v2\/media?parent=24582"}],"curies":[{"name":"wp","href":"https:\/\/api.w.org\/{rel}","templated":true}]}}