{"id":31603,"date":"2025-07-08T15:19:44","date_gmt":"2025-07-08T21:19:44","guid":{"rendered":"https:\/\/www.cervezamexico.com\/cdmx\/?page_id=31603"},"modified":"2025-09-26T14:12:26","modified_gmt":"2025-09-26T20:12:26","slug":"compra-tu-boleto","status":"publish","type":"page","link":"https:\/\/www.cervezamexico.com\/cdmx\/compra-tu-boleto\/","title":{"rendered":"Expo Cerveza M\u00e9xico"},"content":{"rendered":"<div class=\"wp-block-columns is-layout-flex wp-container-core-columns-is-layout-9d6595d7 wp-block-columns-is-layout-flex\"> <div class=\"wp-block-column is-layout-flow wp-block-column-is-layout-flow\"> <p class=\"has-luminous-vivid-orange-color has-text-color has-link-color wp-elements-b332b2ce52eec04fcd467c4719ac8cca\"><strong>\u00a1Prep\u00e1rate para vivir la experiencia cervecera m\u00e1s grande de M\u00e9xico!<\/strong><\/p>    <p>Expo Cerveza M\u00e9xico regresa a CDMX con lo mejor de la cerveza artesanal y de especialidad. Compra hoy tu boleto y asegura tu acceso a catas, m\u00fasica de los mejores DJ&#8217;s, networking, m\u00e1s de 150 cervecer\u00edas y momentos que solo se viven aqu\u00ed.<\/p>    <p class=\"has-luminous-vivid-orange-color has-text-color has-link-color wp-elements-e0e461ec2807c02e6361b13e4082ac94\"><strong>Cerveceros y Distribuidores<\/strong><\/p>    <p>Viernes 24 de octubre, de 12:00 a 22:00 hrs.<br>S\u00e1bado 25 de octubre, de 12:00 a 22:00 hrs.<br>Domingo 26 de octubre, de 11:00 a 19:00 hrs.<\/p>    <p><strong>INCLUYE VASO CON LA COMPRA DE TU BOLETO<\/strong><\/p>    <p class=\"has-luminous-vivid-orange-color has-text-color has-link-color wp-elements-01142c75c1518ed6241938907bc9122d\"><strong>Elige tu d\u00eda, aprovecha los descuentos por fase y \u00fanete a esta gran celebraci\u00f3n cervecera.<\/strong><\/p>    <figure class=\"wp-block-table is-style-regular\"><table class=\"has-fixed-layout\"><thead><tr><th class=\"has-text-align-center\" data-align=\"center\">FASE 1<\/th><th class=\"has-text-align-center\" data-align=\"center\">FASE 2<\/th><th class=\"has-text-align-center\" data-align=\"center\">FASE 3<\/th><th class=\"has-text-align-center\" data-align=\"center\">FASE 4<\/th><\/tr><\/thead><tbody><tr><td class=\"has-text-align-center\" data-align=\"center\"><strong>$220<\/strong><\/td><td class=\"has-text-align-center\" data-align=\"center\"><strong>$270<\/strong><\/td><td class=\"has-text-align-center\" data-align=\"center\"><strong>$330<\/strong><\/td><td class=\"has-text-align-center\" data-align=\"center\"><strong>$360<\/strong><\/td><\/tr><tr><td class=\"has-text-align-center\" data-align=\"center\">Del 16 de junio al 31 de julio 2025<\/td><td class=\"has-text-align-center\" data-align=\"center\">Del 1 de agosto al 11 de septiembre 2025<\/td><td class=\"has-text-align-center\" data-align=\"center\">Del 12 de septiembre al 2 de octubre 2025<\/td><td class=\"has-text-align-center\" data-align=\"center\">Del 3 al 26 de octubre 2025<\/td><\/tr><\/tbody><\/table><\/figure>    <p><strong>* Precios por d\u00eda, por persona<\/strong><\/p>    <p class=\"has-luminous-vivid-orange-color has-text-color has-link-color has-medium-font-size wp-elements-473725114ab7dae114faa0dd5c7c76e4\"><strong>Evento profesional para mayores de 18 a\u00f1os<\/strong><\/p> <\/div>    <div class=\"wp-block-column is-layout-flow wp-block-column-is-layout-flow\"> <div class=\"wp-block-tribe-tickets\"> <div class=\"wp-block-tribe-tickets-item\"><\/div>    <div class=\"wp-block-tribe-tickets-item\"><\/div>    <div class=\"wp-block-tribe-tickets-item\"><\/div>    <div class=\"wp-block-tribe-tickets-item\"><\/div>    <div class=\"wp-block-tribe-tickets-item\"><\/div>    <div class=\"wp-block-tribe-tickets-item\"><\/div>    <div class=\"wp-block-tribe-tickets-item\"><\/div>    <div class=\"wp-block-tribe-tickets-item\"><\/div> <\/div> <\/div> <\/div>","protected":false},"excerpt":{"rendered":"<p>\u00a1Prep\u00e1rate para vivir la experiencia cervecera m\u00e1s grande de M\u00e9xico! Expo Cerveza M\u00e9xico regresa a CDMX con lo mejor de la cerveza artesanal y de especialidad. Compra hoy tu boleto y asegura tu acceso a catas, m\u00fasica de los mejores DJ&#8217;s, networking, m\u00e1s de 150 cervecer\u00edas&hellip;<\/p>\n","protected":false},"author":2,"featured_media":31680,"parent":0,"menu_order":0,"comment_status":"closed","ping_status":"closed","template":"","meta":{"_acf_changed":false,"inline_featured_image":false,"footnotes":""},"class_list":["post-31603","page","type-page","status-publish","has-post-thumbnail","hentry","last"],"acf":[],"yoast_head":"<!-- This site is optimized with the Yoast SEO plugin v27.4 - https:\/\/yoast.com\/product\/yoast-seo-wordpress\/ -->\n<title>Expo Cerveza M\u00e9xico - Cerveza M\u00e9xico<\/title>\n<meta name=\"description\" content=\"Del 24 al 26 de octubre, vive Expo Cerveza M\u00e9xico CDMX: catas, m\u00fasica, networking y m\u00e1s de 150 cervecer\u00edas. \u00a1Compra tu boleto hoy!\" \/>\n<meta name=\"robots\" content=\"index, follow, max-snippet:-1, max-image-preview:large, max-video-preview:-1\" \/>\n<link rel=\"canonical\" href=\"https:\/\/www.cervezamexico.com\/cdmx\/compra-tu-boleto\/\" \/>\n<meta property=\"og:locale\" content=\"es_ES\" \/>\n<meta property=\"og:type\" content=\"article\" \/>\n<meta property=\"og:title\" content=\"Compra tu boleto - Cerveza M\u00e9xico CDMX\" \/>\n<meta property=\"og:description\" content=\"Cerveza M\u00e9xico CDMX te espera del 24 al 26 de octubre con +150 cervecer\u00edas, catas, m\u00fasica en vivo y experiencias \u00fanicas. \u00a1Adquiere ya tu boleto!\" \/>\n<meta property=\"og:url\" content=\"https:\/\/www.cervezamexico.com\/cdmx\/compra-tu-boleto\/\" \/>\n<meta property=\"og:site_name\" content=\"Cerveza M\u00e9xico\" \/>\n<meta property=\"article:publisher\" content=\"https:\/\/www.facebook.com\/CervezaMexico\" \/>\n<meta property=\"article:modified_time\" content=\"2025-09-26T20:12:26+00:00\" \/>\n<meta property=\"og:image\" content=\"https:\/\/www.cervezamexico.com\/cdmx\/wp-content\/uploads\/2025\/07\/joyful-group-friends-taking-selfie-with-large-beer-mugs-oktoberfest-surrounded-by-lively-atmosphere-beer-tent-complete-with-festive-decorations-cheerful-faces.jpg\" \/>\n\t<meta property=\"og:image:width\" content=\"1456\" \/>\n\t<meta property=\"og:image:height\" content=\"816\" \/>\n\t<meta property=\"og:image:type\" content=\"image\/jpeg\" \/>\n<meta name=\"twitter:card\" content=\"summary_large_image\" \/>\n<meta name=\"twitter:site\" content=\"@CervezaMexico\" \/>\n<meta name=\"twitter:label1\" content=\"Tiempo de lectura\" \/>\n\t<meta name=\"twitter:data1\" content=\"1 minuto\" \/>\n<script type=\"application\/ld+json\" class=\"yoast-schema-graph\">{\"@context\":\"https:\\\/\\\/schema.org\",\"@graph\":[{\"@type\":\"WebPage\",\"@id\":\"https:\\\/\\\/www.cervezamexico.com\\\/cdmx\\\/compra-tu-boleto\\\/\",\"url\":\"https:\\\/\\\/www.cervezamexico.com\\\/cdmx\\\/compra-tu-boleto\\\/\",\"name\":\"Expo Cerveza M\u00e9xico - Cerveza M\u00e9xico\",\"isPartOf\":{\"@id\":\"https:\\\/\\\/www.cervezamexico.com\\\/cdmx\\\/#website\"},\"primaryImageOfPage\":{\"@id\":\"https:\\\/\\\/www.cervezamexico.com\\\/cdmx\\\/compra-tu-boleto\\\/#primaryimage\"},\"image\":{\"@id\":\"https:\\\/\\\/www.cervezamexico.com\\\/cdmx\\\/compra-tu-boleto\\\/#primaryimage\"},\"thumbnailUrl\":\"https:\\\/\\\/www.cervezamexico.com\\\/cdmx\\\/wp-content\\\/uploads\\\/2025\\\/07\\\/joyful-group-friends-taking-selfie-with-large-beer-mugs-oktoberfest-surrounded-by-lively-atmosphere-beer-tent-complete-with-festive-decorations-cheerful-faces.jpg\",\"datePublished\":\"2025-07-08T21:19:44+00:00\",\"dateModified\":\"2025-09-26T20:12:26+00:00\",\"description\":\"Del 24 al 26 de octubre, vive Expo Cerveza M\u00e9xico CDMX: catas, m\u00fasica, networking y m\u00e1s de 150 cervecer\u00edas. \u00a1Compra tu boleto hoy!\",\"breadcrumb\":{\"@id\":\"https:\\\/\\\/www.cervezamexico.com\\\/cdmx\\\/compra-tu-boleto\\\/#breadcrumb\"},\"inLanguage\":\"es\",\"potentialAction\":[{\"@type\":\"ReadAction\",\"target\":[\"https:\\\/\\\/www.cervezamexico.com\\\/cdmx\\\/compra-tu-boleto\\\/\"]}]},{\"@type\":\"ImageObject\",\"inLanguage\":\"es\",\"@id\":\"https:\\\/\\\/www.cervezamexico.com\\\/cdmx\\\/compra-tu-boleto\\\/#primaryimage\",\"url\":\"https:\\\/\\\/www.cervezamexico.com\\\/cdmx\\\/wp-content\\\/uploads\\\/2025\\\/07\\\/joyful-group-friends-taking-selfie-with-large-beer-mugs-oktoberfest-surrounded-by-lively-atmosphere-beer-tent-complete-with-festive-decorations-cheerful-faces.jpg\",\"contentUrl\":\"https:\\\/\\\/www.cervezamexico.com\\\/cdmx\\\/wp-content\\\/uploads\\\/2025\\\/07\\\/joyful-group-friends-taking-selfie-with-large-beer-mugs-oktoberfest-surrounded-by-lively-atmosphere-beer-tent-complete-with-festive-decorations-cheerful-faces.jpg\",\"width\":1456,\"height\":816},{\"@type\":\"BreadcrumbList\",\"@id\":\"https:\\\/\\\/www.cervezamexico.com\\\/cdmx\\\/compra-tu-boleto\\\/#breadcrumb\",\"itemListElement\":[{\"@type\":\"ListItem\",\"position\":1,\"name\":\"Portada\",\"item\":\"https:\\\/\\\/www.cervezamexico.com\\\/cdmx\\\/\"},{\"@type\":\"ListItem\",\"position\":2,\"name\":\"Expo Cerveza M\u00e9xico\"}]},{\"@type\":\"WebSite\",\"@id\":\"https:\\\/\\\/www.cervezamexico.com\\\/cdmx\\\/#website\",\"url\":\"https:\\\/\\\/www.cervezamexico.com\\\/cdmx\\\/\",\"name\":\"Cerveza M\u00e9xico\",\"description\":\"Expo Cerveza M\u00e9xico | Juntos por la Cerveza\",\"publisher\":{\"@id\":\"https:\\\/\\\/www.cervezamexico.com\\\/cdmx\\\/#organization\"},\"potentialAction\":[{\"@type\":\"SearchAction\",\"target\":{\"@type\":\"EntryPoint\",\"urlTemplate\":\"https:\\\/\\\/www.cervezamexico.com\\\/cdmx\\\/?s={search_term_string}\"},\"query-input\":{\"@type\":\"PropertyValueSpecification\",\"valueRequired\":true,\"valueName\":\"search_term_string\"}}],\"inLanguage\":\"es\"},{\"@type\":\"Organization\",\"@id\":\"https:\\\/\\\/www.cervezamexico.com\\\/cdmx\\\/#organization\",\"name\":\"Cerveza M\u00e9xico\",\"url\":\"https:\\\/\\\/www.cervezamexico.com\\\/cdmx\\\/\",\"logo\":{\"@type\":\"ImageObject\",\"inLanguage\":\"es\",\"@id\":\"https:\\\/\\\/www.cervezamexico.com\\\/cdmx\\\/#\\\/schema\\\/logo\\\/image\\\/\",\"url\":\"https:\\\/\\\/www.cervezamexico.com\\\/wp-content\\\/uploads\\\/2023\\\/02\\\/logo_web.png\",\"contentUrl\":\"https:\\\/\\\/www.cervezamexico.com\\\/wp-content\\\/uploads\\\/2023\\\/02\\\/logo_web.png\",\"width\":900,\"height\":900,\"caption\":\"Cerveza M\u00e9xico\"},\"image\":{\"@id\":\"https:\\\/\\\/www.cervezamexico.com\\\/cdmx\\\/#\\\/schema\\\/logo\\\/image\\\/\"},\"sameAs\":[\"https:\\\/\\\/www.facebook.com\\\/CervezaMexico\",\"https:\\\/\\\/x.com\\\/CervezaMexico\",\"https:\\\/\\\/www.instagram.com\\\/expo.cerveza\\\/\",\"https:\\\/\\\/www.tiktok.com\\\/@expocerveza\",\"https:\\\/\\\/www.youtube.com\\\/@cervezamexico669\"]}]}<\/script>\n<!-- \/ Yoast SEO plugin. -->","yoast_head_json":{"title":"Expo Cerveza M\u00e9xico - Cerveza M\u00e9xico","description":"Del 24 al 26 de octubre, vive Expo Cerveza M\u00e9xico CDMX: catas, m\u00fasica, networking y m\u00e1s de 150 cervecer\u00edas. \u00a1Compra tu boleto hoy!","robots":{"index":"index","follow":"follow","max-snippet":"max-snippet:-1","max-image-preview":"max-image-preview:large","max-video-preview":"max-video-preview:-1"},"canonical":"https:\/\/www.cervezamexico.com\/cdmx\/compra-tu-boleto\/","og_locale":"es_ES","og_type":"article","og_title":"Compra tu boleto - Cerveza M\u00e9xico CDMX","og_description":"Cerveza M\u00e9xico CDMX te espera del 24 al 26 de octubre con +150 cervecer\u00edas, catas, m\u00fasica en vivo y experiencias \u00fanicas. \u00a1Adquiere ya tu boleto!","og_url":"https:\/\/www.cervezamexico.com\/cdmx\/compra-tu-boleto\/","og_site_name":"Cerveza M\u00e9xico","article_publisher":"https:\/\/www.facebook.com\/CervezaMexico","article_modified_time":"2025-09-26T20:12:26+00:00","og_image":[{"width":1456,"height":816,"url":"https:\/\/www.cervezamexico.com\/cdmx\/wp-content\/uploads\/2025\/07\/joyful-group-friends-taking-selfie-with-large-beer-mugs-oktoberfest-surrounded-by-lively-atmosphere-beer-tent-complete-with-festive-decorations-cheerful-faces.jpg","type":"image\/jpeg"}],"twitter_card":"summary_large_image","twitter_site":"@CervezaMexico","twitter_misc":{"Tiempo de lectura":"1 minuto"},"schema":{"@context":"https:\/\/schema.org","@graph":[{"@type":"WebPage","@id":"https:\/\/www.cervezamexico.com\/cdmx\/compra-tu-boleto\/","url":"https:\/\/www.cervezamexico.com\/cdmx\/compra-tu-boleto\/","name":"Expo Cerveza M\u00e9xico - Cerveza M\u00e9xico","isPartOf":{"@id":"https:\/\/www.cervezamexico.com\/cdmx\/#website"},"primaryImageOfPage":{"@id":"https:\/\/www.cervezamexico.com\/cdmx\/compra-tu-boleto\/#primaryimage"},"image":{"@id":"https:\/\/www.cervezamexico.com\/cdmx\/compra-tu-boleto\/#primaryimage"},"thumbnailUrl":"https:\/\/www.cervezamexico.com\/cdmx\/wp-content\/uploads\/2025\/07\/joyful-group-friends-taking-selfie-with-large-beer-mugs-oktoberfest-surrounded-by-lively-atmosphere-beer-tent-complete-with-festive-decorations-cheerful-faces.jpg","datePublished":"2025-07-08T21:19:44+00:00","dateModified":"2025-09-26T20:12:26+00:00","description":"Del 24 al 26 de octubre, vive Expo Cerveza M\u00e9xico CDMX: catas, m\u00fasica, networking y m\u00e1s de 150 cervecer\u00edas. \u00a1Compra tu boleto hoy!","breadcrumb":{"@id":"https:\/\/www.cervezamexico.com\/cdmx\/compra-tu-boleto\/#breadcrumb"},"inLanguage":"es","potentialAction":[{"@type":"ReadAction","target":["https:\/\/www.cervezamexico.com\/cdmx\/compra-tu-boleto\/"]}]},{"@type":"ImageObject","inLanguage":"es","@id":"https:\/\/www.cervezamexico.com\/cdmx\/compra-tu-boleto\/#primaryimage","url":"https:\/\/www.cervezamexico.com\/cdmx\/wp-content\/uploads\/2025\/07\/joyful-group-friends-taking-selfie-with-large-beer-mugs-oktoberfest-surrounded-by-lively-atmosphere-beer-tent-complete-with-festive-decorations-cheerful-faces.jpg","contentUrl":"https:\/\/www.cervezamexico.com\/cdmx\/wp-content\/uploads\/2025\/07\/joyful-group-friends-taking-selfie-with-large-beer-mugs-oktoberfest-surrounded-by-lively-atmosphere-beer-tent-complete-with-festive-decorations-cheerful-faces.jpg","width":1456,"height":816},{"@type":"BreadcrumbList","@id":"https:\/\/www.cervezamexico.com\/cdmx\/compra-tu-boleto\/#breadcrumb","itemListElement":[{"@type":"ListItem","position":1,"name":"Portada","item":"https:\/\/www.cervezamexico.com\/cdmx\/"},{"@type":"ListItem","position":2,"name":"Expo Cerveza M\u00e9xico"}]},{"@type":"WebSite","@id":"https:\/\/www.cervezamexico.com\/cdmx\/#website","url":"https:\/\/www.cervezamexico.com\/cdmx\/","name":"Cerveza M\u00e9xico","description":"Expo Cerveza M\u00e9xico | Juntos por la Cerveza","publisher":{"@id":"https:\/\/www.cervezamexico.com\/cdmx\/#organization"},"potentialAction":[{"@type":"SearchAction","target":{"@type":"EntryPoint","urlTemplate":"https:\/\/www.cervezamexico.com\/cdmx\/?s={search_term_string}"},"query-input":{"@type":"PropertyValueSpecification","valueRequired":true,"valueName":"search_term_string"}}],"inLanguage":"es"},{"@type":"Organization","@id":"https:\/\/www.cervezamexico.com\/cdmx\/#organization","name":"Cerveza M\u00e9xico","url":"https:\/\/www.cervezamexico.com\/cdmx\/","logo":{"@type":"ImageObject","inLanguage":"es","@id":"https:\/\/www.cervezamexico.com\/cdmx\/#\/schema\/logo\/image\/","url":"https:\/\/www.cervezamexico.com\/wp-content\/uploads\/2023\/02\/logo_web.png","contentUrl":"https:\/\/www.cervezamexico.com\/wp-content\/uploads\/2023\/02\/logo_web.png","width":900,"height":900,"caption":"Cerveza M\u00e9xico"},"image":{"@id":"https:\/\/www.cervezamexico.com\/cdmx\/#\/schema\/logo\/image\/"},"sameAs":["https:\/\/www.facebook.com\/CervezaMexico","https:\/\/x.com\/CervezaMexico","https:\/\/www.instagram.com\/expo.cerveza\/","https:\/\/www.tiktok.com\/@expocerveza","https:\/\/www.youtube.com\/@cervezamexico669"]}]}},"jetpack_sharing_enabled":true,"_links":{"self":[{"href":"https:\/\/www.cervezamexico.com\/cdmx\/wp-json\/wp\/v2\/pages\/31603","targetHints":{"allow":["GET"]}}],"collection":[{"href":"https:\/\/www.cervezamexico.com\/cdmx\/wp-json\/wp\/v2\/pages"}],"about":[{"href":"https:\/\/www.cervezamexico.com\/cdmx\/wp-json\/wp\/v2\/types\/page"}],"author":[{"embeddable":true,"href":"https:\/\/www.cervezamexico.com\/cdmx\/wp-json\/wp\/v2\/users\/2"}],"replies":[{"embeddable":true,"href":"https:\/\/www.cervezamexico.com\/cdmx\/wp-json\/wp\/v2\/comments?post=31603"}],"version-history":[{"count":0,"href":"https:\/\/www.cervezamexico.com\/cdmx\/wp-json\/wp\/v2\/pages\/31603\/revisions"}],"wp:featuredmedia":[{"embeddable":true,"href":"https:\/\/www.cervezamexico.com\/cdmx\/wp-json\/wp\/v2\/media\/31680"}],"wp:attachment":[{"href":"https:\/\/www.cervezamexico.com\/cdmx\/wp-json\/wp\/v2\/media?parent=31603"}],"curies":[{"name":"wp","href":"https:\/\/api.w.org\/{rel}","templated":true}]}}