{"id":31673,"date":"2025-07-09T13:38:59","date_gmt":"2025-07-09T19:38:59","guid":{"rendered":"https:\/\/www.cervezamexico.com\/cdmx\/?page_id=31673"},"modified":"2026-04-14T11:51:05","modified_gmt":"2026-04-14T17:51:05","slug":"salon-de-proveedores-e-insumos","status":"publish","type":"page","link":"https:\/\/www.cervezamexico.com\/cdmx\/salon-de-proveedores-e-insumos\/","title":{"rendered":"Sal\u00f3n de Proveedores e Insumos"},"content":{"rendered":"<div class=\"wpb-content-wrapper\"><p>[vc_row][vc_column css=&#8221;.vc_custom_1759167686957{margin-top: 30px !important;}&#8221;][vc_column_text css=&#8221;&#8221;]<span style=\"color: #ff6600;\"><strong>\u00a1El Sal\u00f3n Proveedores e Insumos renueva su f\u00f3rmula cervecera!<\/strong> <\/span><\/p> <p>Bajo el lema &#8220;Todo lo que tu cervecer\u00eda necesita para crecer&#8221;, el Sal\u00f3n Proveedores e Insumos abrir\u00e1 sus puertas el Viernes 23, S\u00e1bado 24 y Domingo 25 de octubre de 2026 en el Pepsi Center, de la Ciudad de M\u00e9xico.<\/p> <p>Este espacio es el punto de encuentro clave para cerveceros artesanales, distribuidores, homebrewers, cervecer\u00edas en crecimiento, nano y microcervecer\u00edas, bares, hoteles, restaurantes y\u00a0<em>beerlovers<\/em>\u00a0interesados en profesionalizar o iniciar la elaboraci\u00f3n de su propia cerveza.<\/p> <p><strong>\u00a1El momento de la cerveza artesanal es ahora y queremos que t\u00fa seas parte!<\/strong><\/p> <p><span style=\"color: #ff6600;\"><strong>Sal\u00f3n de Proveedores e Insumos<\/strong><\/span><br \/> <span>Viernes 23 de octubre, de 10:00 a 20:00 hrs.<br \/> <\/span>S\u00e1bado 24 de octubre, de 10:00 a 20:00 hrs.<br \/> Domingo 25 de octubre, de 12:00 a 20:00 hrs.<\/p> <p>Costo de entrada:<br \/> Pr\u00f3ximamente<br \/> <span style=\"color: #ff6600;\">Venta directa en sitio<\/span><\/p> <p><strong>Evento profesional para mayores de 18 a\u00f1os<\/strong>[\/vc_column_text][\/vc_column][\/vc_row]<\/p> <\/div>","protected":false},"excerpt":{"rendered":"<p>[vc_row][vc_column css=&#8221;.vc_custom_1759167686957{margin-top: 30px !important;}&#8221;][vc_column_text css=&#8221;&#8221;]\u00a1El Sal\u00f3n Proveedores e Insumos renueva su f\u00f3rmula cervecera! Bajo el lema &#8220;Todo lo que tu cervecer\u00eda necesita para crecer&#8221;, el Sal\u00f3n Proveedores e Insumos abrir\u00e1 sus puertas el Viernes 23, S\u00e1bado 24 y Domingo 25 de octubre de 2026 en el&hellip;<\/p>\n","protected":false},"author":2,"featured_media":31654,"parent":0,"menu_order":0,"comment_status":"closed","ping_status":"closed","template":"","meta":{"_acf_changed":false,"inline_featured_image":false,"footnotes":""},"class_list":["post-31673","page","type-page","status-publish","has-post-thumbnail","hentry","last"],"acf":[],"yoast_head":"<!-- This site is optimized with the Yoast SEO plugin v27.4 - https:\/\/yoast.com\/product\/yoast-seo-wordpress\/ -->\n<title>Sal\u00f3n de Proveedores e Insumos - Cerveza M\u00e9xico<\/title>\n<meta name=\"description\" content=\"Del 24 al 26 de octubre, vive Expo Cerveza M\u00e9xico CDMX: catas, m\u00fasica, networking y m\u00e1s de 150 cervecer\u00edas. \u00a1Compra tu boleto hoy!\" \/>\n<meta name=\"robots\" content=\"index, follow, max-snippet:-1, max-image-preview:large, max-video-preview:-1\" \/>\n<link rel=\"canonical\" href=\"https:\/\/www.cervezamexico.com\/cdmx\/salon-de-proveedores-e-insumos\/\" \/>\n<meta property=\"og:locale\" content=\"es_ES\" \/>\n<meta property=\"og:type\" content=\"article\" \/>\n<meta property=\"og:title\" content=\"Compra tu boleto - Cerveza M\u00e9xico CDMX\" \/>\n<meta property=\"og:description\" content=\"Cerveza M\u00e9xico CDMX te espera del 24 al 26 de octubre con +150 cervecer\u00edas, catas, m\u00fasica en vivo y experiencias \u00fanicas. \u00a1Adquiere ya tu boleto!\" \/>\n<meta property=\"og:url\" content=\"https:\/\/www.cervezamexico.com\/cdmx\/salon-de-proveedores-e-insumos\/\" \/>\n<meta property=\"og:site_name\" content=\"Cerveza M\u00e9xico\" \/>\n<meta property=\"article:publisher\" content=\"https:\/\/www.facebook.com\/CervezaMexico\" \/>\n<meta property=\"article:modified_time\" content=\"2026-04-14T17:51:05+00:00\" \/>\n<meta property=\"og:image\" content=\"https:\/\/www.cervezamexico.com\/cdmx\/wp-content\/uploads\/2025\/07\/Proveedores-Insumos-Cerveza.jpeg\" \/>\n\t<meta property=\"og:image:width\" content=\"1344\" \/>\n\t<meta property=\"og:image:height\" content=\"768\" \/>\n\t<meta property=\"og:image:type\" content=\"image\/jpeg\" \/>\n<meta name=\"twitter:card\" content=\"summary_large_image\" \/>\n<meta name=\"twitter:site\" content=\"@CervezaMexico\" \/>\n<meta name=\"twitter:label1\" content=\"Tiempo de lectura\" \/>\n\t<meta name=\"twitter:data1\" content=\"1 minuto\" \/>\n<script type=\"application\/ld+json\" class=\"yoast-schema-graph\">{\"@context\":\"https:\\\/\\\/schema.org\",\"@graph\":[{\"@type\":\"WebPage\",\"@id\":\"https:\\\/\\\/www.cervezamexico.com\\\/cdmx\\\/salon-de-proveedores-e-insumos\\\/\",\"url\":\"https:\\\/\\\/www.cervezamexico.com\\\/cdmx\\\/salon-de-proveedores-e-insumos\\\/\",\"name\":\"Sal\u00f3n de Proveedores e Insumos - Cerveza M\u00e9xico\",\"isPartOf\":{\"@id\":\"https:\\\/\\\/www.cervezamexico.com\\\/cdmx\\\/#website\"},\"primaryImageOfPage\":{\"@id\":\"https:\\\/\\\/www.cervezamexico.com\\\/cdmx\\\/salon-de-proveedores-e-insumos\\\/#primaryimage\"},\"image\":{\"@id\":\"https:\\\/\\\/www.cervezamexico.com\\\/cdmx\\\/salon-de-proveedores-e-insumos\\\/#primaryimage\"},\"thumbnailUrl\":\"https:\\\/\\\/www.cervezamexico.com\\\/cdmx\\\/wp-content\\\/uploads\\\/2025\\\/07\\\/Proveedores-Insumos-Cerveza.jpeg\",\"datePublished\":\"2025-07-09T19:38:59+00:00\",\"dateModified\":\"2026-04-14T17:51:05+00:00\",\"description\":\"Del 24 al 26 de octubre, vive Expo Cerveza M\u00e9xico CDMX: catas, m\u00fasica, networking y m\u00e1s de 150 cervecer\u00edas. \u00a1Compra tu boleto hoy!\",\"breadcrumb\":{\"@id\":\"https:\\\/\\\/www.cervezamexico.com\\\/cdmx\\\/salon-de-proveedores-e-insumos\\\/#breadcrumb\"},\"inLanguage\":\"es\",\"potentialAction\":[{\"@type\":\"ReadAction\",\"target\":[\"https:\\\/\\\/www.cervezamexico.com\\\/cdmx\\\/salon-de-proveedores-e-insumos\\\/\"]}]},{\"@type\":\"ImageObject\",\"inLanguage\":\"es\",\"@id\":\"https:\\\/\\\/www.cervezamexico.com\\\/cdmx\\\/salon-de-proveedores-e-insumos\\\/#primaryimage\",\"url\":\"https:\\\/\\\/www.cervezamexico.com\\\/cdmx\\\/wp-content\\\/uploads\\\/2025\\\/07\\\/Proveedores-Insumos-Cerveza.jpeg\",\"contentUrl\":\"https:\\\/\\\/www.cervezamexico.com\\\/cdmx\\\/wp-content\\\/uploads\\\/2025\\\/07\\\/Proveedores-Insumos-Cerveza.jpeg\",\"width\":1344,\"height\":768},{\"@type\":\"BreadcrumbList\",\"@id\":\"https:\\\/\\\/www.cervezamexico.com\\\/cdmx\\\/salon-de-proveedores-e-insumos\\\/#breadcrumb\",\"itemListElement\":[{\"@type\":\"ListItem\",\"position\":1,\"name\":\"Portada\",\"item\":\"https:\\\/\\\/www.cervezamexico.com\\\/cdmx\\\/\"},{\"@type\":\"ListItem\",\"position\":2,\"name\":\"Sal\u00f3n de Proveedores e Insumos\"}]},{\"@type\":\"WebSite\",\"@id\":\"https:\\\/\\\/www.cervezamexico.com\\\/cdmx\\\/#website\",\"url\":\"https:\\\/\\\/www.cervezamexico.com\\\/cdmx\\\/\",\"name\":\"Cerveza M\u00e9xico\",\"description\":\"Expo Cerveza M\u00e9xico | Juntos por la Cerveza\",\"publisher\":{\"@id\":\"https:\\\/\\\/www.cervezamexico.com\\\/cdmx\\\/#organization\"},\"potentialAction\":[{\"@type\":\"SearchAction\",\"target\":{\"@type\":\"EntryPoint\",\"urlTemplate\":\"https:\\\/\\\/www.cervezamexico.com\\\/cdmx\\\/?s={search_term_string}\"},\"query-input\":{\"@type\":\"PropertyValueSpecification\",\"valueRequired\":true,\"valueName\":\"search_term_string\"}}],\"inLanguage\":\"es\"},{\"@type\":\"Organization\",\"@id\":\"https:\\\/\\\/www.cervezamexico.com\\\/cdmx\\\/#organization\",\"name\":\"Cerveza M\u00e9xico\",\"url\":\"https:\\\/\\\/www.cervezamexico.com\\\/cdmx\\\/\",\"logo\":{\"@type\":\"ImageObject\",\"inLanguage\":\"es\",\"@id\":\"https:\\\/\\\/www.cervezamexico.com\\\/cdmx\\\/#\\\/schema\\\/logo\\\/image\\\/\",\"url\":\"https:\\\/\\\/www.cervezamexico.com\\\/wp-content\\\/uploads\\\/2023\\\/02\\\/logo_web.png\",\"contentUrl\":\"https:\\\/\\\/www.cervezamexico.com\\\/wp-content\\\/uploads\\\/2023\\\/02\\\/logo_web.png\",\"width\":900,\"height\":900,\"caption\":\"Cerveza M\u00e9xico\"},\"image\":{\"@id\":\"https:\\\/\\\/www.cervezamexico.com\\\/cdmx\\\/#\\\/schema\\\/logo\\\/image\\\/\"},\"sameAs\":[\"https:\\\/\\\/www.facebook.com\\\/CervezaMexico\",\"https:\\\/\\\/x.com\\\/CervezaMexico\",\"https:\\\/\\\/www.instagram.com\\\/expo.cerveza\\\/\",\"https:\\\/\\\/www.tiktok.com\\\/@expocerveza\",\"https:\\\/\\\/www.youtube.com\\\/@cervezamexico669\"]}]}<\/script>\n<!-- \/ Yoast SEO plugin. -->","yoast_head_json":{"title":"Sal\u00f3n de Proveedores e Insumos - Cerveza M\u00e9xico","description":"Del 24 al 26 de octubre, vive Expo Cerveza M\u00e9xico CDMX: catas, m\u00fasica, networking y m\u00e1s de 150 cervecer\u00edas. \u00a1Compra tu boleto hoy!","robots":{"index":"index","follow":"follow","max-snippet":"max-snippet:-1","max-image-preview":"max-image-preview:large","max-video-preview":"max-video-preview:-1"},"canonical":"https:\/\/www.cervezamexico.com\/cdmx\/salon-de-proveedores-e-insumos\/","og_locale":"es_ES","og_type":"article","og_title":"Compra tu boleto - Cerveza M\u00e9xico CDMX","og_description":"Cerveza M\u00e9xico CDMX te espera del 24 al 26 de octubre con +150 cervecer\u00edas, catas, m\u00fasica en vivo y experiencias \u00fanicas. \u00a1Adquiere ya tu boleto!","og_url":"https:\/\/www.cervezamexico.com\/cdmx\/salon-de-proveedores-e-insumos\/","og_site_name":"Cerveza M\u00e9xico","article_publisher":"https:\/\/www.facebook.com\/CervezaMexico","article_modified_time":"2026-04-14T17:51:05+00:00","og_image":[{"width":1344,"height":768,"url":"https:\/\/www.cervezamexico.com\/cdmx\/wp-content\/uploads\/2025\/07\/Proveedores-Insumos-Cerveza.jpeg","type":"image\/jpeg"}],"twitter_card":"summary_large_image","twitter_site":"@CervezaMexico","twitter_misc":{"Tiempo de lectura":"1 minuto"},"schema":{"@context":"https:\/\/schema.org","@graph":[{"@type":"WebPage","@id":"https:\/\/www.cervezamexico.com\/cdmx\/salon-de-proveedores-e-insumos\/","url":"https:\/\/www.cervezamexico.com\/cdmx\/salon-de-proveedores-e-insumos\/","name":"Sal\u00f3n de Proveedores e Insumos - Cerveza M\u00e9xico","isPartOf":{"@id":"https:\/\/www.cervezamexico.com\/cdmx\/#website"},"primaryImageOfPage":{"@id":"https:\/\/www.cervezamexico.com\/cdmx\/salon-de-proveedores-e-insumos\/#primaryimage"},"image":{"@id":"https:\/\/www.cervezamexico.com\/cdmx\/salon-de-proveedores-e-insumos\/#primaryimage"},"thumbnailUrl":"https:\/\/www.cervezamexico.com\/cdmx\/wp-content\/uploads\/2025\/07\/Proveedores-Insumos-Cerveza.jpeg","datePublished":"2025-07-09T19:38:59+00:00","dateModified":"2026-04-14T17:51:05+00:00","description":"Del 24 al 26 de octubre, vive Expo Cerveza M\u00e9xico CDMX: catas, m\u00fasica, networking y m\u00e1s de 150 cervecer\u00edas. \u00a1Compra tu boleto hoy!","breadcrumb":{"@id":"https:\/\/www.cervezamexico.com\/cdmx\/salon-de-proveedores-e-insumos\/#breadcrumb"},"inLanguage":"es","potentialAction":[{"@type":"ReadAction","target":["https:\/\/www.cervezamexico.com\/cdmx\/salon-de-proveedores-e-insumos\/"]}]},{"@type":"ImageObject","inLanguage":"es","@id":"https:\/\/www.cervezamexico.com\/cdmx\/salon-de-proveedores-e-insumos\/#primaryimage","url":"https:\/\/www.cervezamexico.com\/cdmx\/wp-content\/uploads\/2025\/07\/Proveedores-Insumos-Cerveza.jpeg","contentUrl":"https:\/\/www.cervezamexico.com\/cdmx\/wp-content\/uploads\/2025\/07\/Proveedores-Insumos-Cerveza.jpeg","width":1344,"height":768},{"@type":"BreadcrumbList","@id":"https:\/\/www.cervezamexico.com\/cdmx\/salon-de-proveedores-e-insumos\/#breadcrumb","itemListElement":[{"@type":"ListItem","position":1,"name":"Portada","item":"https:\/\/www.cervezamexico.com\/cdmx\/"},{"@type":"ListItem","position":2,"name":"Sal\u00f3n de Proveedores e Insumos"}]},{"@type":"WebSite","@id":"https:\/\/www.cervezamexico.com\/cdmx\/#website","url":"https:\/\/www.cervezamexico.com\/cdmx\/","name":"Cerveza M\u00e9xico","description":"Expo Cerveza M\u00e9xico | Juntos por la Cerveza","publisher":{"@id":"https:\/\/www.cervezamexico.com\/cdmx\/#organization"},"potentialAction":[{"@type":"SearchAction","target":{"@type":"EntryPoint","urlTemplate":"https:\/\/www.cervezamexico.com\/cdmx\/?s={search_term_string}"},"query-input":{"@type":"PropertyValueSpecification","valueRequired":true,"valueName":"search_term_string"}}],"inLanguage":"es"},{"@type":"Organization","@id":"https:\/\/www.cervezamexico.com\/cdmx\/#organization","name":"Cerveza M\u00e9xico","url":"https:\/\/www.cervezamexico.com\/cdmx\/","logo":{"@type":"ImageObject","inLanguage":"es","@id":"https:\/\/www.cervezamexico.com\/cdmx\/#\/schema\/logo\/image\/","url":"https:\/\/www.cervezamexico.com\/wp-content\/uploads\/2023\/02\/logo_web.png","contentUrl":"https:\/\/www.cervezamexico.com\/wp-content\/uploads\/2023\/02\/logo_web.png","width":900,"height":900,"caption":"Cerveza M\u00e9xico"},"image":{"@id":"https:\/\/www.cervezamexico.com\/cdmx\/#\/schema\/logo\/image\/"},"sameAs":["https:\/\/www.facebook.com\/CervezaMexico","https:\/\/x.com\/CervezaMexico","https:\/\/www.instagram.com\/expo.cerveza\/","https:\/\/www.tiktok.com\/@expocerveza","https:\/\/www.youtube.com\/@cervezamexico669"]}]}},"jetpack_sharing_enabled":true,"_links":{"self":[{"href":"https:\/\/www.cervezamexico.com\/cdmx\/wp-json\/wp\/v2\/pages\/31673","targetHints":{"allow":["GET"]}}],"collection":[{"href":"https:\/\/www.cervezamexico.com\/cdmx\/wp-json\/wp\/v2\/pages"}],"about":[{"href":"https:\/\/www.cervezamexico.com\/cdmx\/wp-json\/wp\/v2\/types\/page"}],"author":[{"embeddable":true,"href":"https:\/\/www.cervezamexico.com\/cdmx\/wp-json\/wp\/v2\/users\/2"}],"replies":[{"embeddable":true,"href":"https:\/\/www.cervezamexico.com\/cdmx\/wp-json\/wp\/v2\/comments?post=31673"}],"version-history":[{"count":3,"href":"https:\/\/www.cervezamexico.com\/cdmx\/wp-json\/wp\/v2\/pages\/31673\/revisions"}],"predecessor-version":[{"id":39951,"href":"https:\/\/www.cervezamexico.com\/cdmx\/wp-json\/wp\/v2\/pages\/31673\/revisions\/39951"}],"wp:featuredmedia":[{"embeddable":true,"href":"https:\/\/www.cervezamexico.com\/cdmx\/wp-json\/wp\/v2\/media\/31654"}],"wp:attachment":[{"href":"https:\/\/www.cervezamexico.com\/cdmx\/wp-json\/wp\/v2\/media?parent=31673"}],"curies":[{"name":"wp","href":"https:\/\/api.w.org\/{rel}","templated":true}]}}