{"id":39872,"date":"2026-04-06T16:17:08","date_gmt":"2026-04-06T22:17:08","guid":{"rendered":"https:\/\/www.cervezamexico.com\/cdmx\/?page_id=39872"},"modified":"2026-04-07T11:27:40","modified_gmt":"2026-04-07T17:27:40","slug":"carta-de-resultados-2025","status":"publish","type":"page","link":"https:\/\/www.cervezamexico.com\/cdmx\/carta-de-resultados-2025\/","title":{"rendered":"Carta de Resultados 2025"},"content":{"rendered":"<div class=\"wpb-content-wrapper\"><p>[vc_row fullwidth=&#8221;yes&#8221; css=&#8221;.vc_custom_1775516906363{margin-top: 20px !important;margin-bottom: 20px !important;padding-bottom: 20px !important;}&#8221;][vc_column width=&#8221;1\/6&#8243;][\/vc_column][vc_column width=&#8221;2\/3&#8243;][vc_column_text css=&#8221;&#8221;]<span style=\"color: #333333;\">\u00a1En Expo Cerveza M\u00e9xico se vive y se comparte la cultura cervecera artesanal! Durante los d\u00edas de nuestra decimo- quinta edici\u00f3n confirmamos que la cerveza nos une y que compartimos conversaciones, aprendizaje, historia y pasi\u00f3n. Nos preparamos para el siguiente a\u00f1o continuar con nuevos proyectos, grandes alianzas, muchas historias que contar y el orgullo de ver a una industria viva, creativa y en constante evoluci\u00f3n.<\/span>[\/vc_column_text][\/vc_column][vc_column width=&#8221;1\/6&#8243;][\/vc_column][\/vc_row][vc_row row_content_position=&#8221;middle&#8221; row_equal_height=&#8221;yes&#8221;][vc_column width=&#8221;2\/3&#8243;][vc_single_image image=&#8221;39880&#8243; alignment=&#8221;center&#8221; css=&#8221;&#8221;][\/vc_column][vc_column width=&#8221;1\/3&#8243;][vc_row_inner][vc_column_inner][vc_column_text css=&#8221;&#8221;]<\/p> <h3 style=\"text-align: center;\">ASISTENCIA TOTAL 19,000<\/h3> <p>[\/vc_column_text][\/vc_column_inner][\/vc_row_inner][vc_row_inner][vc_column_inner][vc_round_chart type=&#8221;doughnut&#8221; style=&#8221;modern&#8221; stroke_width=&#8221;2&#8243; legend_position=&#8221;right&#8221; values=&#8221;%5B%7B%22title%22%3A%22Mujer%22%2C%22value%22%3A%2241%25%22%2C%22color%22%3A%22orange%22%7D%2C%7B%22title%22%3A%22Hombre%22%2C%22value%22%3A%2259%25%22%2C%22color%22%3A%22juicy-pink%22%2C%22custom_color%22%3A%22%2358b9da%22%7D%5D&#8221; animation=&#8221;easeInQuad&#8221; css=&#8221;&#8221; title=&#8221;Visitantes por g\u00e9nero&#8221;][\/vc_column_inner][\/vc_row_inner][\/vc_column][\/vc_row][vc_section css=&#8221;.vc_custom_1775507869009{margin-top: 20px !important;}&#8221;][vc_row][vc_column][vc_column_text css=&#8221;&#8221;]<\/p> <h3>Nuestros Visitantes:<\/h3> <p>[\/vc_column_text][\/vc_column][\/vc_row][vc_row row_content_position=&#8221;middle&#8221; row_equal_height=&#8221;yes&#8221; css=&#8221;.vc_custom_1775579101093{margin-top: 20px !important;margin-bottom: 30px !important;}&#8221;][vc_column width=&#8221;1\/3&#8243; css=&#8221;.vc_custom_1775516812944{border-top-width: 2px !important;border-right-width: 2px !important;border-bottom-width: 2px !important;border-left-width: 2px !important;border-left-style: solid !important;border-right-style: solid !important;border-top-style: solid !important;border-bottom-style: solid !important;border-radius: 5px !important;border-color: #FF6E24 !important;}&#8221;]<div class=\"wprt-headings clearfix text-center\" data-font=50 style=\"\"><h2 class=\"heading clearfix\" style=\"font-weight:600;color:#074B88;font-size:50px;\">  \t\t97%  \t<\/h2><div class=\"sep  clearfix\" style=\"width:50px;height:2px;background-color:#FFB23F;\"><\/div><p class=\"sub-heading clearfix\" style=\"font-style:normal;font-size:22px;\">  \t\tRecomendar\u00eda el evento a otras personas  \t<\/p><\/div>[\/vc_column][vc_column width=&#8221;1\/3&#8243; css=&#8221;.vc_custom_1775516820781{border-top-width: 2px !important;border-right-width: 2px !important;border-bottom-width: 2px !important;border-left-width: 2px !important;border-left-style: solid !important;border-right-style: solid !important;border-top-style: solid !important;border-bottom-style: solid !important;border-radius: 5px !important;border-color: #FF6E24 !important;}&#8221;]<div class=\"wprt-headings clearfix text-center\" data-font=50 style=\"\"><h2 class=\"heading clearfix\" style=\"font-weight:600;color:#074B88;font-size:50px;\">  \t\t97%  \t<\/h2><div class=\"sep  clearfix\" style=\"width:50px;height:2px;background-color:#FFB23F;\"><\/div><p class=\"sub-heading clearfix\" style=\"font-style:normal;font-size:22px;\">  \t\tSu experiencia fue buena o excelente  \t<\/p><\/div>[\/vc_column][vc_column width=&#8221;1\/3&#8243; css=&#8221;.vc_custom_1775516827920{border-top-width: 2px !important;border-right-width: 2px !important;border-bottom-width: 2px !important;border-left-width: 2px !important;border-left-style: solid !important;border-right-style: solid !important;border-top-style: solid !important;border-bottom-style: solid !important;border-radius: 5px !important;border-color: #FF6E24 !important;}&#8221;]<div class=\"wprt-headings clearfix text-center\" data-font=50 style=\"\"><h2 class=\"heading clearfix\" style=\"font-weight:600;color:#074B88;font-size:50px;\">  \t\t93%  \t<\/h2><div class=\"sep  clearfix\" style=\"width:50px;height:2px;background-color:#FFB23F;\"><\/div><p class=\"sub-heading clearfix\" style=\"font-style:normal;font-size:22px;\">  \t\tGran variedad de cerveza artesanal y una gran experiencia.  \t<\/p><\/div>[\/vc_column][\/vc_row][\/vc_section][vc_row row_content_position=&#8221;top&#8221; row_equal_height=&#8221;yes&#8221;][vc_column width=&#8221;1\/2&#8243; css=&#8221;.vc_custom_1775580375427{padding-top: 20px !important;padding-bottom: 20px !important;background-color: #FCF8F4 !important;}&#8221;]<div class=\"wprt-single-heading clearfix  style-1\" style=\"\">  \t\t<h5 class=\"heading\" style=\"margin-bottom: 0;font-size:14px;\"><span class=\"text\"><\/p> <h2><span style=\"color: #fe6600;\">FRECUENCIA DE CONSUMO DE CERVEZA ARTESANAL<\/span><\/h2> <p>38% \u2013 Frecuentemente (1 vez por semana o m\u00e1s)<br \/> 33% \u2013 A veces (2\u20133 veces al mes)<br \/> 26% \u2013 Rara vez (1 vez al mes o menos)<br \/> 3% \u2013 Nunca<\/span><span class=\"line\"><\/span><\/h5>  \t<\/div>[\/vc_column][vc_column width=&#8221;1\/2&#8243; css=&#8221;.vc_custom_1775580308358{background-color: #FFE8D3 !important;}&#8221;]<div class=\"wprt-single-heading clearfix  style-1\" style=\"\">  \t\t<h5 class=\"heading\" style=\"margin-bottom: 0;font-size:14px;\"><span class=\"text\"><\/p> <h2><span style=\"color: #fe6600;\">D\u00d3NDE SUELEN COMPRARLA O CONSUMIRLA<\/span><\/h2> <p>16% \u2013 Supermercado<br \/> 19% \u2013 Tienda especializada<br \/> 52% \u2013 Bares o cervecer\u00edas<br \/> 11% \u2013 Eventos \/ festivales<br \/> 02% \u2013 En l\u00ednea<\/span><span class=\"line\"><\/span><\/h5>  \t<\/div>[\/vc_column][\/vc_row][vc_row row_content_position=&#8221;top&#8221; row_equal_height=&#8221;yes&#8221;][vc_column width=&#8221;2\/3&#8243; css=&#8221;.vc_custom_1775580375427{padding-top: 20px !important;padding-bottom: 20px !important;background-color: #FCF8F4 !important;}&#8221;][vc_single_image image=&#8221;39928&#8243; alignment=&#8221;center&#8221; css=&#8221;&#8221;][\/vc_column][vc_column width=&#8221;1\/3&#8243;][vc_single_image image=&#8221;39932&#8243; img_size=&#8221;medium&#8221; alignment=&#8221;center&#8221; css=&#8221;&#8221;]<div class=\"wprt-headings clearfix text-center\" data-font=20 style=\"\"><h2 class=\"heading clearfix\" style=\"font-weight:600;color:#074B88;font-size:20px;\">  \t\tCONGRESO EXPO CERVEZA M\u00c9XICO:  \t<\/h2><div class=\"sep  clearfix\" style=\"width:50px;height:2px;background-color:#FFB23F;\"><\/div><p class=\"sub-heading clearfix\" style=\"font-style:normal;font-size:16px;\">  \t\tEl Congreso present\u00f3 ponentes con trayectoria y contenidos pensados para quienes realmente est\u00e1n haciendo cerveza hoy. En el programa de este a\u00f1o se compartieron conocimientos, tendencias, aciertos y tambi\u00e9n errores, porque de eso se aprende. Fue un punto de encuentro para profesionalizar, inspirar y seguir elevando el nivel de la industria.<br \/> cervecera, dejando claro que crecer tambi\u00e9n implica capacitarse y evolucionar juntos.  \t<\/p><\/div>[\/vc_column][\/vc_row][vc_row row_content_position=&#8221;middle&#8221; row_equal_height=&#8221;yes&#8221; css=&#8221;.vc_custom_1775579101093{margin-top: 20px !important;margin-bottom: 30px !important;}&#8221;][vc_column width=&#8221;1\/3&#8243; css=&#8221;.vc_custom_1775580723001{background-color: #FFF5EF !important;}&#8221;]<div class=\"wprt-headings clearfix text-center\" data-font=20 style=\"\"><h2 class=\"heading clearfix\" style=\"font-weight:600;color:#074B88;font-size:20px;\">  \t\tEDADES VISITANTES:  \t<\/h2><div class=\"sep  clearfix\" style=\"width:50px;height:2px;background-color:#FFB23F;\"><\/div><p class=\"sub-heading clearfix\" style=\"font-style:normal;font-size:22px;\">  \t\t3% -18\u201324<br \/> 38% -25\u201334<br \/> 27% - 35\u201344<br \/> 16% - 45\u201354<br \/> 06% - 55 o m\u00e1s  \t<\/p><\/div>[\/vc_column][vc_column width=&#8221;1\/3&#8243; css=&#8221;.vc_custom_1775516820781{border-top-width: 2px !important;border-right-width: 2px !important;border-bottom-width: 2px !important;border-left-width: 2px !important;border-left-style: solid !important;border-right-style: solid !important;border-top-style: solid !important;border-bottom-style: solid !important;border-radius: 5px !important;border-color: #FF6E24 !important;}&#8221;]<div class=\"wprt-headings clearfix text-center\" data-font=50 style=\"\"><h2 class=\"heading clearfix\" style=\"font-weight:600;color:#074B88;font-size:50px;\">  \t\t52%  \t<\/h2><div class=\"sep  clearfix\" style=\"width:50px;height:2px;background-color:#FFB23F;\"><\/div><p class=\"sub-heading clearfix\" style=\"font-style:normal;font-size:22px;\">  \t\tVisitantes regulares  \t<\/p><\/div>[\/vc_column][vc_column width=&#8221;1\/3&#8243; css=&#8221;.vc_custom_1775516827920{border-top-width: 2px !important;border-right-width: 2px !important;border-bottom-width: 2px !important;border-left-width: 2px !important;border-left-style: solid !important;border-right-style: solid !important;border-top-style: solid !important;border-bottom-style: solid !important;border-radius: 5px !important;border-color: #FF6E24 !important;}&#8221;]<div class=\"wprt-headings clearfix text-center\" data-font=50 style=\"\"><h2 class=\"heading clearfix\" style=\"font-weight:600;color:#074B88;font-size:50px;\">  \t\t48%  \t<\/h2><div class=\"sep  clearfix\" style=\"width:50px;height:2px;background-color:#FFB23F;\"><\/div><p class=\"sub-heading clearfix\" style=\"font-style:normal;font-size:22px;\">  \t\tVisitantes nuevos  \t<\/p><\/div>[\/vc_column][\/vc_row]<\/p> <\/div>","protected":false},"excerpt":{"rendered":"<p>[vc_row fullwidth=&#8221;yes&#8221; css=&#8221;.vc_custom_1775516906363{margin-top: 20px !important;margin-bottom: 20px !important;padding-bottom: 20px !important;}&#8221;][vc_column width=&#8221;1\/6&#8243;][\/vc_column][vc_column width=&#8221;2\/3&#8243;][vc_column_text css=&#8221;&#8221;]\u00a1En Expo Cerveza M\u00e9xico se vive y se comparte la cultura cervecera artesanal! Durante los d\u00edas de nuestra decimo- quinta edici\u00f3n confirmamos que la cerveza nos une y que compartimos conversaciones, aprendizaje, historia y pasi\u00f3n.&hellip;<\/p>\n","protected":false},"author":2,"featured_media":0,"parent":0,"menu_order":0,"comment_status":"closed","ping_status":"closed","template":"","meta":{"_acf_changed":false,"inline_featured_image":false,"footnotes":""},"class_list":["post-39872","page","type-page","status-publish","hentry","last"],"acf":[],"yoast_head":"<!-- This site is optimized with the Yoast SEO plugin v27.3 - https:\/\/yoast.com\/product\/yoast-seo-wordpress\/ -->\n<title>Carta de Resultados 2025 - Cerveza M\u00e9xico<\/title>\n<meta name=\"robots\" content=\"index, follow, max-snippet:-1, max-image-preview:large, max-video-preview:-1\" \/>\n<link rel=\"canonical\" href=\"https:\/\/www.cervezamexico.com\/cdmx\/carta-de-resultados-2025\/\" \/>\n<meta property=\"og:locale\" content=\"es_ES\" \/>\n<meta property=\"og:type\" content=\"article\" \/>\n<meta property=\"og:title\" content=\"Carta de Resultados 2025 - Cerveza M\u00e9xico\" \/>\n<meta property=\"og:description\" content=\"[vc_row fullwidth=&#8221;yes&#8221; css=&#8221;.vc_custom_1775516906363{margin-top: 20px !important;margin-bottom: 20px !important;padding-bottom: 20px !important;}&#8221;][vc_column width=&#8221;1\/6&#8243;][\/vc_column][vc_column width=&#8221;2\/3&#8243;][vc_column_text css=&#8221;&#8221;]\u00a1En Expo Cerveza M\u00e9xico se vive y se comparte la cultura cervecera artesanal! Durante los d\u00edas de nuestra decimo- quinta edici\u00f3n confirmamos que la cerveza nos une y que compartimos conversaciones, aprendizaje, historia y pasi\u00f3n.&hellip;\" \/>\n<meta property=\"og:url\" content=\"https:\/\/www.cervezamexico.com\/cdmx\/carta-de-resultados-2025\/\" \/>\n<meta property=\"og:site_name\" content=\"Cerveza M\u00e9xico\" \/>\n<meta property=\"article:publisher\" content=\"https:\/\/www.facebook.com\/CervezaMexico\" \/>\n<meta property=\"article:modified_time\" content=\"2026-04-07T17:27:40+00:00\" \/>\n<meta name=\"twitter:card\" content=\"summary_large_image\" \/>\n<meta name=\"twitter:site\" content=\"@CervezaMexico\" \/>\n<meta name=\"twitter:label1\" content=\"Tiempo de lectura\" \/>\n\t<meta name=\"twitter:data1\" content=\"3 minutos\" \/>\n<script type=\"application\/ld+json\" class=\"yoast-schema-graph\">{\"@context\":\"https:\\\/\\\/schema.org\",\"@graph\":[{\"@type\":\"WebPage\",\"@id\":\"https:\\\/\\\/www.cervezamexico.com\\\/cdmx\\\/carta-de-resultados-2025\\\/\",\"url\":\"https:\\\/\\\/www.cervezamexico.com\\\/cdmx\\\/carta-de-resultados-2025\\\/\",\"name\":\"Carta de Resultados 2025 - Cerveza M\u00e9xico\",\"isPartOf\":{\"@id\":\"https:\\\/\\\/www.cervezamexico.com\\\/cdmx\\\/#website\"},\"datePublished\":\"2026-04-06T22:17:08+00:00\",\"dateModified\":\"2026-04-07T17:27:40+00:00\",\"breadcrumb\":{\"@id\":\"https:\\\/\\\/www.cervezamexico.com\\\/cdmx\\\/carta-de-resultados-2025\\\/#breadcrumb\"},\"inLanguage\":\"es\",\"potentialAction\":[{\"@type\":\"ReadAction\",\"target\":[\"https:\\\/\\\/www.cervezamexico.com\\\/cdmx\\\/carta-de-resultados-2025\\\/\"]}]},{\"@type\":\"BreadcrumbList\",\"@id\":\"https:\\\/\\\/www.cervezamexico.com\\\/cdmx\\\/carta-de-resultados-2025\\\/#breadcrumb\",\"itemListElement\":[{\"@type\":\"ListItem\",\"position\":1,\"name\":\"Portada\",\"item\":\"https:\\\/\\\/www.cervezamexico.com\\\/cdmx\\\/\"},{\"@type\":\"ListItem\",\"position\":2,\"name\":\"Carta de Resultados 2025\"}]},{\"@type\":\"WebSite\",\"@id\":\"https:\\\/\\\/www.cervezamexico.com\\\/cdmx\\\/#website\",\"url\":\"https:\\\/\\\/www.cervezamexico.com\\\/cdmx\\\/\",\"name\":\"Cerveza M\u00e9xico\",\"description\":\"Expo Cerveza M\u00e9xico | Juntos por la Cerveza\",\"publisher\":{\"@id\":\"https:\\\/\\\/www.cervezamexico.com\\\/cdmx\\\/#organization\"},\"potentialAction\":[{\"@type\":\"SearchAction\",\"target\":{\"@type\":\"EntryPoint\",\"urlTemplate\":\"https:\\\/\\\/www.cervezamexico.com\\\/cdmx\\\/?s={search_term_string}\"},\"query-input\":{\"@type\":\"PropertyValueSpecification\",\"valueRequired\":true,\"valueName\":\"search_term_string\"}}],\"inLanguage\":\"es\"},{\"@type\":\"Organization\",\"@id\":\"https:\\\/\\\/www.cervezamexico.com\\\/cdmx\\\/#organization\",\"name\":\"Cerveza M\u00e9xico\",\"url\":\"https:\\\/\\\/www.cervezamexico.com\\\/cdmx\\\/\",\"logo\":{\"@type\":\"ImageObject\",\"inLanguage\":\"es\",\"@id\":\"https:\\\/\\\/www.cervezamexico.com\\\/cdmx\\\/#\\\/schema\\\/logo\\\/image\\\/\",\"url\":\"https:\\\/\\\/www.cervezamexico.com\\\/wp-content\\\/uploads\\\/2023\\\/02\\\/logo_web.png\",\"contentUrl\":\"https:\\\/\\\/www.cervezamexico.com\\\/wp-content\\\/uploads\\\/2023\\\/02\\\/logo_web.png\",\"width\":900,\"height\":900,\"caption\":\"Cerveza M\u00e9xico\"},\"image\":{\"@id\":\"https:\\\/\\\/www.cervezamexico.com\\\/cdmx\\\/#\\\/schema\\\/logo\\\/image\\\/\"},\"sameAs\":[\"https:\\\/\\\/www.facebook.com\\\/CervezaMexico\",\"https:\\\/\\\/x.com\\\/CervezaMexico\",\"https:\\\/\\\/www.instagram.com\\\/expo.cerveza\\\/\",\"https:\\\/\\\/www.tiktok.com\\\/@expocerveza\",\"https:\\\/\\\/www.youtube.com\\\/@cervezamexico669\"]}]}<\/script>\n<!-- \/ Yoast SEO plugin. -->","yoast_head_json":{"title":"Carta de Resultados 2025 - Cerveza M\u00e9xico","robots":{"index":"index","follow":"follow","max-snippet":"max-snippet:-1","max-image-preview":"max-image-preview:large","max-video-preview":"max-video-preview:-1"},"canonical":"https:\/\/www.cervezamexico.com\/cdmx\/carta-de-resultados-2025\/","og_locale":"es_ES","og_type":"article","og_title":"Carta de Resultados 2025 - Cerveza M\u00e9xico","og_description":"[vc_row fullwidth=&#8221;yes&#8221; css=&#8221;.vc_custom_1775516906363{margin-top: 20px !important;margin-bottom: 20px !important;padding-bottom: 20px !important;}&#8221;][vc_column width=&#8221;1\/6&#8243;][\/vc_column][vc_column width=&#8221;2\/3&#8243;][vc_column_text css=&#8221;&#8221;]\u00a1En Expo Cerveza M\u00e9xico se vive y se comparte la cultura cervecera artesanal! Durante los d\u00edas de nuestra decimo- quinta edici\u00f3n confirmamos que la cerveza nos une y que compartimos conversaciones, aprendizaje, historia y pasi\u00f3n.&hellip;","og_url":"https:\/\/www.cervezamexico.com\/cdmx\/carta-de-resultados-2025\/","og_site_name":"Cerveza M\u00e9xico","article_publisher":"https:\/\/www.facebook.com\/CervezaMexico","article_modified_time":"2026-04-07T17:27:40+00:00","twitter_card":"summary_large_image","twitter_site":"@CervezaMexico","twitter_misc":{"Tiempo de lectura":"3 minutos"},"schema":{"@context":"https:\/\/schema.org","@graph":[{"@type":"WebPage","@id":"https:\/\/www.cervezamexico.com\/cdmx\/carta-de-resultados-2025\/","url":"https:\/\/www.cervezamexico.com\/cdmx\/carta-de-resultados-2025\/","name":"Carta de Resultados 2025 - Cerveza M\u00e9xico","isPartOf":{"@id":"https:\/\/www.cervezamexico.com\/cdmx\/#website"},"datePublished":"2026-04-06T22:17:08+00:00","dateModified":"2026-04-07T17:27:40+00:00","breadcrumb":{"@id":"https:\/\/www.cervezamexico.com\/cdmx\/carta-de-resultados-2025\/#breadcrumb"},"inLanguage":"es","potentialAction":[{"@type":"ReadAction","target":["https:\/\/www.cervezamexico.com\/cdmx\/carta-de-resultados-2025\/"]}]},{"@type":"BreadcrumbList","@id":"https:\/\/www.cervezamexico.com\/cdmx\/carta-de-resultados-2025\/#breadcrumb","itemListElement":[{"@type":"ListItem","position":1,"name":"Portada","item":"https:\/\/www.cervezamexico.com\/cdmx\/"},{"@type":"ListItem","position":2,"name":"Carta de Resultados 2025"}]},{"@type":"WebSite","@id":"https:\/\/www.cervezamexico.com\/cdmx\/#website","url":"https:\/\/www.cervezamexico.com\/cdmx\/","name":"Cerveza M\u00e9xico","description":"Expo Cerveza M\u00e9xico | Juntos por la Cerveza","publisher":{"@id":"https:\/\/www.cervezamexico.com\/cdmx\/#organization"},"potentialAction":[{"@type":"SearchAction","target":{"@type":"EntryPoint","urlTemplate":"https:\/\/www.cervezamexico.com\/cdmx\/?s={search_term_string}"},"query-input":{"@type":"PropertyValueSpecification","valueRequired":true,"valueName":"search_term_string"}}],"inLanguage":"es"},{"@type":"Organization","@id":"https:\/\/www.cervezamexico.com\/cdmx\/#organization","name":"Cerveza M\u00e9xico","url":"https:\/\/www.cervezamexico.com\/cdmx\/","logo":{"@type":"ImageObject","inLanguage":"es","@id":"https:\/\/www.cervezamexico.com\/cdmx\/#\/schema\/logo\/image\/","url":"https:\/\/www.cervezamexico.com\/wp-content\/uploads\/2023\/02\/logo_web.png","contentUrl":"https:\/\/www.cervezamexico.com\/wp-content\/uploads\/2023\/02\/logo_web.png","width":900,"height":900,"caption":"Cerveza M\u00e9xico"},"image":{"@id":"https:\/\/www.cervezamexico.com\/cdmx\/#\/schema\/logo\/image\/"},"sameAs":["https:\/\/www.facebook.com\/CervezaMexico","https:\/\/x.com\/CervezaMexico","https:\/\/www.instagram.com\/expo.cerveza\/","https:\/\/www.tiktok.com\/@expocerveza","https:\/\/www.youtube.com\/@cervezamexico669"]}]}},"jetpack_sharing_enabled":true,"_links":{"self":[{"href":"https:\/\/www.cervezamexico.com\/cdmx\/wp-json\/wp\/v2\/pages\/39872","targetHints":{"allow":["GET"]}}],"collection":[{"href":"https:\/\/www.cervezamexico.com\/cdmx\/wp-json\/wp\/v2\/pages"}],"about":[{"href":"https:\/\/www.cervezamexico.com\/cdmx\/wp-json\/wp\/v2\/types\/page"}],"author":[{"embeddable":true,"href":"https:\/\/www.cervezamexico.com\/cdmx\/wp-json\/wp\/v2\/users\/2"}],"replies":[{"embeddable":true,"href":"https:\/\/www.cervezamexico.com\/cdmx\/wp-json\/wp\/v2\/comments?post=39872"}],"version-history":[{"count":48,"href":"https:\/\/www.cervezamexico.com\/cdmx\/wp-json\/wp\/v2\/pages\/39872\/revisions"}],"predecessor-version":[{"id":39934,"href":"https:\/\/www.cervezamexico.com\/cdmx\/wp-json\/wp\/v2\/pages\/39872\/revisions\/39934"}],"wp:attachment":[{"href":"https:\/\/www.cervezamexico.com\/cdmx\/wp-json\/wp\/v2\/media?parent=39872"}],"curies":[{"name":"wp","href":"https:\/\/api.w.org\/{rel}","templated":true}]}}