{"id":6554,"date":"2019-06-14T10:08:07","date_gmt":"2019-06-14T15:08:07","guid":{"rendered":"https:\/\/www.cervezamexico.com\/?page_id=6554"},"modified":"2024-04-11T13:26:40","modified_gmt":"2024-04-11T19:26:40","slug":"aviso-de-privacidad","status":"publish","type":"page","link":"https:\/\/www.cervezamexico.com\/cdmx\/aviso-de-privacidad\/","title":{"rendered":"Aviso de Privacidad"},"content":{"rendered":"<div class=\"wpb-content-wrapper\"><p>[vc_row][vc_column][vc_column_text]<\/p> <div style=\"text-align: justify;\"> <h1><span style=\"color: #fe7000;\"><strong>Aviso de Privacidad<\/strong><\/span><\/h1> <p>Este aviso \u00a0describe la forma en que recabamos y usamos los datos personales que usted nos brinda, al registrarse como asistente, expositor, \u00a0comprador o \u00a0profesional \u00a0a alguna de nuestras exposiciones Expo Caf\u00e9 &amp; Gourmet Show, Expo Mercer\u00eda y Manualidades Guadalajara; Expo Mercer\u00eda y Manualidades; Habitat Expo; Expo Belleza Fest; Expo Caf\u00e9; Gourmet Show; Sal\u00f3n Chocolate y Cacao; Expo Cerveza M\u00e9xico; Agave Fest; Manualidades y Navidad; Expo Ambientes, \u00a0ya sea \u00a0en el sitio Web <a href=\"http:\/\/www.tradex.mx\" target=\"_blank\" rel=\"noopener noreferrer\">www.tradex.mx<\/a>, en el Call Center (55) 5604 49 00, ambos de la Empresa TRADEX NEGOCIOS, S. DE R.L. o en el \u00e1rea de registro del evento.<\/p> <p>Su finalidad,\u00a0 el tratamiento de sus datos personales y como los protegemos, y qu\u00e9 opciones tiene para limitar el uso de dichos datos, as\u00ed como el procedimiento para ejercer sus derechos, en cumplimiento de las disposiciones contenidas en la Ley Federal de Protecci\u00f3n de Datos Personales en Posesi\u00f3n de los Particulares.<\/p> <p>Nos comprometemos a proteger la privacidad de sus datos personales.<\/p> <p><strong>1.- Responsable de la protecci\u00f3n de sus datos personales<\/strong><\/p> <p>TRADEX NEGOCIOS, S. DE R.L., con domicilio en Montecito No. 38 T39-34, Colonia N\u00e1poles, C.P. 03810, Delegaci\u00f3n Benito Ju\u00e1rez, M\u00e9xico, D.F.es responsable del tratamiento de sus datos personales.<\/p> <p><strong>2.-Los datos personales que recabamos de usted, los utilizaremos para las siguientes finalidades que son necesarias para el servicio que solicita:<\/strong><\/p> <p>Incorporarlos a los tarjetones de identificaci\u00f3n, mismos que ser\u00e1n entregados a los titulares de los datos personales en la entrada de la expo.<\/p> <p>Establecer visualmente la calidad con la que asiste al evento.<\/p> <p>Permitir su ingreso a la sede del evento en los espacios y tiempo que\u00a0 le correspondan.<\/p> <p>Cumplir con las obligaciones derivadas de los contratos celebrados entre el titular de los datos personales y TRADEX NEGOCIOS, S. DE R.L.<\/p> <p>Cumplir con cualquier obligaci\u00f3n derivada de una relaci\u00f3n jur\u00eddica presente o futura entre el titular de los datos personales y TRADEX NEGOCIOS, S. DE R.L.<\/p> <p><em>De manera adicional, utilizaremos su informaci\u00f3n personal para las siguientes finalidades que <\/em><strong>no son necesarias<\/strong><em> para el servicio solicitado, pero que nos permiten y facilitan brindarle una mejor atenci\u00f3n: <\/em><strong>\u00a0<\/strong><\/p> <p>Informarle sobre cambios o nuevos productos o servicios que est\u00e9n relacionados con el contratado o adquirido por el cliente<\/p> <p>Informarle sobre pr\u00f3ximos eventos o\u00a0 promociones de TRADEX NEGOCIOS, S. DE R.L., o cualquiera de sus empresas y\/o personas morales afiliadas.<\/p> <p>Evaluar la calidad y organizaci\u00f3n de TRADEX NEGOCIOS, S. DE R.L.<\/p> <p>Realizar encuestas sobre el servicio contratado<\/p> <p>Realizar estudios internos sobre h\u00e1bitos de consumo<\/p> <p><strong>3.- Si usted se pre registra o registra \u00a0a trav\u00e9s de nuestro sitio web y\/o por cualquier medio de recolecci\u00f3n de datos, incluyendo medios impresos, electr\u00f3nicos o verbales<em>, <\/em>los <em>datos personales que recabamos, almacenamos\u00a0 y utilizamos sobre usted son<\/em><em>:<\/em><\/strong><\/p> <ul> <li>Nombre completo<\/li> <li>Direcci\u00f3n<\/li> <li>Tel\u00e9fono<\/li> <li>Correo electr\u00f3nico<\/li> <li>Sexo<\/li> <li>Edad<\/li> <li>Fecha de nacimiento<\/li> <li>Giro o actividad que realiza<\/li> <li>Si es estudiante o empleado<\/li> <li>Categor\u00eda y compa\u00f1\u00eda para la que trabaja<\/li> <li>As\u00ed como la informaci\u00f3n obtenida a trav\u00e9s de otras fuentes que est\u00e1n permitidas por la Ley<\/li> <\/ul> <p>Ninguno considerado como sensible seg\u00fan la Ley Federal de Protecci\u00f3n de Datos Personales en Posesi\u00f3n de los Particulares.<\/p> <p><strong>4.- Aceptaci\u00f3n del aviso de privacidad<\/strong><\/p> <p>Al momento de realizar su pre registro o registro definitivo se te dar\u00e1 a conocer el presente Aviso de Privacidad el cual aceptas de forma electr\u00f3nica mediante el icono respectivo.<\/p> <p><strong>5.- Plazo de conservaci\u00f3n de los datos personales<\/strong><\/p> <p>Conservaremos sus datos personales recabados \u00fanicamente por cinco a\u00f1os contados a partir, ya sea del pre registro o a partir de la terminaci\u00f3n de la relaci\u00f3n jur\u00eddica, despu\u00e9s del periodo mencionado procederemos a bloquear, cancelar y suprimir sus datos en nuestro poder.<\/p> <p><strong>6.- Ejercicio de derechos (ARCO)<\/strong><\/p> <p>Al momento de realizar su pre registro o registro definitivo, como usuarios de nuestro sitio Web o Call Center y\/o por cualquier medio de recolecci\u00f3n de datos, incluyendo medios impresos, electr\u00f3nicos o verbales, usted \u00a0puede ejercer sus derechos de Acceso, Rectificaci\u00f3n, Cancelaci\u00f3n y Oposici\u00f3n (ARCO) respecto de los datos personales recabados, as\u00ed como limitar el uso de los mismos, enviando una solicitud a la direcci\u00f3n de correo electr\u00f3nico <a href=\"mailto:datos.personales@tradex.com.mx\" target=\"_blank\" rel=\"noopener noreferrer\">datos.personales@tradex.com.mx<\/a> o por escrito a la siguiente direcci\u00f3n: Montecito No. 38 T39-34, Colonia N\u00e1poles, C.P. 03810, Delegaci\u00f3n Benito Ju\u00e1rez, M\u00e9xico, D.F.<\/p> <p>Para TRADEX NEGOCIOS, S. DE R.L., mantener la privacidad y los procedimientos de seguridad que protegen sus datos personales es muy importante, por lo que, en caso de duda, puede enviarla a la direcci\u00f3n de correo electr\u00f3nico <a href=\"mailto:datos.personales@tradex.com.mx\" target=\"_blank\" rel=\"noopener noreferrer\">datos.personales@tradex.com.mx<\/a> o comunicarse al tel\u00e9fono: (55) 5604 49 00.<\/p> <p>La negativa para el uso de sus datos personales para estas finalidades no podr\u00e1 ser un motivo para que le neguemos los servicios y productos que solicita o contrata con nosotros.<\/p> <p><strong>7.- Transmisi\u00f3n de sus datos<\/strong><\/p> <p>Nos comprometemos a no transferir su informaci\u00f3n personal a terceros sin su consentimiento con la excepci\u00f3n de los dispuesto por el art\u00edculo 37 de la Ley de Protecci\u00f3n de Datos Personales en Posesi\u00f3n de Particulares, as\u00ed como que sus datos personales no pueden ser transferidos y tratados dentro y fuera del pa\u00eds, por personas distintas a esta Empresa. En ese sentido, su informaci\u00f3n puede ser compartida con Empresas afiliadas o asociadas a TRADEX NEGOCIOS, S. DE R.L. que operen bajo la misma pol\u00edtica, para dar cumplimiento a las obligaciones adquiridas con el titular y para\u00a0 fines de invitaci\u00f3n a otros eventos relacionados a la industria Dise\u00f1o e Interiorismo; Decoraci\u00f3n; Dise\u00f1o y Moda; Belleza; Alimentos y Bebidas; Manualidades. Si Usted no manifiesta su oposici\u00f3n para que sus datos personales sean transferidos, se entender\u00e1 que ha otorgado su consentimiento para ello.<\/p> <p>No se realizar\u00e1n transferencias que contengan datos personales considerados por la Ley como sensibles salvo que se recabe previamente el consentimiento expreso del Titular.<\/p> <p>Los terceros que reciban la Informaci\u00f3n deber\u00e1n asumir previamente y por escrito, las mismas obligaciones respecto del manejo y cuidado de la Informaci\u00f3n que se establecen en este Aviso de Privacidad.<\/p> <p><strong>8.- Ligas a otros sitos web<\/strong><\/p> <p>Este Aviso de Privacidad solamente concierne al sitio Web de nuestra propiedad. Esto no incluye ligas a sitios Web de terceros. El uso de la informaci\u00f3n recolectada por estos sitios es, en su totalidad, responsabilidad de los sitios Web de terceros. Los mismos tienen sus propios avisos de privacidad en cuanto a la recolecci\u00f3n y uso de informaci\u00f3n personal, as\u00ed como del uso de cookies, te recomendamos que leas su pol\u00edtica de privacidad o contactes a la propietaria del sitio Web.<\/p> <p><strong>9.- Seguridad<\/strong><\/p> <p>Solamente recolectamos informaci\u00f3n que estimamos razonablemente necesaria para servir con los intereses leg\u00edtimos de nuestro negocio y para cumplir con nuestras obligaciones legales. Protegemos a los titulares de los datos personales por cuanto a su informaci\u00f3n divulgada, utilizando est\u00e1ndares de protecci\u00f3n vigentes en la industria y de conformidad con la Ley Federal de Protecci\u00f3n de Datos Personales en Posesi\u00f3n de los Particulares y de su Reglamento. Con independencia que no exista una &#8220;seguridad garantizada&#8221; ya sea en Internet o fuera del mismo, nosotros realizamos los esfuerzos comercialmente razonables para lograr que la recolecci\u00f3n de informaci\u00f3n que realicemos se haga de conformidad con toda la legislaci\u00f3n aplicable.<\/p> <p><strong>10.- Modificaciones al aviso de privacidad<\/strong><\/p> <p>Nos reservamos el derecho de efectuar en cualquier momento modificaciones o actualizaciones al Aviso de Privacidad, con el fin de cumplir con nuevas disposiciones establecidas en la Ley de la materia, cambios en las pol\u00edticas internas o nuevos requerimientos para la prestaci\u00f3n u ofrecimiento de nuestros servicios.<\/p> <p>Cuando sea el caso las modificaciones estar\u00e1n disponibles y visibles en nuestras oficinas o a efectos de lo anterior, la Empresa a su elecci\u00f3n, podr\u00e1 comunicar al titular los cambios realizados al presente Aviso de Privacidad a trav\u00e9s de cualquiera de los siguientes medios: avisos colocados en lugares visibles en las oficinas de la Empresa, escrito enviado a cualquiera de los domicilios que se tengan del titular, avisos colocados en el sitio de Internet de la Empresa o se las haremos llegar al \u00faltimo correo electr\u00f3nico que nos proporcione el titular.<\/p> <p><strong>11.- Contacto<\/strong><\/p> <p>Puedes contactarnos para conocer los procedimientos, los requisitos y plazos descritos en este Aviso de Privacidad al tel\u00e9fono (55) 5604 49 00 o al correo electr\u00f3nico <a href=\"mailto:datos.personales@tradex.com.mx\" target=\"_blank\" rel=\"noopener noreferrer\">datos.personales@tradex.com.mx<\/a> o por escrito a la siguiente direcci\u00f3n Montecito No. 38 T39-34, Colonia N\u00e1poles, C.P. 03810, Delegaci\u00f3n Benito Ju\u00e1rez, M\u00e9xico, D.F. o personalmente con nuestro departamento de datos personales o visitando nuestra p\u00e1gina de Internet <a href=\"http:\/\/www.tradex.mx\" target=\"_blank\" rel=\"noopener noreferrer\">www.tradex.mx<\/a><\/p> <p><strong>12.- Informaci\u00f3n<\/strong><\/p> <p>Para mayor informaci\u00f3n al respecto visite <a href=\"http:\/\/www.ifai.org.mx\" target=\"_blank\" rel=\"noopener noreferrer\">www.ifai.org.mx<\/a><\/p> <\/div> <p>[\/vc_column_text][vc_empty_space height=&#8221;22px&#8221;][\/vc_column][\/vc_row]<\/p> <\/div>","protected":false},"excerpt":{"rendered":"<p>[vc_row][vc_column][vc_column_text] Aviso de Privacidad Este aviso \u00a0describe la forma en que recabamos y usamos los datos personales que usted nos brinda, al registrarse como asistente, expositor, \u00a0comprador o \u00a0profesional \u00a0a alguna de nuestras exposiciones Expo Caf\u00e9 &amp; Gourmet Show, Expo Mercer\u00eda y Manualidades Guadalajara; Expo Mercer\u00eda&hellip;<\/p>\n","protected":false},"author":120,"featured_media":0,"parent":0,"menu_order":0,"comment_status":"closed","ping_status":"closed","template":"","meta":{"_acf_changed":false,"inline_featured_image":false,"footnotes":""},"class_list":["post-6554","page","type-page","status-publish","hentry","last"],"acf":[],"yoast_head":"<!-- This site is optimized with the Yoast SEO plugin v27.3 - https:\/\/yoast.com\/product\/yoast-seo-wordpress\/ -->\n<title>Aviso de Privacidad - Cerveza M\u00e9xico<\/title>\n<meta name=\"robots\" content=\"index, follow, max-snippet:-1, max-image-preview:large, max-video-preview:-1\" \/>\n<link rel=\"canonical\" href=\"https:\/\/www.cervezamexico.com\/cdmx\/aviso-de-privacidad\/\" \/>\n<meta property=\"og:locale\" content=\"es_ES\" \/>\n<meta property=\"og:type\" content=\"article\" \/>\n<meta property=\"og:title\" content=\"Aviso de Privacidad - Cerveza M\u00e9xico\" \/>\n<meta property=\"og:description\" content=\"[vc_row][vc_column][vc_column_text] Aviso de Privacidad Este aviso \u00a0describe la forma en que recabamos y usamos los datos personales que usted nos brinda, al registrarse como asistente, expositor, \u00a0comprador o \u00a0profesional \u00a0a alguna de nuestras exposiciones Expo Caf\u00e9 &amp; Gourmet Show, Expo Mercer\u00eda y Manualidades Guadalajara; Expo Mercer\u00eda&hellip;\" \/>\n<meta property=\"og:url\" content=\"https:\/\/www.cervezamexico.com\/cdmx\/aviso-de-privacidad\/\" \/>\n<meta property=\"og:site_name\" content=\"Cerveza M\u00e9xico\" \/>\n<meta property=\"article:publisher\" content=\"https:\/\/www.facebook.com\/CervezaMexico\" \/>\n<meta property=\"article:modified_time\" content=\"2024-04-11T19:26:40+00:00\" \/>\n<meta name=\"twitter:card\" content=\"summary_large_image\" \/>\n<meta name=\"twitter:site\" content=\"@CervezaMexico\" \/>\n<meta name=\"twitter:label1\" content=\"Tiempo de lectura\" \/>\n\t<meta name=\"twitter:data1\" content=\"8 minutos\" \/>\n<script type=\"application\/ld+json\" class=\"yoast-schema-graph\">{\"@context\":\"https:\\\/\\\/schema.org\",\"@graph\":[{\"@type\":\"WebPage\",\"@id\":\"https:\\\/\\\/www.cervezamexico.com\\\/cdmx\\\/aviso-de-privacidad\\\/\",\"url\":\"https:\\\/\\\/www.cervezamexico.com\\\/cdmx\\\/aviso-de-privacidad\\\/\",\"name\":\"Aviso de Privacidad - Cerveza M\u00e9xico\",\"isPartOf\":{\"@id\":\"https:\\\/\\\/www.cervezamexico.com\\\/cdmx\\\/#website\"},\"datePublished\":\"2019-06-14T15:08:07+00:00\",\"dateModified\":\"2024-04-11T19:26:40+00:00\",\"breadcrumb\":{\"@id\":\"https:\\\/\\\/www.cervezamexico.com\\\/cdmx\\\/aviso-de-privacidad\\\/#breadcrumb\"},\"inLanguage\":\"es\",\"potentialAction\":[{\"@type\":\"ReadAction\",\"target\":[\"https:\\\/\\\/www.cervezamexico.com\\\/cdmx\\\/aviso-de-privacidad\\\/\"]}]},{\"@type\":\"BreadcrumbList\",\"@id\":\"https:\\\/\\\/www.cervezamexico.com\\\/cdmx\\\/aviso-de-privacidad\\\/#breadcrumb\",\"itemListElement\":[{\"@type\":\"ListItem\",\"position\":1,\"name\":\"Portada\",\"item\":\"https:\\\/\\\/www.cervezamexico.com\\\/cdmx\\\/\"},{\"@type\":\"ListItem\",\"position\":2,\"name\":\"Aviso de Privacidad\"}]},{\"@type\":\"WebSite\",\"@id\":\"https:\\\/\\\/www.cervezamexico.com\\\/cdmx\\\/#website\",\"url\":\"https:\\\/\\\/www.cervezamexico.com\\\/cdmx\\\/\",\"name\":\"Cerveza M\u00e9xico\",\"description\":\"Expo Cerveza M\u00e9xico | Juntos por la Cerveza\",\"publisher\":{\"@id\":\"https:\\\/\\\/www.cervezamexico.com\\\/cdmx\\\/#organization\"},\"potentialAction\":[{\"@type\":\"SearchAction\",\"target\":{\"@type\":\"EntryPoint\",\"urlTemplate\":\"https:\\\/\\\/www.cervezamexico.com\\\/cdmx\\\/?s={search_term_string}\"},\"query-input\":{\"@type\":\"PropertyValueSpecification\",\"valueRequired\":true,\"valueName\":\"search_term_string\"}}],\"inLanguage\":\"es\"},{\"@type\":\"Organization\",\"@id\":\"https:\\\/\\\/www.cervezamexico.com\\\/cdmx\\\/#organization\",\"name\":\"Cerveza M\u00e9xico\",\"url\":\"https:\\\/\\\/www.cervezamexico.com\\\/cdmx\\\/\",\"logo\":{\"@type\":\"ImageObject\",\"inLanguage\":\"es\",\"@id\":\"https:\\\/\\\/www.cervezamexico.com\\\/cdmx\\\/#\\\/schema\\\/logo\\\/image\\\/\",\"url\":\"https:\\\/\\\/www.cervezamexico.com\\\/wp-content\\\/uploads\\\/2023\\\/02\\\/logo_web.png\",\"contentUrl\":\"https:\\\/\\\/www.cervezamexico.com\\\/wp-content\\\/uploads\\\/2023\\\/02\\\/logo_web.png\",\"width\":900,\"height\":900,\"caption\":\"Cerveza M\u00e9xico\"},\"image\":{\"@id\":\"https:\\\/\\\/www.cervezamexico.com\\\/cdmx\\\/#\\\/schema\\\/logo\\\/image\\\/\"},\"sameAs\":[\"https:\\\/\\\/www.facebook.com\\\/CervezaMexico\",\"https:\\\/\\\/x.com\\\/CervezaMexico\",\"https:\\\/\\\/www.instagram.com\\\/expo.cerveza\\\/\",\"https:\\\/\\\/www.tiktok.com\\\/@expocerveza\",\"https:\\\/\\\/www.youtube.com\\\/@cervezamexico669\"]}]}<\/script>\n<!-- \/ Yoast SEO plugin. -->","yoast_head_json":{"title":"Aviso de Privacidad - Cerveza M\u00e9xico","robots":{"index":"index","follow":"follow","max-snippet":"max-snippet:-1","max-image-preview":"max-image-preview:large","max-video-preview":"max-video-preview:-1"},"canonical":"https:\/\/www.cervezamexico.com\/cdmx\/aviso-de-privacidad\/","og_locale":"es_ES","og_type":"article","og_title":"Aviso de Privacidad - Cerveza M\u00e9xico","og_description":"[vc_row][vc_column][vc_column_text] Aviso de Privacidad Este aviso \u00a0describe la forma en que recabamos y usamos los datos personales que usted nos brinda, al registrarse como asistente, expositor, \u00a0comprador o \u00a0profesional \u00a0a alguna de nuestras exposiciones Expo Caf\u00e9 &amp; Gourmet Show, Expo Mercer\u00eda y Manualidades Guadalajara; Expo Mercer\u00eda&hellip;","og_url":"https:\/\/www.cervezamexico.com\/cdmx\/aviso-de-privacidad\/","og_site_name":"Cerveza M\u00e9xico","article_publisher":"https:\/\/www.facebook.com\/CervezaMexico","article_modified_time":"2024-04-11T19:26:40+00:00","twitter_card":"summary_large_image","twitter_site":"@CervezaMexico","twitter_misc":{"Tiempo de lectura":"8 minutos"},"schema":{"@context":"https:\/\/schema.org","@graph":[{"@type":"WebPage","@id":"https:\/\/www.cervezamexico.com\/cdmx\/aviso-de-privacidad\/","url":"https:\/\/www.cervezamexico.com\/cdmx\/aviso-de-privacidad\/","name":"Aviso de Privacidad - Cerveza M\u00e9xico","isPartOf":{"@id":"https:\/\/www.cervezamexico.com\/cdmx\/#website"},"datePublished":"2019-06-14T15:08:07+00:00","dateModified":"2024-04-11T19:26:40+00:00","breadcrumb":{"@id":"https:\/\/www.cervezamexico.com\/cdmx\/aviso-de-privacidad\/#breadcrumb"},"inLanguage":"es","potentialAction":[{"@type":"ReadAction","target":["https:\/\/www.cervezamexico.com\/cdmx\/aviso-de-privacidad\/"]}]},{"@type":"BreadcrumbList","@id":"https:\/\/www.cervezamexico.com\/cdmx\/aviso-de-privacidad\/#breadcrumb","itemListElement":[{"@type":"ListItem","position":1,"name":"Portada","item":"https:\/\/www.cervezamexico.com\/cdmx\/"},{"@type":"ListItem","position":2,"name":"Aviso de Privacidad"}]},{"@type":"WebSite","@id":"https:\/\/www.cervezamexico.com\/cdmx\/#website","url":"https:\/\/www.cervezamexico.com\/cdmx\/","name":"Cerveza M\u00e9xico","description":"Expo Cerveza M\u00e9xico | Juntos por la Cerveza","publisher":{"@id":"https:\/\/www.cervezamexico.com\/cdmx\/#organization"},"potentialAction":[{"@type":"SearchAction","target":{"@type":"EntryPoint","urlTemplate":"https:\/\/www.cervezamexico.com\/cdmx\/?s={search_term_string}"},"query-input":{"@type":"PropertyValueSpecification","valueRequired":true,"valueName":"search_term_string"}}],"inLanguage":"es"},{"@type":"Organization","@id":"https:\/\/www.cervezamexico.com\/cdmx\/#organization","name":"Cerveza M\u00e9xico","url":"https:\/\/www.cervezamexico.com\/cdmx\/","logo":{"@type":"ImageObject","inLanguage":"es","@id":"https:\/\/www.cervezamexico.com\/cdmx\/#\/schema\/logo\/image\/","url":"https:\/\/www.cervezamexico.com\/wp-content\/uploads\/2023\/02\/logo_web.png","contentUrl":"https:\/\/www.cervezamexico.com\/wp-content\/uploads\/2023\/02\/logo_web.png","width":900,"height":900,"caption":"Cerveza M\u00e9xico"},"image":{"@id":"https:\/\/www.cervezamexico.com\/cdmx\/#\/schema\/logo\/image\/"},"sameAs":["https:\/\/www.facebook.com\/CervezaMexico","https:\/\/x.com\/CervezaMexico","https:\/\/www.instagram.com\/expo.cerveza\/","https:\/\/www.tiktok.com\/@expocerveza","https:\/\/www.youtube.com\/@cervezamexico669"]}]}},"jetpack_sharing_enabled":true,"_links":{"self":[{"href":"https:\/\/www.cervezamexico.com\/cdmx\/wp-json\/wp\/v2\/pages\/6554","targetHints":{"allow":["GET"]}}],"collection":[{"href":"https:\/\/www.cervezamexico.com\/cdmx\/wp-json\/wp\/v2\/pages"}],"about":[{"href":"https:\/\/www.cervezamexico.com\/cdmx\/wp-json\/wp\/v2\/types\/page"}],"author":[{"embeddable":true,"href":"https:\/\/www.cervezamexico.com\/cdmx\/wp-json\/wp\/v2\/users\/120"}],"replies":[{"embeddable":true,"href":"https:\/\/www.cervezamexico.com\/cdmx\/wp-json\/wp\/v2\/comments?post=6554"}],"version-history":[{"count":0,"href":"https:\/\/www.cervezamexico.com\/cdmx\/wp-json\/wp\/v2\/pages\/6554\/revisions"}],"wp:attachment":[{"href":"https:\/\/www.cervezamexico.com\/cdmx\/wp-json\/wp\/v2\/media?parent=6554"}],"curies":[{"name":"wp","href":"https:\/\/api.w.org\/{rel}","templated":true}]}}