{"id":88,"date":"2021-12-15T11:13:44","date_gmt":"2021-12-15T17:13:44","guid":{"rendered":"https:\/\/www.cervezamexico.com\/guadalajara\/?page_id=88"},"modified":"2024-04-11T13:40:05","modified_gmt":"2024-04-11T19:40:05","slug":"acreditacion-de-prensa","status":"publish","type":"page","link":"https:\/\/www.cervezamexico.com\/cdmx\/acreditacion-de-prensa\/","title":{"rendered":"Acreditaci\u00f3n de prensa"},"content":{"rendered":"<div class=\"wpb-content-wrapper\"><p>[vc_row css=&#8221;.vc_custom_1711988292483{margin-top: 0px !important;padding-top: 50px !important;}&#8221;][vc_column]<div id=\"uvc-type-wrap-3348\"  data-ultimate-target='#uvc-type-wrap-3348'  data-responsive-json-new='{\"font-size\":\"desktop:32px;\",\"line-height\":\"\"}'  class=\"uvc-type-wrap  ult-adjust-bottom-margin ult-responsive  uvc-type-align-center uvc-type-no-prefix uvc-wrap-399342421569edf2f922f92\" style=\"text-align:center;\"><span id=\"typed-399342421569edf2f922f92\" class=\"ultimate-typed-main\" style=\"color:#00325d; font-weight:bold; text-transform: uppercase;\"><\/span><span  data-ultimate-target='#uvc-type-wrap-3348 .mycustfancy'  data-responsive-json-new='{\"font-size\":\"desktop:32px;\",\"line-height\":\"desktop:1px;\"}'  class=\"ultimate-typewriter-suffix mycustfancy ult-responsive\" style=\"font-weight:bold;color:#fbc200; text-transform: unset;\">ACREDITARTE ?<\/span><script type=\"text\/javascript\">\n\t\t\t\t\t\tjQuery(function($){ \n\t\t\t\t\t\t\t$(document).ready(function(){\n\t\t\t\t\t\t\t\tif( typeof jQuery(\"#typed-399342421569edf2f922f92\").typed == \"function\"){\n\t\t\t\t\t\t\t\t\t$(\"#typed-399342421569edf2f922f92\").typed({\n\t\t\t\t\t\t\t\t\t\tstrings: [\"\u00bfQUIERES\"],\n\t\t\t\t\t\t\t\t\t\ttypeSpeed: 20,\n\t\t\t\t\t\t\t\t\t\tbackSpeed: 8,\n\t\t\t\t\t\t\t\t\t\tstartDelay: \"500\",\n\t\t\t\t\t\t\t\t\t\tbackDelay: \"2500\",\n\t\t\t\t\t\t\t\t\t\tloop: false,\n\t\t\t\t\t\t\t\t\t\tloopCount: false,\n\t\t\t\t\t\t\t\t\t\tshowCursor: true,\n\t\t\t\t\t\t\t\t\t\tcursorChar: \"|\",\n\t\t\t\t\t\t\t\t\t\tattr: null\n\t\t\t\t\t\t\t\t\t});\n\t\t\t\t\t\t\t\t}\n\t\t\t\t\t\t\t});\n\t\t\t\t\t\t});\n\t\t\t\t\t<\/script><\/div>[vc_column_text]<\/p> <h2 style=\"color: #83222f; text-align: center; font-size: 30px;\"><\/h2> <p style=\"color: #fd4100; text-align: center;\">*<strong><span style=\"color: #fd4100;\">Por favor ten en cuenta que llenar el formulario no garantiza tu acreditaci\u00f3n, ya que se realiza una evaluaci\u00f3n sobre los datos proporcionados\u00a0 y se otorga acreditaci\u00f3n a aquellos medios que cumplan los requisitos espec\u00edficos de este evento<\/span><\/strong>*<\/p> <p style=\"color: #000; text-align: center;\">De ser aprobada su acreditaci\u00f3n es indispensable presentar identificaci\u00f3n del medio vigente y con fotograf\u00eda, junto con una tarjeta de presentaci\u00f3n.<\/p> <p><span style=\"vertical-align: inherit;\"><span style=\"vertical-align: inherit;\"><\/span><\/span>[\/vc_column_text] <div class=\"wpcf7 no-js\" id=\"wpcf7-f23846-o1\" lang=\"en-US\" dir=\"ltr\" data-wpcf7-id=\"23846\"> <div class=\"screen-reader-response\"><p role=\"status\" aria-live=\"polite\" aria-atomic=\"true\"><\/p> <ul><\/ul><\/div> <form action=\"\/cdmx\/wp-json\/wp\/v2\/pages\/88#wpcf7-f23846-o1\" method=\"post\" class=\"wpcf7-form init\" aria-label=\"Contact form\" novalidate=\"novalidate\" data-status=\"init\"> <fieldset class=\"hidden-fields-container\"><input type=\"hidden\" name=\"_wpcf7\" value=\"23846\" \/><input type=\"hidden\" name=\"_wpcf7_version\" value=\"6.1.5\" \/><input type=\"hidden\" name=\"_wpcf7_locale\" value=\"en_US\" \/><input type=\"hidden\" name=\"_wpcf7_unit_tag\" value=\"wpcf7-f23846-o1\" \/><input type=\"hidden\" name=\"_wpcf7_container_post\" value=\"0\" \/><input type=\"hidden\" name=\"_wpcf7_posted_data_hash\" value=\"\" \/><input type=\"hidden\" name=\"_wpcf7cf_hidden_group_fields\" value=\"[]\" \/><input type=\"hidden\" name=\"_wpcf7cf_hidden_groups\" value=\"[]\" \/><input type=\"hidden\" name=\"_wpcf7cf_visible_groups\" value=\"[]\" \/><input type=\"hidden\" name=\"_wpcf7cf_repeaters\" value=\"[]\" \/><input type=\"hidden\" name=\"_wpcf7cf_steps\" value=\"{}\" \/><input type=\"hidden\" name=\"_wpcf7cf_options\" value=\"{&quot;form_id&quot;:23846,&quot;conditions&quot;:[],&quot;settings&quot;:{&quot;animation&quot;:&quot;yes&quot;,&quot;animation_intime&quot;:200,&quot;animation_outtime&quot;:200,&quot;conditions_ui&quot;:&quot;normal&quot;,&quot;notice_dismissed&quot;:false,&quot;notice_dismissed_rollback-cf7-5.8.7&quot;:true,&quot;notice_dismissed_rollback-cf7-5.9.2&quot;:true,&quot;notice_dismissed_rollback-cf7-5.9.5&quot;:true}}\" \/> <\/fieldset> <div class=\"vc_col-md-6 center\"> \t<p><label>Nombre del medio<br \/> <span class=\"wpcf7-form-control-wrap\" data-name=\"your-medio\"><input size=\"40\" maxlength=\"400\" class=\"wpcf7-form-control wpcf7-text wpcf7-validates-as-required\" aria-required=\"true\" aria-invalid=\"false\" value=\"\" type=\"text\" name=\"your-medio\" \/><\/span> <\/label> \t<\/p> \t<p><label>Nombre de contacto<br \/> <span class=\"wpcf7-form-control-wrap\" data-name=\"your-contacto\"><input size=\"40\" maxlength=\"400\" class=\"wpcf7-form-control wpcf7-text wpcf7-validates-as-required\" aria-required=\"true\" aria-invalid=\"false\" value=\"\" type=\"text\" name=\"your-contacto\" \/><\/span> <\/label> \t<\/p> \t<p><label>Cargo<br \/> <span class=\"wpcf7-form-control-wrap\" data-name=\"cargo\"><input size=\"40\" maxlength=\"400\" class=\"wpcf7-form-control wpcf7-text wpcf7-validates-as-required\" aria-required=\"true\" aria-invalid=\"false\" value=\"\" type=\"text\" name=\"cargo\" \/><\/span> <\/label> \t<\/p> <\/div> <div class=\"vc_col-md-6 center\"> \t<p><label>Correo electr\u00f3nico<br \/> <span class=\"wpcf7-form-control-wrap\" data-name=\"your-email\"><input size=\"40\" maxlength=\"400\" class=\"wpcf7-form-control wpcf7-email wpcf7-validates-as-required wpcf7-text wpcf7-validates-as-email\" aria-required=\"true\" aria-invalid=\"false\" value=\"\" type=\"email\" name=\"your-email\" \/><\/span> <\/label> \t<\/p> \t<p><label>Tel\u00e9fono<br \/> <span class=\"wpcf7-form-control-wrap\" data-name=\"phone\"><input size=\"40\" maxlength=\"400\" class=\"wpcf7-form-control wpcf7-text wpcf7-validates-as-required\" aria-required=\"true\" aria-invalid=\"false\" value=\"\" type=\"text\" name=\"phone\" \/><\/span> <\/label> \t<\/p> \t<p><label>Sitio web<br \/> <span class=\"wpcf7-form-control-wrap\" data-name=\"web\"><input size=\"40\" maxlength=\"400\" class=\"wpcf7-form-control wpcf7-text\" aria-invalid=\"false\" value=\"\" type=\"text\" name=\"web\" \/><\/span> <\/label><br \/> &nbsp; \t<\/p> \t<div class=\"cf7-cf-turnstile\" style=\"margin-top: 0px; margin-bottom: -15px;\"> <div id=\"cf-turnstile-cf7-3082212381\" class=\"cf-turnstile\" data-callback=\"turnstileCF7Callback\" data-sitekey=\"0x4AAAAAABDi5ZvvJmxQoYN8\" data-theme=\"light\" data-language=\"auto\" data-size=\"normal\" data-retry=\"auto\" data-retry-interval=\"1000\" data-refresh-expired=\"auto\" data-refresh-timeout=\"auto\" data-action=\"contact-form-7\" data-error-callback=\"cfturnstileErrorCallback\" data-appearance=\"always\"><\/div> <div class=\"cf-turnstile-failed-text cf-turnstile-failed-text-cf7-3082212381\"><\/div> <script> function cfturnstileErrorCallback() { var cfTurnstileFailedText = document.querySelector('.cf-turnstile-failed-text-cf7-3082212381'); cfTurnstileFailedText.innerHTML = '<p><i>Failed to verify you are human. Please contact us if you are having issues.<\/i><\/p>'; } function cfturnstileCallback() { var cfTurnstileFailedText = document.querySelector('.cf-turnstile-failed-text-cf7-3082212381'); cfTurnstileFailedText.innerHTML = ''; } <\/script> <style>.wpcf7-submit { pointer-events: none; opacity: 0.5; }<\/style> <script>document.addEventListener(\"DOMContentLoaded\", function() { setTimeout(function(){ var e=document.getElementById(\"cf-turnstile-cf7-3082212381\"); if(e&&!e.innerHTML.trim()){turnstile.render(e, {sitekey:\"0x4AAAAAABDi5ZvvJmxQoYN8\"});} }, 200); });<\/script> <br class=\"cf-turnstile-br cf-turnstile-br-cf7-3082212381\"> <style>#cf-turnstile-cf7-3082212381 { margin-left: -15px; }<\/style> <script>document.addEventListener(\"DOMContentLoaded\",function(){document.querySelectorAll('.wpcf7-form').forEach(function(e){e.addEventListener('submit',function(){if(document.getElementById('cf-turnstile-cf7-3082212381')){setTimeout(function(){turnstile.reset('#cf-turnstile-cf7-3082212381');},1000)}})})});<\/script> <\/div><br\/><input class=\"wpcf7-form-control wpcf7-submit has-spinner\" type=\"submit\" value=\"Enviar\" \/> \t<\/p> <\/div><div class=\"wpcf7-response-output\" aria-hidden=\"true\"><\/div> <\/form> <\/div> [\/vc_column][\/vc_row][vc_row css=&#8221;.vc_custom_1711564285996{margin-bottom: 50px !important;}&#8221;][vc_column][\/vc_column][\/vc_row]<\/p> <\/div>","protected":false},"excerpt":{"rendered":"<p>[vc_row css=&#8221;.vc_custom_1711988292483{margin-top: 0px !important;padding-top: 50px !important;}&#8221;][vc_column][vc_column_text] *Por favor ten en cuenta que llenar el formulario no garantiza tu acreditaci\u00f3n, ya que se realiza una evaluaci\u00f3n sobre los datos proporcionados\u00a0 y se otorga acreditaci\u00f3n a aquellos medios que cumplan los requisitos espec\u00edficos de este evento* De ser&hellip;<\/p>\n","protected":false},"author":120,"featured_media":0,"parent":0,"menu_order":0,"comment_status":"closed","ping_status":"closed","template":"","meta":{"_acf_changed":false,"inline_featured_image":false,"footnotes":""},"class_list":["post-88","page","type-page","status-publish","hentry","last"],"acf":[],"yoast_head":"<!-- This site is optimized with the Yoast SEO plugin v27.4 - https:\/\/yoast.com\/product\/yoast-seo-wordpress\/ -->\n<title>Acreditaci\u00f3n de prensa - Cerveza M\u00e9xico<\/title>\n<meta name=\"robots\" content=\"index, follow, max-snippet:-1, max-image-preview:large, max-video-preview:-1\" \/>\n<link rel=\"canonical\" href=\"https:\/\/www.cervezamexico.com\/cdmx\/acreditacion-de-prensa\/\" \/>\n<meta property=\"og:locale\" content=\"es_ES\" \/>\n<meta property=\"og:type\" content=\"article\" \/>\n<meta property=\"og:title\" content=\"Acreditaci\u00f3n de prensa - Cerveza M\u00e9xico\" \/>\n<meta property=\"og:description\" content=\"[vc_row css=&#8221;.vc_custom_1711988292483{margin-top: 0px !important;padding-top: 50px !important;}&#8221;][vc_column][vc_column_text] *Por favor ten en cuenta que llenar el formulario no garantiza tu acreditaci\u00f3n, ya que se realiza una evaluaci\u00f3n sobre los datos proporcionados\u00a0 y se otorga acreditaci\u00f3n a aquellos medios que cumplan los requisitos espec\u00edficos de este evento* De ser&hellip;\" \/>\n<meta property=\"og:url\" content=\"https:\/\/www.cervezamexico.com\/cdmx\/acreditacion-de-prensa\/\" \/>\n<meta property=\"og:site_name\" content=\"Cerveza M\u00e9xico\" \/>\n<meta property=\"article:publisher\" content=\"https:\/\/www.facebook.com\/CervezaMexico\" \/>\n<meta property=\"article:modified_time\" content=\"2024-04-11T19:40:05+00:00\" \/>\n<meta name=\"twitter:card\" content=\"summary_large_image\" \/>\n<meta name=\"twitter:site\" content=\"@CervezaMexico\" \/>\n<meta name=\"twitter:label1\" content=\"Tiempo de lectura\" \/>\n\t<meta name=\"twitter:data1\" content=\"1 minuto\" \/>\n<script type=\"application\/ld+json\" class=\"yoast-schema-graph\">{\"@context\":\"https:\\\/\\\/schema.org\",\"@graph\":[{\"@type\":\"WebPage\",\"@id\":\"https:\\\/\\\/www.cervezamexico.com\\\/cdmx\\\/acreditacion-de-prensa\\\/\",\"url\":\"https:\\\/\\\/www.cervezamexico.com\\\/cdmx\\\/acreditacion-de-prensa\\\/\",\"name\":\"Acreditaci\u00f3n de prensa - Cerveza M\u00e9xico\",\"isPartOf\":{\"@id\":\"https:\\\/\\\/www.cervezamexico.com\\\/cdmx\\\/#website\"},\"datePublished\":\"2021-12-15T17:13:44+00:00\",\"dateModified\":\"2024-04-11T19:40:05+00:00\",\"breadcrumb\":{\"@id\":\"https:\\\/\\\/www.cervezamexico.com\\\/cdmx\\\/acreditacion-de-prensa\\\/#breadcrumb\"},\"inLanguage\":\"es\",\"potentialAction\":[{\"@type\":\"ReadAction\",\"target\":[\"https:\\\/\\\/www.cervezamexico.com\\\/cdmx\\\/acreditacion-de-prensa\\\/\"]}]},{\"@type\":\"BreadcrumbList\",\"@id\":\"https:\\\/\\\/www.cervezamexico.com\\\/cdmx\\\/acreditacion-de-prensa\\\/#breadcrumb\",\"itemListElement\":[{\"@type\":\"ListItem\",\"position\":1,\"name\":\"Portada\",\"item\":\"https:\\\/\\\/www.cervezamexico.com\\\/cdmx\\\/\"},{\"@type\":\"ListItem\",\"position\":2,\"name\":\"Acreditaci\u00f3n de prensa\"}]},{\"@type\":\"WebSite\",\"@id\":\"https:\\\/\\\/www.cervezamexico.com\\\/cdmx\\\/#website\",\"url\":\"https:\\\/\\\/www.cervezamexico.com\\\/cdmx\\\/\",\"name\":\"Cerveza M\u00e9xico\",\"description\":\"Expo Cerveza M\u00e9xico | Juntos por la Cerveza\",\"publisher\":{\"@id\":\"https:\\\/\\\/www.cervezamexico.com\\\/cdmx\\\/#organization\"},\"potentialAction\":[{\"@type\":\"SearchAction\",\"target\":{\"@type\":\"EntryPoint\",\"urlTemplate\":\"https:\\\/\\\/www.cervezamexico.com\\\/cdmx\\\/?s={search_term_string}\"},\"query-input\":{\"@type\":\"PropertyValueSpecification\",\"valueRequired\":true,\"valueName\":\"search_term_string\"}}],\"inLanguage\":\"es\"},{\"@type\":\"Organization\",\"@id\":\"https:\\\/\\\/www.cervezamexico.com\\\/cdmx\\\/#organization\",\"name\":\"Cerveza M\u00e9xico\",\"url\":\"https:\\\/\\\/www.cervezamexico.com\\\/cdmx\\\/\",\"logo\":{\"@type\":\"ImageObject\",\"inLanguage\":\"es\",\"@id\":\"https:\\\/\\\/www.cervezamexico.com\\\/cdmx\\\/#\\\/schema\\\/logo\\\/image\\\/\",\"url\":\"https:\\\/\\\/www.cervezamexico.com\\\/wp-content\\\/uploads\\\/2023\\\/02\\\/logo_web.png\",\"contentUrl\":\"https:\\\/\\\/www.cervezamexico.com\\\/wp-content\\\/uploads\\\/2023\\\/02\\\/logo_web.png\",\"width\":900,\"height\":900,\"caption\":\"Cerveza M\u00e9xico\"},\"image\":{\"@id\":\"https:\\\/\\\/www.cervezamexico.com\\\/cdmx\\\/#\\\/schema\\\/logo\\\/image\\\/\"},\"sameAs\":[\"https:\\\/\\\/www.facebook.com\\\/CervezaMexico\",\"https:\\\/\\\/x.com\\\/CervezaMexico\",\"https:\\\/\\\/www.instagram.com\\\/expo.cerveza\\\/\",\"https:\\\/\\\/www.tiktok.com\\\/@expocerveza\",\"https:\\\/\\\/www.youtube.com\\\/@cervezamexico669\"]}]}<\/script>\n<!-- \/ Yoast SEO plugin. -->","yoast_head_json":{"title":"Acreditaci\u00f3n de prensa - Cerveza M\u00e9xico","robots":{"index":"index","follow":"follow","max-snippet":"max-snippet:-1","max-image-preview":"max-image-preview:large","max-video-preview":"max-video-preview:-1"},"canonical":"https:\/\/www.cervezamexico.com\/cdmx\/acreditacion-de-prensa\/","og_locale":"es_ES","og_type":"article","og_title":"Acreditaci\u00f3n de prensa - Cerveza M\u00e9xico","og_description":"[vc_row css=&#8221;.vc_custom_1711988292483{margin-top: 0px !important;padding-top: 50px !important;}&#8221;][vc_column][vc_column_text] *Por favor ten en cuenta que llenar el formulario no garantiza tu acreditaci\u00f3n, ya que se realiza una evaluaci\u00f3n sobre los datos proporcionados\u00a0 y se otorga acreditaci\u00f3n a aquellos medios que cumplan los requisitos espec\u00edficos de este evento* De ser&hellip;","og_url":"https:\/\/www.cervezamexico.com\/cdmx\/acreditacion-de-prensa\/","og_site_name":"Cerveza M\u00e9xico","article_publisher":"https:\/\/www.facebook.com\/CervezaMexico","article_modified_time":"2024-04-11T19:40:05+00:00","twitter_card":"summary_large_image","twitter_site":"@CervezaMexico","twitter_misc":{"Tiempo de lectura":"1 minuto"},"schema":{"@context":"https:\/\/schema.org","@graph":[{"@type":"WebPage","@id":"https:\/\/www.cervezamexico.com\/cdmx\/acreditacion-de-prensa\/","url":"https:\/\/www.cervezamexico.com\/cdmx\/acreditacion-de-prensa\/","name":"Acreditaci\u00f3n de prensa - Cerveza M\u00e9xico","isPartOf":{"@id":"https:\/\/www.cervezamexico.com\/cdmx\/#website"},"datePublished":"2021-12-15T17:13:44+00:00","dateModified":"2024-04-11T19:40:05+00:00","breadcrumb":{"@id":"https:\/\/www.cervezamexico.com\/cdmx\/acreditacion-de-prensa\/#breadcrumb"},"inLanguage":"es","potentialAction":[{"@type":"ReadAction","target":["https:\/\/www.cervezamexico.com\/cdmx\/acreditacion-de-prensa\/"]}]},{"@type":"BreadcrumbList","@id":"https:\/\/www.cervezamexico.com\/cdmx\/acreditacion-de-prensa\/#breadcrumb","itemListElement":[{"@type":"ListItem","position":1,"name":"Portada","item":"https:\/\/www.cervezamexico.com\/cdmx\/"},{"@type":"ListItem","position":2,"name":"Acreditaci\u00f3n de prensa"}]},{"@type":"WebSite","@id":"https:\/\/www.cervezamexico.com\/cdmx\/#website","url":"https:\/\/www.cervezamexico.com\/cdmx\/","name":"Cerveza M\u00e9xico","description":"Expo Cerveza M\u00e9xico | Juntos por la Cerveza","publisher":{"@id":"https:\/\/www.cervezamexico.com\/cdmx\/#organization"},"potentialAction":[{"@type":"SearchAction","target":{"@type":"EntryPoint","urlTemplate":"https:\/\/www.cervezamexico.com\/cdmx\/?s={search_term_string}"},"query-input":{"@type":"PropertyValueSpecification","valueRequired":true,"valueName":"search_term_string"}}],"inLanguage":"es"},{"@type":"Organization","@id":"https:\/\/www.cervezamexico.com\/cdmx\/#organization","name":"Cerveza M\u00e9xico","url":"https:\/\/www.cervezamexico.com\/cdmx\/","logo":{"@type":"ImageObject","inLanguage":"es","@id":"https:\/\/www.cervezamexico.com\/cdmx\/#\/schema\/logo\/image\/","url":"https:\/\/www.cervezamexico.com\/wp-content\/uploads\/2023\/02\/logo_web.png","contentUrl":"https:\/\/www.cervezamexico.com\/wp-content\/uploads\/2023\/02\/logo_web.png","width":900,"height":900,"caption":"Cerveza M\u00e9xico"},"image":{"@id":"https:\/\/www.cervezamexico.com\/cdmx\/#\/schema\/logo\/image\/"},"sameAs":["https:\/\/www.facebook.com\/CervezaMexico","https:\/\/x.com\/CervezaMexico","https:\/\/www.instagram.com\/expo.cerveza\/","https:\/\/www.tiktok.com\/@expocerveza","https:\/\/www.youtube.com\/@cervezamexico669"]}]}},"jetpack_sharing_enabled":true,"_links":{"self":[{"href":"https:\/\/www.cervezamexico.com\/cdmx\/wp-json\/wp\/v2\/pages\/88","targetHints":{"allow":["GET"]}}],"collection":[{"href":"https:\/\/www.cervezamexico.com\/cdmx\/wp-json\/wp\/v2\/pages"}],"about":[{"href":"https:\/\/www.cervezamexico.com\/cdmx\/wp-json\/wp\/v2\/types\/page"}],"author":[{"embeddable":true,"href":"https:\/\/www.cervezamexico.com\/cdmx\/wp-json\/wp\/v2\/users\/120"}],"replies":[{"embeddable":true,"href":"https:\/\/www.cervezamexico.com\/cdmx\/wp-json\/wp\/v2\/comments?post=88"}],"version-history":[{"count":0,"href":"https:\/\/www.cervezamexico.com\/cdmx\/wp-json\/wp\/v2\/pages\/88\/revisions"}],"wp:attachment":[{"href":"https:\/\/www.cervezamexico.com\/cdmx\/wp-json\/wp\/v2\/media?parent=88"}],"curies":[{"name":"wp","href":"https:\/\/api.w.org\/{rel}","templated":true}]}}