{"id":112,"date":"2019-05-27T10:55:28","date_gmt":"2019-05-27T15:55:28","guid":{"rendered":"https:\/\/www.cervezamexico.com\/2019\/?page_id=112"},"modified":"2026-04-08T12:13:38","modified_gmt":"2026-04-08T18:13:38","slug":"hospedaje-2","status":"publish","type":"page","link":"https:\/\/www.cervezamexico.com\/guadalajara\/hospedaje-2\/","title":{"rendered":"Hospedaje"},"content":{"rendered":"<div class=\"wpb-content-wrapper\"><p>[vc_row full_width=&#8221;stretch_row&#8221; gap=&#8221;10&#8243; equal_height=&#8221;yes&#8221; content_placement=&#8221;middle&#8221; css=&#8221;.vc_custom_1711330513081{margin-top: 30px !important;}&#8221;][vc_column width=&#8221;1\/2&#8243;][vc_single_image image=&#8221;25525&#8243; css=&#8221;&#8221;][vc_column_text css=&#8221;&#8221;]<span style=\"color: #794182;\"><strong><span style=\"font-size: 22px;\">GUADALAJARA PLAZA EXPO<\/span><\/strong><\/span><\/p>\n<p>Reservas: <a href=\"mailto:reservas@hotelesgdlplaza.com.mx\"><strong>reservas@hotelesgdlplaza.com.mx<\/strong><\/a><br \/>\nTel. 52 + 33 2226 2712<\/p>\n<p>SENCILLA $ 1400.00 MXN<br \/>\nDOBLE $ 1500.00 MXN<br \/>\nPersona Adicional $ 390.00 MXN<br \/>\nINCLUYE Desayuno buffet<\/p>\n<p>M\u00e1s impuestos + 16% IVA + 5% ISH.<\/p>\n<p>Av. Mariano Otero No. 3261<br \/>\n44510 | Guadalajara, Jalisco<\/p>\n<p>Al hacer su reservaci\u00f3n, mencionar el nombre del evento o TRADEX EXPOSICIONES<\/p>\n<p>En fecha FIFA | NO APLICA[\/vc_column_text][\/vc_column][vc_column width=&#8221;1\/2&#8243;][vc_single_image image=&#8221;25526&#8243; css=&#8221;&#8221;][vc_column_text css=&#8221;&#8221;]<span style=\"color: #794182;\"><strong><span style=\"font-size: 22px;\">HOTEL HOLIDAY INN EXPRESS<\/span><\/strong><\/span><\/p>\n<p>Reservas: <a href=\"mailto:m.torresg@citelis.mx\"><strong>m.torresg@citelis.mx<\/strong><\/a><br \/>\nTel: + 52 33 5000 8080 Ext. 6000<\/p>\n<p>ESTANDAR SENCILLA $ 1,570.00 MXN<br \/>\nESTANDAR DOBLE $ 1,615.00 MXN<\/p>\n<p>INCLUYE: Desayuno buffet americano<br \/>\nM\u00e1s impuestos 16% IVA | M\u00e1s 5% ISH<\/p>\n<p>Mariano Otero No 2397 Guadalajara, Jalisco<\/p>\n<p>Al hacer su reservaci\u00f3n, mencionar el nombre del evento o TRADEX EXPOSICIONES<\/p>\n<p>En fecha FIFA | NO APLICA[\/vc_column_text][\/vc_column][\/vc_row][vc_row css=&#8221;.vc_custom_1775672292003{margin-top: 50px !important;}&#8221;][vc_column][vc_separator color=&#8221;custom&#8221; border_width=&#8221;2&#8243; accent_color=&#8221;#f96f01&#8243;][vc_column_text css=&#8221;.vc_custom_1775672321808{margin-top: 20px !important;margin-bottom: 20px !important;}&#8221;]<\/p>\n<h3 style=\"text-align: center;\"><span style=\"color: #ff6600;\">OPCIONES ALTERNAS<\/span><\/h3>\n<p>[\/vc_column_text][vc_separator color=&#8221;custom&#8221; border_width=&#8221;2&#8243; accent_color=&#8221;#f96f01&#8243;][\/vc_column][\/vc_row][vc_row][vc_column css=&#8221;.vc_custom_1775672450081{margin-bottom: 50px !important;}&#8221;][vc_column_text css=&#8221;.vc_custom_1775672417826{margin-top: 50px !important;}&#8221;]El expositor deber\u00e1 gestionar personalmente sus reservaciones, bloqueos y pagos a trav\u00e9s de los calendarios disponibles en cada p\u00e1gina. La organizaci\u00f3n no se hace responsable ni avala los acuerdos comerciales que se generen entre terceros.<\/p>\n<ul>\n<li>EXPO HOTEL | <a href=\"http:\/\/track.smtp-email.com\/9185625\/c?p=I4azpss091nG5tRpGeF08coHyR_dKfJnHH5acLS43ZgaN37zEnZof8aoNInD0D12NuO6RMcGp8HOxOv2NCEe_Sb3KLyT7j8I64geJAgQjGOLiZCKg8qRUNqP7GwzDHAO0qiuYMq8MdyPftL3_78nd72EdKD3GgUAH3sF8_0amgpOtA3l8pNBo6Af0Pf9yB2g\">https:\/\/expohotel.guadalajarahotel.net\/es\/<\/a><\/li>\n<li>LEMON GREEN | <a href=\"http:\/\/track.smtp-email.com\/9185625\/c?p=00CfnhOH8xAtNkPJNpE3plLGHsxO5THQKbpXSnocnXk2fTRAENqpWWGqxTvUB0uBm91XcXJINu7jmUxIYylrOc42PRjl4BfqrVY8edqYaRbuRVFCMgQ44EiuyzSukt9kWXoaBSGJ_hIgJJvbMsDFfGnYWT2WIiB6vHjE4IME7Fw=\">https:\/\/lemongreenhotel.com\/<\/a><\/li>\n<li>IBIS | <a href=\"http:\/\/track.smtp-email.com\/9185625\/c?p=Jp1sn2YH5zeolLkPOBi9EYz5cmw-f3tAMVfyfkWvnPkinogbYf373PWJmKO-lw9IO2GFrslryEdY-UMlYD9bzsm9Q_nQCEOWjXh9XtlpM_V5DQ91FrA--O8lTMXclX8f6h2ouZvtgi3eodmqOboSU7DllmSuGMyvIEDQLWaoQOLV57bmI7SLuxpG65-_iPgEv0Q348zbPy_TBwEJO6lc92BsCpaEid6O1RCwVU9h7yY=\">https:\/\/ibis.accor.com\/es\/destination\/region\/hotels-jalisco-jal.html<\/a><\/li>\n<\/ul>\n<p>Tambi\u00e9n se pueden gestionar a trav\u00e9s de plataformas como:<\/p>\n<ul>\n<li><a href=\"http:\/\/track.smtp-email.com\/9185625\/c?p=CGXvZLUXcc3pJ_ukN2X-ja_WtD8RDN65PWafEAwnW6CMmzDqq5G6G5TnV1PwVjsXpk180NFNkuHXU3XFQM_D1fVKPE25Ln-iyc__TBcscRRQ70k8-l2onio4Wcpu1CAJagmdx2LkowiA4XGVg1S6WprZ-ozP36OsTdIxv6MCRbs=\">https:\/\/www.booking.com\/<\/a><\/li>\n<li><a href=\"http:\/\/track.smtp-email.com\/9185625\/c?p=yEs7iRNxpYkZoEt4baHVB38ZgTnPwe92vCyRydChV-Yw-VRQLSEMzID6aEY6kC2w1NPkPzgEeKOoCDpWNKbA4MZ4FmwBi99lwb9VovxaElKkGta5zokGXtu4rAAWc85_81YAAlZsDh9N7NDu67U8gqgA4ue3wb5OliF6i45FRqU=\">https:\/\/pricetravel.com<\/a><\/li>\n<li>\u00a0<a href=\"http:\/\/track.smtp-email.com\/9185625\/c?p=VHwxLi6umXFhOeGvF9pAHqNejhanVlWvTwbaZXKlZ1fAoru4TS4r0nIr49o3vAdPp9xIF-dPeeYSivuCCrqNlt71GSll_zG3L7La3BCSg8C-nYSSk1pscGKF7U3Bzb8pfAg5XgaPqhX9cwODXeKsLA==\">https:\/\/expedia.mx<\/a><\/li>\n<\/ul>\n<p>[\/vc_column_text][\/vc_column][\/vc_row]<\/p>\n<\/div>","protected":false},"excerpt":{"rendered":"<p>[vc_row full_width=&#8221;stretch_row&#8221; gap=&#8221;10&#8243; equal_height=&#8221;yes&#8221; content_placement=&#8221;middle&#8221; css=&#8221;.vc_custom_1711330513081{margin-top: 30px !important;}&#8221;][vc_column width=&#8221;1\/2&#8243;][vc_single_image image=&#8221;25525&#8243; css=&#8221;&#8221;][vc_column_text css=&#8221;&#8221;]GUADALAJARA PLAZA EXPO Reservas: reservas@hotelesgdlplaza.com.mx Tel. 52 + 33 2226 2712 SENCILLA $ 1400.00 MXN DOBLE $ 1500.00 MXN Persona Adicional $ 390.00 MXN INCLUYE Desayuno buffet M\u00e1s impuestos + 16% IVA + 5% ISH.&hellip;<\/p>\n","protected":false},"author":2,"featured_media":0,"parent":0,"menu_order":0,"comment_status":"closed","ping_status":"closed","template":"","meta":{"_acf_changed":false,"inline_featured_image":false,"_monsterinsights_skip_tracking":false,"_monsterinsights_sitenote_active":false,"_monsterinsights_sitenote_note":"","_monsterinsights_sitenote_category":0,"_price":"","_stock":"","_tribe_ticket_header":"","_tribe_default_ticket_provider":"Tribe__Tickets_Plus__Commerce__WooCommerce__Main","_tribe_ticket_capacity":"0","_ticket_start_date":"","_ticket_end_date":"","_tribe_ticket_show_description":"","_tribe_ticket_show_not_going":false,"_tribe_ticket_use_global_stock":"","_tribe_ticket_global_stock_level":"","_global_stock_mode":"","_global_stock_cap":"","_tribe_rsvp_for_event":"","_tribe_ticket_going_count":"","_tribe_ticket_not_going_count":"","_tribe_tickets_list":"[]","_tribe_ticket_has_attendee_info_fields":false,"_joinchat":[],"footnotes":"","_tec_slr_enabled":"","_tec_slr_layout":""},"class_list":["post-112","page","type-page","status-publish","hentry","last"],"acf":[],"yoast_head":"<!-- This site is optimized with the Yoast SEO plugin v27.5 - https:\/\/yoast.com\/product\/yoast-seo-wordpress\/ -->\n<title>Hospedaje - Expo Cerveza Guadalajara<\/title>\n<meta name=\"robots\" content=\"index, follow, max-snippet:-1, max-image-preview:large, max-video-preview:-1\" \/>\n<link rel=\"canonical\" href=\"https:\/\/www.cervezamexico.com\/guadalajara\/hospedaje-2\/\" \/>\n<meta property=\"og:locale\" content=\"es_ES\" \/>\n<meta property=\"og:type\" content=\"article\" \/>\n<meta property=\"og:title\" content=\"Hospedaje - Expo Cerveza Guadalajara\" \/>\n<meta property=\"og:description\" content=\"[vc_row full_width=&#8221;stretch_row&#8221; gap=&#8221;10&#8243; equal_height=&#8221;yes&#8221; content_placement=&#8221;middle&#8221; css=&#8221;.vc_custom_1711330513081{margin-top: 30px !important;}&#8221;][vc_column width=&#8221;1\/2&#8243;][vc_single_image image=&#8221;25525&#8243; css=&#8221;&#8221;][vc_column_text css=&#8221;&#8221;]GUADALAJARA PLAZA EXPO Reservas: reservas@hotelesgdlplaza.com.mx Tel. 52 + 33 2226 2712 SENCILLA $ 1400.00 MXN DOBLE $ 1500.00 MXN Persona Adicional $ 390.00 MXN INCLUYE Desayuno buffet M\u00e1s impuestos + 16% IVA + 5% ISH.&hellip;\" \/>\n<meta property=\"og:url\" content=\"https:\/\/www.cervezamexico.com\/guadalajara\/hospedaje-2\/\" \/>\n<meta property=\"og:site_name\" content=\"Expo Cerveza Guadalajara\" \/>\n<meta property=\"article:publisher\" content=\"https:\/\/www.facebook.com\/CervezaMexico\" \/>\n<meta property=\"article:modified_time\" content=\"2026-04-08T18:13:38+00:00\" \/>\n<meta name=\"twitter:card\" content=\"summary_large_image\" \/>\n<meta name=\"twitter:site\" content=\"@CervezaMexico\" \/>\n<meta name=\"twitter:label1\" content=\"Tiempo de lectura\" \/>\n\t<meta name=\"twitter:data1\" content=\"2 minutos\" \/>\n<script type=\"application\/ld+json\" class=\"yoast-schema-graph\">{\"@context\":\"https:\\\/\\\/schema.org\",\"@graph\":[{\"@type\":\"WebPage\",\"@id\":\"https:\\\/\\\/www.cervezamexico.com\\\/guadalajara\\\/hospedaje-2\\\/\",\"url\":\"https:\\\/\\\/www.cervezamexico.com\\\/guadalajara\\\/hospedaje-2\\\/\",\"name\":\"Hospedaje - Expo Cerveza Guadalajara\",\"isPartOf\":{\"@id\":\"https:\\\/\\\/www.cervezamexico.com\\\/guadalajara\\\/#website\"},\"datePublished\":\"2019-05-27T15:55:28+00:00\",\"dateModified\":\"2026-04-08T18:13:38+00:00\",\"breadcrumb\":{\"@id\":\"https:\\\/\\\/www.cervezamexico.com\\\/guadalajara\\\/hospedaje-2\\\/#breadcrumb\"},\"inLanguage\":\"es\",\"potentialAction\":[{\"@type\":\"ReadAction\",\"target\":[\"https:\\\/\\\/www.cervezamexico.com\\\/guadalajara\\\/hospedaje-2\\\/\"]}]},{\"@type\":\"BreadcrumbList\",\"@id\":\"https:\\\/\\\/www.cervezamexico.com\\\/guadalajara\\\/hospedaje-2\\\/#breadcrumb\",\"itemListElement\":[{\"@type\":\"ListItem\",\"position\":1,\"name\":\"Portada\",\"item\":\"https:\\\/\\\/www.cervezamexico.com\\\/guadalajara\\\/\"},{\"@type\":\"ListItem\",\"position\":2,\"name\":\"Hospedaje\"}]},{\"@type\":\"WebSite\",\"@id\":\"https:\\\/\\\/www.cervezamexico.com\\\/guadalajara\\\/#website\",\"url\":\"https:\\\/\\\/www.cervezamexico.com\\\/guadalajara\\\/\",\"name\":\"Expo Cerveza Guadalajara\",\"description\":\"Expo Cerveza M\u00e9xico | Juntos por la Cerveza\",\"publisher\":{\"@id\":\"https:\\\/\\\/www.cervezamexico.com\\\/guadalajara\\\/#organization\"},\"potentialAction\":[{\"@type\":\"SearchAction\",\"target\":{\"@type\":\"EntryPoint\",\"urlTemplate\":\"https:\\\/\\\/www.cervezamexico.com\\\/guadalajara\\\/?s={search_term_string}\"},\"query-input\":{\"@type\":\"PropertyValueSpecification\",\"valueRequired\":true,\"valueName\":\"search_term_string\"}}],\"inLanguage\":\"es\"},{\"@type\":\"Organization\",\"@id\":\"https:\\\/\\\/www.cervezamexico.com\\\/guadalajara\\\/#organization\",\"name\":\"Expo Cerveza Guadalajara\",\"url\":\"https:\\\/\\\/www.cervezamexico.com\\\/guadalajara\\\/\",\"logo\":{\"@type\":\"ImageObject\",\"inLanguage\":\"es\",\"@id\":\"https:\\\/\\\/www.cervezamexico.com\\\/guadalajara\\\/#\\\/schema\\\/logo\\\/image\\\/\",\"url\":\"https:\\\/\\\/www.cervezamexico.com\\\/guadalajara\\\/wp-content\\\/uploads\\\/2026\\\/05\\\/Logo-Expo-Cerveza-Guadalajara-17.png\",\"contentUrl\":\"https:\\\/\\\/www.cervezamexico.com\\\/guadalajara\\\/wp-content\\\/uploads\\\/2026\\\/05\\\/Logo-Expo-Cerveza-Guadalajara-17.png\",\"width\":750,\"height\":480,\"caption\":\"Expo Cerveza Guadalajara\"},\"image\":{\"@id\":\"https:\\\/\\\/www.cervezamexico.com\\\/guadalajara\\\/#\\\/schema\\\/logo\\\/image\\\/\"},\"sameAs\":[\"https:\\\/\\\/www.facebook.com\\\/CervezaMexico\",\"https:\\\/\\\/x.com\\\/CervezaMexico\",\"https:\\\/\\\/www.instagram.com\\\/expo.cerveza\\\/\",\"https:\\\/\\\/www.tiktok.com\\\/@expocerveza\",\"https:\\\/\\\/www.youtube.com\\\/@ExpoCervezaMexico\"]}]}<\/script>\n<!-- \/ Yoast SEO plugin. -->","yoast_head_json":{"title":"Hospedaje - Expo Cerveza Guadalajara","robots":{"index":"index","follow":"follow","max-snippet":"max-snippet:-1","max-image-preview":"max-image-preview:large","max-video-preview":"max-video-preview:-1"},"canonical":"https:\/\/www.cervezamexico.com\/guadalajara\/hospedaje-2\/","og_locale":"es_ES","og_type":"article","og_title":"Hospedaje - Expo Cerveza Guadalajara","og_description":"[vc_row full_width=&#8221;stretch_row&#8221; gap=&#8221;10&#8243; equal_height=&#8221;yes&#8221; content_placement=&#8221;middle&#8221; css=&#8221;.vc_custom_1711330513081{margin-top: 30px !important;}&#8221;][vc_column width=&#8221;1\/2&#8243;][vc_single_image image=&#8221;25525&#8243; css=&#8221;&#8221;][vc_column_text css=&#8221;&#8221;]GUADALAJARA PLAZA EXPO Reservas: reservas@hotelesgdlplaza.com.mx Tel. 52 + 33 2226 2712 SENCILLA $ 1400.00 MXN DOBLE $ 1500.00 MXN Persona Adicional $ 390.00 MXN INCLUYE Desayuno buffet M\u00e1s impuestos + 16% IVA + 5% ISH.&hellip;","og_url":"https:\/\/www.cervezamexico.com\/guadalajara\/hospedaje-2\/","og_site_name":"Expo Cerveza Guadalajara","article_publisher":"https:\/\/www.facebook.com\/CervezaMexico","article_modified_time":"2026-04-08T18:13:38+00:00","twitter_card":"summary_large_image","twitter_site":"@CervezaMexico","twitter_misc":{"Tiempo de lectura":"2 minutos"},"schema":{"@context":"https:\/\/schema.org","@graph":[{"@type":"WebPage","@id":"https:\/\/www.cervezamexico.com\/guadalajara\/hospedaje-2\/","url":"https:\/\/www.cervezamexico.com\/guadalajara\/hospedaje-2\/","name":"Hospedaje - Expo Cerveza Guadalajara","isPartOf":{"@id":"https:\/\/www.cervezamexico.com\/guadalajara\/#website"},"datePublished":"2019-05-27T15:55:28+00:00","dateModified":"2026-04-08T18:13:38+00:00","breadcrumb":{"@id":"https:\/\/www.cervezamexico.com\/guadalajara\/hospedaje-2\/#breadcrumb"},"inLanguage":"es","potentialAction":[{"@type":"ReadAction","target":["https:\/\/www.cervezamexico.com\/guadalajara\/hospedaje-2\/"]}]},{"@type":"BreadcrumbList","@id":"https:\/\/www.cervezamexico.com\/guadalajara\/hospedaje-2\/#breadcrumb","itemListElement":[{"@type":"ListItem","position":1,"name":"Portada","item":"https:\/\/www.cervezamexico.com\/guadalajara\/"},{"@type":"ListItem","position":2,"name":"Hospedaje"}]},{"@type":"WebSite","@id":"https:\/\/www.cervezamexico.com\/guadalajara\/#website","url":"https:\/\/www.cervezamexico.com\/guadalajara\/","name":"Expo Cerveza Guadalajara","description":"Expo Cerveza M\u00e9xico | Juntos por la Cerveza","publisher":{"@id":"https:\/\/www.cervezamexico.com\/guadalajara\/#organization"},"potentialAction":[{"@type":"SearchAction","target":{"@type":"EntryPoint","urlTemplate":"https:\/\/www.cervezamexico.com\/guadalajara\/?s={search_term_string}"},"query-input":{"@type":"PropertyValueSpecification","valueRequired":true,"valueName":"search_term_string"}}],"inLanguage":"es"},{"@type":"Organization","@id":"https:\/\/www.cervezamexico.com\/guadalajara\/#organization","name":"Expo Cerveza Guadalajara","url":"https:\/\/www.cervezamexico.com\/guadalajara\/","logo":{"@type":"ImageObject","inLanguage":"es","@id":"https:\/\/www.cervezamexico.com\/guadalajara\/#\/schema\/logo\/image\/","url":"https:\/\/www.cervezamexico.com\/guadalajara\/wp-content\/uploads\/2026\/05\/Logo-Expo-Cerveza-Guadalajara-17.png","contentUrl":"https:\/\/www.cervezamexico.com\/guadalajara\/wp-content\/uploads\/2026\/05\/Logo-Expo-Cerveza-Guadalajara-17.png","width":750,"height":480,"caption":"Expo Cerveza Guadalajara"},"image":{"@id":"https:\/\/www.cervezamexico.com\/guadalajara\/#\/schema\/logo\/image\/"},"sameAs":["https:\/\/www.facebook.com\/CervezaMexico","https:\/\/x.com\/CervezaMexico","https:\/\/www.instagram.com\/expo.cerveza\/","https:\/\/www.tiktok.com\/@expocerveza","https:\/\/www.youtube.com\/@ExpoCervezaMexico"]}]}},"ticketed":false,"_links":{"self":[{"href":"https:\/\/www.cervezamexico.com\/guadalajara\/wp-json\/wp\/v2\/pages\/112","targetHints":{"allow":["GET"]}}],"collection":[{"href":"https:\/\/www.cervezamexico.com\/guadalajara\/wp-json\/wp\/v2\/pages"}],"about":[{"href":"https:\/\/www.cervezamexico.com\/guadalajara\/wp-json\/wp\/v2\/types\/page"}],"author":[{"embeddable":true,"href":"https:\/\/www.cervezamexico.com\/guadalajara\/wp-json\/wp\/v2\/users\/2"}],"replies":[{"embeddable":true,"href":"https:\/\/www.cervezamexico.com\/guadalajara\/wp-json\/wp\/v2\/comments?post=112"}],"version-history":[{"count":9,"href":"https:\/\/www.cervezamexico.com\/guadalajara\/wp-json\/wp\/v2\/pages\/112\/revisions"}],"predecessor-version":[{"id":32172,"href":"https:\/\/www.cervezamexico.com\/guadalajara\/wp-json\/wp\/v2\/pages\/112\/revisions\/32172"}],"wp:attachment":[{"href":"https:\/\/www.cervezamexico.com\/guadalajara\/wp-json\/wp\/v2\/media?parent=112"}],"curies":[{"name":"wp","href":"https:\/\/api.w.org\/{rel}","templated":true}]}}