{"id":16603,"date":"2021-08-03T15:58:53","date_gmt":"2021-08-03T20:58:53","guid":{"rendered":"https:\/\/www.cervezamexico.com\/?page_id=16603"},"modified":"2026-03-05T13:47:08","modified_gmt":"2026-03-05T19:47:08","slug":"compra-tu-boleto","status":"publish","type":"page","link":"https:\/\/www.cervezamexico.com\/guadalajara\/compra-tu-boleto\/","title":{"rendered":"Expo Cerveza Guadalajara"},"content":{"rendered":"<div class=\"wpb-content-wrapper\"><p>[vc_row css=&#8221;.vc_custom_1765339819743{margin-top: 3em !important;margin-bottom: 3em !important;}&#8221;][vc_column width=&#8221;1\/2&#8243;][vc_column_text css=&#8221;&#8221;]<\/p>\n<p class=\"has-luminous-vivid-orange-color has-text-color has-link-color wp-elements-b332b2ce52eec04fcd467c4719ac8cca\"><span style=\"color: #ff6600;\"><strong>\u00a1Prep\u00e1rate para vivir la experiencia cervecera m\u00e1s completa de Occidente y Baj\u00edo!<\/strong><\/span><\/p>\n<p>Expo Cerveza M\u00e9xico regresa a Guadalajara con lo mejor de la cerveza artesanal y de especialidad. Compra hoy tu boleto y asegura tu acceso a catas, m\u00fasica en vivo, networking, m\u00e1s de 150 cervecer\u00edas y momentos que solo se viven aqu\u00ed.<\/p>\n<p class=\"has-luminous-vivid-orange-color has-text-color has-link-color wp-elements-e0e461ec2807c02e6361b13e4082ac94\"><span style=\"color: #ff6600;\"><strong>Horarios<\/strong><\/span><\/p>\n<p>Viernes 15 de mayo, de 13:00 a 22:00 hrs.<br \/>\nS\u00e1bado 16 de mayo, de 12:00 a 22:00 hrs.<br \/>\nDomingo 17 de mayo, de 12:00 a 19:00 hrs.<\/p>\n<p><strong>Incluye vaso conmemorativo al pagar en l\u00ednea<\/strong><\/p>\n<p class=\"has-luminous-vivid-orange-color has-text-color has-link-color wp-elements-01142c75c1518ed6241938907bc9122d\"><span style=\"color: #ff6600;\"><strong>Elige tu d\u00eda, aprovecha los descuentos por fase y \u00fanete a esta gran celebraci\u00f3n cervecera.<\/strong><\/span><\/p>\n<table class=\"has-fixed-layout\">\n<thead>\n<tr>\n<th class=\"has-text-align-center\" data-align=\"center\">FASE 1<\/th>\n<th class=\"has-text-align-center\" data-align=\"center\">FASE 2<\/th>\n<th class=\"has-text-align-center\" data-align=\"center\">FASE 3<\/th>\n<th class=\"has-text-align-center\" data-align=\"center\">FASE 4<\/th>\n<\/tr>\n<\/thead>\n<tbody>\n<tr>\n<td class=\"has-text-align-center\" data-align=\"center\"><strong>$130<\/strong><\/td>\n<td class=\"has-text-align-center\" data-align=\"center\"><strong>$160<\/strong><\/td>\n<td class=\"has-text-align-center\" data-align=\"center\"><strong>$190<\/strong><\/td>\n<td class=\"has-text-align-center\" data-align=\"center\"><strong>$200<\/strong><\/td>\n<\/tr>\n<tr>\n<td class=\"has-text-align-center\" data-align=\"center\">Del 10 de diciembre 2025 al 28 de enero 2026<\/td>\n<td class=\"has-text-align-center\" data-align=\"center\">Del 29 de enero al 19 de marzo 2026<\/td>\n<td class=\"has-text-align-center\" data-align=\"center\">Del 20 de marzo al 14 de mayo 2026<\/td>\n<td class=\"has-text-align-center\" data-align=\"center\">Del 15 de mayo al 17 de mayo 2026<\/td>\n<\/tr>\n<\/tbody>\n<\/table>\n<p>[\/vc_column_text][\/vc_column][vc_column width=&#8221;1\/2&#8243;][vc_raw_html css=&#8221;&#8221;]JTVCdHJpYmVfdGlja2V0cyU1RA==[\/vc_raw_html][\/vc_column][\/vc_row]<\/p>\n<\/div>","protected":false},"excerpt":{"rendered":"<p>[vc_row css=&#8221;.vc_custom_1765339819743{margin-top: 3em !important;margin-bottom: 3em !important;}&#8221;][vc_column width=&#8221;1\/2&#8243;][vc_column_text css=&#8221;&#8221;] \u00a1Prep\u00e1rate para vivir la experiencia cervecera m\u00e1s completa de Occidente y Baj\u00edo! Expo Cerveza M\u00e9xico regresa a Guadalajara con lo mejor de la cerveza artesanal y de especialidad. Compra hoy tu boleto y asegura tu acceso a catas,&hellip;<\/p>\n","protected":false},"author":2,"featured_media":29183,"parent":0,"menu_order":0,"comment_status":"closed","ping_status":"closed","template":"","meta":{"_acf_changed":false,"inline_featured_image":false,"_monsterinsights_skip_tracking":false,"_monsterinsights_sitenote_active":false,"_monsterinsights_sitenote_note":"","_monsterinsights_sitenote_category":0,"_price":"","_stock":"","_tribe_ticket_header":"","_tribe_default_ticket_provider":"Tribe__Tickets_Plus__Commerce__WooCommerce__Main","_tribe_ticket_capacity":"","_ticket_start_date":"","_ticket_end_date":"","_tribe_ticket_show_description":"","_tribe_ticket_show_not_going":false,"_tribe_ticket_use_global_stock":"","_tribe_ticket_global_stock_level":"","_global_stock_mode":"","_global_stock_cap":"","_tribe_rsvp_for_event":"","_tribe_ticket_going_count":"","_tribe_ticket_not_going_count":"","_tribe_tickets_list":"[{\"id\":29207,\"type\":\"default\",\"title\":\"Domingo 17 de mayo | Fase Sitio y en l\\u00ednea\",\"description\":\"Acceso individual para el d\\u00eda Domingo 17 de mayo. Incluye vaso conmemorativo\",\"capacityType\":\"unlimited\",\"price\":200,\"capacity\":\"\",\"available\":-1,\"sharedCapacity\":\"\",\"sold\":0,\"shareSold\":0,\"isShared\":true,\"currencyDecimalPoint\":\".\",\"currencyNumberOfDecimals\":2,\"currencyPosition\":\"prefix\",\"currencySymbol\":\"$\",\"currencyThousandsSep\":\",\"},{\"id\":29209,\"type\":\"default\",\"title\":\"Test\",\"description\":\"\",\"capacityType\":\"unlimited\",\"price\":1,\"capacity\":\"\",\"available\":-1,\"sharedCapacity\":\"\",\"sold\":0,\"shareSold\":0,\"isShared\":true,\"currencyDecimalPoint\":\".\",\"currencyNumberOfDecimals\":2,\"currencyPosition\":\"prefix\",\"currencySymbol\":\"$\",\"currencyThousandsSep\":\",\"},{\"id\":32609,\"type\":\"default\",\"title\":\"Viernes Godin | Viernes 15 de mayo\",\"description\":\"Acceso individual para el d\\u00eda Viernes 15 de mayo (Acceso de 4:00pm a 10:00pm). NO incluye vaso\",\"capacityType\":\"own\",\"price\":100,\"capacity\":350,\"available\":317,\"sharedCapacity\":350,\"sold\":31,\"shareSold\":31,\"isShared\":false,\"currencyDecimalPoint\":\".\",\"currencyNumberOfDecimals\":2,\"currencyPosition\":\"prefix\",\"currencySymbol\":\"$\",\"currencyThousandsSep\":\",\"},{\"id\":29190,\"type\":\"default\",\"title\":\"Viernes 15 de mayo | Fase 1\",\"description\":\"Acceso individual para el d\\u00eda Viernes 15 de mayo. Incluye vaso conmemorativo\",\"capacityType\":\"unlimited\",\"price\":130,\"capacity\":\"\",\"available\":-1,\"sharedCapacity\":\"\",\"sold\":68,\"shareSold\":68,\"isShared\":true,\"currencyDecimalPoint\":\".\",\"currencyNumberOfDecimals\":2,\"currencyPosition\":\"prefix\",\"currencySymbol\":\"$\",\"currencyThousandsSep\":\",\"},{\"id\":29191,\"type\":\"default\",\"title\":\"S\\u00e1bado 16 de mayo | Fase 1\",\"description\":\"Acceso individual para el d\\u00eda S\\u00e1bado 16 de mayo. Incluye vaso conmemorativo\",\"capacityType\":\"unlimited\",\"price\":130,\"capacity\":\"\",\"available\":-1,\"sharedCapacity\":\"\",\"sold\":421,\"shareSold\":421,\"isShared\":true,\"currencyDecimalPoint\":\".\",\"currencyNumberOfDecimals\":2,\"currencyPosition\":\"prefix\",\"currencySymbol\":\"$\",\"currencyThousandsSep\":\",\"},{\"id\":29192,\"type\":\"default\",\"title\":\"Domingo 17 de mayo | Fase 1\",\"description\":\"Acceso individual para el d\\u00eda Domingo 17 de mayo. Incluye vaso conmemorativo\",\"capacityType\":\"unlimited\",\"price\":130,\"capacity\":\"\",\"available\":-1,\"sharedCapacity\":\"\",\"sold\":78,\"shareSold\":78,\"isShared\":true,\"currencyDecimalPoint\":\".\",\"currencyNumberOfDecimals\":2,\"currencyPosition\":\"prefix\",\"currencySymbol\":\"$\",\"currencyThousandsSep\":\",\"},{\"id\":29196,\"type\":\"default\",\"title\":\"Viernes 15 de mayo | Fase 2\",\"description\":\"Acceso individual para el d\\u00eda Viernes 15 de mayo. Incluye vaso conmemorativo\",\"capacityType\":\"unlimited\",\"price\":160,\"capacity\":\"\",\"available\":-1,\"sharedCapacity\":\"\",\"sold\":45,\"shareSold\":45,\"isShared\":true,\"currencyDecimalPoint\":\".\",\"currencyNumberOfDecimals\":2,\"currencyPosition\":\"prefix\",\"currencySymbol\":\"$\",\"currencyThousandsSep\":\",\"},{\"id\":29198,\"type\":\"default\",\"title\":\"S\\u00e1bado 16 de mayo | Fase 2\",\"description\":\"Acceso individual para el d\\u00eda S\\u00e1bado 16 de mayo. Incluye vaso conmemorativo\",\"capacityType\":\"unlimited\",\"price\":160,\"capacity\":\"\",\"available\":-1,\"sharedCapacity\":\"\",\"sold\":308,\"shareSold\":308,\"isShared\":true,\"currencyDecimalPoint\":\".\",\"currencyNumberOfDecimals\":2,\"currencyPosition\":\"prefix\",\"currencySymbol\":\"$\",\"currencyThousandsSep\":\",\"},{\"id\":29200,\"type\":\"default\",\"title\":\"Domingo 17 de mayo | Fase 2\",\"description\":\"Acceso individual para el d\\u00eda Domingo 17 de mayo. Incluye vaso conmemorativo\",\"capacityType\":\"unlimited\",\"price\":160,\"capacity\":\"\",\"available\":-1,\"sharedCapacity\":\"\",\"sold\":47,\"shareSold\":47,\"isShared\":true,\"currencyDecimalPoint\":\".\",\"currencyNumberOfDecimals\":2,\"currencyPosition\":\"prefix\",\"currencySymbol\":\"$\",\"currencyThousandsSep\":\",\"},{\"id\":29201,\"type\":\"default\",\"title\":\"Viernes 15 de mayo | Fase 3\",\"description\":\"Acceso individual para el d\\u00eda Viernes 15 de mayo. Incluye vaso conmemorativo\",\"capacityType\":\"unlimited\",\"price\":190,\"capacity\":\"\",\"available\":-1,\"sharedCapacity\":\"\",\"sold\":81,\"shareSold\":81,\"isShared\":true,\"currencyDecimalPoint\":\".\",\"currencyNumberOfDecimals\":2,\"currencyPosition\":\"prefix\",\"currencySymbol\":\"$\",\"currencyThousandsSep\":\",\"},{\"id\":29202,\"type\":\"default\",\"title\":\"S\\u00e1bado 16 de mayo | Fase 3\",\"description\":\"Acceso individual para el d\\u00eda S\\u00e1bado 16 de mayo. Incluye vaso conmemorativo\",\"capacityType\":\"unlimited\",\"price\":190,\"capacity\":\"\",\"available\":-1,\"sharedCapacity\":\"\",\"sold\":328,\"shareSold\":328,\"isShared\":true,\"currencyDecimalPoint\":\".\",\"currencyNumberOfDecimals\":2,\"currencyPosition\":\"prefix\",\"currencySymbol\":\"$\",\"currencyThousandsSep\":\",\"},{\"id\":29203,\"type\":\"default\",\"title\":\"Domingo 17 de mayo | Fase 3\",\"description\":\"Acceso individual para el d\\u00eda Domingo 17 de mayo. Incluye vaso conmemorativo\",\"capacityType\":\"unlimited\",\"price\":190,\"capacity\":\"\",\"available\":-1,\"sharedCapacity\":\"\",\"sold\":32,\"shareSold\":32,\"isShared\":true,\"currencyDecimalPoint\":\".\",\"currencyNumberOfDecimals\":2,\"currencyPosition\":\"prefix\",\"currencySymbol\":\"$\",\"currencyThousandsSep\":\",\"},{\"id\":29204,\"type\":\"default\",\"title\":\"Viernes 15 de mayo | Fase Sitio y en l\\u00ednea\",\"description\":\"Acceso individual para el d\\u00eda Viernes 15 de mayo. Incluye vaso conmemorativo\",\"capacityType\":\"unlimited\",\"price\":200,\"capacity\":\"\",\"available\":-1,\"sharedCapacity\":\"\",\"sold\":0,\"shareSold\":0,\"isShared\":true,\"currencyDecimalPoint\":\".\",\"currencyNumberOfDecimals\":2,\"currencyPosition\":\"prefix\",\"currencySymbol\":\"$\",\"currencyThousandsSep\":\",\"},{\"id\":29206,\"type\":\"default\",\"title\":\"S\\u00e1bado 16 de mayo | Fase Sitio y en l\\u00ednea\",\"description\":\"Acceso individual para el d\\u00eda S\\u00e1bado 16 de mayo. Incluye vaso conmemorativo\",\"capacityType\":\"unlimited\",\"price\":200,\"capacity\":\"\",\"available\":-1,\"sharedCapacity\":\"\",\"sold\":0,\"shareSold\":0,\"isShared\":true,\"currencyDecimalPoint\":\".\",\"currencyNumberOfDecimals\":2,\"currencyPosition\":\"prefix\",\"currencySymbol\":\"$\",\"currencyThousandsSep\":\",\"}]","_tribe_ticket_has_attendee_info_fields":false,"_joinchat":[],"footnotes":"","_tec_slr_enabled":"","_tec_slr_layout":""},"class_list":["post-16603","page","type-page","status-publish","has-post-thumbnail","hentry","last"],"acf":[],"ticketed":["woo"],"_links":{"self":[{"href":"https:\/\/www.cervezamexico.com\/guadalajara\/wp-json\/wp\/v2\/pages\/16603","targetHints":{"allow":["GET"]}}],"collection":[{"href":"https:\/\/www.cervezamexico.com\/guadalajara\/wp-json\/wp\/v2\/pages"}],"about":[{"href":"https:\/\/www.cervezamexico.com\/guadalajara\/wp-json\/wp\/v2\/types\/page"}],"author":[{"embeddable":true,"href":"https:\/\/www.cervezamexico.com\/guadalajara\/wp-json\/wp\/v2\/users\/2"}],"replies":[{"embeddable":true,"href":"https:\/\/www.cervezamexico.com\/guadalajara\/wp-json\/wp\/v2\/comments?post=16603"}],"version-history":[{"count":10,"href":"https:\/\/www.cervezamexico.com\/guadalajara\/wp-json\/wp\/v2\/pages\/16603\/revisions"}],"predecessor-version":[{"id":32610,"href":"https:\/\/www.cervezamexico.com\/guadalajara\/wp-json\/wp\/v2\/pages\/16603\/revisions\/32610"}],"wp:featuredmedia":[{"embeddable":true,"href":"https:\/\/www.cervezamexico.com\/guadalajara\/wp-json\/wp\/v2\/media\/29183"}],"wp:attachment":[{"href":"https:\/\/www.cervezamexico.com\/guadalajara\/wp-json\/wp\/v2\/media?parent=16603"}],"curies":[{"name":"wp","href":"https:\/\/api.w.org\/{rel}","templated":true}]}}