{"id":25621,"date":"2024-03-12T11:28:48","date_gmt":"2024-03-12T17:28:48","guid":{"rendered":"https:\/\/www.cervezamexico.com\/?page_id=25621"},"modified":"2026-05-05T16:53:45","modified_gmt":"2026-05-05T22:53:45","slug":"salon-de-catas-gdl","status":"publish","type":"page","link":"https:\/\/www.cervezamexico.com\/guadalajara\/salon-de-catas-gdl\/","title":{"rendered":"Sal\u00f3n de Catas &#8211; GDL"},"content":{"rendered":"<div class=\"wpb-content-wrapper\"><p>[vc_row css_animation=&#8221;fadeInDown&#8221; fullwidth=&#8221;yes&#8221; full_width=&#8221;stretch_row_content_no_spaces&#8221; css=&#8221;.vc_custom_1744659315791{margin-top: 0px !important;}&#8221;][vc_column][vc_single_image image=&#8221;33172&#8243; alignment=&#8221;center&#8221; css=&#8221;&#8221;][\/vc_column][\/vc_row][vc_row css=&#8221;.vc_custom_1743632760728{margin-top: 40px !important;margin-bottom: 40px !important;}&#8221;][vc_column][vc_column_text css=&#8221;.vc_custom_1778021845763{margin-top: 10px !important;margin-bottom: 10px !important;}&#8221;]<\/p>\n<p style=\"text-align: center;\">Actualmente contamos con 3200 mujeres virtuales y personas afiliadas con membres\u00eda que participan y apoyan nuestras iniciativas.<\/p>\n<p>[\/vc_column_text]\r\n\t<div class=\"wprt-align-box text-center\"><div class=\"button-wrap icon-left\" style=\"\"><a href=\"https:\/\/docs.google.com\/forms\/d\/e\/1FAIpQLSdlw6Gep6hv3r2334WiL6vGHQ2G66pkjbuLTKBG0XD_5jClMw\/viewform?usp=dialog\" target=\"_blank\" class=\"wprt-button  solid accent width-2\" style=\"\">\r\n\t\t<span style=\"\">RESERVA AQU\u00cd <\/span>\r\n\t<\/a><\/div>\n<\/div>[\/vc_column][\/vc_row][vc_row css=&#8221;.vc_custom_1778021769868{margin-top: 0px !important;margin-bottom: 30px !important;}&#8221;][vc_column width=&#8221;1\/3&#8243; css_animation=&#8221;fadeInLeftBig&#8221;][vc_custom_heading text=&#8221;VIERNES 15 DE MAYO&#8221; font_container=&#8221;tag:h3|text_align:center|color:%23ffffff&#8221; use_theme_fonts=&#8221;yes&#8221; css_animation=&#8221;none&#8221; css=&#8221;.vc_custom_1778019043403{margin-top: 0px !important;margin-bottom: 0px !important;padding-top: 5px !important;padding-bottom: 5px !important;background-color: #4E2508 !important;}&#8221;][vc_column_text css=&#8221;.vc_custom_1778019987587{margin-top: 0px !important;}&#8221;]<\/p>\n<table style=\"width: 100%;\" border=\"0\" cellspacing=\"0\" cellpadding=\"2\" align=\"center\">\n<tbody>\n<tr style=\"background: #FF6600; color: #fff; font-weight: bold;\">\n<td style=\"width: 120px;\">HORA<\/td>\n<td colspan=\"1\">CATA<\/td>\n<\/tr>\n<tr>\n<td>3:00 PM<\/td>\n<td>Hidromiel Krox<\/td>\n<\/tr>\n<tr>\n<td>3:30 PM<\/td>\n<td>Gulden Draak<\/td>\n<\/tr>\n<tr>\n<td>4:00 PM<\/td>\n<td>Cervecer\u00eda Autenta<\/td>\n<\/tr>\n<\/tbody>\n<\/table>\n<p>[\/vc_column_text][\/vc_column][vc_column width=&#8221;1\/3&#8243; css_animation=&#8221;fadeInRight&#8221;][vc_custom_heading text=&#8221;S\u00c1BADO 16 MAYO&#8221; font_container=&#8221;tag:h3|text_align:center|color:%23ffffff&#8221; use_theme_fonts=&#8221;yes&#8221; css_animation=&#8221;none&#8221; css=&#8221;.vc_custom_1778020049258{margin-top: 0px !important;margin-bottom: 0px !important;padding-top: 5px !important;padding-bottom: 5px !important;background-color: #4E2508 !important;}&#8221;][vc_column_text css=&#8221;.vc_custom_1778020225819{margin-top: 0px !important;}&#8221;]<\/p>\n<table style=\"width: 100%;\" border=\"0\" cellspacing=\"0\" cellpadding=\"2\" align=\"center\">\n<tbody>\n<tr style=\"background: #FF6600; color: #fff; font-weight: bold;\">\n<td style=\"width: 120px;\">HORA<\/td>\n<td colspan=\"1\">CATA<\/td>\n<\/tr>\n<tr>\n<td>1:30 PM<\/td>\n<td>Cervecer\u00eda Misterios Marakame<\/td>\n<\/tr>\n<tr>\n<td>2:30 PM<\/td>\n<td>Cervecer\u00eda Herexe<\/td>\n<\/tr>\n<tr>\n<td>3:30 PM<\/td>\n<td>Cervecer\u00eda Otei<\/td>\n<\/tr>\n<tr>\n<td>4:30 PM<\/td>\n<td>Cervecer\u00eda Morelia Viridis<\/td>\n<\/tr>\n<tr>\n<td>5:30 PM<\/td>\n<td>Cervecer\u00eda Casa de Armas<\/td>\n<\/tr>\n<tr>\n<td>6:30 PM<\/td>\n<td>Cervecer\u00eda Santa Madre<\/td>\n<\/tr>\n<tr>\n<td>7:30 PM<\/td>\n<td>\u00a1BIENVENIDOS A LA REP\u00daBLICA DE LA CERVEZA (Tradici\u00f3n cervecera checa en cada sorbo &#8211; Martin Havl\u00edn)<\/td>\n<\/tr>\n<\/tbody>\n<\/table>\n<p>[\/vc_column_text][\/vc_column][vc_column width=&#8221;1\/3&#8243;][vc_custom_heading text=&#8221;DOMINGO 17 DE MAYO&#8221; font_container=&#8221;tag:h3|text_align:center|color:%23ffffff&#8221; use_theme_fonts=&#8221;yes&#8221; css_animation=&#8221;none&#8221; css=&#8221;.vc_custom_1778020068403{margin-top: 0px !important;margin-bottom: 0px !important;padding-top: 5px !important;padding-bottom: 5px !important;background-color: #4E2508 !important;}&#8221;][vc_column_text css=&#8221;.vc_custom_1778022088055{margin-top: 0px !important;}&#8221;]<\/p>\n<table style=\"width: 100%;\" border=\"0\" cellspacing=\"0\" cellpadding=\"2\" align=\"center\">\n<tbody>\n<tr style=\"background: #FF6600; color: #fff; font-weight: bold;\">\n<td style=\"width: 120px;\">HORA<\/td>\n<td colspan=\"1\">CATA<\/td>\n<\/tr>\n<tr>\n<td>2:00 PM<\/td>\n<td>Ahmuzenkab Meadery<\/td>\n<\/tr>\n<tr>\n<td>2:30 PM<\/td>\n<td>Cervecer\u00eda Casimiro<\/td>\n<\/tr>\n<tr>\n<td>3:00 PM<\/td>\n<td>Cervecer\u00eda Berna<\/td>\n<\/tr>\n<tr>\n<td>3:30 PM<\/td>\n<td>Cervecer\u00eda Obn\u00ed<\/td>\n<\/tr>\n<\/tbody>\n<\/table>\n<p>[\/vc_column_text][\/vc_column][\/vc_row][vc_row disable_element=&#8221;yes&#8221; full_height=&#8221;yes&#8221; columns_placement=&#8221;top&#8221; css=&#8221;.vc_custom_1773937359937{margin-top: 30px !important;margin-bottom: 50px !important;}&#8221;][vc_column width=&#8221;1\/2&#8243; css_animation=&#8221;fadeInLeft&#8221;][vc_custom_heading text=&#8221;DOMINGO 18 DE MAYO&#8221; font_container=&#8221;tag:h3|text_align:center|color:%23ffffff&#8221; use_theme_fonts=&#8221;yes&#8221; css_animation=&#8221;none&#8221; css=&#8221;.vc_custom_1744658317773{margin-top: 0px !important;margin-bottom: 0px !important;padding-top: 5px !important;padding-bottom: 5px !important;background-color: #4E2508 !important;}&#8221;][vc_column_text css=&#8221;.vc_custom_1744660228013{margin-top: 0px !important;}&#8221;]<\/p>\n<table style=\"width: 100%;\" border=\"0\" cellspacing=\"0\" cellpadding=\"4\" align=\"center\">\n<tbody>\n<tr style=\"background: #ff0066; color: #fff; font-weight: bold;\">\n<td style=\"width: 120px;\">HORA<\/td>\n<td colspan=\"2\">CATA<\/td>\n<\/tr>\n<tr>\n<td>2:00 PM<\/td>\n<td>Cervecer\u00eda Oaxaco &#8211; Oaxaca de Ju\u00e1rez<\/td>\n<td><a class=\"BtnCatas\" href=\"https:\/\/forms.gle\/NhQaRNN6Fb2GwpN77\">Reserva<\/a><\/td>\n<\/tr>\n<tr>\n<td>2:30 PM<\/td>\n<td>Cerveza Picudo &#8211; Altos de Jalisco<\/td>\n<td><a class=\"BtnCatas\" href=\"https:\/\/forms.gle\/NhQaRNN6Fb2GwpN77\">Reserva<\/a><\/td>\n<\/tr>\n<tr>\n<td>3:00 PM<\/td>\n<td>Cerveza Obni &#8211; CDMX<\/td>\n<td><a class=\"BtnCatas\" href=\"https:\/\/forms.gle\/NhQaRNN6Fb2GwpN77\">Reserva<\/a><\/td>\n<\/tr>\n<tr>\n<td>3:30 PM<\/td>\n<td>Conferencia \u00bfC\u00f3mo hacer mi negocio sostenible? Metodolog\u00eda para una implementaci\u00f3n operativa.<\/td>\n<td><a class=\"BtnCatas\" href=\"https:\/\/forms.gle\/NhQaRNN6Fb2GwpN77\">Reserva<\/a><\/td>\n<\/tr>\n<\/tbody>\n<\/table>\n<p>[\/vc_column_text][\/vc_column][vc_column width=&#8221;1\/2&#8243; css_animation=&#8221;fadeInRight&#8221;]<div class=\"wprt-images-grid\" data-layout=\"slider\" data-column=\"1\" data-column2=\"1\" data-column3=\"1\" data-column4=\"1\" data-gaph=\"30\" data-gaph=\"30\" data-gapv=\"30\"><div id=\"images-wrap\" class=\"cbp\"><div class=\"cbp-item\"><div class=\"item-wrap\"><a class=\"zoom-popup cbp-lightbox\" href=\"https:\/\/www.cervezamexico.com\/guadalajara\/wp-content\/uploads\/2024\/03\/catas-3.jpg\"><i class=\"gustablo-magnifier2\"><\/i><\/a><img decoding=\"async\" src=\"https:\/\/www.cervezamexico.com\/guadalajara\/wp-content\/uploads\/2024\/03\/catas-3.jpg\" alt=\"image\" \/><\/div><\/div><div class=\"cbp-item\"><div class=\"item-wrap\"><a class=\"zoom-popup cbp-lightbox\" href=\"https:\/\/www.cervezamexico.com\/guadalajara\/wp-content\/uploads\/2024\/03\/catas-2.jpg\"><i class=\"gustablo-magnifier2\"><\/i><\/a><img decoding=\"async\" src=\"https:\/\/www.cervezamexico.com\/guadalajara\/wp-content\/uploads\/2024\/03\/catas-2.jpg\" alt=\"image\" \/><\/div><\/div><div class=\"cbp-item\"><div class=\"item-wrap\"><a class=\"zoom-popup cbp-lightbox\" href=\"https:\/\/www.cervezamexico.com\/guadalajara\/wp-content\/uploads\/2024\/03\/catas-5.jpg\"><i class=\"gustablo-magnifier2\"><\/i><\/a><img decoding=\"async\" src=\"https:\/\/www.cervezamexico.com\/guadalajara\/wp-content\/uploads\/2024\/03\/catas-5.jpg\" alt=\"image\" \/><\/div><\/div><div class=\"cbp-item\"><div class=\"item-wrap\"><a class=\"zoom-popup cbp-lightbox\" href=\"https:\/\/www.cervezamexico.com\/guadalajara\/wp-content\/uploads\/2024\/03\/catas-4.jpg\"><i class=\"gustablo-magnifier2\"><\/i><\/a><img decoding=\"async\" src=\"https:\/\/www.cervezamexico.com\/guadalajara\/wp-content\/uploads\/2024\/03\/catas-4.jpg\" alt=\"image\" \/><\/div><\/div><div class=\"cbp-item\"><div class=\"item-wrap\"><a class=\"zoom-popup cbp-lightbox\" href=\"https:\/\/www.cervezamexico.com\/guadalajara\/wp-content\/uploads\/2024\/03\/catas1.jpg\"><i class=\"gustablo-magnifier2\"><\/i><\/a><img decoding=\"async\" src=\"https:\/\/www.cervezamexico.com\/guadalajara\/wp-content\/uploads\/2024\/03\/catas1.jpg\" alt=\"image\" \/><\/div><\/div><\/div><\/div>[\/vc_column][\/vc_row]<\/p>\n<\/div>","protected":false},"excerpt":{"rendered":"<p>[vc_row css_animation=&#8221;fadeInDown&#8221; fullwidth=&#8221;yes&#8221; full_width=&#8221;stretch_row_content_no_spaces&#8221; css=&#8221;.vc_custom_1744659315791{margin-top: 0px !important;}&#8221;][vc_column][vc_single_image image=&#8221;33172&#8243; alignment=&#8221;center&#8221; css=&#8221;&#8221;][\/vc_column][\/vc_row][vc_row css=&#8221;.vc_custom_1743632760728{margin-top: 40px !important;margin-bottom: 40px !important;}&#8221;][vc_column][vc_column_text css=&#8221;.vc_custom_1778021845763{margin-top: 10px !important;margin-bottom: 10px !important;}&#8221;] Actualmente contamos con 3200 mujeres virtuales y personas afiliadas con membres\u00eda que participan y apoyan nuestras iniciativas. [\/vc_column_text][\/vc_column][\/vc_row][vc_row css=&#8221;.vc_custom_1778021769868{margin-top: 0px !important;margin-bottom: 30px !important;}&#8221;][vc_column width=&#8221;1\/3&#8243; css_animation=&#8221;fadeInLeftBig&#8221;][vc_custom_heading text=&#8221;VIERNES&hellip;<\/p>\n","protected":false},"author":120,"featured_media":0,"parent":0,"menu_order":0,"comment_status":"closed","ping_status":"closed","template":"","meta":{"_acf_changed":false,"inline_featured_image":false,"_monsterinsights_skip_tracking":false,"_monsterinsights_sitenote_active":false,"_monsterinsights_sitenote_note":"","_monsterinsights_sitenote_category":0,"_price":"","_stock":"","_tribe_ticket_header":"","_tribe_default_ticket_provider":"Tribe__Tickets_Plus__Commerce__WooCommerce__Main","_tribe_ticket_capacity":"0","_ticket_start_date":"","_ticket_end_date":"","_tribe_ticket_show_description":"","_tribe_ticket_show_not_going":false,"_tribe_ticket_use_global_stock":"","_tribe_ticket_global_stock_level":"","_global_stock_mode":"","_global_stock_cap":"","_tribe_rsvp_for_event":"","_tribe_ticket_going_count":"","_tribe_ticket_not_going_count":"","_tribe_tickets_list":"[]","_tribe_ticket_has_attendee_info_fields":false,"_joinchat":[],"footnotes":"","_tec_slr_enabled":"","_tec_slr_layout":""},"class_list":["post-25621","page","type-page","status-publish","hentry","last"],"acf":[],"yoast_head":"<!-- This site is optimized with the Yoast SEO plugin v27.5 - https:\/\/yoast.com\/product\/yoast-seo-wordpress\/ -->\n<title>Sal\u00f3n de Catas - GDL - Expo Cerveza Guadalajara<\/title>\n<meta name=\"robots\" content=\"index, follow, max-snippet:-1, max-image-preview:large, max-video-preview:-1\" \/>\n<link rel=\"canonical\" href=\"https:\/\/www.cervezamexico.com\/guadalajara\/salon-de-catas-gdl\/\" \/>\n<meta property=\"og:locale\" content=\"es_ES\" \/>\n<meta property=\"og:type\" content=\"article\" \/>\n<meta property=\"og:title\" content=\"Sal\u00f3n de Catas - GDL - Expo Cerveza Guadalajara\" \/>\n<meta property=\"og:description\" content=\"[vc_row css_animation=&#8221;fadeInDown&#8221; fullwidth=&#8221;yes&#8221; full_width=&#8221;stretch_row_content_no_spaces&#8221; css=&#8221;.vc_custom_1744659315791{margin-top: 0px !important;}&#8221;][vc_column][vc_single_image image=&#8221;33172&#8243; alignment=&#8221;center&#8221; css=&#8221;&#8221;][\/vc_column][\/vc_row][vc_row css=&#8221;.vc_custom_1743632760728{margin-top: 40px !important;margin-bottom: 40px !important;}&#8221;][vc_column][vc_column_text css=&#8221;.vc_custom_1778021845763{margin-top: 10px !important;margin-bottom: 10px !important;}&#8221;] Actualmente contamos con 3200 mujeres virtuales y personas afiliadas con membres\u00eda que participan y apoyan nuestras iniciativas. [\/vc_column_text][\/vc_column][\/vc_row][vc_row css=&#8221;.vc_custom_1778021769868{margin-top: 0px !important;margin-bottom: 30px !important;}&#8221;][vc_column width=&#8221;1\/3&#8243; css_animation=&#8221;fadeInLeftBig&#8221;][vc_custom_heading text=&#8221;VIERNES&hellip;\" \/>\n<meta property=\"og:url\" content=\"https:\/\/www.cervezamexico.com\/guadalajara\/salon-de-catas-gdl\/\" \/>\n<meta property=\"og:site_name\" content=\"Expo Cerveza Guadalajara\" \/>\n<meta property=\"article:publisher\" content=\"https:\/\/www.facebook.com\/CervezaMexico\" \/>\n<meta property=\"article:modified_time\" content=\"2026-05-05T22:53:45+00:00\" \/>\n<meta name=\"twitter:card\" content=\"summary_large_image\" \/>\n<meta name=\"twitter:site\" content=\"@CervezaMexico\" \/>\n<meta name=\"twitter:label1\" content=\"Tiempo de lectura\" \/>\n\t<meta name=\"twitter:data1\" content=\"2 minutos\" \/>\n<script type=\"application\/ld+json\" class=\"yoast-schema-graph\">{\"@context\":\"https:\\\/\\\/schema.org\",\"@graph\":[{\"@type\":\"WebPage\",\"@id\":\"https:\\\/\\\/www.cervezamexico.com\\\/guadalajara\\\/salon-de-catas-gdl\\\/\",\"url\":\"https:\\\/\\\/www.cervezamexico.com\\\/guadalajara\\\/salon-de-catas-gdl\\\/\",\"name\":\"Sal\u00f3n de Catas - GDL - Expo Cerveza Guadalajara\",\"isPartOf\":{\"@id\":\"https:\\\/\\\/www.cervezamexico.com\\\/guadalajara\\\/#website\"},\"datePublished\":\"2024-03-12T17:28:48+00:00\",\"dateModified\":\"2026-05-05T22:53:45+00:00\",\"breadcrumb\":{\"@id\":\"https:\\\/\\\/www.cervezamexico.com\\\/guadalajara\\\/salon-de-catas-gdl\\\/#breadcrumb\"},\"inLanguage\":\"es\",\"potentialAction\":[{\"@type\":\"ReadAction\",\"target\":[\"https:\\\/\\\/www.cervezamexico.com\\\/guadalajara\\\/salon-de-catas-gdl\\\/\"]}]},{\"@type\":\"BreadcrumbList\",\"@id\":\"https:\\\/\\\/www.cervezamexico.com\\\/guadalajara\\\/salon-de-catas-gdl\\\/#breadcrumb\",\"itemListElement\":[{\"@type\":\"ListItem\",\"position\":1,\"name\":\"Portada\",\"item\":\"https:\\\/\\\/www.cervezamexico.com\\\/guadalajara\\\/\"},{\"@type\":\"ListItem\",\"position\":2,\"name\":\"Sal\u00f3n de Catas &#8211; GDL\"}]},{\"@type\":\"WebSite\",\"@id\":\"https:\\\/\\\/www.cervezamexico.com\\\/guadalajara\\\/#website\",\"url\":\"https:\\\/\\\/www.cervezamexico.com\\\/guadalajara\\\/\",\"name\":\"Expo Cerveza Guadalajara\",\"description\":\"Expo Cerveza M\u00e9xico | Juntos por la Cerveza\",\"publisher\":{\"@id\":\"https:\\\/\\\/www.cervezamexico.com\\\/guadalajara\\\/#organization\"},\"potentialAction\":[{\"@type\":\"SearchAction\",\"target\":{\"@type\":\"EntryPoint\",\"urlTemplate\":\"https:\\\/\\\/www.cervezamexico.com\\\/guadalajara\\\/?s={search_term_string}\"},\"query-input\":{\"@type\":\"PropertyValueSpecification\",\"valueRequired\":true,\"valueName\":\"search_term_string\"}}],\"inLanguage\":\"es\"},{\"@type\":\"Organization\",\"@id\":\"https:\\\/\\\/www.cervezamexico.com\\\/guadalajara\\\/#organization\",\"name\":\"Expo Cerveza Guadalajara\",\"url\":\"https:\\\/\\\/www.cervezamexico.com\\\/guadalajara\\\/\",\"logo\":{\"@type\":\"ImageObject\",\"inLanguage\":\"es\",\"@id\":\"https:\\\/\\\/www.cervezamexico.com\\\/guadalajara\\\/#\\\/schema\\\/logo\\\/image\\\/\",\"url\":\"https:\\\/\\\/www.cervezamexico.com\\\/guadalajara\\\/wp-content\\\/uploads\\\/2026\\\/05\\\/Logo-Expo-Cerveza-Guadalajara-17.png\",\"contentUrl\":\"https:\\\/\\\/www.cervezamexico.com\\\/guadalajara\\\/wp-content\\\/uploads\\\/2026\\\/05\\\/Logo-Expo-Cerveza-Guadalajara-17.png\",\"width\":750,\"height\":480,\"caption\":\"Expo Cerveza Guadalajara\"},\"image\":{\"@id\":\"https:\\\/\\\/www.cervezamexico.com\\\/guadalajara\\\/#\\\/schema\\\/logo\\\/image\\\/\"},\"sameAs\":[\"https:\\\/\\\/www.facebook.com\\\/CervezaMexico\",\"https:\\\/\\\/x.com\\\/CervezaMexico\",\"https:\\\/\\\/www.instagram.com\\\/expo.cerveza\\\/\",\"https:\\\/\\\/www.tiktok.com\\\/@expocerveza\",\"https:\\\/\\\/www.youtube.com\\\/@ExpoCervezaMexico\"]}]}<\/script>\n<!-- \/ Yoast SEO plugin. -->","yoast_head_json":{"title":"Sal\u00f3n de Catas - GDL - Expo Cerveza Guadalajara","robots":{"index":"index","follow":"follow","max-snippet":"max-snippet:-1","max-image-preview":"max-image-preview:large","max-video-preview":"max-video-preview:-1"},"canonical":"https:\/\/www.cervezamexico.com\/guadalajara\/salon-de-catas-gdl\/","og_locale":"es_ES","og_type":"article","og_title":"Sal\u00f3n de Catas - GDL - Expo Cerveza Guadalajara","og_description":"[vc_row css_animation=&#8221;fadeInDown&#8221; fullwidth=&#8221;yes&#8221; full_width=&#8221;stretch_row_content_no_spaces&#8221; css=&#8221;.vc_custom_1744659315791{margin-top: 0px !important;}&#8221;][vc_column][vc_single_image image=&#8221;33172&#8243; alignment=&#8221;center&#8221; css=&#8221;&#8221;][\/vc_column][\/vc_row][vc_row css=&#8221;.vc_custom_1743632760728{margin-top: 40px !important;margin-bottom: 40px !important;}&#8221;][vc_column][vc_column_text css=&#8221;.vc_custom_1778021845763{margin-top: 10px !important;margin-bottom: 10px !important;}&#8221;] Actualmente contamos con 3200 mujeres virtuales y personas afiliadas con membres\u00eda que participan y apoyan nuestras iniciativas. [\/vc_column_text][\/vc_column][\/vc_row][vc_row css=&#8221;.vc_custom_1778021769868{margin-top: 0px !important;margin-bottom: 30px !important;}&#8221;][vc_column width=&#8221;1\/3&#8243; css_animation=&#8221;fadeInLeftBig&#8221;][vc_custom_heading text=&#8221;VIERNES&hellip;","og_url":"https:\/\/www.cervezamexico.com\/guadalajara\/salon-de-catas-gdl\/","og_site_name":"Expo Cerveza Guadalajara","article_publisher":"https:\/\/www.facebook.com\/CervezaMexico","article_modified_time":"2026-05-05T22:53:45+00:00","twitter_card":"summary_large_image","twitter_site":"@CervezaMexico","twitter_misc":{"Tiempo de lectura":"2 minutos"},"schema":{"@context":"https:\/\/schema.org","@graph":[{"@type":"WebPage","@id":"https:\/\/www.cervezamexico.com\/guadalajara\/salon-de-catas-gdl\/","url":"https:\/\/www.cervezamexico.com\/guadalajara\/salon-de-catas-gdl\/","name":"Sal\u00f3n de Catas - GDL - Expo Cerveza Guadalajara","isPartOf":{"@id":"https:\/\/www.cervezamexico.com\/guadalajara\/#website"},"datePublished":"2024-03-12T17:28:48+00:00","dateModified":"2026-05-05T22:53:45+00:00","breadcrumb":{"@id":"https:\/\/www.cervezamexico.com\/guadalajara\/salon-de-catas-gdl\/#breadcrumb"},"inLanguage":"es","potentialAction":[{"@type":"ReadAction","target":["https:\/\/www.cervezamexico.com\/guadalajara\/salon-de-catas-gdl\/"]}]},{"@type":"BreadcrumbList","@id":"https:\/\/www.cervezamexico.com\/guadalajara\/salon-de-catas-gdl\/#breadcrumb","itemListElement":[{"@type":"ListItem","position":1,"name":"Portada","item":"https:\/\/www.cervezamexico.com\/guadalajara\/"},{"@type":"ListItem","position":2,"name":"Sal\u00f3n de Catas &#8211; GDL"}]},{"@type":"WebSite","@id":"https:\/\/www.cervezamexico.com\/guadalajara\/#website","url":"https:\/\/www.cervezamexico.com\/guadalajara\/","name":"Expo Cerveza Guadalajara","description":"Expo Cerveza M\u00e9xico | Juntos por la Cerveza","publisher":{"@id":"https:\/\/www.cervezamexico.com\/guadalajara\/#organization"},"potentialAction":[{"@type":"SearchAction","target":{"@type":"EntryPoint","urlTemplate":"https:\/\/www.cervezamexico.com\/guadalajara\/?s={search_term_string}"},"query-input":{"@type":"PropertyValueSpecification","valueRequired":true,"valueName":"search_term_string"}}],"inLanguage":"es"},{"@type":"Organization","@id":"https:\/\/www.cervezamexico.com\/guadalajara\/#organization","name":"Expo Cerveza Guadalajara","url":"https:\/\/www.cervezamexico.com\/guadalajara\/","logo":{"@type":"ImageObject","inLanguage":"es","@id":"https:\/\/www.cervezamexico.com\/guadalajara\/#\/schema\/logo\/image\/","url":"https:\/\/www.cervezamexico.com\/guadalajara\/wp-content\/uploads\/2026\/05\/Logo-Expo-Cerveza-Guadalajara-17.png","contentUrl":"https:\/\/www.cervezamexico.com\/guadalajara\/wp-content\/uploads\/2026\/05\/Logo-Expo-Cerveza-Guadalajara-17.png","width":750,"height":480,"caption":"Expo Cerveza Guadalajara"},"image":{"@id":"https:\/\/www.cervezamexico.com\/guadalajara\/#\/schema\/logo\/image\/"},"sameAs":["https:\/\/www.facebook.com\/CervezaMexico","https:\/\/x.com\/CervezaMexico","https:\/\/www.instagram.com\/expo.cerveza\/","https:\/\/www.tiktok.com\/@expocerveza","https:\/\/www.youtube.com\/@ExpoCervezaMexico"]}]}},"ticketed":false,"_links":{"self":[{"href":"https:\/\/www.cervezamexico.com\/guadalajara\/wp-json\/wp\/v2\/pages\/25621","targetHints":{"allow":["GET"]}}],"collection":[{"href":"https:\/\/www.cervezamexico.com\/guadalajara\/wp-json\/wp\/v2\/pages"}],"about":[{"href":"https:\/\/www.cervezamexico.com\/guadalajara\/wp-json\/wp\/v2\/types\/page"}],"author":[{"embeddable":true,"href":"https:\/\/www.cervezamexico.com\/guadalajara\/wp-json\/wp\/v2\/users\/120"}],"replies":[{"embeddable":true,"href":"https:\/\/www.cervezamexico.com\/guadalajara\/wp-json\/wp\/v2\/comments?post=25621"}],"version-history":[{"count":29,"href":"https:\/\/www.cervezamexico.com\/guadalajara\/wp-json\/wp\/v2\/pages\/25621\/revisions"}],"predecessor-version":[{"id":33183,"href":"https:\/\/www.cervezamexico.com\/guadalajara\/wp-json\/wp\/v2\/pages\/25621\/revisions\/33183"}],"wp:attachment":[{"href":"https:\/\/www.cervezamexico.com\/guadalajara\/wp-json\/wp\/v2\/media?parent=25621"}],"curies":[{"name":"wp","href":"https:\/\/api.w.org\/{rel}","templated":true}]}}