{"id":28476,"date":"2025-04-15T10:11:21","date_gmt":"2025-04-15T16:11:21","guid":{"rendered":"https:\/\/www.cervezamexico.com\/guadalajara\/?page_id=28476"},"modified":"2026-03-19T10:18:18","modified_gmt":"2026-03-19T16:18:18","slug":"programa-cerveza-en-vivo","status":"publish","type":"page","link":"https:\/\/www.cervezamexico.com\/guadalajara\/programa-cerveza-en-vivo\/","title":{"rendered":"Programa Cerveza en Vivo"},"content":{"rendered":"<div class=\"wpb-content-wrapper\"><p>[vc_row css=&#8221;.vc_custom_1773937503757{margin-bottom: 50px !important;}&#8221;][vc_column][vc_column_text css=&#8221;&#8221;]<\/p>\n<h2 style=\"text-align: center;\">PR\u00d3XIMAMENTE M\u00c1S INFORMACI\u00d3N<\/h2>\n<p>[\/vc_column_text][\/vc_column][\/vc_row][vc_row disable_element=&#8221;yes&#8221; full_width=&#8221;stretch_row&#8221; css=&#8221;.vc_custom_1773937473696{background-color: #f5f5f5 !important;}&#8221;][vc_column]\r\n\t<div class=\"wprt-spacer clearfix\" data-desktop=\"87\" data-mobi=\"60\" data-smobi=\"60\"><\/div>[vc_row_inner][vc_column_inner width=&#8221;1\/3&#8243;]\r\n\t<div class=\"wprt-spacer clearfix\" data-desktop=\"20\" data-mobi=\"20\" data-smobi=\"20\"><\/div><div class=\"wprt-price-table \" style=\"\">\r\n\t\t<div class=\"price-table-name\" style=\"\">\r\n\t\t\t<div class=\"title \" style=\"font-size:14px;font-family:Montserrat;background-color:#00325D;\">PROGRAMA CERVEZA EN VIVO<\/div>\r\n\t\t<\/div> \r\n\t\t<div class=\"price-table-features\" style=\"padding:27px 30px 38px 30px;\"><h3><span style=\"color: #00325d;\">VIERNES 16 DE MAYO<\/span><\/h3>\n<ul class=\"style-1\">\n<li><span>12:30 hrs &#8211; Inauguraci\u00f3n <\/span><\/li>\n<li><span>15:00 hrs &#8211; Concierto Zepoleth<\/span><\/li>\n<li><span>16:00 hrs &#8211; Ceremonia de premiaci\u00f3n Competencia Amateur<\/span><\/li>\n<li><span>18:00 hrs &#8211; Concierto Rojo Buend\u00eda<\/span><\/li>\n<\/ul>\n <\/div>\r\n\t<\/div>\r\n\t<div class=\"wprt-spacer clearfix\" data-desktop=\"0\" data-mobi=\"20\" data-smobi=\"20\"><\/div>[\/vc_column_inner][vc_column_inner width=&#8221;1\/3&#8243;]<div class=\"wprt-price-table \" style=\"\">\r\n\t\t<div class=\"price-table-name\" style=\"\">\r\n\t\t\t<div class=\"title  accent\" style=\"font-size:14px;font-family:Montserrat;\">PROGRAMA CERVEZA EN VIVO<\/div>\r\n\t\t<\/div> \r\n\t\t<div class=\"price-table-features\" style=\"padding:33px 30px 58px 30px;\"><h3><span style=\"color: #00325d;\">S\u00c1BADO 17 DE MAYO<\/span><\/h3>\n<ul class=\"style-1\">\n<li><span>15:00 hrs &#8211; Concierto Zepoleth<\/span><\/li>\n<li><span>16:00 hrs &#8211; Concierto Rojo Buend\u00eda<\/span><\/li>\n<li><span>17:00 hrs &#8211; 70s Music<\/span><\/li>\n<li><span>18:00 hrs &#8211; 80s Music<\/span><\/li>\n<li><span>19:00 hrs &#8211; 90s Music<\/span><\/li>\n<li><span>20:00 hrs &#8211; Fiesta <\/span><\/li>\n<\/ul>\n <\/div>\r\n\t<\/div>\r\n\t<div class=\"wprt-spacer clearfix\" data-desktop=\"0\" data-mobi=\"20\" data-smobi=\"20\"><\/div>[\/vc_column_inner][vc_column_inner width=&#8221;1\/3&#8243;]\r\n\t<div class=\"wprt-spacer clearfix\" data-desktop=\"20\" data-mobi=\"20\" data-smobi=\"20\"><\/div><div class=\"wprt-price-table \" style=\"\">\r\n\t\t<div class=\"price-table-name\" style=\"\">\r\n\t\t\t<div class=\"title \" style=\"font-size:14px;font-family:Montserrat;background-color:#00325D;\">PROGRAMA CERVEZA EN VIVO<\/div>\r\n\t\t<\/div> \r\n\t\t<div class=\"price-table-features\" style=\"padding:27px 30px 38px 30px;\"><h3><span style=\"color: #00325d;\">DOMINGO 18 DE MAYO<\/span><\/h3>\n<ul class=\"style-1\">\n<li><span>14:00 hrs &#8211; Concierto Zepoleth<\/span><\/li>\n<li><span>15:00 hrs &#8211; Concierto Rojo Buend\u00eda<\/span><\/li>\n<li><span>16:00 hrs &#8211; Beer Karaoke<\/span><\/li>\n<\/ul>\n <\/div>\r\n\t<\/div>\r\n\t<div class=\"wprt-spacer clearfix\" data-desktop=\"0\" data-mobi=\"20\" data-smobi=\"20\"><\/div>[\/vc_column_inner][\/vc_row_inner]\r\n\t<div class=\"wprt-spacer clearfix\" data-desktop=\"87\" data-mobi=\"60\" data-smobi=\"60\"><\/div>[\/vc_column][\/vc_row][vc_row css=&#8221;.vc_custom_1744743809136{margin-bottom: 40px !important;}&#8221;][vc_column]<div class=\"wprt-images-grid\" data-layout=\"grid\" data-column=\"4\" data-column2=\"3\" data-column3=\"2\" data-column4=\"2\" data-gaph=\"20\" data-gaph=\"20\" data-gapv=\"20\"><div id=\"images-wrap\" class=\"cbp\"><div class=\"cbp-item\"><div class=\"item-wrap\"><a class=\"zoom-popup cbp-lightbox\" href=\"https:\/\/www.cervezamexico.com\/guadalajara\/wp-content\/uploads\/2025\/04\/gallery2-1.jpg\"><i class=\"gustablo-magnifier2\"><\/i><\/a><img decoding=\"async\" src=\"https:\/\/www.cervezamexico.com\/guadalajara\/wp-content\/uploads\/2025\/04\/gallery2-1-600x600.jpg\" alt=\"image\" \/><\/div><\/div><div class=\"cbp-item\"><div class=\"item-wrap\"><a class=\"zoom-popup cbp-lightbox\" href=\"https:\/\/www.cervezamexico.com\/guadalajara\/wp-content\/uploads\/2025\/02\/portada-cerveza.jpg\"><i class=\"gustablo-magnifier2\"><\/i><\/a><img decoding=\"async\" src=\"https:\/\/www.cervezamexico.com\/guadalajara\/wp-content\/uploads\/2025\/02\/portada-cerveza-600x600.jpg\" alt=\"image\" \/><\/div><\/div><div class=\"cbp-item\"><div class=\"item-wrap\"><a class=\"zoom-popup cbp-lightbox\" href=\"https:\/\/www.cervezamexico.com\/guadalajara\/wp-content\/uploads\/2024\/04\/EXEAEC_1-2-scaled-1.jpg\"><i class=\"gustablo-magnifier2\"><\/i><\/a><img decoding=\"async\" src=\"https:\/\/www.cervezamexico.com\/guadalajara\/wp-content\/uploads\/2024\/04\/EXEAEC_1-2-scaled-1-600x600.jpg\" alt=\"image\" \/><\/div><\/div><div class=\"cbp-item\"><div class=\"item-wrap\"><a class=\"zoom-popup cbp-lightbox\" href=\"https:\/\/www.cervezamexico.com\/guadalajara\/wp-content\/uploads\/2024\/04\/IMG20230512161130-scaled-1.jpg\"><i class=\"gustablo-magnifier2\"><\/i><\/a><img decoding=\"async\" src=\"https:\/\/www.cervezamexico.com\/guadalajara\/wp-content\/uploads\/2024\/04\/IMG20230512161130-scaled-1-600x600.jpg\" alt=\"image\" \/><\/div><\/div><div class=\"cbp-item\"><div class=\"item-wrap\"><a class=\"zoom-popup cbp-lightbox\" href=\"https:\/\/www.cervezamexico.com\/guadalajara\/wp-content\/uploads\/2025\/04\/gallery1.jpg\"><i class=\"gustablo-magnifier2\"><\/i><\/a><img decoding=\"async\" src=\"https:\/\/www.cervezamexico.com\/guadalajara\/wp-content\/uploads\/2025\/04\/gallery1-600x600.jpg\" alt=\"image\" \/><\/div><\/div><div class=\"cbp-item\"><div class=\"item-wrap\"><a class=\"zoom-popup cbp-lightbox\" href=\"https:\/\/www.cervezamexico.com\/guadalajara\/wp-content\/uploads\/2025\/04\/gallery.jpg\"><i class=\"gustablo-magnifier2\"><\/i><\/a><img decoding=\"async\" src=\"https:\/\/www.cervezamexico.com\/guadalajara\/wp-content\/uploads\/2025\/04\/gallery-600x600.jpg\" alt=\"image\" \/><\/div><\/div><div class=\"cbp-item\"><div class=\"item-wrap\"><a class=\"zoom-popup cbp-lightbox\" href=\"https:\/\/www.cervezamexico.com\/guadalajara\/wp-content\/uploads\/2025\/04\/gallery5.jpg\"><i class=\"gustablo-magnifier2\"><\/i><\/a><img decoding=\"async\" src=\"https:\/\/www.cervezamexico.com\/guadalajara\/wp-content\/uploads\/2025\/04\/gallery5-600x600.jpg\" alt=\"image\" \/><\/div><\/div><div class=\"cbp-item\"><div class=\"item-wrap\"><a class=\"zoom-popup cbp-lightbox\" href=\"https:\/\/www.cervezamexico.com\/guadalajara\/wp-content\/uploads\/2025\/04\/gallery4.jpg\"><i class=\"gustablo-magnifier2\"><\/i><\/a><img decoding=\"async\" src=\"https:\/\/www.cervezamexico.com\/guadalajara\/wp-content\/uploads\/2025\/04\/gallery4-600x600.jpg\" alt=\"image\" \/><\/div><\/div><div class=\"cbp-item\"><div class=\"item-wrap\"><a class=\"zoom-popup cbp-lightbox\" href=\"https:\/\/www.cervezamexico.com\/guadalajara\/wp-content\/uploads\/2025\/04\/gallery3.jpg\"><i class=\"gustablo-magnifier2\"><\/i><\/a><img decoding=\"async\" src=\"https:\/\/www.cervezamexico.com\/guadalajara\/wp-content\/uploads\/2025\/04\/gallery3-600x600.jpg\" alt=\"image\" \/><\/div><\/div><div class=\"cbp-item\"><div class=\"item-wrap\"><a class=\"zoom-popup cbp-lightbox\" href=\"https:\/\/www.cervezamexico.com\/guadalajara\/wp-content\/uploads\/2025\/04\/gallery6.jpg\"><i class=\"gustablo-magnifier2\"><\/i><\/a><img decoding=\"async\" src=\"https:\/\/www.cervezamexico.com\/guadalajara\/wp-content\/uploads\/2025\/04\/gallery6-600x600.jpg\" alt=\"image\" \/><\/div><\/div><div class=\"cbp-item\"><div class=\"item-wrap\"><a class=\"zoom-popup cbp-lightbox\" href=\"https:\/\/www.cervezamexico.com\/guadalajara\/wp-content\/uploads\/2025\/04\/gallery7.jpg\"><i class=\"gustablo-magnifier2\"><\/i><\/a><img decoding=\"async\" src=\"https:\/\/www.cervezamexico.com\/guadalajara\/wp-content\/uploads\/2025\/04\/gallery7-600x600.jpg\" alt=\"image\" \/><\/div><\/div><div class=\"cbp-item\"><div class=\"item-wrap\"><a class=\"zoom-popup cbp-lightbox\" href=\"https:\/\/www.cervezamexico.com\/guadalajara\/wp-content\/uploads\/2025\/04\/gallery8-1.jpg\"><i class=\"gustablo-magnifier2\"><\/i><\/a><img decoding=\"async\" src=\"https:\/\/www.cervezamexico.com\/guadalajara\/wp-content\/uploads\/2025\/04\/gallery8-1-600x600.jpg\" alt=\"image\" \/><\/div><\/div><\/div><\/div>[\/vc_column][\/vc_row]<\/p>\n<\/div>","protected":false},"excerpt":{"rendered":"<p>[vc_row css=&#8221;.vc_custom_1773937503757{margin-bottom: 50px !important;}&#8221;][vc_column][vc_column_text css=&#8221;&#8221;] PR\u00d3XIMAMENTE M\u00c1S INFORMACI\u00d3N [\/vc_column_text][\/vc_column][\/vc_row][vc_row disable_element=&#8221;yes&#8221; full_width=&#8221;stretch_row&#8221; css=&#8221;.vc_custom_1773937473696{background-color: #f5f5f5 !important;}&#8221;][vc_column][vc_row_inner][vc_column_inner width=&#8221;1\/3&#8243;][\/vc_column_inner][vc_column_inner width=&#8221;1\/3&#8243;][\/vc_column_inner][vc_column_inner width=&#8221;1\/3&#8243;][\/vc_column_inner][\/vc_row_inner][\/vc_column][\/vc_row][vc_row css=&#8221;.vc_custom_1744743809136{margin-bottom: 40px !important;}&#8221;][vc_column][\/vc_column][\/vc_row]<\/p>\n","protected":false},"author":120,"featured_media":0,"parent":0,"menu_order":0,"comment_status":"closed","ping_status":"closed","template":"","meta":{"_acf_changed":false,"inline_featured_image":false,"_monsterinsights_skip_tracking":false,"_monsterinsights_sitenote_active":false,"_monsterinsights_sitenote_note":"","_monsterinsights_sitenote_category":0,"_price":"","_stock":"","_tribe_ticket_header":"","_tribe_default_ticket_provider":"Tribe__Tickets_Plus__Commerce__WooCommerce__Main","_tribe_ticket_capacity":"0","_ticket_start_date":"","_ticket_end_date":"","_tribe_ticket_show_description":"","_tribe_ticket_show_not_going":false,"_tribe_ticket_use_global_stock":"","_tribe_ticket_global_stock_level":"","_global_stock_mode":"","_global_stock_cap":"","_tribe_rsvp_for_event":"","_tribe_ticket_going_count":"","_tribe_ticket_not_going_count":"","_tribe_tickets_list":"[]","_tribe_ticket_has_attendee_info_fields":false,"_joinchat":[],"footnotes":"","_tec_slr_enabled":"","_tec_slr_layout":""},"class_list":["post-28476","page","type-page","status-publish","hentry","last"],"acf":[],"ticketed":false,"_links":{"self":[{"href":"https:\/\/www.cervezamexico.com\/guadalajara\/wp-json\/wp\/v2\/pages\/28476","targetHints":{"allow":["GET"]}}],"collection":[{"href":"https:\/\/www.cervezamexico.com\/guadalajara\/wp-json\/wp\/v2\/pages"}],"about":[{"href":"https:\/\/www.cervezamexico.com\/guadalajara\/wp-json\/wp\/v2\/types\/page"}],"author":[{"embeddable":true,"href":"https:\/\/www.cervezamexico.com\/guadalajara\/wp-json\/wp\/v2\/users\/120"}],"replies":[{"embeddable":true,"href":"https:\/\/www.cervezamexico.com\/guadalajara\/wp-json\/wp\/v2\/comments?post=28476"}],"version-history":[{"count":2,"href":"https:\/\/www.cervezamexico.com\/guadalajara\/wp-json\/wp\/v2\/pages\/28476\/revisions"}],"predecessor-version":[{"id":31379,"href":"https:\/\/www.cervezamexico.com\/guadalajara\/wp-json\/wp\/v2\/pages\/28476\/revisions\/31379"}],"wp:attachment":[{"href":"https:\/\/www.cervezamexico.com\/guadalajara\/wp-json\/wp\/v2\/media?parent=28476"}],"curies":[{"name":"wp","href":"https:\/\/api.w.org\/{rel}","templated":true}]}}