{"id":28510,"date":"2025-04-15T11:11:22","date_gmt":"2025-04-15T17:11:22","guid":{"rendered":"https:\/\/www.cervezamexico.com\/guadalajara\/?page_id=28510"},"modified":"2026-04-28T15:52:34","modified_gmt":"2026-04-28T21:52:34","slug":"conferencias-virtuales","status":"publish","type":"page","link":"https:\/\/www.cervezamexico.com\/guadalajara\/conferencias-virtuales\/","title":{"rendered":"Conferencias Virtuales"},"content":{"rendered":"<div class=\"wpb-content-wrapper\"><p>[vc_row row_content_position=&#8221;middle&#8221; row_equal_height=&#8221;yes&#8221;][vc_column width=&#8221;2\/3&#8243;][vc_custom_heading text=&#8221;PROGRAMA CONFERENCIAS VIRTUALES<br \/>\n&#8211; 4 al 7 de Mayo -&#8221; font_container=&#8221;tag:h2|text_align:center|color:%2300325D&#8221; use_theme_fonts=&#8221;yes&#8221; css_animation=&#8221;none&#8221; css=&#8221;.vc_custom_1777399931807{margin-top: 0px !important;margin-bottom: 0px !important;padding-top: 5px !important;padding-bottom: 5px !important;}&#8221;][\/vc_column][vc_column width=&#8221;1\/3&#8243;][vc_column_text css=&#8221;&#8221;]<\/p>\n<h4 style=\"text-align: center;\">CONECTATE V\u00cdA ZOOM<\/h4>\n<p><img loading=\"lazy\" decoding=\"async\" src=\"https:\/\/www.cervezamexico.com\/guadalajara\/wp-content\/uploads\/2026\/04\/zoom.png\" alt=\"\" width=\"165\" height=\"67\" class=\"wp-image-32873 aligncenter\" \/>[\/vc_column_text]\r\n\t<div class=\"wprt-align-box text-center\"><div class=\"button-wrap icon-right\" style=\"\"><a href=\"https:\/\/whatsapp.com\/channel\/0029Vb6tdFr1SWsreMSPiM0M\" target=\"_blank\" class=\"wprt-button  solid accent width-2\" style=\"\">\r\n\t\t<span style=\"\">\u00daNETE AL CANAL <\/span>\r\n\t<\/a><\/div>\n<\/div>[\/vc_column][\/vc_row][vc_row row_equal_height=&#8221;yes&#8221; full_height=&#8221;yes&#8221; columns_placement=&#8221;top&#8221; css=&#8221;.vc_custom_1777399842939{margin-top: 30px !important;margin-bottom: 50px !important;}&#8221;][vc_column css_animation=&#8221;fadeInLeft&#8221;][vc_column_text css=&#8221;.vc_custom_1777413607194{margin-top: 0px !important;}&#8221;]<\/p>\n<table style=\"width: 100%;\" border=\"0\" cellspacing=\"0\" cellpadding=\"4\" align=\"center\">\n<tbody>\n<tr style=\"background: #f96f00; color: #fff; font-weight: bold;\">\n<td style=\"width: 120px;\">D\u00cdA<\/td>\n<td style=\"width: 120px;\">HORA<\/td>\n<td>CONFERENCIA<\/td>\n<\/tr>\n<tr>\n<td>04-MAYO<\/td>\n<td>11:00 hrs<\/td>\n<td><span class=\"a_GcMg font-feature-liga-off font-feature-clig-off font-feature-calt-off text-decoration-none text-strikethrough-none\">Tendencias en consumo de cerveza artesanal, retos y oportunidades<\/span><span class=\"a_GcMg font-feature-liga-off font-feature-clig-off font-feature-calt-off text-decoration-none text-strikethrough-none\"> \/<strong> Lic.Gabriela Calder\u00f3n<\/strong><\/span><\/td>\n<\/tr>\n<tr>\n<td><\/td>\n<td>13:00 hrs<\/td>\n<td><span class=\"a_GcMg font-feature-liga-off font-feature-clig-off font-feature-calt-off text-decoration-none text-strikethrough-none\">Chequia cervecera: Tradici\u00f3n, innovaci\u00f3n y calidad en cada gota<\/span><span class=\"a_GcMg font-feature-liga-off font-feature-clig-off font-feature-calt-off text-decoration-none text-strikethrough-none\"> \/<strong>Mtro. Cesar Omar Reyes Valdez<\/strong><\/span><\/td>\n<\/tr>\n<tr>\n<td>05-MAYO<\/td>\n<td>11:00 hrs<\/td>\n<td><span class=\"a_GcMg font-feature-liga-off font-feature-clig-off font-feature-calt-off text-decoration-none text-strikethrough-none\">Como Iniciar a Producir Cerveza<\/span><span class=\"a_GcMg font-feature-liga-off font-feature-clig-off font-feature-calt-off text-decoration-none text-strikethrough-none\"> \/<strong> Diego Santiago de la Torre<\/strong><\/span><\/td>\n<\/tr>\n<tr>\n<td><\/td>\n<td>13:00 hrs<\/td>\n<td><span class=\"a_GcMg font-feature-liga-off font-feature-clig-off font-feature-calt-off text-decoration-none text-strikethrough-none\"> <\/span><span class=\"a_GcMg font-feature-liga-off font-feature-clig-off font-feature-calt-off text-decoration-none text-strikethrough-none\">De aficionado a Catador: Domina los defectos de la cerveza<\/span><span class=\"a_GcMg font-feature-liga-off font-feature-clig-off font-feature-calt-off text-decoration-none text-strikethrough-none\"> \/<strong> Lic. Antonieta Carri\u00f3n<\/strong><\/span><\/td>\n<\/tr>\n<tr>\n<td>06-MAYO<\/td>\n<td>11:00 hrs<\/td>\n<td><span class=\"a_GcMg font-feature-liga-off font-feature-clig-off font-feature-calt-off text-decoration-none text-strikethrough-none\">El Boom Plant-Based: Potencia tu marca con la certificaci\u00f3n V-Label<\/span><span class=\"a_GcMg font-feature-liga-off font-feature-clig-off font-feature-calt-off text-decoration-none text-strikethrough-none\"> \/<strong> Gianfranco Canessa y Estefania Pareja<\/strong><\/span><\/td>\n<\/tr>\n<tr>\n<td><\/td>\n<td>13:00 hrs<\/td>\n<td><span class=\"a_GcMg font-feature-liga-off font-feature-clig-off font-feature-calt-off text-decoration-none text-strikethrough-none\">Venta de alcohol: permisos, regulaci\u00f3n y cumplimiento legal <\/span><span class=\"a_GcMg font-feature-liga-off font-feature-clig-off font-feature-calt-off text-decoration-none text-strikethrough-none\">\/ <strong>Fabiola Baza<\/strong><\/span><\/td>\n<\/tr>\n<tr>\n<td>07-MAYO<\/td>\n<td>11:00 hrs<\/td>\n<td><span class=\"a_GcMg font-feature-liga-off font-feature-clig-off font-feature-calt-off text-decoration-none text-strikethrough-none\">No es hate, es trauma cervecero: Por qu\u00e9 la gente cree que no le gusta la cerveza artesanal <\/span><span class=\"a_GcMg font-feature-liga-off font-feature-clig-off font-feature-calt-off text-decoration-none text-strikethrough-none\">\/ <strong>Miritha Porter<\/strong><\/span><\/td>\n<\/tr>\n<tr>\n<td><\/td>\n<td>13:00 hrs<\/td>\n<td><span class=\"a_GcMg font-feature-liga-off font-feature-clig-off font-feature-calt-off text-decoration-none text-strikethrough-none\">Aprende a conocer los distintos estilos de cerveza<\/span><span class=\"a_GcMg font-feature-liga-off font-feature-clig-off font-feature-calt-off text-decoration-none text-strikethrough-none\"> \/ <strong>Daniel Massih<\/strong><\/span><\/td>\n<\/tr>\n<tr>\n<td><\/td>\n<td>11:00 hrs<\/td>\n<td>Foro de Pasteurizaci\u00f3n de cerveza \/ <strong>Rub\u00e9n Dar\u00edo C\u00e1rdenas Duarte La Legendaria y H\u00e9ctor Reynoso Ponce UASLP<\/strong><\/td>\n<\/tr>\n<tr>\n<td><\/td>\n<td>13:00 hrs<\/td>\n<td>Hidromiel Mexicana y su importancia \/<strong> Marco Tello \/ Hidromiel del Rey<\/strong><\/td>\n<\/tr>\n<\/tbody>\n<\/table>\n<p>[\/vc_column_text]\r\n\t<div class=\"wprt-spacer clearfix\" data-desktop=\"15\" data-mobi=\"15\" data-smobi=\"15\"><\/div>[\/vc_column][\/vc_row]<\/p>\n<\/div>","protected":false},"excerpt":{"rendered":"<p>[vc_row row_content_position=&#8221;middle&#8221; row_equal_height=&#8221;yes&#8221;][vc_column width=&#8221;2\/3&#8243;][vc_custom_heading text=&#8221;PROGRAMA CONFERENCIAS VIRTUALES &#8211; 4 al 7 de Mayo -&#8221; font_container=&#8221;tag:h2|text_align:center|color:%2300325D&#8221; use_theme_fonts=&#8221;yes&#8221; css_animation=&#8221;none&#8221; css=&#8221;.vc_custom_1777399931807{margin-top: 0px !important;margin-bottom: 0px !important;padding-top: 5px !important;padding-bottom: 5px !important;}&#8221;][\/vc_column][vc_column width=&#8221;1\/3&#8243;][vc_column_text css=&#8221;&#8221;] CONECTATE V\u00cdA ZOOM [\/vc_column_text][\/vc_column][\/vc_row][vc_row row_equal_height=&#8221;yes&#8221; full_height=&#8221;yes&#8221; columns_placement=&#8221;top&#8221; css=&#8221;.vc_custom_1777399842939{margin-top: 30px !important;margin-bottom: 50px !important;}&#8221;][vc_column css_animation=&#8221;fadeInLeft&#8221;][vc_column_text css=&#8221;.vc_custom_1777413607194{margin-top: 0px !important;}&#8221;] D\u00cdA HORA&hellip;<\/p>\n","protected":false},"author":120,"featured_media":0,"parent":0,"menu_order":0,"comment_status":"closed","ping_status":"closed","template":"","meta":{"_acf_changed":false,"inline_featured_image":false,"_monsterinsights_skip_tracking":false,"_monsterinsights_sitenote_active":false,"_monsterinsights_sitenote_note":"","_monsterinsights_sitenote_category":0,"_price":"","_stock":"","_tribe_ticket_header":"","_tribe_default_ticket_provider":"Tribe__Tickets_Plus__Commerce__WooCommerce__Main","_tribe_ticket_capacity":"0","_ticket_start_date":"","_ticket_end_date":"","_tribe_ticket_show_description":"","_tribe_ticket_show_not_going":false,"_tribe_ticket_use_global_stock":"","_tribe_ticket_global_stock_level":"","_global_stock_mode":"","_global_stock_cap":"","_tribe_rsvp_for_event":"","_tribe_ticket_going_count":"","_tribe_ticket_not_going_count":"","_tribe_tickets_list":"[]","_tribe_ticket_has_attendee_info_fields":false,"_joinchat":[],"footnotes":"","_tec_slr_enabled":"","_tec_slr_layout":""},"class_list":["post-28510","page","type-page","status-publish","hentry","last"],"acf":[],"ticketed":false,"_links":{"self":[{"href":"https:\/\/www.cervezamexico.com\/guadalajara\/wp-json\/wp\/v2\/pages\/28510","targetHints":{"allow":["GET"]}}],"collection":[{"href":"https:\/\/www.cervezamexico.com\/guadalajara\/wp-json\/wp\/v2\/pages"}],"about":[{"href":"https:\/\/www.cervezamexico.com\/guadalajara\/wp-json\/wp\/v2\/types\/page"}],"author":[{"embeddable":true,"href":"https:\/\/www.cervezamexico.com\/guadalajara\/wp-json\/wp\/v2\/users\/120"}],"replies":[{"embeddable":true,"href":"https:\/\/www.cervezamexico.com\/guadalajara\/wp-json\/wp\/v2\/comments?post=28510"}],"version-history":[{"count":13,"href":"https:\/\/www.cervezamexico.com\/guadalajara\/wp-json\/wp\/v2\/pages\/28510\/revisions"}],"predecessor-version":[{"id":32879,"href":"https:\/\/www.cervezamexico.com\/guadalajara\/wp-json\/wp\/v2\/pages\/28510\/revisions\/32879"}],"wp:attachment":[{"href":"https:\/\/www.cervezamexico.com\/guadalajara\/wp-json\/wp\/v2\/media?parent=28510"}],"curies":[{"name":"wp","href":"https:\/\/api.w.org\/{rel}","templated":true}]}}