{"id":28656,"date":"2025-04-25T09:43:47","date_gmt":"2025-04-25T15:43:47","guid":{"rendered":"https:\/\/www.cervezamexico.com\/guadalajara\/?page_id=28656"},"modified":"2026-03-31T14:11:16","modified_gmt":"2026-03-31T20:11:16","slug":"terminos-y-condiciones","status":"publish","type":"page","link":"https:\/\/www.cervezamexico.com\/guadalajara\/terminos-y-condiciones\/","title":{"rendered":"T\u00e9rminos y Condiciones"},"content":{"rendered":"<div class=\"wpb-content-wrapper\"><p>[vc_row css=&#8221;.vc_custom_1745595813747{margin-top: 40px !important;margin-bottom: 40px !important;}&#8221;][vc_column][vc_column_text css=&#8221;&#8221;]<\/p>\n<h2 data-start=\"175\" data-end=\"210\" class=\"\"><span style=\"color: #ff6600;\"><strong>T\u00c9RMINOS Y CONDICIONES DE COMPRA<\/strong><\/span><\/h2>\n<p data-start=\"212\" data-end=\"248\" class=\"\"><strong data-start=\"212\" data-end=\"237\">\u00daltima actualizaci\u00f3n:<\/strong> abril 2026<\/p>\n<p data-start=\"250\" data-end=\"507\" class=\"\">Al adquirir tus boletos para <strong data-start=\"279\" data-end=\"312\">Expo Cerveza Guadalajara<\/strong>\u00a0a trav\u00e9s de nuestro sitio web <a data-start=\"343\" data-end=\"417\" rel=\"noopener\" target=\"_new\" class=\"\" href=\"https:\/\/www.cervezamexico.com\/guadalajara\">cervezamexico.com\/guadalajara<\/a>, aceptas los siguientes T\u00e9rminos y Condiciones:<\/p>\n<hr data-start=\"509\" data-end=\"512\" class=\"\" \/>\n<h3 data-start=\"514\" data-end=\"538\" class=\"\">1. Proceso de compra<\/h3>\n<ul data-start=\"540\" data-end=\"935\">\n<li data-start=\"540\" data-end=\"688\" class=\"\">\n<p data-start=\"542\" data-end=\"688\" class=\"\">La compra de boletos se realiza \u00fanicamente a trav\u00e9s de nuestro sitio web oficial www.cervezamexico.com\/guadalajara<\/p>\n<\/li>\n<li data-start=\"689\" data-end=\"839\" class=\"\">\n<p data-start=\"691\" data-end=\"839\" class=\"\">Los pagos realizados en nuestro sitio se procesan de forma segura mediante la plataforma <strong data-start=\"780\" data-end=\"791\">Openpay<\/strong>, la cual acepta tarjetas de cr\u00e9dito y d\u00e9bito.<\/p>\n<\/li>\n<li data-start=\"840\" data-end=\"935\" class=\"\">\n<p data-start=\"842\" data-end=\"935\" class=\"\">Una vez aprobado tu pago, recibir\u00e1s un correo electr\u00f3nico con la confirmaci\u00f3n de tu pedido.<\/p>\n<\/li>\n<\/ul>\n<hr data-start=\"937\" data-end=\"940\" class=\"\" \/>\n<h3 data-start=\"942\" data-end=\"969\" class=\"\">2. Pol\u00edticas de entrega<\/h3>\n<ul data-start=\"971\" data-end=\"1289\">\n<li data-start=\"971\" data-end=\"1007\" class=\"\">\n<p data-start=\"973\" data-end=\"1007\" class=\"\">Todos los boletos son digitales.<\/p>\n<\/li>\n<li data-start=\"1008\" data-end=\"1156\" class=\"\">\n<p data-start=\"1010\" data-end=\"1156\" class=\"\">El d\u00eda del evento deber\u00e1s acudir al <strong data-start=\"1046\" data-end=\"1073\">M\u00f3dulo de Pago en L\u00ednea<\/strong> para canjear tu boleto por la <strong data-start=\"1104\" data-end=\"1125\">pulsera de acceso<\/strong> y tu <strong data-start=\"1131\" data-end=\"1153\">vaso conmemorativo (acorde al boleto que hayas adquirido)<\/strong>.<\/p>\n<\/li>\n<li data-start=\"1157\" data-end=\"1289\" class=\"\">\n<p data-start=\"1159\" data-end=\"1289\" class=\"\">Es responsabilidad del comprador proporcionar un correo electr\u00f3nico v\u00e1lido y verificar la recepci\u00f3n de la confirmaci\u00f3n del pedido.<\/p>\n<\/li>\n<\/ul>\n<hr data-start=\"1291\" data-end=\"1294\" class=\"\" \/>\n<h3 data-start=\"1296\" data-end=\"1329\" class=\"\">3. Reembolsos y cancelaciones<\/h3>\n<ul data-start=\"1331\" data-end=\"1706\">\n<li data-start=\"1331\" data-end=\"1486\" class=\"\">\n<p data-start=\"1333\" data-end=\"1486\" class=\"\">Se aceptan solicitudes de <strong data-start=\"1359\" data-end=\"1483\">reembolso \u00fanicamente si el asistente no puede asistir al evento y no ha validado su boleto en el M\u00f3dulo de Pago en L\u00ednea<\/strong>.<\/p>\n<\/li>\n<li data-start=\"1487\" data-end=\"1575\" class=\"\">\n<p data-start=\"1489\" data-end=\"1575\" class=\"\">No se realizar\u00e1n reembolsos en caso de que el boleto haya sido validado o utilizado.<\/p>\n<\/li>\n<li data-start=\"1576\" data-end=\"1706\" class=\"\">\n<p data-start=\"1578\" data-end=\"1706\" class=\"\">Para solicitar un reembolso, el titular de la compra deber\u00e1 escribir al correo oficial de contacto <span style=\"color: #ff6600;\">antes<\/span> de la fecha del evento.<\/p>\n<\/li>\n<\/ul>\n<hr data-start=\"1708\" data-end=\"1711\" class=\"\" \/>\n<h3 data-start=\"1713\" data-end=\"1734\" class=\"\">4. Uso del boleto<\/h3>\n<ul data-start=\"1736\" data-end=\"2003\">\n<li data-start=\"1736\" data-end=\"1813\" class=\"\">\n<p data-start=\"1738\" data-end=\"1813\" class=\"\">Cada boleto es v\u00e1lido \u00fanicamente para la fecha y tipo de acceso indicado.<\/p>\n<\/li>\n<li data-start=\"1814\" data-end=\"1925\" class=\"\">\n<p data-start=\"1816\" data-end=\"1925\" class=\"\">El acceso al evento est\u00e1 sujeto a los lineamientos, protocolos y horarios establecidos por la organizaci\u00f3n.<\/p>\n<\/li>\n<li data-start=\"1926\" data-end=\"2003\" class=\"\">\n<p data-start=\"1928\" data-end=\"2003\" class=\"\">Los boletos no pueden ser revendidos ni transferidos con fines comerciales.<\/p>\n<\/li>\n<\/ul>\n<hr data-start=\"2005\" data-end=\"2008\" class=\"\" \/>\n<h3 data-start=\"2010\" data-end=\"2039\" class=\"\">5. Seguridad y privacidad<\/h3>\n<ul data-start=\"2041\" data-end=\"2300\">\n<li data-start=\"2041\" data-end=\"2154\" class=\"\">\n<p data-start=\"2043\" data-end=\"2154\" class=\"\">Openpay cuenta con certificaciones de seguridad PCI-DSS para garantizar la protecci\u00f3n de tus datos bancarios.<\/p>\n<\/li>\n<li data-start=\"2155\" data-end=\"2300\" class=\"\">\n<p data-start=\"2157\" data-end=\"2300\" class=\"\">La informaci\u00f3n personal y de pago proporcionada se manejar\u00e1 conforme a nuestro <a data-start=\"2236\" data-end=\"2260\" class=\"\" rel=\"noopener\" href=\"https:\/\/www.cervezamexico.com\/guadalajara\/aviso-de-privacidad\/\">Aviso de Privacidad<\/a> y la <a href=\"https:\/\/www.openpay.mx\/aviso-privacidad\" target=\"_blank\" rel=\"noopener\">pol\u00edtica de privacidad de Openpay<\/a>.<\/p>\n<\/li>\n<\/ul>\n<hr data-start=\"2302\" data-end=\"2305\" class=\"\" \/>\n<h3 data-start=\"2307\" data-end=\"2322\" class=\"\">6. Contacto<\/h3>\n<p data-start=\"2324\" data-end=\"2487\" class=\"\">Para cualquier duda o aclaraci\u00f3n relacionada con tu compra, puedes comunicarte con nosotros a trav\u00e9s de:<br data-start=\"2428\" data-end=\"2431\" \/>\ud83d\udce7 <strong data-start=\"2434\" data-end=\"2456\"><a data-start=\"2436\" data-end=\"2454\" class=\"cursor-pointer\" rel=\"noopener\">viri@tradex.com.mx<\/a><\/strong><br data-start=\"2456\" data-end=\"2459\" \/>\ud83d\udcde <strong data-start=\"2462\" data-end=\"2487\">55 5604 4900 ext. 113<\/strong><\/p>\n<p>[\/vc_column_text][\/vc_column][\/vc_row]<\/p>\n<\/div>","protected":false},"excerpt":{"rendered":"<p>[vc_row css=&#8221;.vc_custom_1745595813747{margin-top: 40px !important;margin-bottom: 40px !important;}&#8221;][vc_column][vc_column_text css=&#8221;&#8221;] T\u00c9RMINOS Y CONDICIONES DE COMPRA \u00daltima actualizaci\u00f3n: abril 2026 Al adquirir tus boletos para Expo Cerveza Guadalajara\u00a0a trav\u00e9s de nuestro sitio web cervezamexico.com\/guadalajara, aceptas los siguientes T\u00e9rminos y Condiciones: 1. Proceso de compra La compra de boletos se realiza&hellip;<\/p>\n","protected":false},"author":2,"featured_media":0,"parent":0,"menu_order":0,"comment_status":"closed","ping_status":"closed","template":"","meta":{"_acf_changed":false,"inline_featured_image":false,"_monsterinsights_skip_tracking":false,"_monsterinsights_sitenote_active":false,"_monsterinsights_sitenote_note":"","_monsterinsights_sitenote_category":0,"_price":"","_stock":"","_tribe_ticket_header":"","_tribe_default_ticket_provider":"Tribe__Tickets_Plus__Commerce__WooCommerce__Main","_tribe_ticket_capacity":"0","_ticket_start_date":"","_ticket_end_date":"","_tribe_ticket_show_description":"","_tribe_ticket_show_not_going":false,"_tribe_ticket_use_global_stock":"","_tribe_ticket_global_stock_level":"","_global_stock_mode":"","_global_stock_cap":"","_tribe_rsvp_for_event":"","_tribe_ticket_going_count":"","_tribe_ticket_not_going_count":"","_tribe_tickets_list":"[]","_tribe_ticket_has_attendee_info_fields":false,"_joinchat":[],"footnotes":"","_tec_slr_enabled":"","_tec_slr_layout":""},"class_list":["post-28656","page","type-page","status-publish","hentry","last"],"acf":[],"ticketed":false,"_links":{"self":[{"href":"https:\/\/www.cervezamexico.com\/guadalajara\/wp-json\/wp\/v2\/pages\/28656","targetHints":{"allow":["GET"]}}],"collection":[{"href":"https:\/\/www.cervezamexico.com\/guadalajara\/wp-json\/wp\/v2\/pages"}],"about":[{"href":"https:\/\/www.cervezamexico.com\/guadalajara\/wp-json\/wp\/v2\/types\/page"}],"author":[{"embeddable":true,"href":"https:\/\/www.cervezamexico.com\/guadalajara\/wp-json\/wp\/v2\/users\/2"}],"replies":[{"embeddable":true,"href":"https:\/\/www.cervezamexico.com\/guadalajara\/wp-json\/wp\/v2\/comments?post=28656"}],"version-history":[{"count":1,"href":"https:\/\/www.cervezamexico.com\/guadalajara\/wp-json\/wp\/v2\/pages\/28656\/revisions"}],"predecessor-version":[{"id":31902,"href":"https:\/\/www.cervezamexico.com\/guadalajara\/wp-json\/wp\/v2\/pages\/28656\/revisions\/31902"}],"wp:attachment":[{"href":"https:\/\/www.cervezamexico.com\/guadalajara\/wp-json\/wp\/v2\/media?parent=28656"}],"curies":[{"name":"wp","href":"https:\/\/api.w.org\/{rel}","templated":true}]}}