{"id":29052,"date":"2025-05-26T10:48:01","date_gmt":"2025-05-26T16:48:01","guid":{"rendered":"https:\/\/www.cervezamexico.com\/guadalajara\/?page_id=29052"},"modified":"2026-03-11T17:07:33","modified_gmt":"2026-03-11T23:07:33","slug":"ganadores-competencia-amateur-cerveza-mexico-2025","status":"publish","type":"page","link":"https:\/\/www.cervezamexico.com\/guadalajara\/ganadores-competencia-amateur-cerveza-mexico-2025\/","title":{"rendered":"Ganadores Competencia Amateur Cerveza M\u00e9xico 2025"},"content":{"rendered":"<div class=\"wpb-content-wrapper\"><p>[vc_row fullwidth=&#8221;yes&#8221; css=&#8221;.vc_custom_1713379058255{padding-bottom: 20px !important;}&#8221;][vc_column][vc_single_image image=&#8221;29079&#8243; alignment=&#8221;center&#8221; css=&#8221;.vc_custom_1748288208060{margin-top: 0px !important;margin-bottom: 0px !important;padding-top: 0px !important;padding-bottom: 0px !important;}&#8221;][vc_column_text css=&#8221;.vc_custom_1748278429043{padding-top: 20px !important;padding-bottom: 20px !important;background-color: #F1C429 !important;}&#8221;]<\/p>\n<h2 style=\"text-align: center;\"><strong>\u00a0Ya tenemos ganadores Guadalajara, Jalisco<\/strong><\/h2>\n<p>[\/vc_column_text][vc_btn title=&#8221;CONOCE A LOS GANADORES&#8221; style=&#8221;custom&#8221; custom_background=&#8221;#F96F00&#8243; custom_text=&#8221;#ffffff&#8221; shape=&#8221;square&#8221; size=&#8221;lg&#8221; align=&#8221;center&#8221; css=&#8221;.vc_custom_1748279356299{margin-top: 0px !important;}&#8221; link=&#8221;url:https%3A%2F%2Fbeerawardsplatform.com%2Fcompetencia-amateur-cerveza-mexico-edicion-gdl-2025%2Fresults|target:_blank&#8221; el_class=&#8221;BtnCompetencia&#8221;][\/vc_column][\/vc_row][vc_row disable_element=&#8221;yes&#8221;][vc_column][vc_column_text css=&#8221;&#8221;]<\/p>\n<h3 style=\"text-align: center;\">Guadalajara, Jalisco \u2013 16 de mayo de 2025 \u2014 La Competencia Amateur Cerveza M\u00e9xico 2025 concluy\u00f3 con gran \u00e9xito, reafirmando el talento y la pasi\u00f3n que caracteriza a la comunidad de cerveceros caseros (homebrewers) en el pa\u00eds.<\/h3>\n<p>[\/vc_column_text][vc_row_inner css=&#8221;.vc_custom_1713379077496{margin-top: 20px !important;padding-top: 0px !important;padding-bottom: 0px !important;}&#8221;][vc_column_inner width=&#8221;1\/4&#8243;][\/vc_column_inner][vc_column_inner width=&#8221;1\/2&#8243;][\/vc_column_inner][vc_column_inner width=&#8221;1\/4&#8243;][\/vc_column_inner][\/vc_row_inner][\/vc_column][\/vc_row][vc_row disable_element=&#8221;yes&#8221; full_width=&#8221;stretch_row&#8221; css=&#8221;.vc_custom_1741971828302{margin-top: 30px !important;background-color: #f2f2f2 !important;}&#8221;][vc_column width=&#8221;1\/3&#8243;]\n<div id=\"interactive-banner-1-wrap-8266\" class=\"ult-banner-block ult-adjust-bottom-margin ult-bb-none  banner-style32 \"   style=\"\">\n\t<img decoding=\"async\" src=\"https:\/\/www.cervezamexico.com\/guadalajara\/wp-content\/uploads\/2024\/03\/participar.jpg\" alt=\"null\">\n\t<h3  data-ultimate-target='#interactive-banner-1-wrap-8266 .bb-top-title '  data-responsive-json-new='{\"font-size\":\"\",\"line-height\":\"\"}'  class=\"title-center bb-top-title ult-responsive\" style=\"font-weight:normal;background:#F1701F;color:#ffffff;\">\u00bfQUIEN PUEDE PARTICIPAR?<\/h3>\n\t<div class=\"mask opaque-background\" style=\"background:#00325D;\">\n\t\t<div  data-ultimate-target='#interactive-banner-1-wrap-8266 .bb-description'  data-responsive-json-new='{\"font-size\":\"\",\"line-height\":\"\"}'  class=\"bb-description ult-responsive\" style=\"font-weight:normal;color:#ffffff;\">Podr\u00e1 participar en Competencia Amateur Cerveza M\u00e9xico 2024, cualquier cerveza casera mexicana. Se entiende por cerveza casera, cualquier cerveza que se elabore sin fines de comercializaci\u00f3n y que sea elaborada por un cervecero aficionado que no tenga relaci\u00f3n profesional con alguna cervecer\u00eda<\/div>\n\t<\/div>\n<\/div>[\/vc_column][vc_column width=&#8221;1\/3&#8243;]\n<div id=\"interactive-banner-1-wrap-9954\" class=\"ult-banner-block ult-adjust-bottom-margin ult-bb-none  banner-style32 \"   style=\"\">\n\t<img decoding=\"async\" src=\"https:\/\/www.cervezamexico.com\/guadalajara\/wp-content\/uploads\/2024\/03\/evaluacion.jpg\" alt=\"null\">\n\t<h3  data-ultimate-target='#interactive-banner-1-wrap-9954 .bb-top-title '  data-responsive-json-new='{\"font-size\":\"\",\"line-height\":\"\"}'  class=\"title-center bb-top-title ult-responsive\" style=\"font-weight:normal;background:#F1701F;color:#ffffff;\">M\u00c9TODO DE EVALUACI\u00d3N<\/h3>\n\t<div class=\"mask opaque-background\" style=\"background:#00325D;\">\n\t\t<div  data-ultimate-target='#interactive-banner-1-wrap-9954 .bb-description'  data-responsive-json-new='{\"font-size\":\"\",\"line-height\":\"\"}'  class=\"bb-description ult-responsive\" style=\"font-weight:normal;color:#ffffff;\">Caracteristicas a evaluar: AROMA, APARIENCIA, SABOR, CUERPO. Esto permite evaluar cada cerveza en base a las caracter\u00edsticas particulares de ese estilo y la calificaci\u00f3n otorgada ser\u00e1 en funci\u00f3n de qu\u00e9 tanto cumple con las caracter\u00edsticas espec\u00edficas del estilo<\/div>\n\t<\/div>\n<\/div>[\/vc_column][vc_column width=&#8221;1\/3&#8243;]\n<div id=\"interactive-banner-1-wrap-5715\" class=\"ult-banner-block ult-adjust-bottom-margin ult-bb-none  banner-style32 \"   style=\"\">\n\t<img decoding=\"async\" src=\"https:\/\/www.cervezamexico.com\/guadalajara\/wp-content\/uploads\/2024\/03\/categorias.jpg\" alt=\"null\">\n\t<h3  data-ultimate-target='#interactive-banner-1-wrap-5715 .bb-top-title '  data-responsive-json-new='{\"font-size\":\"\",\"line-height\":\"\"}'  class=\"title-center bb-top-title ult-responsive\" style=\"font-weight:normal;background:#F1701F;color:#ffffff;\">CATEGOR\u00cdAS PARTICIPANTES<\/h3>\n\t<div class=\"mask opaque-background\" style=\"background:#00325D;\">\n\t\t<div  data-ultimate-target='#interactive-banner-1-wrap-5715 .bb-description'  data-responsive-json-new='{\"font-size\":\"\",\"line-height\":\"\"}'  class=\"bb-description ult-responsive\" style=\"font-weight:normal;color:#ffffff;\">Las cervezas deben inscribirse de acuerdo con los lineamientos de estilo del BJCP 2021. Los estilos se agrupar\u00e1n en categor\u00edas de cervezas con caracter\u00edsticas similares y los premios se otorgar\u00e1n por cada categor\u00eda<\/div>\n\t<\/div>\n<\/div>[\/vc_column][\/vc_row][vc_row row_content_position=&#8221;top&#8221; row_equal_height=&#8221;yes&#8221;][vc_column width=&#8221;1\/2&#8243;][vc_column_text css=&#8221;&#8221;]En esta edici\u00f3n, se cont\u00f3 con la participaci\u00f3n de <strong>65 homebrewers<\/strong>, quienes registraron un total de <strong>139 cervezas<\/strong> para competir en <strong>12 categor\u00edas<\/strong> diferentes. Las evaluaciones se llevaron a cabo el pasado <strong>15 de mayo<\/strong> en Guadalajara, donde un panel de jueces especializados analiz\u00f3 cada cerveza para determinar a las mejores de cada categor\u00eda.[\/vc_column_text][\/vc_column][vc_column width=&#8221;1\/2&#8243;][vc_column_text css=&#8221;&#8221;]En esta edici\u00f3n, se cont\u00f3 con la participaci\u00f3n de <strong>65 homebrewers<\/strong>, quienes registraron un total de <strong>139 cervezas<\/strong> para competir en <strong>12 categor\u00edas<\/strong> diferentes. Las evaluaciones se llevaron a cabo el pasado <strong>15 de mayo<\/strong> en Guadalajara, donde un panel de jueces especializados analiz\u00f3 cada cerveza para determinar a las mejores de cada categor\u00eda.[\/vc_column_text][\/vc_column][\/vc_row][vc_row css=&#8221;.vc_custom_1748287374919{margin-top: 30px !important;margin-bottom: 30px !important;}&#8221;][vc_column]<div class=\"wprt-images-grid\" data-layout=\"grid\" data-column=\"4\" data-column2=\"3\" data-column3=\"2\" data-column4=\"1\" data-gaph=\"30\" data-gaph=\"30\" data-gapv=\"30\"><div id=\"images-wrap\" class=\"cbp\"><div class=\"cbp-item\"><div class=\"item-wrap\"><a class=\"zoom-popup cbp-lightbox\" href=\"https:\/\/www.cervezamexico.com\/guadalajara\/wp-content\/uploads\/2025\/05\/6.jpg\"><i class=\"gustablo-magnifier2\"><\/i><\/a><img decoding=\"async\" src=\"https:\/\/www.cervezamexico.com\/guadalajara\/wp-content\/uploads\/2025\/05\/6-600x450.jpg\" alt=\"image\" \/><\/div><\/div><div class=\"cbp-item\"><div class=\"item-wrap\"><a class=\"zoom-popup cbp-lightbox\" href=\"https:\/\/www.cervezamexico.com\/guadalajara\/wp-content\/uploads\/2025\/05\/5.jpg\"><i class=\"gustablo-magnifier2\"><\/i><\/a><img decoding=\"async\" src=\"https:\/\/www.cervezamexico.com\/guadalajara\/wp-content\/uploads\/2025\/05\/5-600x450.jpg\" alt=\"image\" \/><\/div><\/div><div class=\"cbp-item\"><div class=\"item-wrap\"><a class=\"zoom-popup cbp-lightbox\" href=\"https:\/\/www.cervezamexico.com\/guadalajara\/wp-content\/uploads\/2025\/05\/4.jpg\"><i class=\"gustablo-magnifier2\"><\/i><\/a><img decoding=\"async\" src=\"https:\/\/www.cervezamexico.com\/guadalajara\/wp-content\/uploads\/2025\/05\/4-600x450.jpg\" alt=\"image\" \/><\/div><\/div><div class=\"cbp-item\"><div class=\"item-wrap\"><a class=\"zoom-popup cbp-lightbox\" href=\"https:\/\/www.cervezamexico.com\/guadalajara\/wp-content\/uploads\/2025\/05\/3.jpg\"><i class=\"gustablo-magnifier2\"><\/i><\/a><img decoding=\"async\" src=\"https:\/\/www.cervezamexico.com\/guadalajara\/wp-content\/uploads\/2025\/05\/3-600x450.jpg\" alt=\"image\" \/><\/div><\/div><div class=\"cbp-item\"><div class=\"item-wrap\"><a class=\"zoom-popup cbp-lightbox\" href=\"https:\/\/www.cervezamexico.com\/guadalajara\/wp-content\/uploads\/2025\/05\/1.jpg\"><i class=\"gustablo-magnifier2\"><\/i><\/a><img decoding=\"async\" src=\"https:\/\/www.cervezamexico.com\/guadalajara\/wp-content\/uploads\/2025\/05\/1-600x450.jpg\" alt=\"image\" \/><\/div><\/div><div class=\"cbp-item\"><div class=\"item-wrap\"><a class=\"zoom-popup cbp-lightbox\" href=\"https:\/\/www.cervezamexico.com\/guadalajara\/wp-content\/uploads\/2025\/05\/2.jpg\"><i class=\"gustablo-magnifier2\"><\/i><\/a><img decoding=\"async\" src=\"https:\/\/www.cervezamexico.com\/guadalajara\/wp-content\/uploads\/2025\/05\/2-600x450.jpg\" alt=\"image\" \/><\/div><\/div><div class=\"cbp-item\"><div class=\"item-wrap\"><a class=\"zoom-popup cbp-lightbox\" href=\"https:\/\/www.cervezamexico.com\/guadalajara\/wp-content\/uploads\/2025\/05\/8.jpg\"><i class=\"gustablo-magnifier2\"><\/i><\/a><img decoding=\"async\" src=\"https:\/\/www.cervezamexico.com\/guadalajara\/wp-content\/uploads\/2025\/05\/8-600x450.jpg\" alt=\"image\" \/><\/div><\/div><div class=\"cbp-item\"><div class=\"item-wrap\"><a class=\"zoom-popup cbp-lightbox\" href=\"https:\/\/www.cervezamexico.com\/guadalajara\/wp-content\/uploads\/2025\/05\/7.jpg\"><i class=\"gustablo-magnifier2\"><\/i><\/a><img decoding=\"async\" src=\"https:\/\/www.cervezamexico.com\/guadalajara\/wp-content\/uploads\/2025\/05\/7-600x450.jpg\" alt=\"image\" \/><\/div><\/div><\/div><\/div>[\/vc_column][\/vc_row][vc_row][vc_column][vc_column_text css=&#8221;&#8221;]La ceremonia de premiaci\u00f3n se realiz\u00f3 el viernes 16 de mayo en el marco de Expo Cerveza Guadalajara, donde se entregaron medallas de Oro, Plata y Bronce a las cervezas destacadas. Adem\u00e1s, se otorg\u00f3 el reconocimiento al:<\/p>\n<p>\ud83c\udfc6 Mejor Club de Homebrewers de M\u00e9xico 2025<\/p>\n<p>Este premio se determin\u00f3 mediante un sistema de puntos basado en las medallas obtenidas por los cerveceros afiliados a clubes registrados durante su inscripci\u00f3n. El club con mayor puntaje recibi\u00f3 el t\u00edtulo y un 10% de descuento por 12 meses en Fermentando.com, Patrocinador Oro de esta edici\u00f3n.<\/p>\n<p><strong>\u00a1Nos vemos en la siguiente edici\u00f3n!<\/strong><\/p>\n<p><strong>Copa Cerveza Mx<\/strong><\/p>\n<p><strong>Contacto:<span>\u00a0<\/span><\/strong><a href=\"mailto:comunicacion@copacerveza.mx\">comunicacion@copacerveza.mx<\/a><\/p>\n<p><strong>Sitio web:<span>\u00a0<\/span><\/strong><a href=\"https:\/\/pd788wfbb.cc.rs6.net\/tn.jsp?f=001Vl3rTwlmloOH8YetvdZ7piBAUTG_tqoEqsOnXvqqJWf774NNH_eYmM7Zmq-3IrhiFuUwrWmL1MW5t_49hfKJV1aoyWZ_v_W7jEodUYk4OcrHDopQmzLkhNOTRY7D6g3OLq5PGD4hpzJVpTigRVmRAn4MsyF-NzPm&amp;c=6qATWjkVsBmy_IAnfl8k9OzTuU4Ew28tmoojmEDytccyrsfsJIbgIQ==&amp;ch=le4UOnD38rSLBQGwRtiQ8l6GkAmYg5xOgvEkxdzpMPhNoBsEw39fhw==\">www.copacerveza.mx<\/a><\/p>\n<p><strong>Redes sociales:<span>\u00a0<\/span><\/strong><a href=\"https:\/\/pd788wfbb.cc.rs6.net\/tn.jsp?f=001Vl3rTwlmloOH8YetvdZ7piBAUTG_tqoEqsOnXvqqJWf774NNH_eYmM2NqSGFluBVTVh122ReYvSmsyJcV-SANWGQT-qNP3V4h3cvREMaRfcGKsKpIrqv88Ek8RhsTSDIm9JhPaEkZt1tOj4eKIYTCGHjW-0XBY2-O_K4zUeIa1rvHJzIkWhkvHpbPLWA3Y6C&amp;c=6qATWjkVsBmy_IAnfl8k9OzTuU4Ew28tmoojmEDytccyrsfsJIbgIQ==&amp;ch=le4UOnD38rSLBQGwRtiQ8l6GkAmYg5xOgvEkxdzpMPhNoBsEw39fhw==\">Copa Cerveza Mx<\/a>[\/vc_column_text][\/vc_column][\/vc_row]<\/p>\n<\/div>","protected":false},"excerpt":{"rendered":"<p>[vc_row fullwidth=&#8221;yes&#8221; css=&#8221;.vc_custom_1713379058255{padding-bottom: 20px !important;}&#8221;][vc_column][vc_single_image image=&#8221;29079&#8243; alignment=&#8221;center&#8221; css=&#8221;.vc_custom_1748288208060{margin-top: 0px !important;margin-bottom: 0px !important;padding-top: 0px !important;padding-bottom: 0px !important;}&#8221;][vc_column_text css=&#8221;.vc_custom_1748278429043{padding-top: 20px !important;padding-bottom: 20px !important;background-color: #F1C429 !important;}&#8221;] \u00a0Ya tenemos ganadores Guadalajara, Jalisco [\/vc_column_text][vc_btn title=&#8221;CONOCE A LOS GANADORES&#8221; style=&#8221;custom&#8221; custom_background=&#8221;#F96F00&#8243; custom_text=&#8221;#ffffff&#8221; shape=&#8221;square&#8221; size=&#8221;lg&#8221; align=&#8221;center&#8221; css=&#8221;.vc_custom_1748279356299{margin-top: 0px !important;}&#8221; link=&#8221;url:https%3A%2F%2Fbeerawardsplatform.com%2Fcompetencia-amateur-cerveza-mexico-edicion-gdl-2025%2Fresults|target:_blank&#8221; el_class=&#8221;BtnCompetencia&#8221;][\/vc_column][\/vc_row][vc_row disable_element=&#8221;yes&#8221;][vc_column][vc_column_text css=&#8221;&#8221;]&hellip;<\/p>\n","protected":false},"author":120,"featured_media":0,"parent":0,"menu_order":0,"comment_status":"closed","ping_status":"closed","template":"","meta":{"_acf_changed":false,"inline_featured_image":false,"_monsterinsights_skip_tracking":false,"_monsterinsights_sitenote_active":false,"_monsterinsights_sitenote_note":"","_monsterinsights_sitenote_category":0,"_price":"","_stock":"","_tribe_ticket_header":"","_tribe_default_ticket_provider":"Tribe__Tickets_Plus__Commerce__WooCommerce__Main","_tribe_ticket_capacity":"0","_ticket_start_date":"","_ticket_end_date":"","_tribe_ticket_show_description":"","_tribe_ticket_show_not_going":false,"_tribe_ticket_use_global_stock":"","_tribe_ticket_global_stock_level":"","_global_stock_mode":"","_global_stock_cap":"","_tribe_rsvp_for_event":"","_tribe_ticket_going_count":"","_tribe_ticket_not_going_count":"","_tribe_tickets_list":"[]","_tribe_ticket_has_attendee_info_fields":false,"_joinchat":[],"footnotes":"","_tec_slr_enabled":"","_tec_slr_layout":""},"class_list":["post-29052","page","type-page","status-publish","hentry","last"],"acf":[],"ticketed":false,"_links":{"self":[{"href":"https:\/\/www.cervezamexico.com\/guadalajara\/wp-json\/wp\/v2\/pages\/29052","targetHints":{"allow":["GET"]}}],"collection":[{"href":"https:\/\/www.cervezamexico.com\/guadalajara\/wp-json\/wp\/v2\/pages"}],"about":[{"href":"https:\/\/www.cervezamexico.com\/guadalajara\/wp-json\/wp\/v2\/types\/page"}],"author":[{"embeddable":true,"href":"https:\/\/www.cervezamexico.com\/guadalajara\/wp-json\/wp\/v2\/users\/120"}],"replies":[{"embeddable":true,"href":"https:\/\/www.cervezamexico.com\/guadalajara\/wp-json\/wp\/v2\/comments?post=29052"}],"version-history":[{"count":1,"href":"https:\/\/www.cervezamexico.com\/guadalajara\/wp-json\/wp\/v2\/pages\/29052\/revisions"}],"predecessor-version":[{"id":31138,"href":"https:\/\/www.cervezamexico.com\/guadalajara\/wp-json\/wp\/v2\/pages\/29052\/revisions\/31138"}],"wp:attachment":[{"href":"https:\/\/www.cervezamexico.com\/guadalajara\/wp-json\/wp\/v2\/media?parent=29052"}],"curies":[{"name":"wp","href":"https:\/\/api.w.org\/{rel}","templated":true}]}}