{"id":31985,"date":"2026-04-06T10:07:05","date_gmt":"2026-04-06T16:07:05","guid":{"rendered":"https:\/\/www.cervezamexico.com\/guadalajara\/?page_id=31985"},"modified":"2026-04-06T14:32:42","modified_gmt":"2026-04-06T20:32:42","slug":"carta-de-resultados-2025","status":"publish","type":"page","link":"https:\/\/www.cervezamexico.com\/guadalajara\/carta-de-resultados-2025\/","title":{"rendered":"Carta de Resultados 2025"},"content":{"rendered":"<div class=\"wpb-content-wrapper\"><p>[vc_row fullwidth=&#8221;yes&#8221; css=&#8221;.vc_custom_1713379058255{padding-bottom: 20px !important;}&#8221;][vc_column width=&#8221;1\/6&#8243;][\/vc_column][vc_column width=&#8221;2\/3&#8243;][vc_column_text css=&#8221;.vc_custom_1775507991225{margin-top: 10px !important;}&#8221;]<\/p>\n<p style=\"text-align: center;\"><span style=\"color: #333333;\">Gracias a todos los que formaron parte de esta gran edici\u00f3n. Fueron d\u00edas de conexi\u00f3n, sabor, innovaci\u00f3n y mucha pasi\u00f3n por el mundo cervecero. Seguimos creciendo juntos, impulsando la cultura de la cerveza artesanal en M\u00e9xico.<\/span><\/p>\n<p>[\/vc_column_text][\/vc_column][vc_column width=&#8221;1\/6&#8243;][\/vc_column][\/vc_row][vc_row row_content_position=&#8221;middle&#8221; row_equal_height=&#8221;yes&#8221;][vc_column width=&#8221;1\/3&#8243;][vc_column_text css=&#8221;&#8221;]<strong>Gu\u00eda Cervecero<\/strong> fue un programa exitoso en Expo Cerveza Guadalajara, que ofreci\u00f3 recorridos personalizados a compradores clave, guiados por expertos del sector. La experiencia destac\u00f3 la importancia de la atenci\u00f3n personalizada en los eventos.[\/vc_column_text][\/vc_column][vc_column width=&#8221;2\/3&#8243;][vc_row_inner][vc_column_inner][vc_column_text css=&#8221;&#8221;]<\/p>\n<h2 style=\"text-align: center;\">ASISTENCIA TOTAL 8,069<\/h2>\n<p>[\/vc_column_text][\/vc_column_inner][\/vc_row_inner][vc_row_inner][vc_column_inner width=&#8221;1\/2&#8243;][vc_round_chart type=&#8221;doughnut&#8221; style=&#8221;modern&#8221; stroke_width=&#8221;2&#8243; values=&#8221;%5B%7B%22title%22%3A%22Domingo%22%2C%22value%22%3A%2222.2%25%22%2C%22color%22%3A%22orange%22%7D%2C%7B%22title%22%3A%22Viernes%20%22%2C%22value%22%3A%2227.8%25%22%2C%22color%22%3A%22sky%22%2C%22custom_color%22%3A%22%2358b9da%22%7D%2C%7B%22title%22%3A%22S%C3%A1bado%22%2C%22value%22%3A%2250%25%22%2C%22color%22%3A%22juicy-pink%22%2C%22custom_color%22%3A%22%23b97ebb%22%7D%5D&#8221; animation=&#8221;easeOutQuart&#8221; css=&#8221;&#8221; title=&#8221;Asistencia por dia&#8221;][\/vc_column_inner][vc_column_inner width=&#8221;1\/2&#8243;][vc_round_chart type=&#8221;doughnut&#8221; style=&#8221;modern&#8221; stroke_width=&#8221;2&#8243; legend_position=&#8221;right&#8221; values=&#8221;%5B%7B%22title%22%3A%22Mujer%22%2C%22value%22%3A%2233%25%22%2C%22color%22%3A%22blue%22%7D%2C%7B%22title%22%3A%22Hombre%22%2C%22value%22%3A%2267%25%22%2C%22color%22%3A%22sandy-brown%22%2C%22custom_color%22%3A%22%2358b9da%22%7D%5D&#8221; animation=&#8221;easeInQuad&#8221; css=&#8221;&#8221; title=&#8221;Visitantes por g\u00e9nero&#8221;][\/vc_column_inner][\/vc_row_inner][\/vc_column][\/vc_row][vc_row][vc_column][vc_single_image image=&#8221;32022&#8243; alignment=&#8221;center&#8221; onclick=&#8221;link_image&#8221; css=&#8221;&#8221;][vc_single_image image=&#8221;32027&#8243; alignment=&#8221;center&#8221; onclick=&#8221;link_image&#8221;][vc_column_text css=&#8221;&#8221;]<\/p>\n<blockquote>\n<p style=\"text-align: center;\"><span style=\"color: #103258;\"><strong>M\u00e1s del 80% de nuestros visitantes asisten al evento con el objetivo de descubrir nuevos productos y conocer las \u00faltimas tendencias del sector.<\/strong><\/span><\/p>\n<\/blockquote>\n<p>[\/vc_column_text][\/vc_column][\/vc_row][vc_row css=&#8221;.vc_custom_1775502787650{margin-top: 20px !important;background-color: #EB0909 !important;}&#8221;][vc_column][vc_column_text css=&#8221;.vc_custom_1775494394713{padding-top: 20px !important;padding-bottom: 20px !important;}&#8221;]<\/p>\n<h4 style=\"text-align: center;\"><span style=\"color: #ffffff;\"><strong>Expo Cerveza Guadalajara 2025 fue galardonado con la certificaci\u00f3n en Sostenibilidad CREA\u00ae (Certificaci\u00f3n de Responsabilidad para el Equilibrio Ambiental).&#8221;<\/strong><\/span><\/h4>\n<p>[\/vc_column_text][\/vc_column][\/vc_row][vc_row row_content_position=&#8221;middle&#8221; row_equal_height=&#8221;yes&#8221; column_spacing=&#8221;10&#8243; css=&#8221;.vc_custom_1775504630828{margin-top: 10px !important;margin-bottom: 10px !important;}&#8221;][vc_column width=&#8221;1\/2&#8243;][vc_column_text]A partir del 18 de mayo contamos con la constancia de verificaci\u00f3n y acreditaci\u00f3n en estricto apego a los criterios y lineamientos internacionales de competitividad, calidad, seguridad, higiene y participaci\u00f3n social del galard\u00f3n CREA\u00ae[\/vc_column_text][\/vc_column][vc_column width=&#8221;1\/2&#8243;][vc_single_image image=&#8221;32034&#8243; img_size=&#8221;150&#215;150&#8243; alignment=&#8221;center&#8221; css=&#8221;&#8221;][\/vc_column][\/vc_row][vc_row][vc_column][vc_single_image image=&#8221;32037&#8243; alignment=&#8221;center&#8221; onclick=&#8221;link_image&#8221; css=&#8221;&#8221;][\/vc_column][\/vc_row][vc_section css=&#8221;.vc_custom_1775507869009{margin-top: 20px !important;}&#8221;][vc_row][vc_column][vc_column_text css=&#8221;&#8221;]<\/p>\n<h3>Sobre los expositores:<\/h3>\n<p>[\/vc_column_text][\/vc_column][\/vc_row][vc_row row_content_position=&#8221;middle&#8221; row_equal_height=&#8221;yes&#8221; css=&#8221;.vc_custom_1775507949334{margin-top: 20px !important;margin-bottom: 30px !important;}&#8221;][vc_column width=&#8221;1\/3&#8243; css=&#8221;.vc_custom_1775507918961{border-top-width: 2px !important;border-right-width: 2px !important;border-bottom-width: 2px !important;border-left-width: 2px !important;border-left-style: solid !important;border-right-style: solid !important;border-top-style: solid !important;border-bottom-style: solid !important;border-radius: 5px !important;border-color: #FFA824 !important;}&#8221;]<div class=\"wprt-headings clearfix text-center\" data-font=50 style=\"\"><h2 class=\"heading clearfix\" style=\"font-weight:600;color:#074B88;font-size:50px;\">\r\n\t\t94%\r\n\t<\/h2><div class=\"sep  clearfix\" style=\"width:50px;height:2px;background-color:#FFB23F;\"><\/div><p class=\"sub-heading clearfix\" style=\"font-style:normal;font-size:22px;\">\r\n\t\tVolver\u00eda a participar en futuras ediciones\r\n\t<\/p><\/div>[\/vc_column][vc_column width=&#8221;1\/3&#8243; css=&#8221;.vc_custom_1775507901060{border-top-width: 2px !important;border-right-width: 2px !important;border-bottom-width: 2px !important;border-left-width: 2px !important;border-left-style: solid !important;border-right-style: solid !important;border-top-style: solid !important;border-bottom-style: solid !important;border-radius: 5px !important;border-color: #FFA824 !important;}&#8221;]<div class=\"wprt-headings clearfix text-center\" data-font=50 style=\"\"><h2 class=\"heading clearfix\" style=\"font-weight:600;color:#074B88;font-size:50px;\">\r\n\t\t99%\r\n\t<\/h2><div class=\"sep  clearfix\" style=\"width:50px;height:2px;background-color:#FFB23F;\"><\/div><p class=\"sub-heading clearfix\" style=\"font-style:normal;font-size:22px;\">\r\n\t\tCalifican a la organizaci\u00f3n como buena o excelente\r\n\t<\/p><\/div>[\/vc_column][vc_column width=&#8221;1\/3&#8243; css=&#8221;.vc_custom_1775507925216{border-top-width: 2px !important;border-right-width: 2px !important;border-bottom-width: 2px !important;border-left-width: 2px !important;border-left-style: solid !important;border-right-style: solid !important;border-top-style: solid !important;border-bottom-style: solid !important;border-radius: 5px !important;border-color: #FFA824 !important;}&#8221;]<div class=\"wprt-headings clearfix text-center\" data-font=50 style=\"\"><h2 class=\"heading clearfix\" style=\"font-weight:600;color:#074B88;font-size:50px;\">\r\n\t\t98%\r\n\t<\/h2><div class=\"sep  clearfix\" style=\"width:50px;height:2px;background-color:#FFB23F;\"><\/div><p class=\"sub-heading clearfix\" style=\"font-style:normal;font-size:22px;\">\r\n\t\tRecomendar\u00eda el evento a otras marcas\r\n\t<\/p><\/div>[\/vc_column][\/vc_row][\/vc_section]<\/p>\n<\/div>","protected":false},"excerpt":{"rendered":"<p>[vc_row fullwidth=&#8221;yes&#8221; css=&#8221;.vc_custom_1713379058255{padding-bottom: 20px !important;}&#8221;][vc_column width=&#8221;1\/6&#8243;][\/vc_column][vc_column width=&#8221;2\/3&#8243;][vc_column_text css=&#8221;.vc_custom_1775507991225{margin-top: 10px !important;}&#8221;] Gracias a todos los que formaron parte de esta gran edici\u00f3n. Fueron d\u00edas de conexi\u00f3n, sabor, innovaci\u00f3n y mucha pasi\u00f3n por el mundo cervecero. Seguimos creciendo juntos, impulsando la cultura de la cerveza artesanal en M\u00e9xico.&hellip;<\/p>\n","protected":false},"author":120,"featured_media":0,"parent":0,"menu_order":0,"comment_status":"closed","ping_status":"closed","template":"","meta":{"_acf_changed":false,"inline_featured_image":false,"_monsterinsights_skip_tracking":false,"_monsterinsights_sitenote_active":false,"_monsterinsights_sitenote_note":"","_monsterinsights_sitenote_category":0,"_price":"","_stock":"","_tribe_ticket_header":"","_tribe_default_ticket_provider":"Tribe__Tickets_Plus__Commerce__WooCommerce__Main","_tribe_ticket_capacity":"0","_ticket_start_date":"","_ticket_end_date":"","_tribe_ticket_show_description":"","_tribe_ticket_show_not_going":false,"_tribe_ticket_use_global_stock":"","_tribe_ticket_global_stock_level":"","_global_stock_mode":"","_global_stock_cap":"","_tribe_rsvp_for_event":"","_tribe_ticket_going_count":"","_tribe_ticket_not_going_count":"","_tribe_tickets_list":"[]","_tribe_ticket_has_attendee_info_fields":false,"_joinchat":[],"footnotes":"","_tec_slr_enabled":"","_tec_slr_layout":""},"class_list":["post-31985","page","type-page","status-publish","hentry","last"],"acf":[],"ticketed":false,"_links":{"self":[{"href":"https:\/\/www.cervezamexico.com\/guadalajara\/wp-json\/wp\/v2\/pages\/31985","targetHints":{"allow":["GET"]}}],"collection":[{"href":"https:\/\/www.cervezamexico.com\/guadalajara\/wp-json\/wp\/v2\/pages"}],"about":[{"href":"https:\/\/www.cervezamexico.com\/guadalajara\/wp-json\/wp\/v2\/types\/page"}],"author":[{"embeddable":true,"href":"https:\/\/www.cervezamexico.com\/guadalajara\/wp-json\/wp\/v2\/users\/120"}],"replies":[{"embeddable":true,"href":"https:\/\/www.cervezamexico.com\/guadalajara\/wp-json\/wp\/v2\/comments?post=31985"}],"version-history":[{"count":63,"href":"https:\/\/www.cervezamexico.com\/guadalajara\/wp-json\/wp\/v2\/pages\/31985\/revisions"}],"predecessor-version":[{"id":32067,"href":"https:\/\/www.cervezamexico.com\/guadalajara\/wp-json\/wp\/v2\/pages\/31985\/revisions\/32067"}],"wp:attachment":[{"href":"https:\/\/www.cervezamexico.com\/guadalajara\/wp-json\/wp\/v2\/media?parent=31985"}],"curies":[{"name":"wp","href":"https:\/\/api.w.org\/{rel}","templated":true}]}}