{"id":52,"date":"2021-12-15T10:44:25","date_gmt":"2021-12-15T16:44:25","guid":{"rendered":"https:\/\/www.cervezamexico.com\/guadalajara\/?page_id=52"},"modified":"2026-03-30T10:40:16","modified_gmt":"2026-03-30T16:40:16","slug":"lista-de-expositores-gdl","status":"publish","type":"page","link":"https:\/\/www.cervezamexico.com\/guadalajara\/lista-de-expositores-gdl\/","title":{"rendered":"Lista de expositores"},"content":{"rendered":"<div class=\"wpb-content-wrapper\"><p>[vc_row css=&#8221;.vc_custom_1773941054804{margin-top: 30px !important;margin-bottom: 50px !important;}&#8221;][vc_column]<div class=\"button-wrap icon-right\" style=\"\"><a href=\"https:\/\/www.cervezamexico.com\/guadalajara\/wp-content\/uploads\/2026\/03\/PLANO-CERVEZA-GDL2026-26-marzo.pdf\" target=\"_blank\" class=\"wprt-button  solid accent width-3\" style=\"\">\r\n\t\t<span style=\"\">DESCARGAR PLANO <\/span>\r\n\t<\/a><\/div>[vc_column_text css=&#8221;&#8221;]<\/p>\n<table>\n<tbody>\n<tr style=\"color: #ffffff !important; background-color: #3e6785;\">\n<td style=\"padding: 5px 0 3px 5px; text-align: center; color: #ffffff !important; background-color: #3e6785;\" width=\"150\"><span style=\"color: #ffffff;\"><strong style=\"color: #ffffff;\">NO. STAND<\/strong><\/span><\/td>\n<td style=\"padding: 5px 0 3px 5px; text-align: center; color: #ffffff !important; background-color: #3e6785;\" width=\"300\"><span style=\"color: #ffffff;\"><strong style=\"color: #ffffff;\">EMPRESA<\/strong><\/span><\/td>\n<td style=\"padding: 5px 0 3px 5px; text-align: center; color: #ffffff !important; background-color: #3e6785;\" width=\"500\"><span style=\"color: #ffffff;\"><strong style=\"color: #ffffff;\">P\u00c1G. WEB<\/strong><\/span><\/td>\n<\/tr>\n<tr><\/tr>\n<tr>\n<td>801<\/td>\n<td>AH MUZEN KAB MEADERY<\/td>\n<td><a href=\"http:\/\/www.instagram.com\/ahmuzenkabmeadery\/\">www.instagram.com\/ahmuzenkabmeadery\/<\/a><\/td>\n<\/tr>\n<tr>\n<td>802<\/td>\n<td>CERVEZA O&#8217;T\u00cbI<\/td>\n<td><a href=\"http:\/\/instagram.com\/cervezaotei\/\">http:\/\/instagram.com\/cervezaotei\/<\/a><\/td>\n<\/tr>\n<tr>\n<td>803<\/td>\n<td>4 REYES CASA CERVECERA<\/td>\n<td><a href=\"http:\/\/instagram.com\/4_retes_cc\/\">http:\/\/instagram.com\/4_retes_cc\/<\/a><\/td>\n<\/tr>\n<tr>\n<td>804<\/td>\n<td>MICHELIXIR<\/td>\n<td><a href=\"https:\/\/www.instagram.com\/michelixir.mid\/\">https:\/\/www.instagram.com\/michelixir.mid\/<\/a><\/td>\n<\/tr>\n<tr>\n<td>805<\/td>\n<td>CERVEZA FELDSCHL\u00d6BCHEN<\/td>\n<td><a href=\"http:\/\/www.feldi.mx\">www.feldi.mx<\/a><\/td>\n<\/tr>\n<tr>\n<td>806<\/td>\n<td>DO\u00d1A SOBERANA HIDROMIEL<\/td>\n<td><a href=\"https:\/\/www.instagram.com\/mieldonasoberana\/\">https:\/\/www.instagram.com\/mieldonasoberana\/<\/a><\/td>\n<\/tr>\n<tr>\n<td>808<\/td>\n<td>CERVEZA RET\u00d3RICA<\/td>\n<td><a href=\"http:\/\/www.cerveceriaretorica.com\">www.cerveceriaretorica.com<\/a><\/td>\n<\/tr>\n<tr>\n<td>811<\/td>\n<td>FYTISA<\/td>\n<td><a href=\"https:\/\/www.fytisa.com.mx\">https:\/\/www.fytisa.com.mx<\/a><\/td>\n<\/tr>\n<tr>\n<td>815<\/td>\n<td>CERVECER\u00cdA 9 MUNDOS<\/td>\n<td><a href=\"http:\/\/instagram.com\/9mundos\">http:\/\/instagram.com\/9mundos<\/a><\/td>\n<\/tr>\n<tr>\n<td>821<\/td>\n<td>BINNARY BEER<\/td>\n<td><\/td>\n<\/tr>\n<tr>\n<td>821-A<\/td>\n<td>CERVEZA COLMILLO<\/td>\n<td><\/td>\n<\/tr>\n<tr>\n<td>822<\/td>\n<td>HIDROMIEL DEL REY<\/td>\n<td><a href=\"http:\/\/www.facebook.com\/hidromieldelrey\/\">http:\/\/www.facebook.com\/hidromieldelrey\/<\/a><\/td>\n<\/tr>\n<tr>\n<td>830<\/td>\n<td>IMPORTACIONES CANTABRIA<\/td>\n<td><a href=\"http:\/\/www.importacionescantabria.com\">www.importacionescantabria.com<\/a><\/td>\n<\/tr>\n<tr>\n<td>832<\/td>\n<td>CERVEZA SANTA MADRE<\/td>\n<td><a href=\"http:\/\/www.instagram.com\/santamadreca\/\">www.instagram.com\/santamadreca\/<\/a><\/td>\n<\/tr>\n<tr>\n<td>903<\/td>\n<td>INTERSTELLAR BREWERY<\/td>\n<td><a href=\"http:\/\/www.interstellar-brewery.com\">www.interstellar-brewery.com<\/a><\/td>\n<\/tr>\n<tr>\n<td>904<\/td>\n<td>MISTERIOS MARAKAME<\/td>\n<td><a href=\"https:\/\/www.instagram.com\/MisteriosMarakame\/\">https:\/\/www.instagram.com\/MisteriosMarakame\/<\/a><\/td>\n<\/tr>\n<tr>\n<td>905<\/td>\n<td>CERVECER\u00cdA KEPLER<\/td>\n<td><a href=\"https:\/\/www.instagram.com\/cerveza_kepler\/\">https:\/\/www.instagram.com\/cerveza_kepler\/<\/a><\/td>\n<\/tr>\n<tr>\n<td>906<\/td>\n<td>CERVECER\u00cdA OAXACO<\/td>\n<td><a href=\"https:\/\/www.facebook.com\/people\/Oaxaco-Cerveceria\/\">https:\/\/www.facebook.com\/people\/Oaxaco-Cerveceria\/<\/a><\/td>\n<\/tr>\n<tr>\n<td>909<\/td>\n<td>CERVEZA MORELIA VIRIDIS<\/td>\n<td><a href=\"https:\/\/www.instagram.com\/morelia.viridis58100\/\">https:\/\/www.instagram.com\/morelia.viridis58100\/<\/a><\/td>\n<\/tr>\n<tr>\n<td>911<\/td>\n<td>CERVEZA ROBMAD<\/td>\n<td><a href=\"https:\/\/www.instagram.com\/robmad_craftbeer?\">https:\/\/www.instagram.com\/robmad_craftbeer?<\/a><\/td>\n<\/tr>\n<tr>\n<td>912<\/td>\n<td>CERVECER\u00cdA ANGELES ZARAGOZA<\/td>\n<td><a href=\"http:\/\/www.angeleszaragoza.com\">www.angeleszaragoza.com<\/a><\/td>\n<\/tr>\n<tr>\n<td>1002<\/td>\n<td>GRACOS<\/td>\n<td><a href=\"http:\/\/www.instagram.com\/gracospack\/\">www.instagram.com\/gracospack\/<\/a><\/td>\n<\/tr>\n<tr>\n<td>1003<\/td>\n<td>MONASTERIO DE LAS CERVEZAS<\/td>\n<td><a href=\"http:\/\/www.monasteriodelascervezas.com\">www.monasteriodelascervezas.com<\/a><\/td>\n<\/tr>\n<tr>\n<td>1004<\/td>\n<td>CERVEZA BEERNA<\/td>\n<td><a href=\"https:\/\/www.instagram.com\/cervezabeernamx\/\">https:\/\/www.instagram.com\/cervezabeernamx\/<\/a><\/td>\n<\/tr>\n<tr>\n<td>1005<\/td>\n<td>MUNDO MALTA<\/td>\n<td><a href=\"http:\/\/www.mundomalta.com\">www.mundomalta.com<\/a><\/td>\n<\/tr>\n<tr>\n<td>1005-A<\/td>\n<td>CERVEZA CHARROS DE JALISCO<\/td>\n<td><a href=\"https:\/\/www.charrosjalisco.com\">https:\/\/www.charrosjalisco.com<\/a><\/td>\n<\/tr>\n<tr>\n<td>1006<\/td>\n<td>CERVEZA COXALA GINGER BEER<\/td>\n<td><a href=\"https:\/\/coxala.com.mx\">https:\/\/coxala.com.mx<\/a><\/td>\n<\/tr>\n<tr>\n<td>1010<\/td>\n<td>FLENSBURGER<\/td>\n<td><a href=\"http:\/\/www.comverkehr.com\">www.comverkehr.com<\/a><\/td>\n<\/tr>\n<tr>\n<td>1011<\/td>\n<td>CERVEZA TESTARUDA<\/td>\n<td><a href=\"http:\/\/www.instagram.com\/testaruda_cervezaartesanal\/\">www.instagram.com\/testaruda_cervezaartesanal\/<\/a><\/td>\n<\/tr>\n<tr>\n<td>1011-A<\/td>\n<td>CERVEZA FAUNA<\/td>\n<td><a href=\"https:\/\/www.faunamorelia.com\">https:\/\/www.faunamorelia.com<\/a><\/td>\n<\/tr>\n<tr>\n<td>1012<\/td>\n<td>DISTRIBUIDORA MONKEY<\/td>\n<td><\/td>\n<\/tr>\n<tr>\n<td>1013<\/td>\n<td>CERVECER\u00cdA CASIMIRO<\/td>\n<td><a href=\"https:\/\/www.instagram.com\/casimirocerveceria\/\">https:\/\/www.instagram.com\/casimirocerveceria\/<\/a><\/td>\n<\/tr>\n<tr>\n<td>1101<\/td>\n<td>PAPER U<\/td>\n<td><a href=\"https:\/\/www.instagram.com\/paper.uuu\/reel\/DHcIxVHu2sr\/\">https:\/\/www.instagram.com\/paper.uuu\/reel\/DHcIxVHu2sr\/<\/a><\/td>\n<\/tr>\n<tr>\n<td>1102<\/td>\n<td>CERVECER\u00cdA KROX<\/td>\n<td><a href=\"https:\/\/www.facebook.com\/KroxCervezaArtesanal\/\">https:\/\/www.facebook.com\/KroxCervezaArtesanal\/<\/a><\/td>\n<\/tr>\n<tr>\n<td>1103<\/td>\n<td>GOAT&#8217;S BEER<\/td>\n<td><a href=\"http:\/\/www.instagram.com\/goatsbrew\/\">www.instagram.com\/goatsbrew\/<\/a><\/td>\n<\/tr>\n<tr>\n<td>1104<\/td>\n<td>MULA PRIETA<\/td>\n<td><a href=\"http:\/\/www.instagram.com\/cerveceriamulaprieta\/\">www.instagram.com\/cerveceriamulaprieta\/<\/a><\/td>\n<\/tr>\n<tr>\n<td>1105<\/td>\n<td>CERVEZA PICUDO<\/td>\n<td><a href=\"http:\/\/www.cervezapicudo.com\">www.cervezapicudo.com<\/a><\/td>\n<\/tr>\n<tr>\n<td>1106<\/td>\n<td>CERVECER\u00cdA OBNI<\/td>\n<td><a href=\"https:\/\/www.instagram.com\/cerveceriaobni\/\">https:\/\/www.instagram.com\/cerveceriaobni\/<\/a><\/td>\n<\/tr>\n<tr>\n<td>1109<\/td>\n<td>AUTENTA CERVEZA<\/td>\n<td><a href=\"http:\/\/www.autentacerveza.com.mx\">www.autentacerveza.com.mx<\/a><\/td>\n<\/tr>\n<tr>\n<td>1111<\/td>\n<td>OLD RASPUTIN<\/td>\n<td><\/td>\n<\/tr>\n<tr>\n<td>1111-A<\/td>\n<td>CERVECER\u00cdA CABECILLA 1933<\/td>\n<td><a href=\"https:\/\/www.instagram.com\/cerveceria_cabecilla1933\/\">https:\/\/www.instagram.com\/cerveceria_cabecilla1933\/<\/a><\/td>\n<\/tr>\n<tr>\n<td>1112<\/td>\n<td>CERVECER\u00cdA NOVA<\/td>\n<td><a href=\"http:\/\/www.instagram.com\/cervecerianova\/\">www.instagram.com\/cervecerianova\/<\/a><\/td>\n<\/tr>\n<tr>\n<td>1202<\/td>\n<td>REMOLCA TU EMPRESA<\/td>\n<td><a href=\"http:\/\/www.remolcatuempresa.com\">www.remolcatuempresa.com<\/a><\/td>\n<\/tr>\n<tr>\n<td>1206<\/td>\n<td>GESTION CERVECERA<\/td>\n<td><a href=\"http:\/\/www.gestioncervecera.com\">www.gestioncervecera.com<\/a><\/td>\n<\/tr>\n<tr>\n<td>1205<\/td>\n<td>BEERMANNER<\/td>\n<td><a href=\"http:\/\/www.beermanner.com\">www.beermanner.com<\/a><\/td>\n<\/tr>\n<\/tbody>\n<\/table>\n<p>[\/vc_column_text][\/vc_column][\/vc_row][vc_row css=&#8221;.vc_custom_1773937124980{margin-top: 20px !important;margin-bottom: 20px !important;}&#8221;][vc_column][vc_column_text css=&#8221;&#8221;]<\/p>\n<h2 style=\"text-align: center;\">PR\u00d3XIMAMENTE M\u00c1S INFORMACI\u00d3N<\/h2>\n<p>[\/vc_column_text][\/vc_column][\/vc_row]<\/p>\n<\/div>","protected":false},"excerpt":{"rendered":"<p>[vc_row css=&#8221;.vc_custom_1773941054804{margin-top: 30px !important;margin-bottom: 50px !important;}&#8221;][vc_column][vc_column_text css=&#8221;&#8221;] NO. STAND EMPRESA P\u00c1G. WEB 801 AH MUZEN KAB MEADERY www.instagram.com\/ahmuzenkabmeadery\/ 802 CERVEZA O&#8217;T\u00cbI http:\/\/instagram.com\/cervezaotei\/ 803 4 REYES CASA CERVECERA http:\/\/instagram.com\/4_retes_cc\/ 804 MICHELIXIR https:\/\/www.instagram.com\/michelixir.mid\/ 805 CERVEZA FELDSCHL\u00d6BCHEN www.feldi.mx 806 DO\u00d1A SOBERANA HIDROMIEL https:\/\/www.instagram.com\/mieldonasoberana\/ 808 CERVEZA RET\u00d3RICA www.cerveceriaretorica.com 811 FYTISA&hellip;<\/p>\n","protected":false},"author":2,"featured_media":0,"parent":0,"menu_order":0,"comment_status":"closed","ping_status":"closed","template":"","meta":{"_acf_changed":false,"inline_featured_image":false,"_monsterinsights_skip_tracking":false,"_monsterinsights_sitenote_active":false,"_monsterinsights_sitenote_note":"","_monsterinsights_sitenote_category":0,"_price":"","_stock":"","_tribe_ticket_header":"","_tribe_default_ticket_provider":"Tribe__Tickets_Plus__Commerce__WooCommerce__Main","_tribe_ticket_capacity":"0","_ticket_start_date":"","_ticket_end_date":"","_tribe_ticket_show_description":"","_tribe_ticket_show_not_going":false,"_tribe_ticket_use_global_stock":"","_tribe_ticket_global_stock_level":"","_global_stock_mode":"","_global_stock_cap":"","_tribe_rsvp_for_event":"","_tribe_ticket_going_count":"","_tribe_ticket_not_going_count":"","_tribe_tickets_list":"[]","_tribe_ticket_has_attendee_info_fields":false,"_joinchat":[],"footnotes":"","_tec_slr_enabled":"","_tec_slr_layout":""},"class_list":["post-52","page","type-page","status-publish","hentry","last"],"acf":[],"ticketed":false,"_links":{"self":[{"href":"https:\/\/www.cervezamexico.com\/guadalajara\/wp-json\/wp\/v2\/pages\/52","targetHints":{"allow":["GET"]}}],"collection":[{"href":"https:\/\/www.cervezamexico.com\/guadalajara\/wp-json\/wp\/v2\/pages"}],"about":[{"href":"https:\/\/www.cervezamexico.com\/guadalajara\/wp-json\/wp\/v2\/types\/page"}],"author":[{"embeddable":true,"href":"https:\/\/www.cervezamexico.com\/guadalajara\/wp-json\/wp\/v2\/users\/2"}],"replies":[{"embeddable":true,"href":"https:\/\/www.cervezamexico.com\/guadalajara\/wp-json\/wp\/v2\/comments?post=52"}],"version-history":[{"count":5,"href":"https:\/\/www.cervezamexico.com\/guadalajara\/wp-json\/wp\/v2\/pages\/52\/revisions"}],"predecessor-version":[{"id":31808,"href":"https:\/\/www.cervezamexico.com\/guadalajara\/wp-json\/wp\/v2\/pages\/52\/revisions\/31808"}],"wp:attachment":[{"href":"https:\/\/www.cervezamexico.com\/guadalajara\/wp-json\/wp\/v2\/media?parent=52"}],"curies":[{"name":"wp","href":"https:\/\/api.w.org\/{rel}","templated":true}]}}