{"id":86,"date":"2021-12-15T11:12:45","date_gmt":"2021-12-15T17:12:45","guid":{"rendered":"https:\/\/www.cervezamexico.com\/guadalajara\/?page_id=86"},"modified":"2026-03-11T17:08:35","modified_gmt":"2026-03-11T23:08:35","slug":"preguntas-frecuentes","status":"publish","type":"page","link":"https:\/\/www.cervezamexico.com\/guadalajara\/preguntas-frecuentes\/","title":{"rendered":"Preguntas Frecuentes"},"content":{"rendered":"<div class=\"wpb-content-wrapper\"><p>[vc_row css=&#8221;.vc_custom_1711332540060{margin-top: 40px !important;margin-bottom: 40px !important;}&#8221;][vc_column]\r\n\t<div class=\"wprt-accordions style-1\"><div class=\"accordion-item  active\" style=\"margin-bottom:10px;\"><h2 class=\"accordion-heading\" style=\"font-weight:500;font-family:Inter;\">\r\n\t\t\t<span class=\"inner\" style=\"\">\r\n\t\t\t\t\r\n\t\t\t\t\u00bfD\u00f3nde se realizar\u00e1 Expo Cerveza Guadalajara?\r\n\t\t\t<\/span>\r\n\t\t<\/h2><div class=\"accordion-content\" style=\"\"><p><span>En\u00a0<\/span><span><strong>Expo Guadalajara<\/strong><\/span><span>\u00a0(Av. Mariano Otero No. 1499, Col. Verde Valle, Apartado Postal 32-29, Guadalajara, Jalisco C.P. 4550, M\u00e9xico)<\/span><\/p>\n<\/div><\/div><div class=\"accordion-item \" style=\"margin-bottom:10px;\"><h2 class=\"accordion-heading\" style=\"font-weight:500;font-family:Inter;\">\r\n\t\t\t<span class=\"inner\" style=\"\">\r\n\t\t\t\t\r\n\t\t\t\t\u00bfCu\u00e1l es la fecha y hora de Expo Cerveza Guadalajara?\r\n\t\t\t<\/span>\r\n\t\t<\/h2><div class=\"accordion-content\" style=\"\"><p>VIERNES 15, S\u00c1BADO 16 Y DOMINGO 17 DE MAYO DEL 2026<\/p>\n<p>Viernes: 13:00 a 22:00<br \/>\nS\u00e1bado: 12:00 a 22:00<br \/>\nDomingo: 12:00 a 19:00<\/p>\n<\/div><\/div><div class=\"accordion-item \" style=\"margin-bottom:10px;\"><h2 class=\"accordion-heading\" style=\"font-weight:500;font-family:Inter;\">\r\n\t\t\t<span class=\"inner\" style=\"\">\r\n\t\t\t\t\r\n\t\t\t\t\u00bfCu\u00e1l es la mec\u00e1nica del ingreso para visitantes de Expo Cerveza Guadalajara?\r\n\t\t\t<\/span>\r\n\t\t<\/h2><div class=\"accordion-content\" style=\"\"><p>Realiza la compra de tu boleto en <a href=\"https:\/\/www.cervezamexico.com\/guadalajara\/\">https:\/\/www.cervezamexico.com\/guadalajara\/<\/a> presenta el correo de confirmaci\u00f3n en el m\u00f3dulo de <a href=\"https:\/\/expo-cerveza-guadalajara-2025.boletia.com\/\" target=\"_blank\" rel=\"noopener\">\u201cpago en l\u00ednea\u201d<\/a> donde podr\u00e1s canjearlo por tu boleto de acceso.<\/p>\n<p>Es indispensable presentar identificaci\u00f3n oficial. Acceso \u00fanicamente a mayores de 18 a\u00f1os.<\/p>\n<p>Tambi\u00e9n puedes realizar la compra de tu boleto directamente en caja el d\u00eda del evento. Es indispensable presentar identificaci\u00f3n oficial. Acceso \u00fanicamente a mayores de 18 a\u00f1os.<\/p>\n<p><span><strong>Solo los boletos comprados online incluyen vaso conmemorativo<\/strong><\/span><\/p>\n<p><span><strong>Los boletos comprados en sitio pueden adquirir su vaso en los m\u00f3dulos de venta de souvenirs de Expo Cerveza Guadalajara<\/strong><\/span><\/p>\n<\/div><\/div><div class=\"accordion-item \" style=\"margin-bottom:10px;\"><h2 class=\"accordion-heading\" style=\"font-weight:500;font-family:Inter;\">\r\n\t\t\t<span class=\"inner\" style=\"\">\r\n\t\t\t\t\r\n\t\t\t\t\u00bfCu\u00e1l es el costo de Expo Cerveza Guadalajara?\r\n\t\t\t<\/span>\r\n\t\t<\/h2><div class=\"accordion-content\" style=\"\"><table class=\"has-fixed-layout\">\n<thead>\n<tr>\n<th class=\"has-text-align-center\" data-align=\"center\">FASE 1<\/th>\n<th class=\"has-text-align-center\" data-align=\"center\">FASE 2<\/th>\n<th class=\"has-text-align-center\" data-align=\"center\">FASE 3<\/th>\n<th class=\"has-text-align-center\" data-align=\"center\">FASE 4<\/th>\n<\/tr>\n<\/thead>\n<tbody>\n<tr>\n<td class=\"has-text-align-center\" data-align=\"center\"><strong>$130<\/strong><\/td>\n<td class=\"has-text-align-center\" data-align=\"center\"><strong>$160<\/strong><\/td>\n<td class=\"has-text-align-center\" data-align=\"center\"><strong>$190<\/strong><\/td>\n<td class=\"has-text-align-center\" data-align=\"center\"><strong>$200<\/strong><\/td>\n<\/tr>\n<\/tbody>\n<\/table>\n<p><em>(El vaso est\u00e1 incluido \u00fanicamente con la compra de tu boleto en l\u00ednea.)<\/em><\/p>\n<p><strong>COSTO DEL VASO: $30.00<\/strong><\/p>\n<\/div><\/div><div class=\"accordion-item \" style=\"margin-bottom:10px;\"><h2 class=\"accordion-heading\" style=\"font-weight:500;font-family:Inter;\">\r\n\t\t\t<span class=\"inner\" style=\"\">\r\n\t\t\t\t\r\n\t\t\t\t\u00bfC\u00f3mo realizo el pago del boleto?\r\n\t\t\t<\/span>\r\n\t\t<\/h2><div class=\"accordion-content\" style=\"\"><p><span><strong>Puedes pagar tus boletos con cargo a tu tajeta bancaria(cr\u00e9dito o d\u00e9bito)<\/strong><\/span><\/p>\n<p>Si decides comprar tu boleto el dia de la expo, puedes hacerlo en el m\u00f3dulo de caja (tu pago puede ser en efectivo o tarjeta bancaria)<\/p>\n<\/div><\/div><div class=\"accordion-item \" style=\"margin-bottom:10px;\"><h2 class=\"accordion-heading\" style=\"font-weight:500;font-family:Inter;\">\r\n\t\t\t<span class=\"inner\" style=\"\">\r\n\t\t\t\t\r\n\t\t\t\t\u00bfSi compr\u00e9 mi boleto en l\u00ednea donde puedo recogerlo?\r\n\t\t\t<\/span>\r\n\t\t<\/h2><div class=\"accordion-content\" style=\"\"><p>Acude al m\u00f3dulo de<span>\u00a0<\/span><strong>Pago en L\u00ednea<\/strong>, presenta tu correo de confirmaci\u00f3n de compra junto con tu identificaci\u00f3n oficial, ah\u00ed realizaremos el check in de tu boleto y podr\u00e1s ingresar al evento<\/p>\n<p><strong>Solo los boletos comprados en l\u00ednea incluyen vaso conmemorativo<\/strong><\/p>\n<p><strong>Las personas que compraron su boleto en sitio pueden adquirir su vaso en los m\u00f3dulos de venta de souvenirs de Expo Cerveza Guadalajara<\/strong><\/p>\n<\/div><\/div><div class=\"accordion-item \" style=\"margin-bottom:10px;\"><h2 class=\"accordion-heading\" style=\"font-weight:500;font-family:Inter;\">\r\n\t\t\t<span class=\"inner\" style=\"\">\r\n\t\t\t\t\r\n\t\t\t\t\u00bfD\u00f3nde me entregan mi vaso conmemorativo de Expo Cerveza Guadalajara?\r\n\t\t\t<\/span>\r\n\t\t<\/h2><div class=\"accordion-content\" style=\"\"><p>Si realizaste tu compra en l\u00ednea recibir\u00e1s tu vaso al canjear tu boleto en el m\u00f3dulo de Pago en L\u00ednea.<\/p>\n<p>Si realizas tu compra directamente en evento, te entregar\u00e1n tu vaso junto con tu boleto al momento de realizar tu compra<\/p>\n<p><span><strong>Solo los boletos comprados en l\u00ednea incluyen vaso conmemorativo<\/strong><\/span><\/p>\n<p><span><strong>Las personas que compraron su boleto en sitio\u00a0pueden adquirir su vaso en los m\u00f3dulos de venta de souvenirs de Expo Cerveza Guadalajara<\/strong><\/span><\/p>\n<\/div><\/div><div class=\"accordion-item \" style=\"margin-bottom:10px;\"><h2 class=\"accordion-heading\" style=\"font-weight:500;font-family:Inter;\">\r\n\t\t\t<span class=\"inner\" style=\"\">\r\n\t\t\t\t\r\n\t\t\t\t\u00bfPuedo entrar y salir de Expo Cerveza Guadalajara?\r\n\t\t\t<\/span>\r\n\t\t<\/h2><div class=\"accordion-content\" style=\"\"><p><span>El reingreso ser\u00e1 permitido, sin embargo deber\u00e1s seguir todos los protocolos cada vez que entres.<\/span><\/p>\n<\/div><\/div><div class=\"accordion-item \" style=\"margin-bottom:10px;\"><h2 class=\"accordion-heading\" style=\"font-weight:500;font-family:Inter;\">\r\n\t\t\t<span class=\"inner\" style=\"\">\r\n\t\t\t\t\r\n\t\t\t\t\u00bfContar\u00e1n con venta de vasos?\r\n\t\t\t<\/span>\r\n\t\t<\/h2><div class=\"accordion-content\" style=\"\"><p><span><strong>Solo los boletos comprados online incluyen vaso conmemorativo<\/strong><\/span><\/p>\n<p><span><strong>Los boletos comprados en sitio pueden adquirir su vaso en los m\u00f3dulos de venta de souvenirs de Expo Cerveza Guadalajara, <\/strong><\/span><\/p>\n<p><span><strong>El costo del vaso es de $30.00 pesos.<\/strong><\/span><\/p>\n<\/div><\/div><div class=\"accordion-item \" style=\"margin-bottom:10px;\"><h2 class=\"accordion-heading\" style=\"font-weight:500;font-family:Inter;\">\r\n\t\t\t<span class=\"inner\" style=\"\">\r\n\t\t\t\t\r\n\t\t\t\t\u00bfSi me regalaron una invitaci\u00f3n que tengo que hacer?\r\n\t\t\t<\/span>\r\n\t\t<\/h2><div class=\"accordion-content\" style=\"\"><p><span>Tienes que presentarla en el m\u00f3dulo de invitado para canjearla por tu boleto para ingresar a Expo Cerveza Guadalajara; te recordamos que las invitaciones no incluyen vaso conmemorativo. Las invitaciones son v\u00e1lidas por un d\u00eda y por persona. Indispensable presentar identificaci\u00f3n oficial.<\/span><\/p>\n<\/div><\/div><div class=\"accordion-item \" style=\"margin-bottom:10px;\"><h2 class=\"accordion-heading\" style=\"font-weight:500;font-family:Inter;\">\r\n\t\t\t<span class=\"inner\" style=\"\">\r\n\t\t\t\t\r\n\t\t\t\t\u00bfD\u00f3nde puedo hospedarme cerca del recinto Expo Guadalajara?\r\n\t\t\t<\/span>\r\n\t\t<\/h2><div class=\"accordion-content\" style=\"\"><p><img loading=\"lazy\" decoding=\"async\" src=\"https:\/\/www.cervezamexico.com\/2024\/wp-content\/uploads\/2024\/02\/hotelexpo-guadalajara-300x300-1.jpg\" alt=\"\" width=\"200\" height=\"200\" class=\"alignnone size-full wp-image-25525\" srcset=\"https:\/\/www.cervezamexico.com\/guadalajara\/wp-content\/uploads\/2024\/02\/hotelexpo-guadalajara-300x300-1.jpg 300w, https:\/\/www.cervezamexico.com\/guadalajara\/wp-content\/uploads\/2024\/02\/hotelexpo-guadalajara-300x300-1-100x100.jpg 100w, https:\/\/www.cervezamexico.com\/guadalajara\/wp-content\/uploads\/2024\/02\/hotelexpo-guadalajara-300x300-1-150x150.jpg 150w\" sizes=\"auto, (max-width: 200px) 100vw, 200px\" \/><br \/>\nGUADALAJARA PLAZA EXPO<\/p>\n<p>Reservas: ventas@hotelesgdlplaza.com.mx<\/p>\n<p>SENCILLA $ 1200.00 m\u00e1s impuestos + 16% IVA + 3% ISH.<br \/>\nDOBLE $ 1300.00 m\u00e1s impuestos + 16% IVA + 3% ISH.<br \/>\nPersona Extra $ 390.00<\/p>\n<p>Av. Mariano Otero No. 3261<br \/>\n44510 | Guadalajara, Jalisco<br \/>\nTel. 32.2226.2712<br \/>\nLunes a Viernes: 9:00 a 19:00 hrs<br \/>\nS\u00e1bado: 9:00 a 2:00 hrs<br \/>\nGenera tu reservaci\u00f3n mencionando tu codigo: TRADEX<\/p>\n<p><img loading=\"lazy\" decoding=\"async\" src=\"https:\/\/www.cervezamexico.com\/2024\/wp-content\/uploads\/2024\/02\/hotelholiday-guadalajara-300x300-1.png\" alt=\"\" width=\"200\" height=\"200\" class=\"alignnone size-full wp-image-25526\" srcset=\"https:\/\/www.cervezamexico.com\/guadalajara\/wp-content\/uploads\/2024\/02\/hotelholiday-guadalajara-300x300-1.png 300w, https:\/\/www.cervezamexico.com\/guadalajara\/wp-content\/uploads\/2024\/02\/hotelholiday-guadalajara-300x300-1-100x100.png 100w, https:\/\/www.cervezamexico.com\/guadalajara\/wp-content\/uploads\/2024\/02\/hotelholiday-guadalajara-300x300-1-150x150.png 150w\" sizes=\"auto, (max-width: 200px) 100vw, 200px\" \/><\/p>\n<p>HOTEL HOLIDAY INN EXPRESS<\/p>\n<p>Reservas: m.torresg@citelis.mx<\/p>\n<p>SENCILLA $ 1250.00 + impuestos $1487.50<br \/>\nDOBLE $ 1250.00 + impuestos $1487.50<br \/>\nPersona Extra $ 390.00<\/p>\n<p>Tel Hotel: 33 500 8080<br \/>\nCentral de Reservaciones: 800 000 0404<\/p>\n<p>Genera tu reservaci\u00f3n mencionando tu codigo: TRADEX<\/p>\n<\/div><\/div>\n<\/div>[\/vc_column][\/vc_row]<\/p>\n<\/div>","protected":false},"excerpt":{"rendered":"<p>[vc_row css=&#8221;.vc_custom_1711332540060{margin-top: 40px !important;margin-bottom: 40px !important;}&#8221;][vc_column][\/vc_column][\/vc_row]<\/p>\n","protected":false},"author":2,"featured_media":0,"parent":0,"menu_order":0,"comment_status":"closed","ping_status":"closed","template":"","meta":{"_acf_changed":false,"inline_featured_image":false,"_monsterinsights_skip_tracking":false,"_monsterinsights_sitenote_active":false,"_monsterinsights_sitenote_note":"","_monsterinsights_sitenote_category":0,"_price":"","_stock":"","_tribe_ticket_header":"","_tribe_default_ticket_provider":"Tribe__Tickets_Plus__Commerce__WooCommerce__Main","_tribe_ticket_capacity":"0","_ticket_start_date":"","_ticket_end_date":"","_tribe_ticket_show_description":"","_tribe_ticket_show_not_going":false,"_tribe_ticket_use_global_stock":"","_tribe_ticket_global_stock_level":"","_global_stock_mode":"","_global_stock_cap":"","_tribe_rsvp_for_event":"","_tribe_ticket_going_count":"","_tribe_ticket_not_going_count":"","_tribe_tickets_list":"[]","_tribe_ticket_has_attendee_info_fields":false,"_joinchat":[],"footnotes":"","_tec_slr_enabled":"","_tec_slr_layout":""},"class_list":["post-86","page","type-page","status-publish","hentry","last"],"acf":[],"ticketed":false,"_links":{"self":[{"href":"https:\/\/www.cervezamexico.com\/guadalajara\/wp-json\/wp\/v2\/pages\/86","targetHints":{"allow":["GET"]}}],"collection":[{"href":"https:\/\/www.cervezamexico.com\/guadalajara\/wp-json\/wp\/v2\/pages"}],"about":[{"href":"https:\/\/www.cervezamexico.com\/guadalajara\/wp-json\/wp\/v2\/types\/page"}],"author":[{"embeddable":true,"href":"https:\/\/www.cervezamexico.com\/guadalajara\/wp-json\/wp\/v2\/users\/2"}],"replies":[{"embeddable":true,"href":"https:\/\/www.cervezamexico.com\/guadalajara\/wp-json\/wp\/v2\/comments?post=86"}],"version-history":[{"count":6,"href":"https:\/\/www.cervezamexico.com\/guadalajara\/wp-json\/wp\/v2\/pages\/86\/revisions"}],"predecessor-version":[{"id":31139,"href":"https:\/\/www.cervezamexico.com\/guadalajara\/wp-json\/wp\/v2\/pages\/86\/revisions\/31139"}],"wp:attachment":[{"href":"https:\/\/www.cervezamexico.com\/guadalajara\/wp-json\/wp\/v2\/media?parent=86"}],"curies":[{"name":"wp","href":"https:\/\/api.w.org\/{rel}","templated":true}]}}