{"id":88,"date":"2021-12-15T11:13:44","date_gmt":"2021-12-15T17:13:44","guid":{"rendered":"https:\/\/www.cervezamexico.com\/guadalajara\/?page_id=88"},"modified":"2026-02-05T11:37:14","modified_gmt":"2026-02-05T17:37:14","slug":"acreditacion-de-prensa-2","status":"publish","type":"page","link":"https:\/\/www.cervezamexico.com\/guadalajara\/acreditacion-de-prensa-2\/","title":{"rendered":"Acreditaci\u00f3n de prensa"},"content":{"rendered":"<div class=\"wpb-content-wrapper\"><p>[vc_row css=&#8221;.vc_custom_1711988600964{margin-top: 20px !important;}&#8221;][vc_column][vc_column_text css=&#8221;.vc_custom_1770313267555{margin-top: 0px !important;}&#8221;]<\/p>\n<h3 style=\"text-align: center;\">CONTACTO DE PRENSA<\/h3>\n<p style=\"text-align: center;\"><strong><span>Claudia Orozco<\/span><\/strong><br \/>\n<strong><span><a href=\"mailto:claudia.orozco1982@gmail.com\" target=\"_blank\" rel=\"noopener noreferrer\">claudia.orozco1982@gmail.com<\/a><\/span><\/strong><\/p>\n<p>[\/vc_column_text][\/vc_column][\/vc_row][vc_row css=&#8221;.vc_custom_1770313380599{margin-top: 0px !important;margin-bottom: 50px !important;padding-top: 10px !important;}&#8221;][vc_column]<div id=\"uvc-type-wrap-1201\"  data-ultimate-target='#uvc-type-wrap-1201'  data-responsive-json-new='{\"font-size\":\"desktop:38px;\",\"line-height\":\"\"}'  class=\"uvc-type-wrap  ult-adjust-bottom-margin ult-responsive  uvc-type-align-center uvc-type-no-prefix uvc-wrap-41614928616a0512a6055f8\" style=\"text-align:center;\"><span id=\"typed-41614928616a0512a6055f8\" class=\"ultimate-typed-main \" style=\"color:#00325d; font-weight:bold; text-transform: uppercase;\"><\/span><span  data-ultimate-target='#uvc-type-wrap-1201 .mycustfancy'  data-responsive-json-new='{\"font-size\":\"desktop:38px;\",\"line-height\":\"desktop:1px;\"}'  class=\"ultimate-typewriter-suffix mycustfancy ult-responsive\" style=\"font-weight:bold;color:#fd4100; text-transform: unset;\">ACREDITARTE ?<\/span><script type=\"text\/javascript\">\n\t\t\t\t\t\tjQuery(function($){ \n\t\t\t\t\t\t\t$(document).ready(function(){\n\t\t\t\t\t\t\t\tif( typeof jQuery(\"#typed-41614928616a0512a6055f8\").typed == \"function\"){\n\t\t\t\t\t\t\t\t\t$(\"#typed-41614928616a0512a6055f8\").typed({\n\t\t\t\t\t\t\t\t\t\tstrings: [\"\u00bfQUIERES\"],\n\t\t\t\t\t\t\t\t\t\ttypeSpeed: 20,\n\t\t\t\t\t\t\t\t\t\tbackSpeed: 8,\n\t\t\t\t\t\t\t\t\t\tstartDelay: \"500\",\n\t\t\t\t\t\t\t\t\t\tbackDelay: \"2500\",\n\t\t\t\t\t\t\t\t\t\tloop: true,\n\t\t\t\t\t\t\t\t\t\tloopCount: false,\n\t\t\t\t\t\t\t\t\t\tshowCursor: true,\n\t\t\t\t\t\t\t\t\t\tcursorChar: \"|\",\n\t\t\t\t\t\t\t\t\t\tattr: null\n\t\t\t\t\t\t\t\t\t});\n\t\t\t\t\t\t\t\t}\n\t\t\t\t\t\t\t});\n\t\t\t\t\t\t});\n\t\t\t\t\t<\/script><\/div>[vc_column_text]<\/p>\n<h2 style=\"color: #83222f; text-align: center; font-size: 30px;\"><\/h2>\n<p style=\"color: #fd4100; text-align: center;\">*<strong><span style=\"color: #fd4100;\">Por favor ten en cuenta que llenar el formulario no garantiza tu acreditaci\u00f3n, ya que se realiza una evaluaci\u00f3n sobre los datos proporcionados\u00a0 y se otorga acreditaci\u00f3n a aquellos medios que cumplan los requisitos espec\u00edficos de este evento<\/span><\/strong>*<\/p>\n<p style=\"color: #000; text-align: center;\">De ser aprobada su acreditaci\u00f3n es indispensable presentar identificaci\u00f3n del medio vigente y con fotograf\u00eda, junto con una tarjeta de presentaci\u00f3n.<\/p>\n<p><span style=\"vertical-align: inherit;\"><span style=\"vertical-align: inherit;\"><\/span><\/span>[\/vc_column_text]\n<div class=\"wpcf7 no-js\" id=\"wpcf7-f21543-o1\" lang=\"en-US\" dir=\"ltr\" data-wpcf7-id=\"21543\">\n<div class=\"screen-reader-response\"><p role=\"status\" aria-live=\"polite\" aria-atomic=\"true\"><\/p> <ul><\/ul><\/div>\n<form action=\"\/guadalajara\/wp-json\/wp\/v2\/pages\/88#wpcf7-f21543-o1\" method=\"post\" class=\"wpcf7-form init\" aria-label=\"Contact form\" novalidate=\"novalidate\" data-status=\"init\">\n<fieldset class=\"hidden-fields-container\"><input type=\"hidden\" name=\"_wpcf7\" value=\"21543\" \/><input type=\"hidden\" name=\"_wpcf7_version\" value=\"6.1.5\" \/><input type=\"hidden\" name=\"_wpcf7_locale\" value=\"en_US\" \/><input type=\"hidden\" name=\"_wpcf7_unit_tag\" value=\"wpcf7-f21543-o1\" \/><input type=\"hidden\" name=\"_wpcf7_container_post\" value=\"0\" \/><input type=\"hidden\" name=\"_wpcf7_posted_data_hash\" value=\"\" \/><input type=\"hidden\" name=\"_wpcf7cf_hidden_group_fields\" value=\"[]\" \/><input type=\"hidden\" name=\"_wpcf7cf_hidden_groups\" value=\"[]\" \/><input type=\"hidden\" name=\"_wpcf7cf_visible_groups\" value=\"[]\" \/><input type=\"hidden\" name=\"_wpcf7cf_repeaters\" value=\"[]\" \/><input type=\"hidden\" name=\"_wpcf7cf_steps\" value=\"{}\" \/><input type=\"hidden\" name=\"_wpcf7cf_options\" value=\"{&quot;form_id&quot;:21543,&quot;conditions&quot;:[],&quot;settings&quot;:{&quot;animation&quot;:&quot;yes&quot;,&quot;animation_intime&quot;:200,&quot;animation_outtime&quot;:200,&quot;conditions_ui&quot;:&quot;normal&quot;,&quot;notice_dismissed&quot;:false,&quot;notice_dismissed_rollback-cf7-5.8.7&quot;:true,&quot;notice_dismissed_rollback-cf7-5.9.2&quot;:true}}\" \/>\n<\/fieldset>\n<div class=\"vc_col-md-6 center \">\n\t<p><label>Nombre del medio<br \/>\n<span class=\"wpcf7-form-control-wrap\" data-name=\"your-medio\"><input size=\"40\" maxlength=\"400\" class=\"wpcf7-form-control wpcf7-text wpcf7-validates-as-required\" aria-required=\"true\" aria-invalid=\"false\" value=\"\" type=\"text\" name=\"your-medio\" \/><\/span> <\/label>\n\t<\/p>\n\t<p><label>Nombre de contacto<br \/>\n<span class=\"wpcf7-form-control-wrap\" data-name=\"your-contacto\"><input size=\"40\" maxlength=\"400\" class=\"wpcf7-form-control wpcf7-text wpcf7-validates-as-required\" aria-required=\"true\" aria-invalid=\"false\" value=\"\" type=\"text\" name=\"your-contacto\" \/><\/span> <\/label>\n\t<\/p>\n\t<p><label>Cargo<br \/>\n<span class=\"wpcf7-form-control-wrap\" data-name=\"cargo\"><input size=\"40\" maxlength=\"400\" class=\"wpcf7-form-control wpcf7-text wpcf7-validates-as-required\" aria-required=\"true\" aria-invalid=\"false\" value=\"\" type=\"text\" name=\"cargo\" \/><\/span> <\/label>\n\t<\/p>\n<\/div>\n<div class=\"vc_col-md-6 center \">\n\t<p><label>Correo electr\u00f3nico<br \/>\n<span class=\"wpcf7-form-control-wrap\" data-name=\"your-email\"><input size=\"40\" maxlength=\"400\" class=\"wpcf7-form-control wpcf7-email wpcf7-validates-as-required wpcf7-text wpcf7-validates-as-email\" aria-required=\"true\" aria-invalid=\"false\" value=\"\" type=\"email\" name=\"your-email\" \/><\/span> <\/label>\n\t<\/p>\n\t<p><label>Tel\u00e9fono<br \/>\n<span class=\"wpcf7-form-control-wrap\" data-name=\"phone\"><input size=\"40\" maxlength=\"400\" class=\"wpcf7-form-control wpcf7-text wpcf7-validates-as-required\" aria-required=\"true\" aria-invalid=\"false\" value=\"\" type=\"text\" name=\"phone\" \/><\/span> <\/label>\n\t<\/p>\n\t<p><label>Sitio web<br \/>\n<span class=\"wpcf7-form-control-wrap\" data-name=\"web\"><input size=\"40\" maxlength=\"400\" class=\"wpcf7-form-control wpcf7-text\" aria-invalid=\"false\" value=\"\" type=\"text\" name=\"web\" \/><\/span> <\/label><br \/>\n&nbsp;\n\t<\/p>\n\t<div class=\"cf7-cf-turnstile\" style=\"margin-top: 0px; margin-bottom: -15px;\"> <div id=\"cf-turnstile-cf7-3295400745\" class=\"cf-turnstile\" data-callback=\"turnstileCF7Callback\" data-sitekey=\"0x4AAAAAABDi5ZvvJmxQoYN8\" data-theme=\"light\" data-language=\"auto\" data-size=\"normal\" data-retry=\"auto\" data-retry-interval=\"1000\" data-refresh-expired=\"auto\" data-refresh-timeout=\"auto\" data-action=\"contact-form-7\" data-callback=\"turnstileCF7Callback\" data-error-callback=\"cfturnstileErrorCallback\" data-appearance=\"always\"><\/div> <div class=\"cf-turnstile-failed-text cf-turnstile-failed-text-cf7-3295400745\"><\/div> <script> function cfturnstileErrorCallback() { var cfTurnstileFailedText = document.querySelector('.cf-turnstile-failed-text-cf7-3295400745'); cfTurnstileFailedText.innerHTML = '<p><i>Failed to verify you are human. Please contact us if you are having issues.<\/i><\/p>'; } function cfturnstileCallback() { var cfTurnstileFailedText = document.querySelector('.cf-turnstile-failed-text-cf7-3295400745'); cfTurnstileFailedText.innerHTML = ''; } <\/script> <style>.wpcf7-submit { pointer-events: none; opacity: 0.5; }<\/style> <script>document.addEventListener(\"DOMContentLoaded\", function() { setTimeout(function(){ var e=document.getElementById(\"cf-turnstile-cf7-3295400745\"); if(e&&!e.innerHTML.trim()){turnstile.render(e, {sitekey:\"0x4AAAAAABDi5ZvvJmxQoYN8\"});} }, 200); });<\/script> <br class=\"cf-turnstile-br cf-turnstile-br-cf7-3295400745\"> <style>#cf-turnstile-cf7-3295400745 { margin-left: -15px; }<\/style> <script>document.addEventListener(\"DOMContentLoaded\",function(){document.querySelectorAll('.wpcf7-form').forEach(function(e){e.addEventListener('submit',function(){if(document.getElementById('cf-turnstile-cf7-3295400745')){setTimeout(function(){turnstile.reset('#cf-turnstile-cf7-3295400745');},1000)}})})});<\/script> <\/div><br\/><input class=\"wpcf7-form-control wpcf7-submit has-spinner\" type=\"submit\" value=\"Enviar\" \/>\n\t<\/p>\n<\/div><div class=\"wpcf7-response-output\" aria-hidden=\"true\"><\/div>\n<\/form>\n<\/div>\n[\/vc_column][\/vc_row]<\/p>\n<\/div>","protected":false},"excerpt":{"rendered":"<p>[vc_row css=&#8221;.vc_custom_1711988600964{margin-top: 20px !important;}&#8221;][vc_column][vc_column_text css=&#8221;.vc_custom_1770313267555{margin-top: 0px !important;}&#8221;] CONTACTO DE PRENSA Claudia Orozco claudia.orozco1982@gmail.com [\/vc_column_text][\/vc_column][\/vc_row][vc_row css=&#8221;.vc_custom_1770313380599{margin-top: 0px !important;margin-bottom: 50px !important;padding-top: 10px !important;}&#8221;][vc_column][vc_column_text] *Por favor ten en cuenta que llenar el formulario no garantiza tu acreditaci\u00f3n, ya que se realiza una evaluaci\u00f3n sobre los datos proporcionados\u00a0 y se&hellip;<\/p>\n","protected":false},"author":2,"featured_media":0,"parent":0,"menu_order":0,"comment_status":"closed","ping_status":"closed","template":"","meta":{"_acf_changed":false,"inline_featured_image":false,"_monsterinsights_skip_tracking":false,"_monsterinsights_sitenote_active":false,"_monsterinsights_sitenote_note":"","_monsterinsights_sitenote_category":0,"_price":"","_stock":"","_tribe_ticket_header":"","_tribe_default_ticket_provider":"Tribe__Tickets_Plus__Commerce__WooCommerce__Main","_tribe_ticket_capacity":"0","_ticket_start_date":"","_ticket_end_date":"","_tribe_ticket_show_description":"","_tribe_ticket_show_not_going":false,"_tribe_ticket_use_global_stock":"","_tribe_ticket_global_stock_level":"","_global_stock_mode":"","_global_stock_cap":"","_tribe_rsvp_for_event":"","_tribe_ticket_going_count":"","_tribe_ticket_not_going_count":"","_tribe_tickets_list":"[]","_tribe_ticket_has_attendee_info_fields":false,"_joinchat":[],"footnotes":"","_tec_slr_enabled":"","_tec_slr_layout":""},"class_list":["post-88","page","type-page","status-publish","hentry","last"],"acf":[],"yoast_head":"<!-- This site is optimized with the Yoast SEO plugin v27.5 - https:\/\/yoast.com\/product\/yoast-seo-wordpress\/ -->\n<title>Acreditaci\u00f3n de prensa - Expo Cerveza Guadalajara<\/title>\n<meta name=\"robots\" content=\"index, follow, max-snippet:-1, max-image-preview:large, max-video-preview:-1\" \/>\n<link rel=\"canonical\" href=\"https:\/\/www.cervezamexico.com\/guadalajara\/acreditacion-de-prensa-2\/\" \/>\n<meta property=\"og:locale\" content=\"es_ES\" \/>\n<meta property=\"og:type\" content=\"article\" \/>\n<meta property=\"og:title\" content=\"Acreditaci\u00f3n de prensa - Expo Cerveza Guadalajara\" \/>\n<meta property=\"og:description\" content=\"[vc_row css=&#8221;.vc_custom_1711988600964{margin-top: 20px !important;}&#8221;][vc_column][vc_column_text css=&#8221;.vc_custom_1770313267555{margin-top: 0px !important;}&#8221;] CONTACTO DE PRENSA Claudia Orozco claudia.orozco1982@gmail.com [\/vc_column_text][\/vc_column][\/vc_row][vc_row css=&#8221;.vc_custom_1770313380599{margin-top: 0px !important;margin-bottom: 50px !important;padding-top: 10px !important;}&#8221;][vc_column][vc_column_text] *Por favor ten en cuenta que llenar el formulario no garantiza tu acreditaci\u00f3n, ya que se realiza una evaluaci\u00f3n sobre los datos proporcionados\u00a0 y se&hellip;\" \/>\n<meta property=\"og:url\" content=\"https:\/\/www.cervezamexico.com\/guadalajara\/acreditacion-de-prensa-2\/\" \/>\n<meta property=\"og:site_name\" content=\"Expo Cerveza Guadalajara\" \/>\n<meta property=\"article:publisher\" content=\"https:\/\/www.facebook.com\/CervezaMexico\" \/>\n<meta property=\"article:modified_time\" content=\"2026-02-05T17:37:14+00:00\" \/>\n<meta name=\"twitter:card\" content=\"summary_large_image\" \/>\n<meta name=\"twitter:site\" content=\"@CervezaMexico\" \/>\n<meta name=\"twitter:label1\" content=\"Tiempo de lectura\" \/>\n\t<meta name=\"twitter:data1\" content=\"1 minuto\" \/>\n<script type=\"application\/ld+json\" class=\"yoast-schema-graph\">{\"@context\":\"https:\\\/\\\/schema.org\",\"@graph\":[{\"@type\":\"WebPage\",\"@id\":\"https:\\\/\\\/www.cervezamexico.com\\\/guadalajara\\\/acreditacion-de-prensa-2\\\/\",\"url\":\"https:\\\/\\\/www.cervezamexico.com\\\/guadalajara\\\/acreditacion-de-prensa-2\\\/\",\"name\":\"Acreditaci\u00f3n de prensa - Expo Cerveza Guadalajara\",\"isPartOf\":{\"@id\":\"https:\\\/\\\/www.cervezamexico.com\\\/guadalajara\\\/#website\"},\"datePublished\":\"2021-12-15T17:13:44+00:00\",\"dateModified\":\"2026-02-05T17:37:14+00:00\",\"breadcrumb\":{\"@id\":\"https:\\\/\\\/www.cervezamexico.com\\\/guadalajara\\\/acreditacion-de-prensa-2\\\/#breadcrumb\"},\"inLanguage\":\"es\",\"potentialAction\":[{\"@type\":\"ReadAction\",\"target\":[\"https:\\\/\\\/www.cervezamexico.com\\\/guadalajara\\\/acreditacion-de-prensa-2\\\/\"]}]},{\"@type\":\"BreadcrumbList\",\"@id\":\"https:\\\/\\\/www.cervezamexico.com\\\/guadalajara\\\/acreditacion-de-prensa-2\\\/#breadcrumb\",\"itemListElement\":[{\"@type\":\"ListItem\",\"position\":1,\"name\":\"Portada\",\"item\":\"https:\\\/\\\/www.cervezamexico.com\\\/guadalajara\\\/\"},{\"@type\":\"ListItem\",\"position\":2,\"name\":\"Acreditaci\u00f3n de prensa\"}]},{\"@type\":\"WebSite\",\"@id\":\"https:\\\/\\\/www.cervezamexico.com\\\/guadalajara\\\/#website\",\"url\":\"https:\\\/\\\/www.cervezamexico.com\\\/guadalajara\\\/\",\"name\":\"Expo Cerveza Guadalajara\",\"description\":\"Expo Cerveza M\u00e9xico | Juntos por la Cerveza\",\"publisher\":{\"@id\":\"https:\\\/\\\/www.cervezamexico.com\\\/guadalajara\\\/#organization\"},\"potentialAction\":[{\"@type\":\"SearchAction\",\"target\":{\"@type\":\"EntryPoint\",\"urlTemplate\":\"https:\\\/\\\/www.cervezamexico.com\\\/guadalajara\\\/?s={search_term_string}\"},\"query-input\":{\"@type\":\"PropertyValueSpecification\",\"valueRequired\":true,\"valueName\":\"search_term_string\"}}],\"inLanguage\":\"es\"},{\"@type\":\"Organization\",\"@id\":\"https:\\\/\\\/www.cervezamexico.com\\\/guadalajara\\\/#organization\",\"name\":\"Expo Cerveza Guadalajara\",\"url\":\"https:\\\/\\\/www.cervezamexico.com\\\/guadalajara\\\/\",\"logo\":{\"@type\":\"ImageObject\",\"inLanguage\":\"es\",\"@id\":\"https:\\\/\\\/www.cervezamexico.com\\\/guadalajara\\\/#\\\/schema\\\/logo\\\/image\\\/\",\"url\":\"https:\\\/\\\/www.cervezamexico.com\\\/guadalajara\\\/wp-content\\\/uploads\\\/2026\\\/05\\\/Logo-Expo-Cerveza-Guadalajara-17.png\",\"contentUrl\":\"https:\\\/\\\/www.cervezamexico.com\\\/guadalajara\\\/wp-content\\\/uploads\\\/2026\\\/05\\\/Logo-Expo-Cerveza-Guadalajara-17.png\",\"width\":750,\"height\":480,\"caption\":\"Expo Cerveza Guadalajara\"},\"image\":{\"@id\":\"https:\\\/\\\/www.cervezamexico.com\\\/guadalajara\\\/#\\\/schema\\\/logo\\\/image\\\/\"},\"sameAs\":[\"https:\\\/\\\/www.facebook.com\\\/CervezaMexico\",\"https:\\\/\\\/x.com\\\/CervezaMexico\",\"https:\\\/\\\/www.instagram.com\\\/expo.cerveza\\\/\",\"https:\\\/\\\/www.tiktok.com\\\/@expocerveza\",\"https:\\\/\\\/www.youtube.com\\\/@ExpoCervezaMexico\"]}]}<\/script>\n<!-- \/ Yoast SEO plugin. -->","yoast_head_json":{"title":"Acreditaci\u00f3n de prensa - Expo Cerveza Guadalajara","robots":{"index":"index","follow":"follow","max-snippet":"max-snippet:-1","max-image-preview":"max-image-preview:large","max-video-preview":"max-video-preview:-1"},"canonical":"https:\/\/www.cervezamexico.com\/guadalajara\/acreditacion-de-prensa-2\/","og_locale":"es_ES","og_type":"article","og_title":"Acreditaci\u00f3n de prensa - Expo Cerveza Guadalajara","og_description":"[vc_row css=&#8221;.vc_custom_1711988600964{margin-top: 20px !important;}&#8221;][vc_column][vc_column_text css=&#8221;.vc_custom_1770313267555{margin-top: 0px !important;}&#8221;] CONTACTO DE PRENSA Claudia Orozco claudia.orozco1982@gmail.com [\/vc_column_text][\/vc_column][\/vc_row][vc_row css=&#8221;.vc_custom_1770313380599{margin-top: 0px !important;margin-bottom: 50px !important;padding-top: 10px !important;}&#8221;][vc_column][vc_column_text] *Por favor ten en cuenta que llenar el formulario no garantiza tu acreditaci\u00f3n, ya que se realiza una evaluaci\u00f3n sobre los datos proporcionados\u00a0 y se&hellip;","og_url":"https:\/\/www.cervezamexico.com\/guadalajara\/acreditacion-de-prensa-2\/","og_site_name":"Expo Cerveza Guadalajara","article_publisher":"https:\/\/www.facebook.com\/CervezaMexico","article_modified_time":"2026-02-05T17:37:14+00:00","twitter_card":"summary_large_image","twitter_site":"@CervezaMexico","twitter_misc":{"Tiempo de lectura":"1 minuto"},"schema":{"@context":"https:\/\/schema.org","@graph":[{"@type":"WebPage","@id":"https:\/\/www.cervezamexico.com\/guadalajara\/acreditacion-de-prensa-2\/","url":"https:\/\/www.cervezamexico.com\/guadalajara\/acreditacion-de-prensa-2\/","name":"Acreditaci\u00f3n de prensa - Expo Cerveza Guadalajara","isPartOf":{"@id":"https:\/\/www.cervezamexico.com\/guadalajara\/#website"},"datePublished":"2021-12-15T17:13:44+00:00","dateModified":"2026-02-05T17:37:14+00:00","breadcrumb":{"@id":"https:\/\/www.cervezamexico.com\/guadalajara\/acreditacion-de-prensa-2\/#breadcrumb"},"inLanguage":"es","potentialAction":[{"@type":"ReadAction","target":["https:\/\/www.cervezamexico.com\/guadalajara\/acreditacion-de-prensa-2\/"]}]},{"@type":"BreadcrumbList","@id":"https:\/\/www.cervezamexico.com\/guadalajara\/acreditacion-de-prensa-2\/#breadcrumb","itemListElement":[{"@type":"ListItem","position":1,"name":"Portada","item":"https:\/\/www.cervezamexico.com\/guadalajara\/"},{"@type":"ListItem","position":2,"name":"Acreditaci\u00f3n de prensa"}]},{"@type":"WebSite","@id":"https:\/\/www.cervezamexico.com\/guadalajara\/#website","url":"https:\/\/www.cervezamexico.com\/guadalajara\/","name":"Expo Cerveza Guadalajara","description":"Expo Cerveza M\u00e9xico | Juntos por la Cerveza","publisher":{"@id":"https:\/\/www.cervezamexico.com\/guadalajara\/#organization"},"potentialAction":[{"@type":"SearchAction","target":{"@type":"EntryPoint","urlTemplate":"https:\/\/www.cervezamexico.com\/guadalajara\/?s={search_term_string}"},"query-input":{"@type":"PropertyValueSpecification","valueRequired":true,"valueName":"search_term_string"}}],"inLanguage":"es"},{"@type":"Organization","@id":"https:\/\/www.cervezamexico.com\/guadalajara\/#organization","name":"Expo Cerveza Guadalajara","url":"https:\/\/www.cervezamexico.com\/guadalajara\/","logo":{"@type":"ImageObject","inLanguage":"es","@id":"https:\/\/www.cervezamexico.com\/guadalajara\/#\/schema\/logo\/image\/","url":"https:\/\/www.cervezamexico.com\/guadalajara\/wp-content\/uploads\/2026\/05\/Logo-Expo-Cerveza-Guadalajara-17.png","contentUrl":"https:\/\/www.cervezamexico.com\/guadalajara\/wp-content\/uploads\/2026\/05\/Logo-Expo-Cerveza-Guadalajara-17.png","width":750,"height":480,"caption":"Expo Cerveza Guadalajara"},"image":{"@id":"https:\/\/www.cervezamexico.com\/guadalajara\/#\/schema\/logo\/image\/"},"sameAs":["https:\/\/www.facebook.com\/CervezaMexico","https:\/\/x.com\/CervezaMexico","https:\/\/www.instagram.com\/expo.cerveza\/","https:\/\/www.tiktok.com\/@expocerveza","https:\/\/www.youtube.com\/@ExpoCervezaMexico"]}]}},"ticketed":false,"_links":{"self":[{"href":"https:\/\/www.cervezamexico.com\/guadalajara\/wp-json\/wp\/v2\/pages\/88","targetHints":{"allow":["GET"]}}],"collection":[{"href":"https:\/\/www.cervezamexico.com\/guadalajara\/wp-json\/wp\/v2\/pages"}],"about":[{"href":"https:\/\/www.cervezamexico.com\/guadalajara\/wp-json\/wp\/v2\/types\/page"}],"author":[{"embeddable":true,"href":"https:\/\/www.cervezamexico.com\/guadalajara\/wp-json\/wp\/v2\/users\/2"}],"replies":[{"embeddable":true,"href":"https:\/\/www.cervezamexico.com\/guadalajara\/wp-json\/wp\/v2\/comments?post=88"}],"version-history":[{"count":6,"href":"https:\/\/www.cervezamexico.com\/guadalajara\/wp-json\/wp\/v2\/pages\/88\/revisions"}],"predecessor-version":[{"id":30512,"href":"https:\/\/www.cervezamexico.com\/guadalajara\/wp-json\/wp\/v2\/pages\/88\/revisions\/30512"}],"wp:attachment":[{"href":"https:\/\/www.cervezamexico.com\/guadalajara\/wp-json\/wp\/v2\/media?parent=88"}],"curies":[{"name":"wp","href":"https:\/\/api.w.org\/{rel}","templated":true}]}}